{"id":1005,"date":"2011-08-02T18:48:59","date_gmt":"2011-08-02T11:48:59","guid":{"rendered":"http:\/\/www.payitforward.edu.vn\/wordpress\/?page_id=1005"},"modified":"2011-08-02T19:07:06","modified_gmt":"2011-08-02T12:07:06","slug":"list-1","status":"publish","type":"page","link":"https:\/\/payitforward.edu.vn\/wordpress\/tutorials\/arm-cortex-m0\/list-1\/","title":{"rendered":"List 1"},"content":{"rendered":"<p>T\u00e0i li\u1ec7u n\u00e0y \u0111\u01b0\u1ee3c bi\u00ean so\u1ea1n kh\u00f4ng nh\u1eb1m v\u00e0o b\u1ea5t k\u1ef3 m\u1ee5c \u0111\u00edch n\u00e0o mang t\u00ednh th\u01b0\u01a1ng m\u1ea1i. B\u1ea1n c\u00f3 quy\u1ec1n sao ch\u00e9p, s\u1eeda ch\u1eefa v\u00e0 ph\u00e2n ph\u00e1t b\u1eb1ng b\u1ea5t k\u1ef3 h\u00ecnh th\u1ee9c n\u00e0o. H\u00e3y s\u1eed d\u1ee5ng t\u00e0i li\u1ec7u n\u00e0y, s\u1eeda ch\u1eefa, b\u1ed5 sung v\u00e0 g\u1eedi cho nh\u1eefng ai c\u1ea7n n\u00f3. Ch\u00fang t\u00f4i kh\u00f4ng \u0111\u1ec1 t\u00ean t\u00e1c gi\u1ea3 bi\u00ean so\u1ea1n. T\u00e0i li\u1ec7u n\u00e0y thu\u1ed9c quy\u1ec1n s\u1edf h\u1eefu nh\u1eefng ai \u0111ang d\u00f9ng n\u00f3.<\/p>\n<p><em>Pay it forward\u2026<\/em><\/p>\n<p><em>\u0110\u00e2y l\u00e0 c\u00e1c clip gi\u1edbi thi\u1ec7u c\u1ee7a h\u00e3ng NXP, \u0111\u01b0\u1ee3c PIF th\u00eam c\u00e1c ch\u00fa th\u00edch b\u1eb1ng ti\u1ebfng Vi\u1ec7t (ho\u1eb7c ti\u1ebfng Anh) \u0111\u1ec3 c\u00e1c b\u1ea1n m\u1edbi l\u00e0m quen d\u1ec5 t\u00ecm hi\u1ec3u.<\/em><br \/>\n(Link g\u1ed1c: <a href=\"http:\/\/ics.nxp.com\/support\/training\/lpcxpresso.intro.1\/\">http:\/\/ics.nxp.com\/support\/training\/lpcxpresso.intro.1\/<\/a>)<\/p>\n<p><strong>Part 1 &#8211; 1. Introduction<\/strong><\/p>\n<p><iframe loading=\"lazy\" width=\"560\" height=\"349\" src=\"http:\/\/www.youtube.com\/embed\/dS9NznF-_Rc\" frameborder=\"0\" allowfullscreen><\/iframe><\/p>\n<p><strong>Part 1 &#8211; 2. Liscense<\/strong><\/p>\n<p><iframe loading=\"lazy\" width=\"560\" height=\"349\" src=\"http:\/\/www.youtube.com\/embed\/-wjilcxJNq8\" frameborder=\"0\" allowfullscreen><\/iframe><\/p>\n<p><strong>Part 1 &#8211; 3. IDE Overview<\/strong><\/p>\n<p><iframe loading=\"lazy\" width=\"560\" height=\"349\" src=\"http:\/\/www.youtube.com\/embed\/5jp9xhV4iv4\" frameborder=\"0\" allowfullscreen><\/iframe><\/p>\n<p><strong>Part 1 &#8211; 4. Import Example Project <\/strong><\/p>\n<p><iframe loading=\"lazy\" width=\"560\" height=\"349\" src=\"http:\/\/www.youtube.com\/embed\/2nz6bMxPdpk\" frameborder=\"0\" allowfullscreen><\/iframe><\/p>\n<p><strong>Part 1 &#8211; 5. File-Web Browser <\/strong><\/p>\n<p><iframe loading=\"lazy\" width=\"560\" height=\"349\" src=\"http:\/\/www.youtube.com\/embed\/aYV61xBg1pI\" frameborder=\"0\" allowfullscreen><\/iframe><\/p>\n<p><strong>Part 1 &#8211; 6. Editting Code <\/strong><\/p>\n<p><iframe loading=\"lazy\" width=\"560\" height=\"349\" src=\"http:\/\/www.youtube.com\/embed\/SUdDKdV1tPk\" frameborder=\"0\" allowfullscreen><\/iframe><\/p>\n<p><strong>Part 1-7. Building a Project <\/strong><\/p>\n<p><iframe loading=\"lazy\" width=\"560\" height=\"349\" src=\"http:\/\/www.youtube.com\/embed\/heudoGn-aO4\" frameborder=\"0\" allowfullscreen><\/iframe><\/p>\n<p><strong>Part 1-8. Debug <\/strong><\/p>\n<p><iframe loading=\"lazy\" width=\"560\" height=\"349\" src=\"http:\/\/www.youtube.com\/embed\/TI7t225E2BY\" frameborder=\"0\" allowfullscreen><\/iframe><\/p>\n","protected":false},"excerpt":{"rendered":"<p>T\u00e0i li\u1ec7u n\u00e0y \u0111\u01b0\u1ee3c bi\u00ean so\u1ea1n kh\u00f4ng nh\u1eb1m v\u00e0o b\u1ea5t k\u1ef3 m\u1ee5c \u0111\u00edch n\u00e0o mang t\u00ednh th\u01b0\u01a1ng m\u1ea1i. B\u1ea1n c\u00f3 quy\u1ec1n sao ch\u00e9p, s\u1eeda ch\u1eefa v\u00e0 ph\u00e2n ph\u00e1t b\u1eb1ng b\u1ea5t k\u1ef3 h\u00ecnh th\u1ee9c n\u00e0o. H\u00e3y s\u1eed d\u1ee5ng t\u00e0i li\u1ec7u n\u00e0y, s\u1eeda ch\u1eefa, b\u1ed5 sung v\u00e0 g\u1eedi cho nh\u1eefng ai c\u1ea7n n\u00f3. Ch\u00fang t\u00f4i kh\u00f4ng \u0111\u1ec1 t\u00ean t\u00e1c gi\u1ea3 bi\u00ean so\u1ea1n. T\u00e0i li\u1ec7u n\u00e0y thu\u1ed9c quy\u1ec1n s\u1edf h\u1eefu nh\u1eefng ai \u0111ang d\u00f9ng n\u00f3. Pay it forward\u2026 \u0110\u00e2y l\u00e0 c\u00e1c clip gi\u1edbi thi\u1ec7u c\u1ee7a h\u00e3ng NXP, \u0111\u01b0\u1ee3c PIF th\u00eam c\u00e1c ch\u00fa th\u00edch b\u1eb1ng ti\u1ebfng Vi\u1ec7t (ho\u1eb7c ti\u1ebfng Anh) \u0111\u1ec3 c\u00e1c b\u1ea1n m\u1edbi \u2026<\/p>\n<p class=\"continue-reading-button\"> <a class=\"continue-reading-link\" href=\"https:\/\/payitforward.edu.vn\/wordpress\/tutorials\/arm-cortex-m0\/list-1\/\">Continue reading<i class=\"crycon-right-dir\"><\/i><\/a><\/p>\n","protected":false},"author":1,"featured_media":0,"parent":1000,"menu_order":1,"comment_status":"closed","ping_status":"closed","template":"","meta":{"footnotes":""},"class_list":["post-1005","page","type-page","status-publish","hentry"],"_links":{"self":[{"href":"https:\/\/payitforward.edu.vn\/wordpress\/wp-json\/wp\/v2\/pages\/1005","targetHints":{"allow":["GET"]}}],"collection":[{"href":"https:\/\/payitforward.edu.vn\/wordpress\/wp-json\/wp\/v2\/pages"}],"about":[{"href":"https:\/\/payitforward.edu.vn\/wordpress\/wp-json\/wp\/v2\/types\/page"}],"author":[{"embeddable":true,"href":"https:\/\/payitforward.edu.vn\/wordpress\/wp-json\/wp\/v2\/users\/1"}],"replies":[{"embeddable":true,"href":"https:\/\/payitforward.edu.vn\/wordpress\/wp-json\/wp\/v2\/comments?post=1005"}],"version-history":[{"count":9,"href":"https:\/\/payitforward.edu.vn\/wordpress\/wp-json\/wp\/v2\/pages\/1005\/revisions"}],"predecessor-version":[{"id":1007,"href":"https:\/\/payitforward.edu.vn\/wordpress\/wp-json\/wp\/v2\/pages\/1005\/revisions\/1007"}],"up":[{"embeddable":true,"href":"https:\/\/payitforward.edu.vn\/wordpress\/wp-json\/wp\/v2\/pages\/1000"}],"wp:attachment":[{"href":"https:\/\/payitforward.edu.vn\/wordpress\/wp-json\/wp\/v2\/media?parent=1005"}],"curies":[{"name":"wp","href":"https:\/\/api.w.org\/{rel}","templated":true}]}}