{"id":1255,"date":"2012-08-04T12:18:26","date_gmt":"2012-08-04T05:18:26","guid":{"rendered":"http:\/\/www.payitforward.edu.vn\/wordpress\/?page_id=1255"},"modified":"2016-10-05T21:38:06","modified_gmt":"2016-10-05T14:38:06","slug":"mach-msp430","status":"publish","type":"page","link":"https:\/\/payitforward.edu.vn\/wordpress\/tutorials\/orcad\/mach-msp430\/","title":{"rendered":"M\u1ea1ch MSP430G2553"},"content":{"rendered":"<p>M\u1ea1ch ph\u00e1t tri\u1ec3n \u0111\u01a1n gi\u1ea3n cho chip MSP430G2553 l\u00e0 \u0111\u1ec1 thi tuy\u1ec3n sinh v\u00e0o l\u1edbp C7 (09\/2012) c\u1ee7a C\u00e2u l\u1ea1c b\u1ed9 Nghi\u00ean C\u1ee9u Khoa H\u1ecdc khoa \u0110i\u1ec7n &#8211; \u0110i\u1ec7n t\u1eed, \u0110H B\u00e1ch Khoa Tp. HCM.<\/p>\n<p>\u0110\u1ec3 th\u1ef1c hi\u1ec7n \u0111\u01b0\u1ee3c m\u1ea1ch n\u00e0y, c\u1ea7n theo d\u00f5i t\u00e0i li\u1ec7u clip h\u01b0\u1edbng d\u1eabn OrCAD g\u1ed3m 2 ph\u1ea7n Capture v\u00e0 Layout t\u1ea1i: <a href=\"http:\/\/www.payitforward.edu.vn\/wordpress\/tutorials\/orcad\/\">Tutorial OrCAD<\/a>.<\/p>\n<p>(L\u01b0u \u00fd: c\u00e1c file b\u1ecb m\u1ea5t link do s\u1ef1 c\u1ed1 database, c\u00e1c b\u1ea1n vui l\u00f2ng down t\u1ea1i\u00a0<a href=\"http:\/\/www.payitforward.edu.vn\/forum\/threads\/740\/\">\u0110\u1ec1 thi v\u00e0o C7<\/a>)<\/p>\n<p>1. S\u01a1 \u0111\u1ed3 nguy\u00ean l\u00fd m\u1ea1ch MSP430G2553 DEV. V1 Rev4 04-08-2012 <a href=\"http:\/\/www.payitforward.edu.vn\/wordpress\/wp-content\/uploads\/2012\/08\/2.-schematic-MSP430G2553-DEV-v1rev-4.pdf\">(File PDF)<\/a><\/p>\n<p>2. Th\u01b0 vi\u1ec7n linh ki\u1ec7n (th\u01b0 vi\u1ec7n capture .OLB) c\u00f3 th\u1ec3 d\u00f9ng cho m\u1ea1ch n\u00e0y<a href=\"http:\/\/www.payitforward.edu.vn\/wordpress\/wp-content\/uploads\/2012\/08\/3.-PIF.MSP430G2553_LIB.zip\"> (File OLB)<\/a><\/p>\n<p>3. Gi\u1ea3i th\u00edch ho\u1ea1t \u0111\u1ed9ng c\u00e1c kh\u1ed1i trong m\u1ea1ch trong board MSP430G2553 DEV. <a href=\"http:\/\/www.payitforward.edu.vn\/wordpress\/wp-content\/uploads\/2012\/08\/4.-Gi\u1ea3i-th\u00edch-ho\u1ea1t-\u0111\u1ed9ng-c\u1ee7a-c\u00e1c-kh\u1ed1i-m\u1ea1ch-trong-board-MSP430G2553.pdf\">(file PDF)<\/a><\/p>\n<p>4. Gi\u1edbi thi\u1ec7u h\u00ecnh \u1ea3nh linh ki\u1ec7n s\u1eed d\u1ee5ng trong m\u1ea1ch<a href=\"http:\/\/www.payitforward.edu.vn\/wordpress\/wp-content\/uploads\/2012\/08\/5.-Gi\u1edbi-thi\u1ec7u-h\u00ecnh-\u1ea3nh-linh-ki\u1ec7n-trong-board-MSP430G2553.pdf\"> (file PDF)<\/a><\/p>\n<p>5. Danh s\u00e1ch linh ki\u1ec7n &#8211; BOM (Bill of materials) + g\u1ee3i \u00fd footprint theo th\u01b0 vi\u1ec7n Payitforward.LLB\u00a0<a href=\"http:\/\/www.payitforward.edu.vn\/wordpress\/wp-content\/uploads\/2012\/08\/6.-C7-G2553-BOM.pdf\">(file PDF)<\/a><\/p>\n<p>6. M\u1ed9t s\u1ed1 \u0111i\u1ec3m c\u1ea7n l\u01b0u \u00fd khi Layout m\u1ea1ch MsP430G2553<a href=\"http:\/\/www.payitforward.edu.vn\/wordpress\/wp-content\/uploads\/2012\/08\/7.-M\u1ed9t-s\u1ed1-\u0111i\u1ec3m-c\u1ea7n-l\u01b0u-\u00fd-khi-layout-board-MSP430G2553.pdf\"> (file PDF)<\/a><\/p>\n<p>7. H\u01b0\u1edbng d\u1eabn l\u00e0m m\u1ea1ch MSP430\u00a0b\u1eb1ng ph\u01b0\u01a1ng ph\u00e1p \u1ee7i <a href=\"http:\/\/www.payitforward.edu.vn\/wordpress\/wp-content\/uploads\/2012\/08\/8.-Huong-dan-thi-cong-board-MSP430G2553.pdf\">(file PDF)<\/a><\/p>\n<p>8. Th\u01b0 vi\u1ec7n footprint download t\u1ea1i <a href=\"http:\/\/www.payitforward.edu.vn\/wordpress\/tutorials\/orcad\/\">Tutorial OrCAD.<\/a><\/p>\n<p>Xem th\u00eam h\u01b0\u1edbng d\u1eabn l\u00e0m m\u1ea1ch in\u00a0t\u1ea1i: <a href=\"http:\/\/www.payitforward.edu.vn\/wordpress\/tutorials\/lam-mach-in\/\">www.payitforward.edu.vn\/wordpress\/tutorials\/lam-mach-in\/<\/a><\/p>\n<p>Xem th\u00eam th\u00f4ng tin tuy\u1ec3n sinh C7 t\u1ea1i:<\/p>\n<p><a href=\"http:\/\/www.payitforward.edu.vn\/wordpress\/2012\/08\/thong-bao-tuyen-sinh-khoa-hoc-moi-khoa-c7\/\">+ Th\u00f4ng b\u00e1o tuy\u1ec3n sinh<\/a><\/p>\n<p><a href=\"http:\/\/www.payitforward.edu.vn\/forum\/threads\/740\/\">+ \u0110\u1ec1 thi v\u00e0o C7<\/a><\/p>\n","protected":false},"excerpt":{"rendered":"<p>M\u1ea1ch ph\u00e1t tri\u1ec3n \u0111\u01a1n gi\u1ea3n cho chip MSP430G2553 l\u00e0 \u0111\u1ec1 thi tuy\u1ec3n sinh v\u00e0o l\u1edbp C7 (09\/2012) c\u1ee7a C\u00e2u l\u1ea1c b\u1ed9 Nghi\u00ean C\u1ee9u Khoa H\u1ecdc khoa \u0110i\u1ec7n &#8211; \u0110i\u1ec7n t\u1eed, \u0110H B\u00e1ch Khoa Tp. HCM. \u0110\u1ec3 th\u1ef1c hi\u1ec7n \u0111\u01b0\u1ee3c m\u1ea1ch n\u00e0y, c\u1ea7n theo d\u00f5i t\u00e0i li\u1ec7u clip h\u01b0\u1edbng d\u1eabn OrCAD g\u1ed3m 2 ph\u1ea7n Capture v\u00e0 Layout t\u1ea1i: Tutorial OrCAD. (L\u01b0u \u00fd: c\u00e1c file b\u1ecb m\u1ea5t link do s\u1ef1 c\u1ed1 database, c\u00e1c b\u1ea1n vui l\u00f2ng down t\u1ea1i\u00a0\u0110\u1ec1 thi v\u00e0o C7) 1. S\u01a1 \u0111\u1ed3 nguy\u00ean l\u00fd m\u1ea1ch MSP430G2553 DEV. V1 Rev4 04-08-2012 (File PDF) 2. Th\u01b0 vi\u1ec7n linh ki\u1ec7n (th\u01b0 vi\u1ec7n capture \u2026<\/p>\n<p class=\"continue-reading-button\"> <a class=\"continue-reading-link\" href=\"https:\/\/payitforward.edu.vn\/wordpress\/tutorials\/orcad\/mach-msp430\/\">Continue reading<i class=\"crycon-right-dir\"><\/i><\/a><\/p>\n","protected":false},"author":1,"featured_media":0,"parent":140,"menu_order":15,"comment_status":"closed","ping_status":"closed","template":"","meta":{"footnotes":""},"class_list":["post-1255","page","type-page","status-publish","hentry"],"_links":{"self":[{"href":"https:\/\/payitforward.edu.vn\/wordpress\/wp-json\/wp\/v2\/pages\/1255","targetHints":{"allow":["GET"]}}],"collection":[{"href":"https:\/\/payitforward.edu.vn\/wordpress\/wp-json\/wp\/v2\/pages"}],"about":[{"href":"https:\/\/payitforward.edu.vn\/wordpress\/wp-json\/wp\/v2\/types\/page"}],"author":[{"embeddable":true,"href":"https:\/\/payitforward.edu.vn\/wordpress\/wp-json\/wp\/v2\/users\/1"}],"replies":[{"embeddable":true,"href":"https:\/\/payitforward.edu.vn\/wordpress\/wp-json\/wp\/v2\/comments?post=1255"}],"version-history":[{"count":13,"href":"https:\/\/payitforward.edu.vn\/wordpress\/wp-json\/wp\/v2\/pages\/1255\/revisions"}],"predecessor-version":[{"id":2452,"href":"https:\/\/payitforward.edu.vn\/wordpress\/wp-json\/wp\/v2\/pages\/1255\/revisions\/2452"}],"up":[{"embeddable":true,"href":"https:\/\/payitforward.edu.vn\/wordpress\/wp-json\/wp\/v2\/pages\/140"}],"wp:attachment":[{"href":"https:\/\/payitforward.edu.vn\/wordpress\/wp-json\/wp\/v2\/media?parent=1255"}],"curies":[{"name":"wp","href":"https:\/\/api.w.org\/{rel}","templated":true}]}}