{"id":140,"date":"2010-05-16T16:04:20","date_gmt":"2010-05-16T09:04:20","guid":{"rendered":"http:\/\/www.payitforward.edu.vn\/wordpress\/?page_id=140"},"modified":"2016-10-04T22:21:57","modified_gmt":"2016-10-04T15:21:57","slug":"orcad","status":"publish","type":"page","link":"https:\/\/payitforward.edu.vn\/wordpress\/tutorials\/orcad\/","title":{"rendered":"OrCAD"},"content":{"rendered":"<blockquote><p>T\u00e0i li\u1ec7u n\u00e0y \u0111\u01b0\u1ee3c bi\u00ean so\u1ea1n kh\u00f4ng nh\u1eb1m v\u00e0o b\u1ea5t k\u1ef3 m\u1ee5c \u0111\u00edch n\u00e0o mang t\u00ednh th\u01b0\u01a1ng m\u1ea1i. B\u1ea1n c\u00f3 quy\u1ec1n sao ch\u00e9p, s\u1eeda ch\u1eefa v\u00e0 ph\u00e2n ph\u00e1t b\u1eb1ng b\u1ea5t k\u1ef3 h\u00ecnh th\u1ee9c n\u00e0o. H\u00e3y s\u1eed d\u1ee5ng t\u00e0i li\u1ec7u n\u00e0y, s\u1eeda ch\u1eefa, b\u1ed5 sung v\u00e0 g\u1eedi cho nh\u1eefng ai c\u1ea7n n\u00f3. Ch\u00fang t\u00f4i kh\u00f4ng \u0111\u1ec1 t\u00ean t\u00e1c gi\u1ea3 bi\u00ean so\u1ea1n. T\u00e0i li\u1ec7u n\u00e0y thu\u1ed9c quy\u1ec1n s\u1edf h\u1eefu nh\u1eefng ai \u0111ang d\u00f9ng n\u00f3.<\/p>\n<p>Pay it forward\u2026<\/p><\/blockquote>\n<h3><span style=\"color: #008080;\">Download<\/span><\/h3>\n<p>Th\u01b0 vi\u1ec7n footprint <a href=\"http:\/\/www.mediafire.com\/?0rnnaaq6s9mnal3\">payitforward_footprint.LLB<\/a>\u00a0(updated 10.08.2012)<\/p>\n<p>Logo PIF:\u00a0<a href=\" http:\/\/www.payitforward.edu.vn\/forum\/threads\/452\/\">\u00a0www.payitforward.edu.vn\/forum\/threads\/452\/<\/a><\/p>\n<h3><span style=\"color: #008080;\">Ph\u1ea7n I: Capture<\/span><\/h3>\n<p><a href=\"http:\/\/www.payitforward.edu.vn\/wordpress\/tutorials\/orcad\/lecture-1\/\">B\u00e0i 1: <\/a><a href=\"http:\/\/www.payitforward.edu.vn\/wordpress\/tutorials\/orcad\/bai-1\/\">Gi\u1edbi thi\u1ec7u Capture.<\/a><\/p>\n<p><a href=\"http:\/\/www.payitforward.edu.vn\/wordpress\/tutorials\/orcad\/bai-2\/ \">B\u00e0i 2: C\u00e1c thao t\u00e1c c\u01a1 b\u1ea3n trong Capture.<\/a><\/p>\n<p><a href=\"http:\/\/www.payitforward.edu.vn\/wordpress\/tutorials\/orcad\/bai-3\/\">B\u00e0i 3: T\u1ea1o th\u01b0 vi\u1ec7n v\u00e0 linh ki\u1ec7n m\u1edbi trong Capture<\/a><\/p>\n<p><a href=\"..\/tutorials\/orcad\/bai-3\/\">B\u00e0i 4: <\/a><a href=\"http:\/\/www.payitforward.edu.vn\/wordpress\/tutorials\/orcad\/bai-4\/\">V\u00ed d\u1ee5 v\u1ebd schematic m\u1ea1ch ngu\u1ed3n 5V &#8211; 3.3V<\/a><\/p>\n<p><a href=\"http:\/\/www.payitforward.edu.vn\/wordpress\/tutorials\/orcad\/bai-5-2\/\">B\u00e0i 5: Th\u00eam ch\u00fa th\u00edch v\u00e0o b\u1ea3n v\u1ebd schematic <\/a><\/p>\n<p><a href=\"http:\/\/www.payitforward.edu.vn\/wordpress\/tutorials\/orcad\/bai-6\/\">B\u00e0i 6: T\u1ea1o file Netlist<\/a><\/p>\n<h3><span style=\"color: #008080;\">Ph\u1ea7n II: Layout<\/span><\/h3>\n<p><a href=\"http:\/\/www.payitforward.edu.vn\/wordpress\/tutorials\/orcad\/bai-7\/\">B\u00e0i 7: Gi\u1edbi thi\u1ec7u th\u01b0 vi\u1ec7n v\u00e0 footprint trong layout<\/a><\/p>\n<p><a href=\"http:\/\/www.payitforward.edu.vn\/wordpress\/tutorials\/orcad\/bai-8\/\"> B\u00e0i 8: C\u00e1c layer trong layout<\/a><\/p>\n<p><a href=\"http:\/\/www.payitforward.edu.vn\/wordpress\/tutorials\/orcad\/bai-9\/\">B\u00e0i 9: T\u1ea1o th\u01b0 vi\u1ec7n v\u00e0 footprint m\u1edbi<\/a><\/p>\n<p><a href=\"http:\/\/www.payitforward.edu.vn\/wordpress\/tutorials\/orcad\/bai-10\/\">B\u00e0i 10:<\/a><a href=\"http:\/\/www.payitforward.edu.vn\/wordpress\/tutorials\/orcad\/bai-10\/\"> T\u1ea1o file .MAX &#8211; L\u1ef1a ch\u1ecdn footprint<\/a><\/p>\n<p><a href=\"http:\/\/www.payitforward.edu.vn\/wordpress\/tutorials\/orcad\/bai-11\/\">B\u00e0i 11: C\u00e1ch s\u1eafp x\u1ebfp linh ki\u1ec7n h\u1ee3p l\u00fd<\/a><\/p>\n<p><a href=\"http:\/\/www.payitforward.edu.vn\/wordpress\/tutorials\/orcad\/bai-12\/\">B\u00e0i 12: Routing<\/a><\/p>\n<p><a href=\"http:\/\/www.payitforward.edu.vn\/wordpress\/tutorials\/orcad\/bai-13\/\">B\u00e0i 13: C\u00e1ch t\u1ea1o jumper<\/a><\/p>\n<p><a href=\"http:\/\/www.payitforward.edu.vn\/wordpress\/tutorials\/orcad\/bai-14\/\">B\u00e0i 14: Ch\u00fa th\u00edch &#8211; Ph\u1ee7 \u0111\u1ed3ng &#8211; V\u1ebd \u0111\u01b0\u1eddng bi\u00ean<\/a><\/p>\n<h3><span style=\"color: #008080;\">B\u00e0i th\u1ef1c h\u00e0nh<\/span><\/h3>\n<p>V\u00ed d\u1ee5 c\u1ee5 th\u1ec3 v\u1edbi m\u1ea1ch ph\u00e1t tri\u1ec3n \u0111\u01a1n gi\u1ea3n s\u1eed d\u1ee5ng chip MSP430G2553 (Texas Instruments).<\/p>\n<p>+ N\u1ed9i dung: d\u1ef1a theo s\u01a1 \u0111\u1ed3 nguy\u00ean l\u00fd \u0111\u01b0\u1ee3c cho, thi\u1ebft k\u1ebf PCB (layout) cho m\u1ea1ch tr\u00ean.<\/p>\n<p>+ H\u01b0\u1edbng d\u1eabn ch\u1ecdn footprint, h\u01b0\u1edbng d\u1eabn th\u1ef1c hi\u1ec7n layout, h\u01b0\u1edbng d\u1eabn thi c\u00f4ng m\u1ea1ch b\u1eb1ng ph\u01b0\u01a1ng ph\u00e1p \u1ee7i.<\/p>\n<p><a href=\"http:\/\/www.payitforward.edu.vn\/wordpress\/tutorials\/orcad\/mach-msp430\/\">B\u00e0i th\u1ef1c h\u00e0nh m\u1ea1ch MSP430G2553<\/a><\/p>\n<p><em><br \/>\n<\/em><\/p>\n","protected":false},"excerpt":{"rendered":"<p>T\u00e0i li\u1ec7u n\u00e0y \u0111\u01b0\u1ee3c bi\u00ean so\u1ea1n kh\u00f4ng nh\u1eb1m v\u00e0o b\u1ea5t k\u1ef3 m\u1ee5c \u0111\u00edch n\u00e0o mang t\u00ednh th\u01b0\u01a1ng m\u1ea1i. B\u1ea1n c\u00f3 quy\u1ec1n sao ch\u00e9p, s\u1eeda ch\u1eefa v\u00e0 ph\u00e2n ph\u00e1t b\u1eb1ng b\u1ea5t k\u1ef3 h\u00ecnh th\u1ee9c n\u00e0o. H\u00e3y s\u1eed d\u1ee5ng t\u00e0i li\u1ec7u n\u00e0y, s\u1eeda ch\u1eefa, b\u1ed5 sung v\u00e0 g\u1eedi cho nh\u1eefng ai c\u1ea7n n\u00f3. Ch\u00fang t\u00f4i kh\u00f4ng \u0111\u1ec1 t\u00ean t\u00e1c gi\u1ea3 bi\u00ean so\u1ea1n. T\u00e0i li\u1ec7u n\u00e0y thu\u1ed9c quy\u1ec1n s\u1edf h\u1eefu nh\u1eefng ai \u0111ang d\u00f9ng n\u00f3. Pay it forward\u2026 Download Th\u01b0 vi\u1ec7n footprint payitforward_footprint.LLB\u00a0(updated 10.08.2012) Logo PIF:\u00a0\u00a0www.payitforward.edu.vn\/forum\/threads\/452\/ Ph\u1ea7n I: Capture B\u00e0i 1: Gi\u1edbi thi\u1ec7u Capture. B\u00e0i 2: C\u00e1c thao t\u00e1c c\u01a1 b\u1ea3n trong Capture. \u2026<\/p>\n<p class=\"continue-reading-button\"> <a class=\"continue-reading-link\" href=\"https:\/\/payitforward.edu.vn\/wordpress\/tutorials\/orcad\/\">Continue reading<i class=\"crycon-right-dir\"><\/i><\/a><\/p>\n","protected":false},"author":1,"featured_media":0,"parent":72,"menu_order":1,"comment_status":"closed","ping_status":"closed","template":"","meta":{"footnotes":""},"class_list":["post-140","page","type-page","status-publish","hentry"],"_links":{"self":[{"href":"https:\/\/payitforward.edu.vn\/wordpress\/wp-json\/wp\/v2\/pages\/140","targetHints":{"allow":["GET"]}}],"collection":[{"href":"https:\/\/payitforward.edu.vn\/wordpress\/wp-json\/wp\/v2\/pages"}],"about":[{"href":"https:\/\/payitforward.edu.vn\/wordpress\/wp-json\/wp\/v2\/types\/page"}],"author":[{"embeddable":true,"href":"https:\/\/payitforward.edu.vn\/wordpress\/wp-json\/wp\/v2\/users\/1"}],"replies":[{"embeddable":true,"href":"https:\/\/payitforward.edu.vn\/wordpress\/wp-json\/wp\/v2\/comments?post=140"}],"version-history":[{"count":21,"href":"https:\/\/payitforward.edu.vn\/wordpress\/wp-json\/wp\/v2\/pages\/140\/revisions"}],"predecessor-version":[{"id":1829,"href":"https:\/\/payitforward.edu.vn\/wordpress\/wp-json\/wp\/v2\/pages\/140\/revisions\/1829"}],"up":[{"embeddable":true,"href":"https:\/\/payitforward.edu.vn\/wordpress\/wp-json\/wp\/v2\/pages\/72"}],"wp:attachment":[{"href":"https:\/\/payitforward.edu.vn\/wordpress\/wp-json\/wp\/v2\/media?parent=140"}],"curies":[{"name":"wp","href":"https:\/\/api.w.org\/{rel}","templated":true}]}}