{"id":147,"date":"2010-05-16T16:10:54","date_gmt":"2010-05-16T09:10:54","guid":{"rendered":"http:\/\/www.payitforward.edu.vn\/wordpress\/?page_id=147"},"modified":"2017-07-31T02:57:03","modified_gmt":"2017-07-30T19:57:03","slug":"bai-2","status":"publish","type":"page","link":"https:\/\/payitforward.edu.vn\/wordpress\/tutorials\/orcad\/bai-2\/","title":{"rendered":"B\u00e0i 2"},"content":{"rendered":"<p>T\u00e0i li\u1ec7u n\u00e0y \u0111\u01b0\u1ee3c bi\u00ean so\u1ea1n kh\u00f4ng nh\u1eb1m v\u00e0o b\u1ea5t k\u1ef3 m\u1ee5c \u0111\u00edch n\u00e0o mang t\u00ednh th\u01b0\u01a1ng m\u1ea1i. B\u1ea1n c\u00f3 quy\u1ec1n sao ch\u00e9p, s\u1eeda ch\u1eefa v\u00e0 ph\u00e2n ph\u00e1t b\u1eb1ng b\u1ea5t k\u1ef3 h\u00ecnh th\u1ee9c n\u00e0o. H\u00e3y s\u1eed d\u1ee5ng t\u00e0i li\u1ec7u n\u00e0y, s\u1eeda ch\u1eefa, b\u1ed5 sung v\u00e0 g\u1eedi cho nh\u1eefng ai c\u1ea7n n\u00f3. Ch\u00fang t\u00f4i kh\u00f4ng \u0111\u1ec1 t\u00ean t\u00e1c gi\u1ea3 bi\u00ean so\u1ea1n. T\u00e0i li\u1ec7u n\u00e0y thu\u1ed9c quy\u1ec1n s\u1edf h\u1eefu nh\u1eefng ai \u0111ang d\u00f9ng n\u00f3.<\/p>\n<p>Pay it forward\u2026<\/p>\n<h1><span style=\"text-decoration: underline;\">B\u00e0i 2:<\/span><\/h1>\n<h2 style=\"text-align: center;\">C\u00e1c thao t\u00e1c c\u01a1 b\u1ea3n trong CAPTURE<\/h2>\n<p style=\"text-align: justify;\">&#8211; Add th\u01b0 vi\u1ec7n<\/p>\n<p style=\"text-align: justify;\">&#8211; C\u00e1c thao\u00a0 t\u00e1c v\u1edbi linh ki\u1ec7n: Ph\u00edm t\u1eaft l\u1ea5y linh ki\u1ec7n: <strong>P<\/strong> (Place <strong>P<\/strong>art); Ph\u00edm t\u1eaft xoay v\u00e0 l\u1eadt linh ki\u1ec7n: <strong>R<\/strong> &amp; <strong>H<\/strong>;\u00a0 C\u00e1ch \u0111\u1ed5i t\u00ean\/gi\u00e1 tr\u1ecb linh ki\u1ec7n; Copy-Paste &#8230;<\/p>\n<p style=\"text-align: justify;\">&#8211; N\u1ed1i d\u00e2y. Ph\u00edm t\u1eaft: <strong>W<\/strong> (Place <strong>W<\/strong>ire)<\/p>\n<p style=\"text-align: justify;\">&#8211; Ph\u00edm t\u1eaft: Zoom In, Zoom Out: I &amp; O<\/p>\n<p style=\"text-align: justify;\">&#8211; \u0110\u1eb7t c\u00e1c k\u00ed hi\u1ec7u GND v\u00e0 ngu\u1ed3n VCC cho m\u1ea1ch.<\/p>\n<p style=\"text-align: justify;\">&#8211; \u0110\u1eb7t t\u00ean cho \u0111\u01b0\u1eddng d\u00e2y (net): Place<strong> N<\/strong>et alias. Ph\u00edm t\u1eaft: <strong>N<\/strong><\/p>\n<p style=\"text-align: justify;\">&#8211; Gi\u1edbi thi\u1ec7u c\u00f4ng c\u1ee5 ch\u00fa th\u00edch v\u00e0 v\u1ebd h\u00ecnh<\/p>\n<p style=\"text-align: justify;\">\n<p style=\"text-align: center;\">\n<p><iframe loading=\"lazy\" width=\"640\" height=\"480\" src=\"http:\/\/www.youtube-nocookie.com\/embed\/RF8ZseZB938\" frameborder=\"0\" allowfullscreen><\/iframe><\/p>\n","protected":false},"excerpt":{"rendered":"<p>T\u00e0i li\u1ec7u n\u00e0y \u0111\u01b0\u1ee3c bi\u00ean so\u1ea1n kh\u00f4ng nh\u1eb1m v\u00e0o b\u1ea5t k\u1ef3 m\u1ee5c \u0111\u00edch n\u00e0o mang t\u00ednh th\u01b0\u01a1ng m\u1ea1i. B\u1ea1n c\u00f3 quy\u1ec1n sao ch\u00e9p, s\u1eeda ch\u1eefa v\u00e0 ph\u00e2n ph\u00e1t b\u1eb1ng b\u1ea5t k\u1ef3 h\u00ecnh th\u1ee9c n\u00e0o. H\u00e3y s\u1eed d\u1ee5ng t\u00e0i li\u1ec7u n\u00e0y, s\u1eeda ch\u1eefa, b\u1ed5 sung v\u00e0 g\u1eedi cho nh\u1eefng ai c\u1ea7n n\u00f3. Ch\u00fang t\u00f4i kh\u00f4ng \u0111\u1ec1 t\u00ean t\u00e1c gi\u1ea3 bi\u00ean so\u1ea1n. T\u00e0i li\u1ec7u n\u00e0y thu\u1ed9c quy\u1ec1n s\u1edf h\u1eefu nh\u1eefng ai \u0111ang d\u00f9ng n\u00f3. Pay it forward\u2026 B\u00e0i 2: C\u00e1c thao t\u00e1c c\u01a1 b\u1ea3n trong CAPTURE &#8211; Add th\u01b0 vi\u1ec7n &#8211; C\u00e1c thao\u00a0 t\u00e1c v\u1edbi linh ki\u1ec7n: Ph\u00edm t\u1eaft l\u1ea5y linh ki\u1ec7n: \u2026<\/p>\n<p class=\"continue-reading-button\"> <a class=\"continue-reading-link\" href=\"https:\/\/payitforward.edu.vn\/wordpress\/tutorials\/orcad\/bai-2\/\">Continue reading<i class=\"crycon-right-dir\"><\/i><\/a><\/p>\n","protected":false},"author":1,"featured_media":0,"parent":140,"menu_order":2,"comment_status":"closed","ping_status":"open","template":"","meta":{"footnotes":""},"class_list":["post-147","page","type-page","status-publish","hentry"],"_links":{"self":[{"href":"https:\/\/payitforward.edu.vn\/wordpress\/wp-json\/wp\/v2\/pages\/147","targetHints":{"allow":["GET"]}}],"collection":[{"href":"https:\/\/payitforward.edu.vn\/wordpress\/wp-json\/wp\/v2\/pages"}],"about":[{"href":"https:\/\/payitforward.edu.vn\/wordpress\/wp-json\/wp\/v2\/types\/page"}],"author":[{"embeddable":true,"href":"https:\/\/payitforward.edu.vn\/wordpress\/wp-json\/wp\/v2\/users\/1"}],"replies":[{"embeddable":true,"href":"https:\/\/payitforward.edu.vn\/wordpress\/wp-json\/wp\/v2\/comments?post=147"}],"version-history":[{"count":18,"href":"https:\/\/payitforward.edu.vn\/wordpress\/wp-json\/wp\/v2\/pages\/147\/revisions"}],"predecessor-version":[{"id":2558,"href":"https:\/\/payitforward.edu.vn\/wordpress\/wp-json\/wp\/v2\/pages\/147\/revisions\/2558"}],"up":[{"embeddable":true,"href":"https:\/\/payitforward.edu.vn\/wordpress\/wp-json\/wp\/v2\/pages\/140"}],"wp:attachment":[{"href":"https:\/\/payitforward.edu.vn\/wordpress\/wp-json\/wp\/v2\/media?parent=147"}],"curies":[{"name":"wp","href":"https:\/\/api.w.org\/{rel}","templated":true}]}}