{"id":1499,"date":"2013-12-20T19:31:40","date_gmt":"2013-12-20T12:31:40","guid":{"rendered":"http:\/\/www.payitforward.edu.vn\/wordpress\/?page_id=1499"},"modified":"2016-01-10T15:26:04","modified_gmt":"2016-01-10T08:26:04","slug":"feee-src","status":"publish","type":"page","link":"https:\/\/payitforward.edu.vn\/wordpress\/feee-src\/","title":{"rendered":"FEEE-SRC"},"content":{"rendered":"<p><meta http-equiv=\"Refresh\" content=\"0; url=http:\/\/www.payitforward.edu.vn\/feeesrc\/\"><br \/>\n&nbsp;<\/p>\n<p>&nbsp;<\/p>\n<div align=\"center\">\n<p align=\"center\"><span style=\"color: #008000;\">N\u1ebfu tr\u00ecnh duy\u1ec7t kh\u00f4ng t\u1ef1 chuy\u1ec3n<\/span><br \/>\n<a href=\"http:\/\/www.payitforward.edu.vn\/feeesrc\/\">nh\u1ea5n v\u00e0o \u0111\u00e2y<\/a><\/p>\n<\/div>\n<p>&nbsp;<\/p>\n","protected":false},"excerpt":{"rendered":"<p>&nbsp; &nbsp; N\u1ebfu tr\u00ecnh duy\u1ec7t kh\u00f4ng t\u1ef1 chuy\u1ec3n nh\u1ea5n v\u00e0o \u0111\u00e2y &nbsp;<\/p>\n<p class=\"continue-reading-button\"> <a class=\"continue-reading-link\" href=\"https:\/\/payitforward.edu.vn\/wordpress\/feee-src\/\">Continue reading<i class=\"crycon-right-dir\"><\/i><\/a><\/p>\n","protected":false},"author":1,"featured_media":0,"parent":0,"menu_order":7,"comment_status":"closed","ping_status":"closed","template":"","meta":{"footnotes":""},"class_list":["post-1499","page","type-page","status-publish","hentry"],"_links":{"self":[{"href":"https:\/\/payitforward.edu.vn\/wordpress\/wp-json\/wp\/v2\/pages\/1499","targetHints":{"allow":["GET"]}}],"collection":[{"href":"https:\/\/payitforward.edu.vn\/wordpress\/wp-json\/wp\/v2\/pages"}],"about":[{"href":"https:\/\/payitforward.edu.vn\/wordpress\/wp-json\/wp\/v2\/types\/page"}],"author":[{"embeddable":true,"href":"https:\/\/payitforward.edu.vn\/wordpress\/wp-json\/wp\/v2\/users\/1"}],"replies":[{"embeddable":true,"href":"https:\/\/payitforward.edu.vn\/wordpress\/wp-json\/wp\/v2\/comments?post=1499"}],"version-history":[{"count":15,"href":"https:\/\/payitforward.edu.vn\/wordpress\/wp-json\/wp\/v2\/pages\/1499\/revisions"}],"predecessor-version":[{"id":2298,"href":"https:\/\/payitforward.edu.vn\/wordpress\/wp-json\/wp\/v2\/pages\/1499\/revisions\/2298"}],"wp:attachment":[{"href":"https:\/\/payitforward.edu.vn\/wordpress\/wp-json\/wp\/v2\/media?parent=1499"}],"curies":[{"name":"wp","href":"https:\/\/api.w.org\/{rel}","templated":true}]}}