{"id":1659,"date":"2014-02-06T21:14:48","date_gmt":"2014-02-06T14:14:48","guid":{"rendered":"http:\/\/www.payitforward.edu.vn\/wordpress\/?page_id=1659"},"modified":"2017-07-29T23:46:50","modified_gmt":"2017-07-29T16:46:50","slug":"courses","status":"publish","type":"page","link":"https:\/\/payitforward.edu.vn\/wordpress\/courses\/","title":{"rendered":"Courses"},"content":{"rendered":"<h2>L\u1ed9 tr\u00ecnh c\u00e1c kho\u00e1 h\u1ecdc<\/h2>\n<p><img loading=\"lazy\" decoding=\"async\" class=\"aligncenter\" src=\"https:\/\/s-media-cache-ak0.pinimg.com\/originals\/0a\/41\/da\/0a41da1b38c9dac9f6cc35ea72f657b8.png\" alt=\"\" width=\"1024\" height=\"475\" \/><\/p>\n<h3><span style=\"color: #008080;\">Pay It Forward<\/span><\/h3>\n<p><img loading=\"lazy\" decoding=\"async\" class=\"alignright\" src=\"https:\/\/s-media-cache-ak0.pinimg.com\/originals\/25\/08\/fc\/2508fc1866bf50039069bf15328f7d36.png\" alt=\"\" width=\"182\" height=\"258\" \/>Pay It Forward l\u00e0 m\u1ed9t d\u1ef1 \u00e1n chia s\u1ebb ki\u1ebfn th\u1ee9c &#8211; \u0111am m\u00ea &#8211; t\u00e2m huy\u1ebft trong c\u1ed9ng \u0111\u1ed3ng k\u1ef9 thu\u1eadt \u0111i\u1ec7n &#8211; \u0111i\u1ec7n t\u1eed, kh\u1edfi ngu\u1ed3n t\u1eeb khoa \u0110i\u1ec7n &#8211; \u0110i\u1ec7n t\u1eed, \u0110H B\u00e1ch Khoa TP. HCM.<\/p>\n<p>C\u00e1c kho\u00e1 h\u1ecdc c\u1ee7a Pay It Forward \u0111\u1ec1u mi\u1ec5n ph\u00ed, do c\u00e1c Th\u1ea7y C\u00f4, K\u1ef9 S\u01b0, Sinh vi\u00ean B\u00e1ch Khoa tham gia gi\u1ea3ng d\u1ea1y.<\/p>\n<h3><span style=\"color: #008080;\">Intro Courses: \u0110i\u1ec7n t\u1eed c\u01a1 b\u1ea3n<\/span><\/h3>\n<p>L\u1edbp \u0111i\u1ec7n t\u1eed c\u01a1 b\u1ea3n ch\u1ec9 d\u00e0nh cho sinh vi\u00ean n\u0103m Nh\u1ea5t, m\u1edf v\u00e0o h\u1ecdc k\u1ef3 th\u1ee9 1, ngay khi T\u00e2n sinh vi\u00ean v\u1eeba nh\u1eadp h\u1ecdc. L\u1edbp k\u00e9o d\u00e0i t\u1eeb th\u00e1ng 9 &#8211; th\u00e1ng 12. Cu\u1ed1i kho\u00e1 t\u1ed5 ch\u1ee9c cu\u1ed9c thi th\u01b0\u1eddng ni\u00ean &#8220;HappyLED&#8221; \u0111\u1ec3 sinh vi\u00ean \u1ee9ng d\u1ee5ng nh\u1eefng ki\u1ebfn th\u1ee9c \u0111\u00e3 h\u1ecdc.<\/p>\n<p>L\u1edbp \u0111i\u1ec7n t\u1eed c\u01a1 b\u1ea3n kh\u00f4ng thi \u0111\u1ea7u v\u00e0o, kh\u00f4ng gi\u1edbi h\u1ea1n s\u1ed1 l\u01b0\u1ee3ng (open-course).<\/p>\n<h3><span style=\"color: #008080;\">Pre-courses (Pre-MCUbasic-course)<\/span><\/h3>\n<ul>\n<li><b>\u0110\u1ed1i t\u01b0\u1ee3ng:<\/b>\u00a0\u0110\u1ed1i t\u01b0\u1ee3ng th\u00edch h\u1ee3p v\u1edbi pre-course l\u00e0 fresh-man, t\u1ee9c l\u00e0 ch\u01b0a c\u00f3, ho\u1eb7c \u00edt kinh nghi\u1ec7m v\u00e0 ki\u1ebfn th\u1ee9c chuy\u00ean m\u00f4n. Pre-course \u0111\u01b0\u1ee3c m\u1edf tr\u01b0\u1edbc khi c\u00f3 th\u00f4ng b\u00e1o tuy\u1ec3n sinh c\u00e1c l\u1edbp C<em>x<\/em>.<\/li>\n<li>L\u1edbp Pre-course kh\u00f4ng gi\u1edbi h\u1ea1n s\u1ed1 l\u01b0\u1ee3ng, tuy nhi\u00ean c\u00f3 gi\u1edbi h\u1ea1n &#8220;\u0111\u1ed9 tu\u1ed5i&#8221; \u0111\u01b0\u1ee3c tham d\u1ef1, Pre-course th\u01b0\u1eddng d\u00e0nh cho sinh vi\u00ean n\u0103m Nh\u1ea5t \u0111\u1ebfn n\u0103m Ba.<\/li>\n<li><b>H\u00ecnh th\u1ee9c:<\/b>\u00a0H\u1ecdc t\u1eadp trung trong m\u1ed9t s\u1ed1 bu\u1ed5i nh\u1ea5t \u0111\u1ecbnh v\u00e0 t\u1ef1 h\u1ecdc d\u1ef1a tr\u00ean c\u00e1c Tutorials v\u00e0 t\u00e0i li\u1ec7u \u0111\u01b0\u1ee3c cung c\u1ea5p.<\/li>\n<li><b>M\u1ee5c ti\u00eau:<\/b>\u00a0Kho\u00e1 h\u1ecdc g\u1ed3m hai m\u1ea3ng ki\u1ebfn th\u1ee9c ch\u00ednh s\u1ebd \u0111\u01b0\u1ee3c gi\u1ea3ng d\u1ea1y \/ k\u1ebft h\u1ee3p v\u1edbi vi\u1ec7c t\u1ef1 h\u1ecdc theo t\u00e0i li\u1ec7u \u0111\u01b0\u1ee3c \u0111\u0103ng t\u1ea3i online:\n<ul>\n<li>Electronics: Bi\u1ebft thi\u1ebft k\u1ebf v\u00e0 thi c\u00f4ng m\u1ea1ch \u0111i\u1ec7n t\u1eed \u1edf m\u1ee9c c\u01a1 b\u1ea3n (basic level).<\/li>\n<li>Embedded Programming: Bi\u1ebft l\u1eadp tr\u00ecnh s\u1eed d\u1ee5ng ng\u00f4n ng\u1eef C cho m\u1ed9t h\u1ec7 th\u1ed1ng \u0111\u01a1n gi\u1ea3n v\u1edbi vi \u0111i\u1ec1u khi\u1ec3n.<\/li>\n<li>Vi \u0111i\u1ec1u khi\u1ec3n (MCU) \u0111\u01b0\u1ee3c l\u1ef1a ch\u1ecdn cho c\u00e1c kho\u00e1 h\u1ecdc hi\u1ec7n nay l\u00e0 MSP430G2553 c\u1ee7a Texas Instruments.<\/li>\n<\/ul>\n<\/li>\n<\/ul>\n<ul>\n<li><b>Ki\u1ec3m tra \u0111\u1ea7u ra:<\/b>\n<ul>\n<li><i>Outcome 1 &#8211; Electronics:<\/i> Ho\u00e0n th\u00e0nh (thi\u1ebft k\u1ebf\/thi c\u00f4ng) m\u1ed9t m\u1ea1ch \u0111i\u1ec7n t\u1eed theo y\u00eau c\u1ea7u c\u1ee7a kho\u00e1 h\u1ecdc.<\/li>\n<li><i>Outcome 2 &#8211; Embedded Programming:<\/i> L\u1eadp tr\u00ecnh v\u1edbi vi \u0111i\u1ec1u khi\u1ec3n \u1edf m\u1ee9c \u0111\u1ed9 \u0111\u01a1n gi\u1ea3n s\u1eed d\u1ee5ng m\u1ea1ch th\u1ef1c hi\u1ec7n \u1edf Outcome 1, v\u1eadn d\u1ee5ng \u0111\u01b0\u1ee3c GPIO \u2013 Timer, hi\u1ec3n th\u1ecb LEDs, \u0111\u1ecdc n\u00fat nh\u1ea5n (buttons).<\/li>\n<\/ul>\n<\/li>\n<\/ul>\n<p>Sinh vi\u00ean ho\u00e0n th\u00e0nh hai y\u00eau c\u1ea7u tr\u00ean \u0111\u01b0\u1ee3c c\u00f4ng nh\u1eadn l\u00e0 ho\u00e0n th\u00e0nh Pre-course.<\/p>\n<h3><span style=\"color: #008080;\">Cx Courses (MCUbasic-courses)<\/span><\/h3>\n<ul>\n<li><b>\u0110\u1ed1i t\u01b0\u1ee3ng:<\/b>\u00a0sinh vi\u00ean ho\u00e0n th\u00e0nh Pre-course.<\/li>\n<\/ul>\n<p>K\u1ebft th\u00fac Pre-courses, sinh vi\u00ean mu\u1ed1n ti\u1ebfp t\u1ee5c tham gia c\u00e1c l\u1edbp Cx c\u1ea7n \u0111\u0103ng k\u00fd d\u1ef1 thi &#8220;tuy\u1ec3n sinh \u0111\u1ea7u v\u00e0o&#8221;. N\u1ed9i dung thi l\u00e0 Outcomes c\u1ee7a Pre-courses.<\/p>\n<ul>\n<li><strong>H\u00ecnh th\u1ee9c:<\/strong> H\u1ecdc t\u1eadp trung, 01 bu\u1ed5i\/tu\u1ea7n, theo h\u01b0\u1edbng <i>project-based<\/i>\u00a0v\u1edbi s\u1ef1 h\u01b0\u1edbng d\u1eabn c\u1ee7a Th\u1ea7y\/C\u00f4, c\u00e1c anh ch\u1ecb K\u1ef9 s\u01b0 l\u00e0 c\u1ef1u sinh vi\u00ean, c\u00e1c anh ch\u1ecb sinh vi\u00ean n\u0103m tr\u00ean.<\/li>\n<\/ul>\n<ul>\n<li><b>M\u1ee5c ti\u00eau:<\/b>\n<ul>\n<li>MCU: hi\u1ec3u v\u00e0 v\u1eadn d\u1ee5ng \u0111\u01b0\u1ee3c c\u00e1c module c\u01a1 b\u1ea3n c\u1ee7a vi \u0111i\u1ec1u khi\u1ec3n (MCU) nh\u01b0 Timer\/Counter\/PWM, UART, SPI, I2C.<\/li>\n<li>Basic Analog &amp; Power Electronics: Hi\u1ec3u v\u00e0 th\u1ef1c hi\u1ec7n \u0111\u01b0\u1ee3c c\u00e1c module ngu\u1ed3n c\u01a1 b\u1ea3n (LDO, DC\/DC Converter, H-Bridge c\u00f4ng su\u1ea5t nh\u1ecf).<\/li>\n<li>N\u1eafm c\u01a1 b\u1ea3n v\u1ec1 Giao ti\u1ebfp v\u1edbi m\u00e1y t\u00ednh (PC) v\u00e0 l\u1eadp tr\u00ecnh h\u01b0\u1edbng \u0111\u1ed1i t\u01b0\u1ee3ng d\u00f9ng C#.<\/li>\n<\/ul>\n<\/li>\n<\/ul>\n<ul>\n<li><b>Ki\u1ec3m tra \u0111\u1ea7u ra:<\/b>\n<ul>\n<li>Ho\u00e0n th\u00e0nh c\u00e1c Projects theo y\u00eau c\u1ea7u t\u1eebng b\u00e0i h\u1ecdc (30%).<\/li>\n<li>Ho\u00e0n th\u00e0nh Projects cu\u1ed1i kh\u00f3a (50%).<\/li>\n<li>\u201cSoft-skills\u201d: Documents, clips, slide, presentation (20%).<\/li>\n<\/ul>\n<\/li>\n<\/ul>\n<p>Sinh vi\u00ean ho\u00e0n th\u00e0nh c\u00e1c y\u00eau c\u1ea7u tr\u00ean \u0111\u01b0\u1ee3c c\u00f4ng nh\u1eadn l\u00e0 ho\u00e0n th\u00e0nh MCUbasic \u2013 Cource v\u00e0\u00a0<b>tr\u1edf th\u00e0nh Th\u00e0nh vi\u00ean ch\u00ednh th\u1ee9c c\u1ee7a PIF.<\/b><\/p>\n<h3><span style=\"color: #008080;\">Advanced courses<\/span><\/h3>\n<p>C\u00e1c kho\u00e1 n\u00e2ng cao ch\u1ec9 d\u00e0nh cho Th\u00e0nh vi\u00ean ch\u00ednh th\u1ee9c c\u1ee7a PIF.<\/p>\n<p>1) Coding Style<\/p>\n<p>2)\u00a0UML-Pseudocode<\/p>\n<p>3) Advanced PCB Design<\/p>\n<p>4) Introduction to OpenCV for Image Processing<\/p>\n<p>5) Power Electronics: A Starting-Point<\/p>\n<p>6) Advanced C# Programming<\/p>\n<p>7) Embedded Systems<\/p>\n<p>8) Motor Control Algorithms and Applications<\/p>\n<p>9)\u00a0Switched Mode Power Supply (SMPS): how they work?<\/p>\n<p>10) How to Write a Science Research Paper?<\/p>\n<p>11) Kalman Filter &#8211; Applications\u00a0in Image Processing<\/p>\n<p>12) Labview Overview<\/p>\n<p>13) Teamwork Concept: Agile &amp; Scrum<\/p>\n<p>14) Probability for Engineering Applications.<\/p>\n<h3><span style=\"color: #008080;\">Upcoming Courses<\/span><\/h3>\n<p><span style=\"color: #008080;\">Intro course:\u00a0<\/span>Kho\u00e1 d\u00e0nh cho T\u00e2n sinh vi\u00ean K2017 \u0111\u01b0\u1ee3c m\u1edf v\u00e0o 09\/2017 v\u00e0 \u0111\u01b0\u1ee3c th\u00f4ng b\u00e1o cho T\u00e2n sinh vi\u00ean.<\/p>\n<p><span style=\"color: #008080;\">Pre-C17<\/span>\u00a0(Pre-MCUBasic Course): Th\u00e1ng 09\/2017 (tham kh\u1ea3o\u00a0<a href=\"http:\/\/www.payitforward.edu.vn\/wordpress\/2015\/03\/pre-c13-thong-bao-va-dang-ky\/\" target=\"_blank\" rel=\"noopener noreferrer\">th\u00f4ng b\u00e1o Pre-C13<\/a>).<\/p>\n<p><span style=\"color: #008080;\">C17\u00a0<\/span>(MCUBasic Course, kho\u00e1 th\u1ee9 17): Thi tuy\u1ec3n \u0111\u1ea7u v\u00e0o d\u1ef1 ki\u1ebfn gi\u1eefa\u00a0th\u00e1ng\u00a0<strong>10\/2017<\/strong>\u00a0(c\u1eadp nh\u1eadt th\u00f4ng b\u00e1o sau).<\/p>\n<p><span style=\"color: #008080;\">Advanced Courses:<\/span> D\u00e0nh cho PIFers v\u00e0 th\u00f4ng b\u00e1o tr\u1ef1c ti\u1ebfp cho th\u00e0nh vi\u00ean.<\/p>\n","protected":false},"excerpt":{"rendered":"<p>L\u1ed9 tr\u00ecnh c\u00e1c kho\u00e1 h\u1ecdc Pay It Forward Pay It Forward l\u00e0 m\u1ed9t d\u1ef1 \u00e1n chia s\u1ebb ki\u1ebfn th\u1ee9c &#8211; \u0111am m\u00ea &#8211; t\u00e2m huy\u1ebft trong c\u1ed9ng \u0111\u1ed3ng k\u1ef9 thu\u1eadt \u0111i\u1ec7n &#8211; \u0111i\u1ec7n t\u1eed, kh\u1edfi ngu\u1ed3n t\u1eeb khoa \u0110i\u1ec7n &#8211; \u0110i\u1ec7n t\u1eed, \u0110H B\u00e1ch Khoa TP. HCM. C\u00e1c kho\u00e1 h\u1ecdc c\u1ee7a Pay It Forward \u0111\u1ec1u mi\u1ec5n ph\u00ed, do c\u00e1c Th\u1ea7y C\u00f4, K\u1ef9 S\u01b0, Sinh vi\u00ean B\u00e1ch Khoa tham gia gi\u1ea3ng d\u1ea1y. Intro Courses: \u0110i\u1ec7n t\u1eed c\u01a1 b\u1ea3n L\u1edbp \u0111i\u1ec7n t\u1eed c\u01a1 b\u1ea3n ch\u1ec9 d\u00e0nh cho sinh vi\u00ean n\u0103m Nh\u1ea5t, m\u1edf v\u00e0o h\u1ecdc k\u1ef3 th\u1ee9 1, ngay khi T\u00e2n sinh vi\u00ean \u2026<\/p>\n<p class=\"continue-reading-button\"> <a class=\"continue-reading-link\" href=\"https:\/\/payitforward.edu.vn\/wordpress\/courses\/\">Continue reading<i class=\"crycon-right-dir\"><\/i><\/a><\/p>\n","protected":false},"author":1,"featured_media":0,"parent":0,"menu_order":4,"comment_status":"closed","ping_status":"closed","template":"","meta":{"footnotes":""},"class_list":["post-1659","page","type-page","status-publish","hentry"],"_links":{"self":[{"href":"https:\/\/payitforward.edu.vn\/wordpress\/wp-json\/wp\/v2\/pages\/1659","targetHints":{"allow":["GET"]}}],"collection":[{"href":"https:\/\/payitforward.edu.vn\/wordpress\/wp-json\/wp\/v2\/pages"}],"about":[{"href":"https:\/\/payitforward.edu.vn\/wordpress\/wp-json\/wp\/v2\/types\/page"}],"author":[{"embeddable":true,"href":"https:\/\/payitforward.edu.vn\/wordpress\/wp-json\/wp\/v2\/users\/1"}],"replies":[{"embeddable":true,"href":"https:\/\/payitforward.edu.vn\/wordpress\/wp-json\/wp\/v2\/comments?post=1659"}],"version-history":[{"count":36,"href":"https:\/\/payitforward.edu.vn\/wordpress\/wp-json\/wp\/v2\/pages\/1659\/revisions"}],"predecessor-version":[{"id":2555,"href":"https:\/\/payitforward.edu.vn\/wordpress\/wp-json\/wp\/v2\/pages\/1659\/revisions\/2555"}],"wp:attachment":[{"href":"https:\/\/payitforward.edu.vn\/wordpress\/wp-json\/wp\/v2\/media?parent=1659"}],"curies":[{"name":"wp","href":"https:\/\/api.w.org\/{rel}","templated":true}]}}