{"id":1678,"date":"2014-02-07T17:01:41","date_gmt":"2014-02-07T10:01:41","guid":{"rendered":"http:\/\/www.payitforward.edu.vn\/wordpress\/?page_id=1678"},"modified":"2017-07-31T02:54:21","modified_gmt":"2017-07-30T19:54:21","slug":"about-pif","status":"publish","type":"page","link":"https:\/\/payitforward.edu.vn\/wordpress\/about-pif\/","title":{"rendered":"About PIF"},"content":{"rendered":"<p>Xu\u1ea5t ph\u00e1t t\u1eeb \u00fd t\u01b0\u1edfng c\u1ee7a c\u00e1c sinh vi\u00ean kho\u00e1 2007 khoa \u0110i\u1ec7n &#8211; \u0110i\u1ec7n T\u1eed v\u00e0 \u0111\u01b0\u1ee3c s\u1ef1 \u1ee7ng h\u1ed9 h\u1ebft m\u00ecnh c\u1ee7a c\u00e1c th\u1ea7y c\u00f4 v\u00e0 anh ch\u1ecb c\u1ef1u sinh vi\u00ean, ng\u00e0y <strong>22\/12\/2009<\/strong> \u0110\u1ec1 \u00e1n th\u00e0nh l\u1eadp C\u00e2u l\u1ea1c b\u1ed9 Nghi\u00ean C\u1ee9u Khoa H\u1ecdc Khoa \u0110i\u1ec7n &#8211; \u0110i\u1ec7n t\u1eed \u0111\u01b0\u1ee3c Ban ch\u1ee7 nhi\u1ec7m Khoa v\u00e0 ph\u00f2ng C\u00f4ng T\u00e1c Ch\u00ednh Tr\u1ecb &#8211; Sinh Vi\u00ean duy\u1ec7t, \u0111\u00e1nh d\u1ea5u s\u1ef1 ra \u0111\u1eddi c\u1ee7a C\u00e2u l\u1ea1c b\u1ed9.<\/p>\n<p>C\u00e2u l\u1ea1c b\u1ed9 \u0111\u01b0\u1ee3c th\u00e0nh l\u1eadp nh\u1eb1m m\u1ee5c \u0111\u00edch chia s\u1ebb ki\u1ebfn th\u1ee9c gi\u1eefa nh\u1eefng-ng\u01b0\u1eddi-\u0111i-tr\u01b0\u1edbc v\u00e0 nh\u1eefng-ng\u01b0\u1eddi-\u0111i-sau. Nh\u1eefng-ng\u01b0\u1eddi-\u0111i-tr\u01b0\u1edbc c\u00f3 th\u1ec3 l\u00e0 th\u1ea7y c\u00f4, c\u1ef1u sinh vi\u00ean v\u00e0 c\u00e1c sinh vi\u00ean kho\u00e1 tr\u00ean, ho\u1eb7c b\u1ea1n b\u00e8 c\u00f9ng kho\u00e1 nh\u01b0ng \u0111\u00e3 bi\u1ebft tr\u01b0\u1edbc m\u1ed9t m\u1ea3ng ki\u1ebfn th\u1ee9c v\u00e0 k\u0129 n\u0103ng n\u00e0o \u0111\u00f3, h\u1ecd s\u1ebd gi\u00fap \u0111\u1ee1 nh\u1eefng ng\u01b0\u1eddi ch\u01b0a bi\u1ebft c\u00f9ng h\u1ecdc t\u1eadp.<\/p>\n<p>R\u1ed3i c\u1ee9 th\u1ebf, nh\u1eefng-ng\u01b0\u1eddi-\u0111i-sau n\u00e0y s\u1ebd l\u1ea1i tr\u1edf th\u00e0nh m\u1ed9t l\u1edbp-ng\u01b0\u1eddi-\u0111i-tr\u01b0\u1edbc \u0111\u1ed1i v\u1edbi m\u1ed9t kho\u00e1 sinh vi\u00ean m\u1edbi, v\u00e0 c\u00f4ng vi\u1ec7c truy\u1ec1n l\u1ea1i ki\u1ebfn th\u1ee9c s\u1ebd \u0111\u01b0\u1ee3c ti\u1ebfp t\u1ee5c.<\/p>\n<p>Nh\u01b0 th\u1ebf ng\u1ecdn l\u1eeda s\u1ebd \u0111\u01b0\u1ee3c truy\u1ec1n \u0111i.<\/p>\n<blockquote><p>M\u1ed9t qu\u1ea3 t\u00e1o s\u1ebb l\u00e0m \u0111\u00f4i ch\u1ec9 c\u00f2n m\u1ed9t n\u1eeda, th\u1ebf nh\u01b0ng m\u1ed9t c\u00e2u chuy\u1ec7n \u0111\u01b0\u1ee3c k\u1ec3 hai l\u1ea7n s\u1ebd \u0111\u01b0\u1ee3c nh\u00e2n \u0111\u00f4i, m\u1ed9t ki\u1ebfn th\u1ee9c \u0111\u01b0\u1ee3c s\u1ebb chia s\u1ebd \u0111\u01b0\u1ee3c nh\u00e2n r\u1ed9ng g\u1ea5p nhi\u1ec1u l\u1ea7n.<br \/>\nV\u00e0 s\u1ef1 \u0111\u00e1p \u0111\u1ec1n x\u1ee9ng \u0111\u00e1ng nh\u1ea5t \u0111\u1ed1i v\u1edbi nh\u1eefng ng\u01b0\u1eddi \u0111\u00e3 gi\u00fap \u0111\u1ee1 m\u00ecnh ch\u00ednh l\u00e0 l\u00e0m sao c\u00f3 th\u1ec3 gi\u00fap th\u00eam nhi\u1ec1u ng\u01b0\u1eddi kh\u00e1c.<br \/>\n\u201c<strong><em>Pay it forward<\/em><\/strong>\u201d l\u00e0 c\u00e1ch m\u00e0 CLB ho\u1ea1t \u0111\u1ed9ng.<\/p><\/blockquote>\n<h4>PAY IT FORWARD hi\u0300nh tha\u0300nh d\u01b0\u0323a tr\u00ean nhu c\u00e2\u0300u th\u01b0\u0323c t\u00ea\u0301 na\u0300o?<\/h4>\n<p>Th\u01b0\u0301 nh\u00e2\u0301t, sinh vi\u00ean Khoa \u0110i\u00ea\u0323n &#8211; \u0110i\u00ea\u0323n t\u01b0\u0309 co\u0301 truy\u00ea\u0300n th\u00f4\u0301ng n\u0103ng \u0111\u00f4\u0323ng, \u0111am m\u00ea nghi\u00ean c\u01b0\u0301u va\u0300 sa\u0301ng ta\u0323o. Tuy nhi\u00ean, ca\u0301c \u0111\u00ea\u0300 ta\u0300i nghi\u00ean c\u01b0\u0301u cu\u0309a ca\u0301c khoa\u0301 sinh vi\u00ean ch\u01b0a co\u0301 s\u01b0\u0323 ti\u00ea\u0301p n\u00f4\u0301i va\u0300 k\u00ea\u0301 th\u01b0\u0300a, ca\u0309 v\u00ea\u0300 m\u00f4 hi\u0300nh va\u0300 ca\u0301c ky\u0303 n\u0103ng, kinh nghi\u00ea\u0323m khi ti\u00ea\u0301n ha\u0300nh \u0111\u00ea\u0300 ta\u0300i. Th\u01b0\u0323c t\u00ea\u0301, \u0111\u00ea\u0309 co\u0301 \u0111\u01b0\u01a1\u0323c sa\u0309n ph\u00e2\u0309m t\u01b0\u01a1ng \u0111\u00f4\u0301i hoa\u0300n chi\u0309nh, c\u00e2\u0300n pha\u0309i \u0111\u00e2\u0300u t\u01b0 nhi\u00ea\u0300u th\u01a1\u0300i gian, kinh phi\u0301, ki\u0303 n\u0103ng va\u0300 kinh nghi\u00ea\u0323m. CLB \u0111\u01b0\u1ee3c h\u00ecnh th\u00e0nh v\u01a1\u0301i mong mu\u00f4\u0301n co\u0301 m\u00f4\u0323t n\u01a1i la\u0300 c\u00e2\u0300u n\u00f4\u0301i gi\u01b0\u0303a sinh vi\u00ean ca\u0301c khoa\u0301, v\u01b0\u0300a la\u0300 n\u01a1i trao \u0111\u00f4\u0309i kinh nghi\u00ea\u0323m, v\u01b0\u0300a la\u0300 n\u01a1i chia se\u0309 ca\u0301c y\u0301 t\u01b0\u01a1\u0309ng va\u0300 t\u00e2m huy\u00ea\u0301t cu\u0309a ca\u0301c khoa\u0301 sinh vi\u00ean.<\/p>\n<p>Th\u01b0\u0301 hai, kh\u01a1\u0309i \u0111\u00e2\u0300u lu\u00f4n kho\u0301 kh\u0103n, \u0111\u00ea\u0309 co\u0301 th\u00ea\u0309 hi\u00ea\u0323n th\u01b0\u0323c hoa\u0301 y\u0301 t\u01b0\u01a1\u0309ng tha\u0300nh sa\u0309n ph\u00e2\u0309m, \u0111o\u0300i ho\u0309i c\u00e2\u0300n co\u0301 m\u00f4\u0323t qua\u0301 tri\u0300nh l\u00e2u da\u0300i, m\u00f4\u0323t s\u00f4\u0301 ky\u0303 n\u0103ng va\u0300 ki\u00ea\u0301n th\u01b0\u0301c ban \u0111\u00e2\u0300u nh\u00e2\u0301t \u0111i\u0323nh. \u0110a\u0303 t\u01b0\u0300ng tra\u0309i qua giai \u0111oa\u0323n co\u0301 nh\u01b0\u0303ng \u201cth\u0103\u0301c m\u0103\u0301c qua\u0301 \u0111\u01a1n gia\u0309n nh\u01b0ng kh\u00f4ng bi\u00ea\u0301t ho\u0309i ai\u201d, nh\u01b0\u0303ng anh chi\u0323 c\u01b0\u0323u sinh vi\u00ean la\u0300 nh\u01b0\u0303ng ng\u01b0\u01a1\u0300i hi\u00ea\u0309u ro\u0303 nh\u01b0\u0303ng ng\u01b0\u01a1\u0300i m\u01a1\u0301i b\u0103\u0301t \u0111\u00e2\u0300u c\u00e2\u0300n gi\u0300. Th\u00e2\u0300y c\u00f4 la\u0300 nh\u01b0\u0303ng ng\u01b0\u01a1\u0300i \u0111i\u0323nh h\u01b0\u01a1\u0301ng nh\u01b0\u0303ng ki\u00ea\u0301n th\u01b0\u0301c chuy\u00ean s\u00e2u. Nh\u01b0\u0303ng ky\u0303 n\u0103ng chuy\u00ean nga\u0300nh c\u01a1 ba\u0309n c\u00e2\u0300n \u0111\u01b0\u01a1\u0323c sinh vi\u00ean t\u01b0\u0323 h\u01b0\u01a1\u0301ng d\u00e2\u0303n cho nhau, ta\u0323o n\u00ean tinh th\u00e2\u0300n chia se\u0309, g\u0103\u0301n bo\u0301 trong ho\u0323c t\u00e2\u0323p va\u0300 nghi\u00ean c\u01b0\u0301u.<\/p>\n<p>Th\u01b0\u0301 ba, sinh vi\u00ean th\u01b0\u01a1\u0300ng thi\u00ea\u0301u th\u00f4ng tin, lu\u00f4n kha\u0301t khao \u0111\u01b0\u01a1\u0323c ti\u00ea\u0301p c\u00e2\u0323n v\u01a1\u0301i th\u01b0\u0323c t\u00ea\u0301 xa\u0303 h\u00f4\u0323i. Sinh vi\u00ean c\u00e2\u0300n \u0111\u01b0\u01a1\u0323c x\u00e2y d\u01b0\u0323ng m\u00f4\u0323t ng\u00e2n ha\u0300ng \u0111\u00ea\u0300 ta\u0300i, \u0111\u01b0\u01a1\u0323c h\u00f4\u0303 tr\u01a1\u0323 v\u00ea\u0300 m\u0103\u0323t y\u0301 t\u01b0\u01a1\u0309ng \u0111\u00ea\u0309 co\u0301 nh\u01b0\u0303ng \u0111\u00ea\u0300 ta\u0300i ti\u00ea\u0301p c\u00e2\u0323n sa\u0301t v\u01a1\u0301i th\u01b0\u0323c ti\u00ea\u0303n.<\/p>\n<h4>Tha\u0300nh vi\u00ean PAY IT FORWARD g\u00f4\u0300m nh\u01b0\u0303ng ai?<\/h4>\n<p>PAY IT FORWARD hoa\u0323t \u0111\u00f4\u0323ng tr\u00ean tinh th\u00e2\u0300n t\u01b0\u0323 nguy\u00ea\u0323n, chia se\u0309 va\u0300 ham ho\u0323c ho\u0309i. T\u00e2\u0301t ca\u0309 nh\u01b0\u0303ng ai \u0111am m\u00ea sa\u0301ng ta\u0323o, nghi\u00ean c\u01b0\u0301u khoa ho\u0323c \u0111\u00ea\u0300u co\u0301 th\u00ea\u0309 tham gia va\u0300 cu\u0300ng mang tinh th\u00e2\u0300n PAY IT FORWARD.<\/p>\n<p>PAY IT FORWARD l\u00e0 c\u1ed9ng \u0111\u1ed3ng <em>sinh vi\u00ean &#8211; gi\u1ea3ng vi\u00ean &#8211; c\u1ef1u sinh vi\u00ean &#8211; doanh nghi\u1ec7p<\/em>\u00a0trong l\u0129nh v\u1ef1c k\u1ef9 thu\u1eadt \u0111i\u1ec7n &#8211; \u0111i\u1ec7n t\u1eed, c\u00f9ng m\u1ed9t t\u1ea5m l\u00f2ng v\u00e0 chung tay ph\u00e1t tri\u1ec3n &#8220;c\u1ee7a-\u0111\u1ec3-d\u00e0nh&#8221; cho \u0111\u00e0n em v\u00e0 c\u00e1c th\u1ebf h\u1ec7 mai sau.<\/p>\n<h4>&#8220;Tr\u1ee5 s\u1edf&#8221; PAY IT FORWARD<\/h4>\n<p>PAY IT FORWARD tr\u1ef1c thu\u1ed9c khoa \u0110i\u1ec7n &#8211; \u0110i\u1ec7n t\u1eed, \u0110H B\u00e1ch Khoa &#8211; \u0110HQG Tp. H\u1ed3 Ch\u00ed Minh, nh\u00e0 B1, 268 L\u00fd Th\u01b0\u1eddng Ki\u1ec7t, P. 14, Q. 10, Tp. H\u1ed3 Ch\u00ed Minh.<\/p>\n<p>V\u0103n ph\u00f2ng C\u01a1 s\u1edf 2: Ph\u00f2ng 510 &#8211; H6, \u0110H B\u00e1ch Khoa &#8211; CS 2, P. Linh Trung, Q. Th\u1ee7 \u0110\u1ee9c, TP. H\u1ed3 Ch\u00ed Minh.<\/p>\n<h4>Nh\u1eadn d\u1ea1ng PAY IT FORWARD<\/h4>\n<p>Pay It Forward Club (PIF) c\u00f3 th\u1ec3 \u0111\u01b0\u1ee3c nh\u1eadn bi\u1ebft qua c\u00e1c h\u00ecnh \u1ea3nh sau:<\/p>\n<p style=\"text-align: center;\"><img decoding=\"async\" class=\" aligncenter\" src=\"https:\/\/s-media-cache-ak0.pinimg.com\/originals\/0c\/19\/57\/0c195717e2e63fa0c3d346dec74c41f2.png\" alt=\"Pay It Forward Logo\" \/><\/p>\n<h4>Li\u00ean h\u1ec7 PAY IT FORWARD<\/h4>\n<p><strong>Email:<\/strong><\/p>\n<ul>\n<li>PIF.forum@gmail.com<\/li>\n<li>admin@payitforward.edu.vn<\/li>\n<\/ul>\n<p><b>\u0110i\u1ec7n tho\u1ea1i:<\/b><br \/>\n(028) 6278-1199<\/p>\n<p><strong>\u0110\u1ecba ch\u1ec9:<\/strong><br \/>\nC\u00e2u l\u1ea1c b\u1ed9 Nghi\u00ean C\u1ee9u Khoa H\u1ecdc Khoa \u0110i\u1ec7n &#8211; \u0110i\u1ec7n t\u1eed, Ph\u00f2ng 304B1, \u0110\u1ea1i h\u1ecdc B\u00e1ch Khoa Tp. H\u1ed3 Ch\u00ed Minh<br \/>\n268 L\u00fd Th\u01b0\u1eddng Ki\u1ec7t, Ph\u01b0\u1eddng 14, Qu\u1eadn 10, TP. H\u1ed3 Ch\u00ed Minh.<\/p>\n","protected":false},"excerpt":{"rendered":"<p>Xu\u1ea5t ph\u00e1t t\u1eeb \u00fd t\u01b0\u1edfng c\u1ee7a c\u00e1c sinh vi\u00ean kho\u00e1 2007 khoa \u0110i\u1ec7n &#8211; \u0110i\u1ec7n T\u1eed v\u00e0 \u0111\u01b0\u1ee3c s\u1ef1 \u1ee7ng h\u1ed9 h\u1ebft m\u00ecnh c\u1ee7a c\u00e1c th\u1ea7y c\u00f4 v\u00e0 anh ch\u1ecb c\u1ef1u sinh vi\u00ean, ng\u00e0y 22\/12\/2009 \u0110\u1ec1 \u00e1n th\u00e0nh l\u1eadp C\u00e2u l\u1ea1c b\u1ed9 Nghi\u00ean C\u1ee9u Khoa H\u1ecdc Khoa \u0110i\u1ec7n &#8211; \u0110i\u1ec7n t\u1eed \u0111\u01b0\u1ee3c Ban ch\u1ee7 nhi\u1ec7m Khoa v\u00e0 ph\u00f2ng C\u00f4ng T\u00e1c Ch\u00ednh Tr\u1ecb &#8211; Sinh Vi\u00ean duy\u1ec7t, \u0111\u00e1nh d\u1ea5u s\u1ef1 ra \u0111\u1eddi c\u1ee7a C\u00e2u l\u1ea1c b\u1ed9. C\u00e2u l\u1ea1c b\u1ed9 \u0111\u01b0\u1ee3c th\u00e0nh l\u1eadp nh\u1eb1m m\u1ee5c \u0111\u00edch chia s\u1ebb ki\u1ebfn th\u1ee9c gi\u1eefa nh\u1eefng-ng\u01b0\u1eddi-\u0111i-tr\u01b0\u1edbc v\u00e0 nh\u1eefng-ng\u01b0\u1eddi-\u0111i-sau. Nh\u1eefng-ng\u01b0\u1eddi-\u0111i-tr\u01b0\u1edbc c\u00f3 th\u1ec3 l\u00e0 th\u1ea7y c\u00f4, c\u1ef1u sinh \u2026<\/p>\n<p class=\"continue-reading-button\"> <a class=\"continue-reading-link\" href=\"https:\/\/payitforward.edu.vn\/wordpress\/about-pif\/\">Continue reading<i class=\"crycon-right-dir\"><\/i><\/a><\/p>\n","protected":false},"author":1,"featured_media":0,"parent":0,"menu_order":8,"comment_status":"closed","ping_status":"closed","template":"","meta":{"footnotes":""},"class_list":["post-1678","page","type-page","status-publish","hentry"],"_links":{"self":[{"href":"https:\/\/payitforward.edu.vn\/wordpress\/wp-json\/wp\/v2\/pages\/1678","targetHints":{"allow":["GET"]}}],"collection":[{"href":"https:\/\/payitforward.edu.vn\/wordpress\/wp-json\/wp\/v2\/pages"}],"about":[{"href":"https:\/\/payitforward.edu.vn\/wordpress\/wp-json\/wp\/v2\/types\/page"}],"author":[{"embeddable":true,"href":"https:\/\/payitforward.edu.vn\/wordpress\/wp-json\/wp\/v2\/users\/1"}],"replies":[{"embeddable":true,"href":"https:\/\/payitforward.edu.vn\/wordpress\/wp-json\/wp\/v2\/comments?post=1678"}],"version-history":[{"count":15,"href":"https:\/\/payitforward.edu.vn\/wordpress\/wp-json\/wp\/v2\/pages\/1678\/revisions"}],"predecessor-version":[{"id":2556,"href":"https:\/\/payitforward.edu.vn\/wordpress\/wp-json\/wp\/v2\/pages\/1678\/revisions\/2556"}],"wp:attachment":[{"href":"https:\/\/payitforward.edu.vn\/wordpress\/wp-json\/wp\/v2\/media?parent=1678"}],"curies":[{"name":"wp","href":"https:\/\/api.w.org\/{rel}","templated":true}]}}