{"id":1691,"date":"2014-02-08T13:26:48","date_gmt":"2014-02-08T06:26:48","guid":{"rendered":"http:\/\/www.payitforward.edu.vn\/wordpress\/?page_id=1691"},"modified":"2016-10-04T22:26:02","modified_gmt":"2016-10-04T15:26:02","slug":"lap-trinh-csharp-va-ung-dung-voi-vi-dieu-khien","status":"publish","type":"page","link":"https:\/\/payitforward.edu.vn\/wordpress\/tutorials\/lap-trinh-csharp-va-ung-dung-voi-vi-dieu-khien\/","title":{"rendered":"L\u1eadp tr\u00ecnh C# v\u00e0 \u1ee9ng d\u1ee5ng v\u1edbi Vi \u0110i\u1ec1u Khi\u1ec3n"},"content":{"rendered":"<blockquote><p>Ch\u00fang t\u00f4i th\u1ef1c hi\u1ec7n nh\u1eefng tutorials n\u00e0y kh\u00f4ng nh\u1eb1m v\u00e0o m\u1ee5c \u0111\u00edch n\u00e0o mang t\u00ednh th\u01b0\u01a1ng m\u1ea1i, m\u00e0 ch\u1ec9 mong n\u00f3 c\u00f3 th\u1ec3 gi\u00fap \u0111\u1ee1 b\u1ea1n, nh\u1eefng ng\u01b0\u1eddi m\u1edbi b\u1eaft \u0111\u1ea7u. Ch\u00fang t\u00f4i kh\u00f4ng ph\u1ea3i l\u00e0 nh\u1eefng ng\u01b0\u1eddi c\u00f3 nhi\u1ec1u ki\u1ebfn th\u1ee9c v\u00e0 kinh nghi\u1ec7m. Nh\u01b0ng ch\u00fang t\u00f4i \u0111\u00e3 t\u1eebng l\u00e0 ng\u01b0\u1eddi m\u1edbi h\u1ecdc v\u00e0 hi\u1ec3u \u0111\u01b0\u1ee3c b\u1ea1n g\u1eb7p ph\u1ea3i nh\u1eefng kh\u00f3 kh\u0103n g\u00ec. H\u00e3y ki\u00ean nh\u1eabn t\u1eeb nh\u1eefng b\u01b0\u1edbc \u0111i \u0111\u1ea7u ti\u00ean.<\/p>\n<p>Ch\u00fang t\u00f4i kh\u00f4ng \u0111\u1ec1 t\u00ean t\u00e1c gi\u1ea3. Ai l\u00e0m ra n\u00f3 kh\u00f4ng quan tr\u1ecdng. Quan tr\u1ecdng ch\u00ednh l\u00e0 ng\u01b0\u1eddi \u0111ang s\u1eed d\u1ee5ng n\u00f3 v\u00e0 c\u00e1ch m\u00e0 n\u00f3 \u0111\u01b0\u1ee3c d\u00f9ng. B\u1ea1n c\u00f3 th\u1ec3 ch\u1ec9nh s\u1eeda, th\u00eam b\u1edbt, l\u00e0m cho n\u00f3 ho\u00e0n thi\u1ec7n h\u01a1n, r\u1ed3i g\u1eedi n\u00f3 \u0111\u1ebfn nh\u1eefng ng\u01b0\u1eddi \u0111ang c\u1ea7n.<\/p>\n<p>Pay it forward \u2026<\/p><\/blockquote>\n<p>Giao ti\u1ebfp v\u1edbi m\u00e1y t\u00ednh l\u00e0 1 ph\u1ea7n kh\u00f4ng th\u1ec3 thi\u1ebfu trong c\u00e1c h\u1ec7 th\u1ed1ng \u0111i\u1ec1u khi\u1ec3n ng\u00e0y nay. Ch\u00fang ta c\u00f3 th\u1ec3 x\u00e2y d\u1ef1ng Giao di\u1ec7n \u0111\u1ed3 ho\u1ea1 ng\u01b0\u1eddi d\u00f9ng &#8211; GUI (Graphic User Interface) b\u1eb1ng nhi\u1ec1u lo\u1ea1i ng\u00f4n ng\u1eef kh\u00e1c nhau nh\u01b0 C++, VB , C# &#8230; (Matlab c\u0169ng c\u00f3 th\u1ec3 x\u00e2y d\u1ef1ng \u0111\u01b0\u1ee3c GUI). Ng\u00f4n ng\u1eef \u0111\u01b0\u1ee3c xem l\u00e0 &#8220;m\u1ea1nh&#8221; nh\u1ea5t, c\u00f3 nhi\u1ec1u th\u01b0 vi\u1ec7n h\u1ed7 tr\u1ee3 nh\u1ea5t hi\u1ec7n nay l\u00e0 C#.Net. Ch\u00ednh v\u00ec th\u1ebf, tutorials sau \u0111\u00e2y s\u1ebd gi\u00fap c\u00e1c b\u1ea1n ti\u1ebfp c\u1eadn v\u1edbi C# d\u1ec5 d\u00e0ng h\u01a1n.<\/p>\n<h4>I. C# c\u01a1 b\u1ea3n &#8211; H\u01b0\u1edbng d\u1eabn t\u1ea1o giao di\u1ec7n \u0111\u1ed3 ho\u1ea1 ng\u01b0\u1eddi d\u00f9ng (GUI):<\/h4>\n<p>Giao ti\u1ebfp M\u00e1y t\u00ednh v\u1edbi ngo\u1ea1i vi (Vi \u0111i\u1ec1u khi\u1ec3n) qua c\u1ed5ng COM, thu th\u1eadp d\u1eef li\u1ec7u, v\u1ebd \u0111\u1ed3 th\u1ecb, l\u01b0u tr\u1eef d\u1eef li\u1ec7u trong file text,&#8230;<br \/>\nB\u00e0i h\u1ecdc C# c\u01a1 b\u1ea3n g\u1ed3m c\u00e1c n\u1ed9i dung nh\u01b0 sau:<\/p>\n<p><b><i>Ph\u1ea7n 1:<\/i><\/b><br \/>\n<a href=\"http:\/\/www.payitforward.edu.vn\/wordpress\/tutorials\/lap-trinh-csharp-va-ung-dung-voi-vi-dieu-khien\/csharp-co-ban-phan-1\/\">&#8211; B\u00e0i 1: T\u00ecm Hi\u1ec3u Giao Di\u1ec7n<\/a><br \/>\n<a href=\"http:\/\/www.payitforward.edu.vn\/wordpress\/tutorials\/lap-trinh-csharp-va-ung-dung-voi-vi-dieu-khien\/csharp-co-ban-phan-1\/\"> &#8211; B\u00e0i 2: T\u1ea1o Project Window Form<\/a><br \/>\n<a href=\"http:\/\/www.payitforward.edu.vn\/wordpress\/tutorials\/lap-trinh-csharp-va-ung-dung-voi-vi-dieu-khien\/csharp-co-ban-phan-1\/\"> &#8211; B\u00e0i 3: C\u00e1c l\u1ec7nh c\u01a1 b\u1ea3n<\/a><br \/>\n<a href=\"http:\/\/www.payitforward.edu.vn\/wordpress\/tutorials\/lap-trinh-csharp-va-ung-dung-voi-vi-dieu-khien\/csharp-co-ban-phan-1\/\"> &#8211; B\u00e0i 4: Xu\u1ea5t\/Nh\u1eadp D\u1eef Li\u1ec7u Ra File Text<\/a><br \/>\n<a href=\"http:\/\/www.payitforward.edu.vn\/wordpress\/tutorials\/lap-trinh-csharp-va-ung-dung-voi-vi-dieu-khien\/csharp-co-ban-phan-1\/\"> &#8211; B\u00e0i 5: &#8220;\u0110\u00f3ng G\u00f3i S\u1ea3n Ph\u1ea9m&#8221;<\/a><\/p>\n<p><b><i>Ph\u1ea7n 2:<\/i><\/b><br \/>\n<a href=\"http:\/\/www.payitforward.edu.vn\/wordpress\/tutorials\/lap-trinh-csharp-va-ung-dung-voi-vi-dieu-khien\/c-co-ban-phan-2\/\">&#8211; B\u00e0i 6: \u0110\u00f3ng M\u1edf C\u1ed5ng Com<\/a><br \/>\n<a href=\"http:\/\/www.payitforward.edu.vn\/wordpress\/tutorials\/lap-trinh-csharp-va-ung-dung-voi-vi-dieu-khien\/c-co-ban-phan-2\/\"> &#8211; B\u00e0i 7: Autodetect Com<\/a><br \/>\n<a href=\"http:\/\/www.payitforward.edu.vn\/wordpress\/tutorials\/lap-trinh-csharp-va-ung-dung-voi-vi-dieu-khien\/c-co-ban-phan-2\/\"> &#8211; B\u00e0i 8: Read\/Write Data<\/a><\/p>\n<p><b><i>Ph\u1ea7n 3:<\/i><\/b><br \/>\n<a href=\"http:\/\/www.payitforward.edu.vn\/wordpress\/tutorials\/lap-trinh-csharp-va-ung-dung-voi-vi-dieu-khien\/csharp-co-ban-phan-3\/\">&#8211; B\u00e0i 9 : Demo ZedGraph (V\u1ebd \u0110\u1ed3 Th\u1ecb)<\/a><br \/>\n<a href=\"http:\/\/www.payitforward.edu.vn\/wordpress\/tutorials\/lap-trinh-csharp-va-ung-dung-voi-vi-dieu-khien\/csharp-co-ban-phan-3\/\"> &#8211; B\u00e0i 10: Add Th\u01b0 Vi\u1ec7n Dll<\/a><br \/>\n<a href=\"http:\/\/www.payitforward.edu.vn\/wordpress\/tutorials\/lap-trinh-csharp-va-ung-dung-voi-vi-dieu-khien\/csharp-co-ban-phan-3\/\"> &#8211; B\u00e0i 11: Code V\u1ebd \u0110\u1ed3 Th\u1ecb<\/a><\/p>\n<h4>II. C\u00e1c \u1ee9ng d\u1ee5ng n\u00e2ng cao v\u1edbi C#:<\/h4>\n<p>TCP Sever, TCP Client, Web Service Local, Web Service Remote, AutoCAD.<\/p>\n<p><b><i>Ph\u1ea7n 4:<\/i><\/b><br \/>\n<a href=\"http:\/\/www.payitforward.edu.vn\/wordpress\/tutorials\/lap-trinh-csharp-va-ung-dung-voi-vi-dieu-khien\/csharp-nang-cao-phan-4\/\">&#8211; B\u00e0i 12: TCP Server<\/a><br \/>\n<a href=\"http:\/\/www.payitforward.edu.vn\/wordpress\/tutorials\/lap-trinh-csharp-va-ung-dung-voi-vi-dieu-khien\/csharp-nang-cao-phan-4\/\"> &#8211; B\u00e0i 13: TCP Client<\/a><\/p>\n<p><b><i>Ph\u1ea7n 5:<\/i><\/b><br \/>\n<a href=\"http:\/\/www.payitforward.edu.vn\/wordpress\/tutorials\/lap-trinh-csharp-va-ung-dung-voi-vi-dieu-khien\/csharp-nang-cao-phan-5\/\">&#8211; B\u00e0i 14: C\u00e0i \u0111\u1eb7t IIS tr\u00ean Window7<\/a><br \/>\n<a href=\"http:\/\/www.payitforward.edu.vn\/wordpress\/tutorials\/lap-trinh-csharp-va-ung-dung-voi-vi-dieu-khien\/csharp-nang-cao-phan-5\/\"> &#8211; B\u00e0i 15: Web Service Local<\/a><br \/>\n<a href=\"http:\/\/www.payitforward.edu.vn\/wordpress\/tutorials\/lap-trinh-csharp-va-ung-dung-voi-vi-dieu-khien\/csharp-nang-cao-phan-5\/\"> &#8211; B\u00e0i 16: Web Service Remote<\/a><\/p>\n<p><b><i>Ph\u1ea7n 6:<\/i><\/b><br \/>\n<a href=\"http:\/\/www.payitforward.edu.vn\/wordpress\/tutorials\/lap-trinh-csharp-va-ung-dung-voi-vi-dieu-khien\/csharp-nang-cao-phan-6\/\">&#8211; B\u00e0i 17: Demo Command AutoCAD<\/a><br \/>\n<a href=\"http:\/\/www.payitforward.edu.vn\/wordpress\/tutorials\/lap-trinh-csharp-va-ung-dung-voi-vi-dieu-khien\/csharp-nang-cao-phan-6\/\"> &#8211; B\u00e0i 18: T\u1ea1o File Dll Cho AutoCAD<\/a><\/p>\n<p>Trao \u0111\u1ed5i, th\u1ea3o lu\u1eadn, chia s\u1ebb project C# t\u1ea1i <a title=\"Forum h\u1ecdc C#\" href=\"http:\/\/www.payitforward.edu.vn\/forum\/forums\/75\/\">forum h\u1ecdc C# tr\u00ean di\u1ec5n \u0111\u00e0n Pay It Forward<\/a>.<\/p>\n","protected":false},"excerpt":{"rendered":"<p>Ch\u00fang t\u00f4i th\u1ef1c hi\u1ec7n nh\u1eefng tutorials n\u00e0y kh\u00f4ng nh\u1eb1m v\u00e0o m\u1ee5c \u0111\u00edch n\u00e0o mang t\u00ednh th\u01b0\u01a1ng m\u1ea1i, m\u00e0 ch\u1ec9 mong n\u00f3 c\u00f3 th\u1ec3 gi\u00fap \u0111\u1ee1 b\u1ea1n, nh\u1eefng ng\u01b0\u1eddi m\u1edbi b\u1eaft \u0111\u1ea7u. Ch\u00fang t\u00f4i kh\u00f4ng ph\u1ea3i l\u00e0 nh\u1eefng ng\u01b0\u1eddi c\u00f3 nhi\u1ec1u ki\u1ebfn th\u1ee9c v\u00e0 kinh nghi\u1ec7m. Nh\u01b0ng ch\u00fang t\u00f4i \u0111\u00e3 t\u1eebng l\u00e0 ng\u01b0\u1eddi m\u1edbi h\u1ecdc v\u00e0 hi\u1ec3u \u0111\u01b0\u1ee3c b\u1ea1n g\u1eb7p ph\u1ea3i nh\u1eefng kh\u00f3 kh\u0103n g\u00ec. H\u00e3y ki\u00ean nh\u1eabn t\u1eeb nh\u1eefng b\u01b0\u1edbc \u0111i \u0111\u1ea7u ti\u00ean. Ch\u00fang t\u00f4i kh\u00f4ng \u0111\u1ec1 t\u00ean t\u00e1c gi\u1ea3. Ai l\u00e0m ra n\u00f3 kh\u00f4ng quan tr\u1ecdng. Quan tr\u1ecdng ch\u00ednh l\u00e0 ng\u01b0\u1eddi \u0111ang s\u1eed d\u1ee5ng n\u00f3 v\u00e0 c\u00e1ch m\u00e0 n\u00f3 \u2026<\/p>\n<p class=\"continue-reading-button\"> <a class=\"continue-reading-link\" href=\"https:\/\/payitforward.edu.vn\/wordpress\/tutorials\/lap-trinh-csharp-va-ung-dung-voi-vi-dieu-khien\/\">Continue reading<i class=\"crycon-right-dir\"><\/i><\/a><\/p>\n","protected":false},"author":1,"featured_media":0,"parent":72,"menu_order":11,"comment_status":"closed","ping_status":"closed","template":"","meta":{"footnotes":""},"class_list":["post-1691","page","type-page","status-publish","hentry"],"_links":{"self":[{"href":"https:\/\/payitforward.edu.vn\/wordpress\/wp-json\/wp\/v2\/pages\/1691","targetHints":{"allow":["GET"]}}],"collection":[{"href":"https:\/\/payitforward.edu.vn\/wordpress\/wp-json\/wp\/v2\/pages"}],"about":[{"href":"https:\/\/payitforward.edu.vn\/wordpress\/wp-json\/wp\/v2\/types\/page"}],"author":[{"embeddable":true,"href":"https:\/\/payitforward.edu.vn\/wordpress\/wp-json\/wp\/v2\/users\/1"}],"replies":[{"embeddable":true,"href":"https:\/\/payitforward.edu.vn\/wordpress\/wp-json\/wp\/v2\/comments?post=1691"}],"version-history":[{"count":8,"href":"https:\/\/payitforward.edu.vn\/wordpress\/wp-json\/wp\/v2\/pages\/1691\/revisions"}],"predecessor-version":[{"id":1727,"href":"https:\/\/payitforward.edu.vn\/wordpress\/wp-json\/wp\/v2\/pages\/1691\/revisions\/1727"}],"up":[{"embeddable":true,"href":"https:\/\/payitforward.edu.vn\/wordpress\/wp-json\/wp\/v2\/pages\/72"}],"wp:attachment":[{"href":"https:\/\/payitforward.edu.vn\/wordpress\/wp-json\/wp\/v2\/media?parent=1691"}],"curies":[{"name":"wp","href":"https:\/\/api.w.org\/{rel}","templated":true}]}}