{"id":1728,"date":"2014-02-08T14:55:43","date_gmt":"2014-02-08T07:55:43","guid":{"rendered":"http:\/\/www.payitforward.edu.vn\/wordpress\/?page_id=1728"},"modified":"2014-02-08T15:07:49","modified_gmt":"2014-02-08T08:07:49","slug":"pifers-stories","status":"publish","type":"page","link":"https:\/\/payitforward.edu.vn\/wordpress\/pifers-stories\/","title":{"rendered":"PIFers&#8217; Stories"},"content":{"rendered":"<p><head><br \/>\n<meta http-equiv=\"Content-Language\" content=\"en-us\"><br \/>\n<meta http-equiv=\"Content-Type\" content=\"text\/html; charset=utf-8\"><br \/>\n<meta http-equiv=\"Refresh\" Content=\"0; url=\/wordpress\/category\/stories\/\"><br \/>\n<title>Loading&#8230;<\/title><br \/>\n<\/head><br \/>\n<body><\/p>\n<div align=\"center\">\n<p align=\"center\"><font color=\"#008000\">N\u1ebfu tr\u00ecnh duy\u1ec7t kh\u00f4ng t\u1ef1 chuy\u1ec3n<\/font><br \/>\n\t\t\t<a href=\"\/wordpress\/category\/stories\/\">nh\u1ea5n v\u00e0o \u0111\u00e2y<\/a>\n\t\t\t<\/p>\n<\/div>\n<p><\/body><br \/>\n<\/html><\/p>\n","protected":false},"excerpt":{"rendered":"<p>Loading&#8230; N\u1ebfu tr\u00ecnh duy\u1ec7t kh\u00f4ng t\u1ef1 chuy\u1ec3n nh\u1ea5n v\u00e0o \u0111\u00e2y<\/p>\n<p class=\"continue-reading-button\"> <a class=\"continue-reading-link\" href=\"https:\/\/payitforward.edu.vn\/wordpress\/pifers-stories\/\">Continue reading<i class=\"crycon-right-dir\"><\/i><\/a><\/p>\n","protected":false},"author":1,"featured_media":0,"parent":0,"menu_order":9,"comment_status":"closed","ping_status":"closed","template":"","meta":{"footnotes":""},"class_list":["post-1728","page","type-page","status-publish","hentry"],"_links":{"self":[{"href":"https:\/\/payitforward.edu.vn\/wordpress\/wp-json\/wp\/v2\/pages\/1728","targetHints":{"allow":["GET"]}}],"collection":[{"href":"https:\/\/payitforward.edu.vn\/wordpress\/wp-json\/wp\/v2\/pages"}],"about":[{"href":"https:\/\/payitforward.edu.vn\/wordpress\/wp-json\/wp\/v2\/types\/page"}],"author":[{"embeddable":true,"href":"https:\/\/payitforward.edu.vn\/wordpress\/wp-json\/wp\/v2\/users\/1"}],"replies":[{"embeddable":true,"href":"https:\/\/payitforward.edu.vn\/wordpress\/wp-json\/wp\/v2\/comments?post=1728"}],"version-history":[{"count":3,"href":"https:\/\/payitforward.edu.vn\/wordpress\/wp-json\/wp\/v2\/pages\/1728\/revisions"}],"predecessor-version":[{"id":1736,"href":"https:\/\/payitforward.edu.vn\/wordpress\/wp-json\/wp\/v2\/pages\/1728\/revisions\/1736"}],"wp:attachment":[{"href":"https:\/\/payitforward.edu.vn\/wordpress\/wp-json\/wp\/v2\/media?parent=1728"}],"curies":[{"name":"wp","href":"https:\/\/api.w.org\/{rel}","templated":true}]}}