{"id":1957,"date":"2014-10-31T15:42:35","date_gmt":"2014-10-31T08:42:35","guid":{"rendered":"http:\/\/www.payitforward.edu.vn\/wordpress\/?page_id=1957"},"modified":"2016-10-17T18:36:38","modified_gmt":"2016-10-17T11:36:38","slug":"d-i-d-2014","status":"publish","type":"page","link":"https:\/\/payitforward.edu.vn\/wordpress\/contests\/do-it-different\/d-i-d-2014\/","title":{"rendered":"D.I.D. 2014"},"content":{"rendered":"<p><img loading=\"lazy\" decoding=\"async\" class=\"aligncenter\" src=\"http:\/\/i1228.photobucket.com\/albums\/ee445\/payitforward_club\/2014\/DID%202014\/DID2014A3poster_zpsbc94c39d.png\" alt=\"\" width=\"719\" height=\"1024\" \/><\/p>\n<p>Link \u0110\u0103ng k\u00fd tham d\u1ef1:\u00a0<a href=\"https:\/\/docs.google.com\/forms\/d\/1SZGMxvjdlpdpo4bgNa9AIYimw6lelgYbk4CiBGqCMWg\/viewform\" target=\"_blank\">[\u0111\u0103ng k\u00fd tham d\u1ef1 D.I.D. 2014 \u0111\u1ec3 b\u1ed5 sung i-\u00f4t trong cu\u1ed9c s\u1ed1ng c\u1ee7a b\u1ea1n]<\/a><\/p>\n","protected":false},"excerpt":{"rendered":"<p>Link \u0110\u0103ng k\u00fd tham d\u1ef1:\u00a0[\u0111\u0103ng k\u00fd tham d\u1ef1 D.I.D. 2014 \u0111\u1ec3 b\u1ed5 sung i-\u00f4t trong cu\u1ed9c s\u1ed1ng c\u1ee7a b\u1ea1n]<\/p>\n<p class=\"continue-reading-button\"> <a class=\"continue-reading-link\" href=\"https:\/\/payitforward.edu.vn\/wordpress\/contests\/do-it-different\/d-i-d-2014\/\">Continue reading<i class=\"crycon-right-dir\"><\/i><\/a><\/p>\n","protected":false},"author":1,"featured_media":0,"parent":2469,"menu_order":2,"comment_status":"closed","ping_status":"closed","template":"","meta":{"footnotes":""},"class_list":["post-1957","page","type-page","status-publish","hentry"],"_links":{"self":[{"href":"https:\/\/payitforward.edu.vn\/wordpress\/wp-json\/wp\/v2\/pages\/1957","targetHints":{"allow":["GET"]}}],"collection":[{"href":"https:\/\/payitforward.edu.vn\/wordpress\/wp-json\/wp\/v2\/pages"}],"about":[{"href":"https:\/\/payitforward.edu.vn\/wordpress\/wp-json\/wp\/v2\/types\/page"}],"author":[{"embeddable":true,"href":"https:\/\/payitforward.edu.vn\/wordpress\/wp-json\/wp\/v2\/users\/1"}],"replies":[{"embeddable":true,"href":"https:\/\/payitforward.edu.vn\/wordpress\/wp-json\/wp\/v2\/comments?post=1957"}],"version-history":[{"count":3,"href":"https:\/\/payitforward.edu.vn\/wordpress\/wp-json\/wp\/v2\/pages\/1957\/revisions"}],"predecessor-version":[{"id":1961,"href":"https:\/\/payitforward.edu.vn\/wordpress\/wp-json\/wp\/v2\/pages\/1957\/revisions\/1961"}],"up":[{"embeddable":true,"href":"https:\/\/payitforward.edu.vn\/wordpress\/wp-json\/wp\/v2\/pages\/2469"}],"wp:attachment":[{"href":"https:\/\/payitforward.edu.vn\/wordpress\/wp-json\/wp\/v2\/media?parent=1957"}],"curies":[{"name":"wp","href":"https:\/\/api.w.org\/{rel}","templated":true}]}}