{"id":1967,"date":"2014-11-03T13:32:38","date_gmt":"2014-11-03T06:32:38","guid":{"rendered":"http:\/\/www.payitforward.edu.vn\/wordpress\/?page_id=1967"},"modified":"2016-10-25T13:23:11","modified_gmt":"2016-10-25T06:23:11","slug":"arm-cortex-m4","status":"publish","type":"page","link":"https:\/\/payitforward.edu.vn\/wordpress\/tutorials\/arm-cortex-m4\/","title":{"rendered":"ARM Cortex M4"},"content":{"rendered":"<p>Ch\u00fang t\u00f4i th\u1ef1c hi\u1ec7n nh\u1eefng tutorials n\u00e0y kh\u00f4ng nh\u1eb1m v\u00e0o m\u1ee5c \u0111\u00edch n\u00e0o mang t\u00ednh th\u01b0\u01a1ng m\u1ea1i, m\u00e0 ch\u1ec9 mong n\u00f3 c\u00f3 th\u1ec3 gi\u00fap \u0111\u1ee1 b\u1ea1n, nh\u1eefng ng\u01b0\u1eddi m\u1edbi b\u1eaft \u0111\u1ea7u. Ch\u00fang t\u00f4i kh\u00f4ng ph\u1ea3i l\u00e0 nh\u1eefng ng\u01b0\u1eddi c\u00f3 nhi\u1ec1u ki\u1ebfn th\u1ee9c v\u00e0 kinh nghi\u1ec7m. Nh\u01b0ng ch\u00fang t\u00f4i \u0111\u00e3 t\u1eebng l\u00e0 ng\u01b0\u1eddi m\u1edbi h\u1ecdc v\u00e0 hi\u1ec3u \u0111\u01b0\u1ee3c b\u1ea1n g\u1eb7p ph\u1ea3i nh\u1eefng kh\u00f3 kh\u0103n g\u00ec. H\u00e3y ki\u00ean nh\u1eabn t\u1eeb nh\u1eefng b\u01b0\u1edbc \u0111i \u0111\u1ea7u ti\u00ean.<\/p>\n<p>Ch\u00fang t\u00f4i kh\u00f4ng \u0111\u1ec1 t\u00ean t\u00e1c gi\u1ea3. Ai l\u00e0m ra n\u00f3 kh\u00f4ng quan tr\u1ecdng. Quan tr\u1ecdng ch\u00ednh l\u00e0 ng\u01b0\u1eddi \u0111ang s\u1eed d\u1ee5ng n\u00f3 v\u00e0 c\u00e1ch m\u00e0 n\u00f3 \u0111\u01b0\u1ee3c d\u00f9ng. B\u1ea1n c\u00f3 th\u1ec3 ch\u1ec9nh s\u1eeda, th\u00eam b\u1edbt, l\u00e0m cho n\u00f3 ho\u00e0n thi\u1ec7n h\u01a1n, r\u1ed3i g\u1eedi n\u00f3 \u0111\u1ebfn nh\u1eefng ng\u01b0\u1eddi \u0111ang c\u1ea7n.<\/p>\n<p>Pay it forward\u2026<\/p>\n<p><strong>T\u1ed5ng qu\u00e1t v\u1ec1 video clip Tutorial ARM Cortex-M4<\/strong><\/p>\n<p>1.\u00a0Vi \u0111i\u1ec1u khi\u1ec3n s\u1eed d\u1ee5ng trong t\u00e0i li\u1ec7u:\u00a0TM4C123G c\u1ee7a\u00a0TI (Texas Instruments).<\/p>\n<p>2. Tr\u00ecnh bi\u00ean d\u1ecbch (IDE):\u00a0CCS (Code Composer Studio).<\/p>\n<p>3.\u00a0KIT th\u1ef1c h\u00e0nh: <a href=\"http:\/\/www.ti.com\/tool\/ek-tm4c123gxl\" target=\"_blank\">TM4C123G Launchpad<\/a>\u00a0(ho\u1eb7c c\u00f3 th\u1ec3 s\u1eed d\u1ee5ng KIT kh\u00e1c t\u01b0\u01a1ng \u0111\u01b0\u01a1ng).<\/p>\n<p><strong>C\u00e0i \u0111\u1eb7t ph\u1ea7n m\u1ec1m<\/strong><\/p>\n<p>1. CCS: T\u1ea3i c\u00e1c phi\u00ean b\u1ea3n m\u1edbi nh\u1ea5t c\u1ee7a CSS t\u1ea1i\u00a0<a href=\"http:\/\/www.ti.com\/tool\/CCSTUDIO\" target=\"_blank\">www.ti.com\/tool\/CCSTUDIO<\/a><\/p>\n<p><strong>B\u00e0i gi\u1ea3ng, source code t\u1eeb PIF<\/strong><\/p>\n<p><a href=\"http:\/\/www.payitforward.edu.vn\/wordpress\/tutorials\/arm-cortex-m4\/luu-y-su-dung-kit-tiva-launchpad\/\" target=\"_blank\">B\u00e0i 0: C\u00e1c l\u01b0u \u00fd khi s\u1eed d\u1ee5ng KIT, tr\u00e1nh h\u01b0 h\u1ecfng.<\/a><\/p>\n<p><a href=\"http:\/\/www.payitforward.edu.vn\/wordpress\/tutorials\/arm-cortex-m4\/bai-1-ccs\/\" target=\"_blank\">B\u00e0i 1:\u00a0T\u1ed5ng qu\u00e1t v\u1ec1 CCS\u00a0v\u00e0 TivaWare<\/a><\/p>\n<p><a href=\"http:\/\/www.payitforward.edu.vn\/wordpress\/tutorials\/arm-cortex-m4\/bai-2-gpio\/\" target=\"_blank\">B\u00e0i 2:\u00a0GPIO<\/a><\/p>\n<p><a href=\"http:\/\/www.payitforward.edu.vn\/wordpress\/tutorials\/arm-cortex-m4\/bai-3-timer\/\" target=\"_blank\">B\u00e0i 3:\u00a0Timer<\/a><\/p>\n<p><a href=\"http:\/\/www.payitforward.edu.vn\/wordpress\/tutorials\/arm-cortex-m4\/bai-4-pwm\/\" target=\"_blank\">B\u00e0i 4:\u00a0PWM<\/a><\/p>\n<p><a href=\"http:\/\/www.payitforward.edu.vn\/wordpress\/tutorials\/arm-cortex-m4\/bai-5-spi\/\" target=\"_blank\">B\u00e0i 5:\u00a0SPI<\/a><\/p>\n<p><a href=\"http:\/\/www.payitforward.edu.vn\/wordpress\/tutorials\/arm-cortex-m4\/bai-6-uart\/\">B\u00e0i 6: UART<\/a><\/p>\n<p>&nbsp;<\/p>\n","protected":false},"excerpt":{"rendered":"<p>Ch\u00fang t\u00f4i th\u1ef1c hi\u1ec7n nh\u1eefng tutorials n\u00e0y kh\u00f4ng nh\u1eb1m v\u00e0o m\u1ee5c \u0111\u00edch n\u00e0o mang t\u00ednh th\u01b0\u01a1ng m\u1ea1i, m\u00e0 ch\u1ec9 mong n\u00f3 c\u00f3 th\u1ec3 gi\u00fap \u0111\u1ee1 b\u1ea1n, nh\u1eefng ng\u01b0\u1eddi m\u1edbi b\u1eaft \u0111\u1ea7u. Ch\u00fang t\u00f4i kh\u00f4ng ph\u1ea3i l\u00e0 nh\u1eefng ng\u01b0\u1eddi c\u00f3 nhi\u1ec1u ki\u1ebfn th\u1ee9c v\u00e0 kinh nghi\u1ec7m. Nh\u01b0ng ch\u00fang t\u00f4i \u0111\u00e3 t\u1eebng l\u00e0 ng\u01b0\u1eddi m\u1edbi h\u1ecdc v\u00e0 hi\u1ec3u \u0111\u01b0\u1ee3c b\u1ea1n g\u1eb7p ph\u1ea3i nh\u1eefng kh\u00f3 kh\u0103n g\u00ec. H\u00e3y ki\u00ean nh\u1eabn t\u1eeb nh\u1eefng b\u01b0\u1edbc \u0111i \u0111\u1ea7u ti\u00ean. Ch\u00fang t\u00f4i kh\u00f4ng \u0111\u1ec1 t\u00ean t\u00e1c gi\u1ea3. Ai l\u00e0m ra n\u00f3 kh\u00f4ng quan tr\u1ecdng. Quan tr\u1ecdng ch\u00ednh l\u00e0 ng\u01b0\u1eddi \u0111ang s\u1eed d\u1ee5ng n\u00f3 v\u00e0 c\u00e1ch m\u00e0 n\u00f3 \u2026<\/p>\n<p class=\"continue-reading-button\"> <a class=\"continue-reading-link\" href=\"https:\/\/payitforward.edu.vn\/wordpress\/tutorials\/arm-cortex-m4\/\">Continue reading<i class=\"crycon-right-dir\"><\/i><\/a><\/p>\n","protected":false},"author":1,"featured_media":0,"parent":72,"menu_order":8,"comment_status":"closed","ping_status":"closed","template":"","meta":{"footnotes":""},"class_list":["post-1967","page","type-page","status-publish","hentry"],"_links":{"self":[{"href":"https:\/\/payitforward.edu.vn\/wordpress\/wp-json\/wp\/v2\/pages\/1967","targetHints":{"allow":["GET"]}}],"collection":[{"href":"https:\/\/payitforward.edu.vn\/wordpress\/wp-json\/wp\/v2\/pages"}],"about":[{"href":"https:\/\/payitforward.edu.vn\/wordpress\/wp-json\/wp\/v2\/types\/page"}],"author":[{"embeddable":true,"href":"https:\/\/payitforward.edu.vn\/wordpress\/wp-json\/wp\/v2\/users\/1"}],"replies":[{"embeddable":true,"href":"https:\/\/payitforward.edu.vn\/wordpress\/wp-json\/wp\/v2\/comments?post=1967"}],"version-history":[{"count":9,"href":"https:\/\/payitforward.edu.vn\/wordpress\/wp-json\/wp\/v2\/pages\/1967\/revisions"}],"predecessor-version":[{"id":2485,"href":"https:\/\/payitforward.edu.vn\/wordpress\/wp-json\/wp\/v2\/pages\/1967\/revisions\/2485"}],"up":[{"embeddable":true,"href":"https:\/\/payitforward.edu.vn\/wordpress\/wp-json\/wp\/v2\/pages\/72"}],"wp:attachment":[{"href":"https:\/\/payitforward.edu.vn\/wordpress\/wp-json\/wp\/v2\/media?parent=1967"}],"curies":[{"name":"wp","href":"https:\/\/api.w.org\/{rel}","templated":true}]}}