{"id":2317,"date":"2016-03-30T14:31:19","date_gmt":"2016-03-30T07:31:19","guid":{"rendered":"http:\/\/www.payitforward.edu.vn\/wordpress\/?page_id=2317"},"modified":"2016-10-05T21:29:30","modified_gmt":"2016-10-05T14:29:30","slug":"altium-designer-tutorial","status":"publish","type":"page","link":"https:\/\/payitforward.edu.vn\/wordpress\/tutorials\/altium-designer-tutorial\/","title":{"rendered":"Altium Designer Tutorial"},"content":{"rendered":"<blockquote><p>T\u00e0i li\u1ec7u n\u00e0y \u0111\u01b0\u1ee3c bi\u00ean so\u1ea1n kh\u00f4ng nh\u1eb1m v\u00e0o b\u1ea5t k\u1ef3 m\u1ee5c \u0111\u00edch n\u00e0o mang t\u00ednh th\u01b0\u01a1ng m\u1ea1i. B\u1ea1n c\u00f3 quy\u1ec1n sao ch\u00e9p, s\u1eeda ch\u1eefa v\u00e0 ph\u00e2n ph\u00e1t b\u1eb1ng b\u1ea5t k\u1ef3 h\u00ecnh th\u1ee9c n\u00e0o. H\u00e3y s\u1eed d\u1ee5ng t\u00e0i li\u1ec7u n\u00e0y, s\u1eeda ch\u1eefa, b\u1ed5 sung v\u00e0 g\u1eedi cho nh\u1eefng ai c\u1ea7n n\u00f3. Ch\u00fang t\u00f4i kh\u00f4ng \u0111\u1ec1 t\u00ean t\u00e1c gi\u1ea3 bi\u00ean so\u1ea1n. T\u00e0i li\u1ec7u n\u00e0y thu\u1ed9c quy\u1ec1n s\u1edf h\u1eefu nh\u1eefng ai \u0111ang d\u00f9ng n\u00f3.<\/p>\n<p>Pay it forward\u2026<\/p><\/blockquote>\n<p>&nbsp;<\/p>\n<p>Th\u01b0 vi\u1ec7n IntLib: <a href=\"https:\/\/www.fshare.vn\/file\/LDPAYO8UAN6L\">PIF_Library.IntLib<\/a><\/p>\n<p><a class=\"pl-video-title-link yt-uix-tile-link yt-uix-sessionlink spf-link \" dir=\"ltr\" href=\"http:\/\/www.payitforward.edu.vn\/wordpress\/tutorials\/altium-designer-tutorial\/altium-bai-1\/\" target=\"_blank\" data-sessionlink=\"ei=qIP7Vv3jCI3j4QKhm6WoBg&amp;feature=plpp_video&amp;ved=CA4QxjQYACITCP3Xse3058sCFY1xWAodoU0JZSj6LA\">B\u00e0i 1 &#8211; Gi\u1edbi thi\u1ec7u<\/a><\/p>\n<p><a class=\"pl-video-title-link yt-uix-tile-link yt-uix-sessionlink spf-link \" dir=\"ltr\" href=\"http:\/\/www.payitforward.edu.vn\/wordpress\/tutorials\/altium-designer-tutorial\/altium-bai-2\/\" target=\"_blank\" data-sessionlink=\"ei=qIP7Vv3jCI3j4QKhm6WoBg&amp;feature=plpp_video&amp;ved=CBAQxjQYAiITCP3Xse3058sCFY1xWAodoU0JZSj6LA\">B\u00e0i 2 &#8211; Schematic<\/a><\/p>\n<p><a class=\"pl-video-title-link yt-uix-tile-link yt-uix-sessionlink spf-link \" dir=\"ltr\" href=\"http:\/\/www.payitforward.edu.vn\/wordpress\/tutorials\/altium-designer-tutorial\/altium-bai-3\/\" target=\"_blank\" data-sessionlink=\"ei=qIP7Vv3jCI3j4QKhm6WoBg&amp;feature=plpp_video&amp;ved=CBEQxjQYAyITCP3Xse3058sCFY1xWAodoU0JZSj6LA\">B\u00e0i 3 &#8211; T\u1ea1o BOM list<\/a><\/p>\n<p><a class=\"pl-video-title-link yt-uix-tile-link yt-uix-sessionlink spf-link \" dir=\"ltr\" href=\"http:\/\/www.payitforward.edu.vn\/wordpress\/tutorials\/altium-designer-tutorial\/altium-bai-4\/\" target=\"_blank\" data-sessionlink=\"ei=qIP7Vv3jCI3j4QKhm6WoBg&amp;feature=plpp_video&amp;ved=CBIQxjQYBCITCP3Xse3058sCFY1xWAodoU0JZSj6LA\">B\u00e0i 4 &#8211; PCB<\/a><\/p>\n<p><a class=\"pl-video-title-link yt-uix-tile-link yt-uix-sessionlink spf-link \" dir=\"ltr\" href=\"http:\/\/www.payitforward.edu.vn\/wordpress\/tutorials\/altium-designer-tutorial\/bai-5-sap-xep-linh-kien\/\" target=\"_blank\" data-sessionlink=\"ei=qIP7Vv3jCI3j4QKhm6WoBg&amp;feature=plpp_video&amp;ved=CBMQxjQYBSITCP3Xse3058sCFY1xWAodoU0JZSj6LA\">B\u00e0i 5 &#8211; S\u1eafp x\u1ebfp linh ki\u1ec7n<\/a><\/p>\n<p><a class=\"pl-video-title-link yt-uix-tile-link yt-uix-sessionlink spf-link \" dir=\"ltr\" href=\"http:\/\/www.payitforward.edu.vn\/wordpress\/tutorials\/altium-designer-tutorial\/altium-bai-6\/\" target=\"_blank\" data-sessionlink=\"ei=qIP7Vv3jCI3j4QKhm6WoBg&amp;feature=plpp_video&amp;ved=CBQQxjQYBiITCP3Xse3058sCFY1xWAodoU0JZSj6LA\">B\u00e0i 6 &#8211; Routing<\/a><\/p>\n<p><a class=\"pl-video-title-link yt-uix-tile-link yt-uix-sessionlink spf-link \" dir=\"ltr\" href=\"http:\/\/www.payitforward.edu.vn\/wordpress\/tutorials\/altium-designer-tutorial\/altium-bai-7\/\" target=\"_blank\" data-sessionlink=\"ei=qIP7Vv3jCI3j4QKhm6WoBg&amp;feature=plpp_video&amp;ved=CBUQxjQYByITCP3Xse3058sCFY1xWAodoU0JZSj6LA\">B\u00e0i 7 &#8211; Schematic Library<\/a><\/p>\n<p><a href=\"http:\/\/www.payitforward.edu.vn\/wordpress\/tutorials\/altium-designer-tutorial\/altium-bai-8\/\" target=\"_blank\">B\u00e0i 8 &#8211; PCB Library<\/a><\/p>\n<p><strong>&gt;&gt;<a href=\"https:\/\/www.youtube.com\/watch?v=jodShXdRfAM&amp;list=PLe8mwRrJQLrm2mRIgxa9TbETcJyKBTPCf\" target=\"_blank\">Link playlist\u00a0Youtube<\/a>&lt;&lt;<\/strong><\/p>\n<h3>B\u00e0i th\u1ef1c h\u00e0nh<\/h3>\n<p>V\u00ed d\u1ee5 c\u1ee5 th\u1ec3 v\u1edbi m\u1ea1ch ph\u00e1t tri\u1ec3n \u0111\u01a1n gi\u1ea3n s\u1eed d\u1ee5ng chip MSP430G2553 (Texas Instruments).<\/p>\n<p>+ N\u1ed9i dung: d\u1ef1a theo s\u01a1 \u0111\u1ed3 nguy\u00ean l\u00fd \u0111\u01b0\u1ee3c cho, thi\u1ebft k\u1ebf PCB (layout) cho m\u1ea1ch tr\u00ean.<\/p>\n<p>+ H\u01b0\u1edbng d\u1eabn ch\u1ecdn footprint, h\u01b0\u1edbng d\u1eabn th\u1ef1c hi\u1ec7n layout, h\u01b0\u1edbng d\u1eabn thi c\u00f4ng m\u1ea1ch b\u1eb1ng ph\u01b0\u01a1ng ph\u00e1p \u1ee7i.<\/p>\n<p><a href=\"http:\/\/www.payitforward.edu.vn\/wordpress\/tutorials\/altium-designer-tutorial\/mach-msp430g2553\/\">B\u00e0i th\u1ef1c h\u00e0nh m\u1ea1ch MSP430G2553 v\u1edbi Altium Designer<\/a>.<\/p>\n","protected":false},"excerpt":{"rendered":"<p>T\u00e0i li\u1ec7u n\u00e0y \u0111\u01b0\u1ee3c bi\u00ean so\u1ea1n kh\u00f4ng nh\u1eb1m v\u00e0o b\u1ea5t k\u1ef3 m\u1ee5c \u0111\u00edch n\u00e0o mang t\u00ednh th\u01b0\u01a1ng m\u1ea1i. B\u1ea1n c\u00f3 quy\u1ec1n sao ch\u00e9p, s\u1eeda ch\u1eefa v\u00e0 ph\u00e2n ph\u00e1t b\u1eb1ng b\u1ea5t k\u1ef3 h\u00ecnh th\u1ee9c n\u00e0o. H\u00e3y s\u1eed d\u1ee5ng t\u00e0i li\u1ec7u n\u00e0y, s\u1eeda ch\u1eefa, b\u1ed5 sung v\u00e0 g\u1eedi cho nh\u1eefng ai c\u1ea7n n\u00f3. Ch\u00fang t\u00f4i kh\u00f4ng \u0111\u1ec1 t\u00ean t\u00e1c gi\u1ea3 bi\u00ean so\u1ea1n. T\u00e0i li\u1ec7u n\u00e0y thu\u1ed9c quy\u1ec1n s\u1edf h\u1eefu nh\u1eefng ai \u0111ang d\u00f9ng n\u00f3. Pay it forward\u2026 &nbsp; Th\u01b0 vi\u1ec7n IntLib: PIF_Library.IntLib B\u00e0i 1 &#8211; Gi\u1edbi thi\u1ec7u B\u00e0i 2 &#8211; Schematic B\u00e0i 3 &#8211; T\u1ea1o BOM list B\u00e0i 4 &#8211; PCB B\u00e0i \u2026<\/p>\n<p class=\"continue-reading-button\"> <a class=\"continue-reading-link\" href=\"https:\/\/payitforward.edu.vn\/wordpress\/tutorials\/altium-designer-tutorial\/\">Continue reading<i class=\"crycon-right-dir\"><\/i><\/a><\/p>\n","protected":false},"author":1,"featured_media":0,"parent":72,"menu_order":2,"comment_status":"closed","ping_status":"closed","template":"","meta":{"footnotes":""},"class_list":["post-2317","page","type-page","status-publish","hentry"],"_links":{"self":[{"href":"https:\/\/payitforward.edu.vn\/wordpress\/wp-json\/wp\/v2\/pages\/2317","targetHints":{"allow":["GET"]}}],"collection":[{"href":"https:\/\/payitforward.edu.vn\/wordpress\/wp-json\/wp\/v2\/pages"}],"about":[{"href":"https:\/\/payitforward.edu.vn\/wordpress\/wp-json\/wp\/v2\/types\/page"}],"author":[{"embeddable":true,"href":"https:\/\/payitforward.edu.vn\/wordpress\/wp-json\/wp\/v2\/users\/1"}],"replies":[{"embeddable":true,"href":"https:\/\/payitforward.edu.vn\/wordpress\/wp-json\/wp\/v2\/comments?post=2317"}],"version-history":[{"count":17,"href":"https:\/\/payitforward.edu.vn\/wordpress\/wp-json\/wp\/v2\/pages\/2317\/revisions"}],"predecessor-version":[{"id":2451,"href":"https:\/\/payitforward.edu.vn\/wordpress\/wp-json\/wp\/v2\/pages\/2317\/revisions\/2451"}],"up":[{"embeddable":true,"href":"https:\/\/payitforward.edu.vn\/wordpress\/wp-json\/wp\/v2\/pages\/72"}],"wp:attachment":[{"href":"https:\/\/payitforward.edu.vn\/wordpress\/wp-json\/wp\/v2\/media?parent=2317"}],"curies":[{"name":"wp","href":"https:\/\/api.w.org\/{rel}","templated":true}]}}