{"id":2340,"date":"2016-03-30T15:29:55","date_gmt":"2016-03-30T08:29:55","guid":{"rendered":"http:\/\/www.payitforward.edu.vn\/wordpress\/?page_id=2340"},"modified":"2016-03-30T15:29:55","modified_gmt":"2016-03-30T08:29:55","slug":"altium-bai-6","status":"publish","type":"page","link":"https:\/\/payitforward.edu.vn\/wordpress\/tutorials\/altium-designer-tutorial\/altium-bai-6\/","title":{"rendered":"B\u00e0i 6 &#8211; Routing"},"content":{"rendered":"<p>&#8211; \u0110i d\u00e2y (routing) v\u00e0 c\u00e1c ph\u00edm t\u1eaft li\u00ean quan.<br \/>\n&#8211; Ch\u1ee9c n\u0103ng Edit Board Shape.<br \/>\n&#8211; Ph\u1ee7 \u0111\u1ed3ng (Polygon Pours v\u00e0 Copper Regions).<\/p>\n<p><iframe loading=\"lazy\" width=\"900\" height=\"506\" src=\"https:\/\/www.youtube.com\/embed\/PN0fnhPdA1I?feature=oembed\" frameborder=\"0\" allowfullscreen><\/iframe><\/p>\n","protected":false},"excerpt":{"rendered":"<p>&#8211; \u0110i d\u00e2y (routing) v\u00e0 c\u00e1c ph\u00edm t\u1eaft li\u00ean quan. &#8211; Ch\u1ee9c n\u0103ng Edit Board Shape. &#8211; Ph\u1ee7 \u0111\u1ed3ng (Polygon Pours v\u00e0 Copper Regions).<\/p>\n<p class=\"continue-reading-button\"> <a class=\"continue-reading-link\" href=\"https:\/\/payitforward.edu.vn\/wordpress\/tutorials\/altium-designer-tutorial\/altium-bai-6\/\">Continue reading<i class=\"crycon-right-dir\"><\/i><\/a><\/p>\n","protected":false},"author":1,"featured_media":0,"parent":2317,"menu_order":0,"comment_status":"closed","ping_status":"closed","template":"","meta":{"footnotes":""},"class_list":["post-2340","page","type-page","status-publish","hentry"],"_links":{"self":[{"href":"https:\/\/payitforward.edu.vn\/wordpress\/wp-json\/wp\/v2\/pages\/2340","targetHints":{"allow":["GET"]}}],"collection":[{"href":"https:\/\/payitforward.edu.vn\/wordpress\/wp-json\/wp\/v2\/pages"}],"about":[{"href":"https:\/\/payitforward.edu.vn\/wordpress\/wp-json\/wp\/v2\/types\/page"}],"author":[{"embeddable":true,"href":"https:\/\/payitforward.edu.vn\/wordpress\/wp-json\/wp\/v2\/users\/1"}],"replies":[{"embeddable":true,"href":"https:\/\/payitforward.edu.vn\/wordpress\/wp-json\/wp\/v2\/comments?post=2340"}],"version-history":[{"count":1,"href":"https:\/\/payitforward.edu.vn\/wordpress\/wp-json\/wp\/v2\/pages\/2340\/revisions"}],"predecessor-version":[{"id":2350,"href":"https:\/\/payitforward.edu.vn\/wordpress\/wp-json\/wp\/v2\/pages\/2340\/revisions\/2350"}],"up":[{"embeddable":true,"href":"https:\/\/payitforward.edu.vn\/wordpress\/wp-json\/wp\/v2\/pages\/2317"}],"wp:attachment":[{"href":"https:\/\/payitforward.edu.vn\/wordpress\/wp-json\/wp\/v2\/media?parent=2340"}],"curies":[{"name":"wp","href":"https:\/\/api.w.org\/{rel}","templated":true}]}}