{"id":2382,"date":"2016-09-24T21:59:42","date_gmt":"2016-09-24T14:59:42","guid":{"rendered":"http:\/\/www.payitforward.edu.vn\/wordpress\/?page_id=2382"},"modified":"2017-01-10T21:00:00","modified_gmt":"2017-01-10T14:00:00","slug":"dien-tu-co-ban-cho-sv-nam-nhat","status":"publish","type":"page","link":"https:\/\/payitforward.edu.vn\/wordpress\/tutorials\/dien-tu-co-ban-cho-sv-nam-nhat\/","title":{"rendered":"\u0110i\u1ec7n t\u1eed C\u01a1 b\u1ea3n cho SV n\u0103m nh\u1ea5t"},"content":{"rendered":"<p><span style=\"color: #008080;\"><strong>\u0110i\u1ec7n t\u1eed C\u01a1 b\u1ea3n<\/strong><\/span> l\u00e0 l\u1edbp h\u1ecdc d\u00e0nh cho sinh vi\u00ean n\u0103m th\u1ee9 Nh\u1ea5t, m\u1edf v\u00e0o th\u00e1ng 9 h\u00e0ng n\u0103m c\u1ee7a C\u00e2u l\u1ea1c b\u1ed9 Pay It Forward, b\u1eaft \u0111\u1ea7u t\u1eeb n\u0103m 2012.<\/p>\n<p>Kho\u00e1 h\u1ecdc n\u00e0y k\u00e9o d\u00e0i kho\u1ea3ng 8 tu\u1ea7n (m\u1ed7i tu\u1ea7n 1 bu\u1ed5i), v\u1edbi nh\u1eefng b\u00e0i h\u1ecdc c\u01a1 b\u1ea3n ph\u00f9 h\u1ee3p v\u1edbi c\u00e1c b\u1ea1n T\u00e2n sinh vi\u00ean v\u1eeba b\u1eaft \u0111\u1ea7u l\u00e0m quen v\u1edbi &#8220;th\u1ebf gi\u1edbi \u0111i\u1ec7n t\u1eed&#8221;. Tr\u00ean l\u1edbp, trong m\u1ed7i bu\u1ed5i h\u1ecdc c\u00f3 ph\u1ea7n h\u01b0\u1edbng d\u1eabn th\u1ef1c h\u00e0nh \u0111\u1ec3 c\u00e1c b\u1ea1n sinh vi\u00ean c\u00f3 th\u1ec3 trao \u0111\u1ed5i c\u00f9ng c\u00e1c anh ch\u1ecb, th\u1ea7y c\u00f4 h\u01b0\u1edbng d\u1eabn. Tuy v\u1eady, c\u00e1c b\u1ea1n n\u00e0o kh\u00f4ng c\u00f3 \u0111i\u1ec1u ki\u1ec7n l\u00ean l\u1edbp, hay c\u00e1c b\u1ea1n sinh vi\u00ean n\u01a1i kh\u00e1c, xa x\u00f4i kh\u00f4ng v\u00e0o tr\u01b0\u1eddng B\u00e1ch Khoa \u0111\u01b0\u1ee3c v\u1eabn c\u00f3 th\u1ec3 t\u1ef1 download t\u00e0i li\u1ec7u v\u00e0 h\u1ecdc \u1edf nh\u00e0.<\/p>\n<h3><span style=\"color: #008080;\">T\u00e0i li\u1ec7u d\u00f9ng trong kho\u00e1 h\u1ecdc<\/span><\/h3>\n<p>&lt;\u0110ang c\u1eadp nh\u1eadt&gt;.<\/p>\n<p>B\u00e0i 1: <a href=\"http:\/\/www.payitforward.edu.vn\/wordpress\/tutorials\/dien-tu-co-ban-cho-sv-nam-nhat\/bai-1\/\" target=\"_blank\">Gi\u1edbi thi\u1ec7u v\u00ea c\u00e1c linh ki\u1ec7n \u0111i\u1ec7n t\u1eed v\u00e0 d\u1ee5ng c\u1ee5 c\u01a1 b\u1ea3n<\/a><\/p>\n<p>B\u00e0i 2: <a href=\"http:\/\/www.payitforward.edu.vn\/wordpress\/tutorials\/dien-tu-co-ban-cho-sv-nam-nhat\/bai-2\/\">T\u00ecm hi\u1ec3u nguy\u00ean l\u00fd c\u1ee7a transistor (BJT) vs th\u1ef1c hi\u1ec7n m\u1ea1ch dao \u0111\u1ed9ng \u0111a h\u00e0i<\/a><\/p>\n<p>B\u00e0i 3: <a href=\"http:\/\/www.payitforward.edu.vn\/wordpress\/tutorials\/dien-tu-co-ban-cho-sv-nam-nhat\/bai-3\/\">H\u01b0\u1edbng d\u1eabn s\u1eed d\u1ee5ng ph\u1ea7n m\u1ec1m Proteus \u0111\u1ec3 m\u00f4 ph\u1ecfng m\u1ea1ch \u0111i\u1ec7n<\/a><\/p>\n<p>B\u00e0i 4: <a href=\"http:\/\/www.payitforward.edu.vn\/wordpress\/tutorials\/dien-tu-co-ban-cho-sv-nam-nhat\/bai-4\/\">Gi\u1edbi thi\u1ec7u v\u1ec1 IC logic, IC ch\u1ed1t 74HC595 v\u00e0 \u00e1p d\u1ee5ng v\u00e0o th\u1ef1c hi\u1ec7n m\u1ea1ch t\u1ea1o password<\/a><\/p>\n<p>B\u00e0i 5: Gi\u1edbi thi\u1ec7u v\u1ec1 IC t\u1ea1o xung 555<\/p>\n<p>B\u00e0i 6:\u00a0T\u00ecm hi\u1ec3u\u00a0v\u1ec1 quang tr\u1edf v\u00e0 k\u1ebft h\u1ee3p v\u1edbi ch\u1ee9c n\u0103ng so s\u00e1nh c\u1ee7a opamp<\/p>\n<p>B\u00e0i 7: Ch\u1ee9c n\u0103ng khu\u1ebfch \u0111\u1ea1i c\u1ee7a\u00a0Opamp<\/p>\n<p>B\u00e0i 8:\u00a0H\u01b0\u1edbng d\u1eabn v\u1ebd m\u1ea1ch in (PCB) b\u1eb1ng ph\u1ea7n m\u1ec1m\u00a0Altium Designed<\/p>\n<h3><span style=\"color: #008080;\">C\u00e1c h\u01b0\u1edbng d\u1eabn h\u1eefu \u00edch kh\u00e1c<\/span><\/h3>\n<ol>\n<li><a href=\"http:\/\/www.payitforward.edu.vn\/forum\/forums\/84\/\" target=\"_blank\">Forum d\u00e0nh cho sinh vi\u00ean n\u0103m Nh\u1ea5t<\/a> (L\u1ecbch h\u1ecdc, trao \u0111\u1ed5i, t\u00e0i li\u1ec7u, chia s\u1ebb,&#8230;).<\/li>\n<li><a href=\"https:\/\/www.facebook.com\/payitforward.edu.vn\" target=\"_blank\">Facebook C\u00e2u l\u1ea1c b\u1ed9 Pay It Forward <\/a>(C\u1eadp nh\u1eadt th\u00f4ng tin l\u1edbp h\u1ecdc, cu\u1ed9c thi,&#8230;).<\/li>\n<li><a href=\"http:\/\/www.payitforward.edu.vn\/forum\/threads\/1929\/\" target=\"_blank\">T\u1ed5ng h\u1ee3p t\u00e0i li\u1ec7u h\u1ecdc t\u1eadp K2014<\/a>.<\/li>\n<\/ol>\n","protected":false},"excerpt":{"rendered":"<p>\u0110i\u1ec7n t\u1eed C\u01a1 b\u1ea3n l\u00e0 l\u1edbp h\u1ecdc d\u00e0nh cho sinh vi\u00ean n\u0103m th\u1ee9 Nh\u1ea5t, m\u1edf v\u00e0o th\u00e1ng 9 h\u00e0ng n\u0103m c\u1ee7a C\u00e2u l\u1ea1c b\u1ed9 Pay It Forward, b\u1eaft \u0111\u1ea7u t\u1eeb n\u0103m 2012. Kho\u00e1 h\u1ecdc n\u00e0y k\u00e9o d\u00e0i kho\u1ea3ng 8 tu\u1ea7n (m\u1ed7i tu\u1ea7n 1 bu\u1ed5i), v\u1edbi nh\u1eefng b\u00e0i h\u1ecdc c\u01a1 b\u1ea3n ph\u00f9 h\u1ee3p v\u1edbi c\u00e1c b\u1ea1n T\u00e2n sinh vi\u00ean v\u1eeba b\u1eaft \u0111\u1ea7u l\u00e0m quen v\u1edbi &#8220;th\u1ebf gi\u1edbi \u0111i\u1ec7n t\u1eed&#8221;. Tr\u00ean l\u1edbp, trong m\u1ed7i bu\u1ed5i h\u1ecdc c\u00f3 ph\u1ea7n h\u01b0\u1edbng d\u1eabn th\u1ef1c h\u00e0nh \u0111\u1ec3 c\u00e1c b\u1ea1n sinh vi\u00ean c\u00f3 th\u1ec3 trao \u0111\u1ed5i c\u00f9ng c\u00e1c anh ch\u1ecb, th\u1ea7y c\u00f4 h\u01b0\u1edbng d\u1eabn. Tuy v\u1eady, c\u00e1c \u2026<\/p>\n<p class=\"continue-reading-button\"> <a class=\"continue-reading-link\" href=\"https:\/\/payitforward.edu.vn\/wordpress\/tutorials\/dien-tu-co-ban-cho-sv-nam-nhat\/\">Continue reading<i class=\"crycon-right-dir\"><\/i><\/a><\/p>\n","protected":false},"author":1,"featured_media":0,"parent":72,"menu_order":5,"comment_status":"closed","ping_status":"closed","template":"","meta":{"footnotes":""},"class_list":["post-2382","page","type-page","status-publish","hentry"],"_links":{"self":[{"href":"https:\/\/payitforward.edu.vn\/wordpress\/wp-json\/wp\/v2\/pages\/2382","targetHints":{"allow":["GET"]}}],"collection":[{"href":"https:\/\/payitforward.edu.vn\/wordpress\/wp-json\/wp\/v2\/pages"}],"about":[{"href":"https:\/\/payitforward.edu.vn\/wordpress\/wp-json\/wp\/v2\/types\/page"}],"author":[{"embeddable":true,"href":"https:\/\/payitforward.edu.vn\/wordpress\/wp-json\/wp\/v2\/users\/1"}],"replies":[{"embeddable":true,"href":"https:\/\/payitforward.edu.vn\/wordpress\/wp-json\/wp\/v2\/comments?post=2382"}],"version-history":[{"count":12,"href":"https:\/\/payitforward.edu.vn\/wordpress\/wp-json\/wp\/v2\/pages\/2382\/revisions"}],"predecessor-version":[{"id":2510,"href":"https:\/\/payitforward.edu.vn\/wordpress\/wp-json\/wp\/v2\/pages\/2382\/revisions\/2510"}],"up":[{"embeddable":true,"href":"https:\/\/payitforward.edu.vn\/wordpress\/wp-json\/wp\/v2\/pages\/72"}],"wp:attachment":[{"href":"https:\/\/payitforward.edu.vn\/wordpress\/wp-json\/wp\/v2\/media?parent=2382"}],"curies":[{"name":"wp","href":"https:\/\/api.w.org\/{rel}","templated":true}]}}