{"id":2387,"date":"2016-09-24T22:21:23","date_gmt":"2016-09-24T15:21:23","guid":{"rendered":"http:\/\/www.payitforward.edu.vn\/wordpress\/?page_id=2387"},"modified":"2017-01-10T21:01:28","modified_gmt":"2017-01-10T14:01:28","slug":"bai-1","status":"publish","type":"page","link":"https:\/\/payitforward.edu.vn\/wordpress\/tutorials\/dien-tu-co-ban-cho-sv-nam-nhat\/bai-1\/","title":{"rendered":"B\u00e0i 1"},"content":{"rendered":"<h1 style=\"text-align: center;\"><span style=\"color: #008080;\">Gi\u1edbi thi\u1ec7u m\u1ed9t s\u1ed1 linh ki\u1ec7n \u0111i\u1ec7n t\u1eed v\u00e0 d\u1ee5ng c\u1ee5 c\u01a1 b\u1ea3n<\/span><\/h1>\n<p>B\u00e0i vi\u1ebft n\u00e0y nh\u1eb1m m\u1ee5c \u0111\u00edch gi\u00fap b\u1ea1n bi\u1ebft \u0111\u01b0\u1ee3c c\u00e1ch ph\u00e2n lo\u1ea1i, c\u00e1ch \u0111\u1ecdc tr\u1ecb s\u1ed1v\u00e0 c\u00f4ng d\u1ee5ng c\u1ee7a c\u00e1c linh ki\u1ec7n \u0111i\u1ec7n t\u1eed th\u00f4ng d\u1ee5ng c\u0169ng nh\u01b0 nh\u1eadn bi\u1ebft c\u00e1ch s\u1eed d\u1ee5ng c\u00e1c d\u1ee5ng c\u1ee5 \u0111i\u1ec7n t\u1eed h\u1ed7 tr\u1ee3 c\u01a1 b\u1ea3n.<\/p>\n<p>N\u1ed9i dung chi ti\u1ebft c\u00e1c b\u1ea1n tham kh\u1ea3o trong\u00a0<a href=\"https:\/\/drive.google.com\/open?id=0ByCM-o-fR1UTenhJOTluWmY0RXM\" target=\"_blank\">B\u00e0i gi\u1ea3ng 1<\/a><\/p>\n<p>Ho\u1eb7c tham kh\u1ea3o trong link sau:\u00a0<a href=\"http:\/\/www.payitforward.edu.vn\/wordpress\/tutorials\/for-beginner\/\" target=\"_blank\">http:\/\/www.payitforward.edu.vn\/wordpress\/tutorials\/for-beginner\/<\/a><\/p>\n<p>&nbsp;<\/p>\n<p>&nbsp;<\/p>\n","protected":false},"excerpt":{"rendered":"<p>Gi\u1edbi thi\u1ec7u m\u1ed9t s\u1ed1 linh ki\u1ec7n \u0111i\u1ec7n t\u1eed v\u00e0 d\u1ee5ng c\u1ee5 c\u01a1 b\u1ea3n B\u00e0i vi\u1ebft n\u00e0y nh\u1eb1m m\u1ee5c \u0111\u00edch gi\u00fap b\u1ea1n bi\u1ebft \u0111\u01b0\u1ee3c c\u00e1ch ph\u00e2n lo\u1ea1i, c\u00e1ch \u0111\u1ecdc tr\u1ecb s\u1ed1v\u00e0 c\u00f4ng d\u1ee5ng c\u1ee7a c\u00e1c linh ki\u1ec7n \u0111i\u1ec7n t\u1eed th\u00f4ng d\u1ee5ng c\u0169ng nh\u01b0 nh\u1eadn bi\u1ebft c\u00e1ch s\u1eed d\u1ee5ng c\u00e1c d\u1ee5ng c\u1ee5 \u0111i\u1ec7n t\u1eed h\u1ed7 tr\u1ee3 c\u01a1 b\u1ea3n. N\u1ed9i dung chi ti\u1ebft c\u00e1c b\u1ea1n tham kh\u1ea3o trong\u00a0B\u00e0i gi\u1ea3ng 1 Ho\u1eb7c tham kh\u1ea3o trong link sau:\u00a0http:\/\/www.payitforward.edu.vn\/wordpress\/tutorials\/for-beginner\/ &nbsp; &nbsp;<\/p>\n<p class=\"continue-reading-button\"> <a class=\"continue-reading-link\" href=\"https:\/\/payitforward.edu.vn\/wordpress\/tutorials\/dien-tu-co-ban-cho-sv-nam-nhat\/bai-1\/\">Continue reading<i class=\"crycon-right-dir\"><\/i><\/a><\/p>\n","protected":false},"author":1,"featured_media":0,"parent":2382,"menu_order":0,"comment_status":"closed","ping_status":"closed","template":"","meta":{"footnotes":""},"class_list":["post-2387","page","type-page","status-publish","hentry"],"_links":{"self":[{"href":"https:\/\/payitforward.edu.vn\/wordpress\/wp-json\/wp\/v2\/pages\/2387","targetHints":{"allow":["GET"]}}],"collection":[{"href":"https:\/\/payitforward.edu.vn\/wordpress\/wp-json\/wp\/v2\/pages"}],"about":[{"href":"https:\/\/payitforward.edu.vn\/wordpress\/wp-json\/wp\/v2\/types\/page"}],"author":[{"embeddable":true,"href":"https:\/\/payitforward.edu.vn\/wordpress\/wp-json\/wp\/v2\/users\/1"}],"replies":[{"embeddable":true,"href":"https:\/\/payitforward.edu.vn\/wordpress\/wp-json\/wp\/v2\/comments?post=2387"}],"version-history":[{"count":5,"href":"https:\/\/payitforward.edu.vn\/wordpress\/wp-json\/wp\/v2\/pages\/2387\/revisions"}],"predecessor-version":[{"id":2772,"href":"https:\/\/payitforward.edu.vn\/wordpress\/wp-json\/wp\/v2\/pages\/2387\/revisions\/2772"}],"up":[{"embeddable":true,"href":"https:\/\/payitforward.edu.vn\/wordpress\/wp-json\/wp\/v2\/pages\/2382"}],"wp:attachment":[{"href":"https:\/\/payitforward.edu.vn\/wordpress\/wp-json\/wp\/v2\/media?parent=2387"}],"curies":[{"name":"wp","href":"https:\/\/api.w.org\/{rel}","templated":true}]}}