{"id":2454,"date":"2016-10-17T17:57:48","date_gmt":"2016-10-17T10:57:48","guid":{"rendered":"http:\/\/www.payitforward.edu.vn\/wordpress\/?page_id=2454"},"modified":"2016-10-20T20:48:20","modified_gmt":"2016-10-20T13:48:20","slug":"nasbot","status":"publish","type":"page","link":"https:\/\/payitforward.edu.vn\/wordpress\/contests\/nasbot\/","title":{"rendered":"NASbot"},"content":{"rendered":"<blockquote><p>Cu\u1ed9c thi robot tr\u00ecnh \u0111\u1ed9 m\u1eabu gi\u00e1o d\u00e0nh cho sinh vi\u00ean B\u00e1ch Khoa, ph\u00f9 h\u1ee3p v\u1edbi tu\u1ed5i tr\u1ebb n\u00f4ng n\u1ed5i v\u00e0 t\u0103ng \u0111\u1ed9ng, \u00e0 nh\u1ea7m, s\u00f4i n\u1ed5i v\u00e0 n\u0103ng \u0111\u1ed9ng.<\/p><\/blockquote>\n<h1 style=\"text-align: center;\"><span style=\"color: #ff6600;\">NaSBot Contest 2016<\/span><\/h1>\n<h2><span style=\"color: #008080;\">It is Not-a-Stupid Robot<\/span><\/h2>\n<p>NaSbot \u0111\u01b0\u1ee3c t\u1ed5 ch\u1ee9c \u0111\u1ec3 ph\u1ed5 c\u1eadp ki\u1ebfn th\u1ee9c v\u1ec1 robot cho c\u00e1c b\u1ea1n tr\u1ebb.<\/p>\n<p>C\u00e1c b\u1ea1n tr\u1ebb tr\u00ecnh \u0111\u1ed9 g\u00e0 m\u1edd s\u1ebd b\u1eaft \u0111\u1ea7u t\u1eeb \u0111\u00e2u \u0111\u1ec3 t\u1ef1 t\u1ea1o n\u00ean m\u1ed9t con robot \u0111\u1ee7 kh\u00f4n \u0111\u1ec3 c\u00f3 th\u1ec3 ch\u1ea1y m\u1ed9t v\u00e0i t\u00e1c v\u1ee5 \u0111\u01a1n gi\u1ea3n?<\/p>\n<p>M\u1ed9t trong nh\u1eefng c\u00e1ch kh\u1ea3 thi l\u00e0 tham d\u1ef1 cu\u1ed9c thi do C\u00e2u l\u1ea1c b\u1ed9 Nghi\u00ean C\u1ee9u Khoa H\u1ecdc Khoa \u0110i\u1ec7n &#8211; \u0110i\u1ec7n t\u1eed t\u1ed5 ch\u1ee9c v\u00e0o th\u00e1ng 10 \u0111\u1ebfn th\u00e1ng 11, 2016.<\/p>\n<p>Kh\u00f4ng ch\u1ec9 \u0111\u01a1n gi\u1ea3n l\u00e0 \u0111i thi, b\u1ea1n s\u1ebd \u0111\u01b0\u1ee3c h\u01b0\u1edbng d\u1eabn \u0111\u1ec3 t\u1ef1 tay l\u00e0m n\u00ean robot c\u1ee7a ch\u00ednh m\u00ecnh.<\/p>\n<p>(v\u00e0 c\u1ea7u nguy\u1ec7n cho n\u00f3 ch\u1ea1y).<\/p>\n<p><img loading=\"lazy\" decoding=\"async\" class=\"aligncenter size-large\" src=\"https:\/\/s-media-cache-ak0.pinimg.com\/originals\/75\/7b\/8c\/757b8c10d49ed8669185dc4dda6fb3b1.png\" alt=\"\" width=\"1500\" height=\"2000\" \/><\/p>\n<h3>\u0110\u0103ng k\u00fd<\/h3>\n<p>\u0110\u1ec3 \u0111\u0103ng k\u00fd d\u1ef1 thi b\u1ea1n c\u1ea7n ph\u1ea3i l\u1eadp team 2-3 ng\u01b0\u1eddi:<\/p>\n<ol>\n<li>Ch\u1ea3 bi\u1ebft t\u00ed g\u00ec v\u1ec1 robot.<\/li>\n<li>L\u00e0 Sinh vi\u00ean B\u00e1ch Khoa tr\u1ebb kho\u1ebb (K2016 \u0111\u1ebfn K2014, gi\u00e0 y\u1ebfu kh\u00f4ng ch\u01a1i).<\/li>\n<li>\u0110\u0103ng k\u00fd t\u1ea1i link: &lt;<a href=\"https:\/\/docs.google.com\/forms\/d\/e\/1FAIpQLSdwJbhgW3Aau2CPgw3f6JNr5QhclQ9ucd1n8sph1T39dBkQ5w\/viewform\" target=\"_blank\">Link<\/a>&gt;<\/li>\n<li>Nh\u1eadn \u0111\u0103ng k\u00fd t\u1edbi <span style=\"color: #ff6600;\"><strong>30 teams<\/strong><\/span> th\u00ec ch\u1ed1t s\u1ed5.<\/li>\n<\/ol>\n<h2><span style=\"color: #008080;\">V\u00f2ng g\u1eedi xe: 20\/10-10\/11\/2016<\/span><\/h2>\n<p>Cu\u1ed9c thi s\u1eed d\u1ee5ng KIT TM4C123G Launchpad c\u1ee7a h\u00e3ng Texas Instruments (TI), v\u1edbi Vi \u0111i\u1ec1u khi\u1ec3n thu\u1ed9c d\u00f2ng ARM Cortex-M4:<\/p>\n<ol>\n<li>TI l\u00e0 nh\u00e0 t\u00e0i tr\u1ee3 ch\u00ednh c\u1ee7a cu\u1ed9c thi.<\/li>\n<li>T\u00e0i li\u1ec7u v\u00e0 video clip h\u01b0\u1edbng d\u1eabn b\u1eb1ng ti\u1ebfng Vi\u1ec7t.<\/li>\n<li>\u0110\u01b0\u1ee3c m\u01b0\u1ee3n KIT.<\/li>\n<li>\u0110\u01b0\u1ee3c h\u01b0\u1edbng d\u1eabn h\u1ecdc code v\u1edbi KIT.<\/li>\n<\/ol>\n<p>Th\u1ec3 l\u1ec7 v\u00f2ng g\u1eedi xe<\/p>\n<ul>\n<li>Sau khi nh\u1eadn KIT v\u00e0 tham gia 3 bu\u1ed5i training, c\u00e1c b\u1ea1n s\u1ebd thi v\u00f2ng G\u1eedi xe v\u00e0o 06\/11\/2016.<\/li>\n<li>\u0110\u1ec1 thi xem \u1edf ph\u1ea7n d\u01b0\u1edbi.<\/li>\n<li>Ti\u00eau ch\u00ed ch\u1ea5m \u0111i\u1ec3m: K\u1ef9 thu\u1eadt &#8211; S\u00e1ng t\u1ea1o &#8211; Ho\u00e0n thi\u1ec7n.<\/li>\n<\/ul>\n<h3>\u0110\u1ec1 thi v\u00f2ng G\u1eedi xe<\/h3>\n<p>S\u1eed d\u1ee5ng KIT TM4C123G Launchpad \u0111\u1ec3 t\u1ea1o m\u1ed9t s\u1ea3n ph\u1ea9m (th\u1ef1c hi\u1ec7n c\u1ea3 ph\u1ea7n c\u1ee9ng v\u00e0 ph\u1ea7n m\u1ec1m) ch\u1ee9ng t\u1ecf s\u1ee9c m\u1ea1nh c\u1ee7a \u0111\u1ed9i.<\/p>\n<p>Ch\u1ec9 c\u1ea7n ph\u00f4 di\u1ec5n kh\u1ea3 n\u0103ng, kh\u00f4ng gi\u1edbi h\u1ea1n ch\u1ee7 \u0111\u1ec1.<\/p>\n<h2 class=\"Boxheading-medium\"><span style=\"color: #008080;\">V\u00f2ng robot<\/span><\/h2>\n<p>Ch\u1ec9 <strong>10 \u0111\u1ed9i<\/strong> xu\u1ea5t s\u1eafc nh\u1ea5t v\u00f2ng G\u1eedi xe m\u1edbi \u0111\u01b0\u1ee3c thi ti\u1ebfp v\u00f2ng robot. C\u00e1c b\u1ea1n s\u1ebd \u0111\u01b0\u1ee3c training ti\u1ebfp v\u1ec1 robot, thu\u1eadt to\u00e1n ch\u1ea1y robot, thi\u1ebft k\u1ebf c\u01a1 kh\u00ed.<\/p>\n<ul>\n<li>S\u1eed d\u1ee5ng KIT \u0111i\u1ec1u khi\u1ec3n ch\u00ednh \u0111\u00e3 c\u00f3 \u1edf V\u00f2ng g\u1eedi xe.<\/li>\n<li>\u0110\u01b0\u1ee3c m\u01b0\u1ee3n b\u00e1nh xe, motor, m\u1ea1ch c\u00f4ng su\u1ea5t \u0111i\u1ec1u khi\u1ec3n \u0111\u1ed9ng c\u01a1.<\/li>\n<li>T\u1ef1 thi\u1ebft k\u1ebf robot cute theo \u00fd m\u00ecnh.<\/li>\n<li>Code cho robot c\u1ee7a m\u00ecnh tr\u1edf n\u00ean kh\u00f4n h\u01a1n.<\/li>\n<\/ul>\n<h3>Line-following robot<\/h3>\n<ul>\n<li>Robot d\u00f2 line do ch\u00ednh tay c\u00e1c b\u1ea1n l\u00e0m n\u00ean.<\/li>\n<li>\u0110\u1ec1 thi s\u1ebd \u0111\u01b0\u1ee3c t\u0103ng gi\u1ea3m \u0111\u1ed9 kh\u00f3 tu\u1ef3 theo level c\u1ee7a c\u00e1c b\u1ea1n.<\/li>\n<li>C\u00e1c b\u1ea1n th\u1ef1c h\u00e0nh ngay tr\u00ean s\u00e2n t\u1eadp \u1edf nh\u00e0 B1 (c\u00f3 th\u1ec3 th\u00eam s\u00e2n \u1edf H6, khi c\u00f3 c\u00e1c \u0111\u1ed9i K15, K16 tham d\u1ef1).<\/li>\n<\/ul>\n<h2 class=\"Boxheading-medium\"><span style=\"color: #008080;\">Tham gia th\u00ec c\u00f3 g\u00ec vui?<\/span><\/h2>\n<p>Tham gia cu\u1ed9c thi, b\u1ea1n \u0111\u01b0\u1ee3c h\u01b0\u1edbng d\u1eabn t\u1eeb ch\u1ed7 kh\u00f4ng bi\u1ebft g\u00ec v\u1eabn c\u00f3 th\u1ec3 l\u00e0m \u0111\u01b0\u1ee3c m\u1ed9t \u0111i\u1ec1u th\u00fa v\u1ecb \u0111\u00e1ng k\u1ec3. Ki\u1ebfn th\u1ee9c s\u1ebd l\u00e0 \u0111i\u1ec1u l\u1edbn lao nh\u1ea5t cu\u1ed9c thi mang l\u1ea1i cho b\u1ea1n.<\/p>\n<p>Sau cu\u1ed9c thi b\u1ea1n s\u1ebd bi\u1ebft nhi\u1ec1u h\u01a1n, tinh th\u1ea7n s\u1ea3ng kho\u00e1i h\u01a1n, kinh nghi\u1ec7m kh\u00e1 th\u00eam m\u1ed9t \u00edt. Ch\u00fang t\u00f4i tin t\u01b0\u1edfng c\u00e1c b\u1ea1n sau n\u00e0y s\u1ebd l\u00e0 nh\u1eefng k\u1ef9 s\u01b0 \u01b0u t\u00fa v\u00e0 s\u1ebd t\u1ea1o n\u00ean nh\u1eefng th\u00e0nh qu\u1ea3 \u0111\u00e1ng t\u1ef1 h\u00e0o.<\/p>\n<blockquote><p><em>Kh<\/em><em>\u1edf<\/em><em>i <\/em><em>\u0111\u1ea7<\/em><em>u lu\u00f4n lu\u00f4n kh\u00f3 kh<\/em><em>\u0103<\/em><em>n. Ch\u00fang t\u00f4i <\/em><em>\u0111<\/em><em>\u00e3 t<\/em><em>\u1eeb<\/em><em>ng tr<\/em><em>\u1ea3<\/em><em>i qua kho<\/em><em>\u1ea3<\/em><em>ng th<\/em><em>\u1edd<\/em><em>i gian <\/em><em>\u0111<\/em><em>\u00f3.<\/em><\/p>\n<p><em>M<\/em><em>\u1ed7<\/em><em>i con <\/em><em>\u0111\u1ea1<\/em><em>i b\u00e0ng <\/em><em>\u0111\u1ec1<\/em><em>u ph<\/em><em>\u1ea3<\/em><em>i t<\/em><em>\u1ead<\/em><em>p bay, h\u00e3y <\/em><em>\u0111\u1ec3<\/em><em> Pay It Forward <\/em><em>\u0111<\/em><em>i c\u00f9ng b<\/em><em>\u1ea1<\/em><em>n.<\/em><\/p><\/blockquote>\n<h2><span style=\"color: #008080;\">T\u1ed5 ch\u1ee9c b\u1edfi<\/span><\/h2>\n<h4>Pay It Forward Club<\/h4>\n<p>C\u00e2u l\u1ea1c b\u1ed9 Nghi\u00ean C\u1ee9u Khoa H\u1ecdc Khoa \u0110i\u1ec7n &#8211; \u0110i\u1ec7n t\u1eed, \u0110\u1ea1i h\u1ecdc B\u00e1ch Khoa TP. H\u1ed3 Ch\u00ed Minh.<\/p>\n<h2><span style=\"color: #008080;\">Nh\u00e0 t\u00e0i tr\u1ee3<\/span><\/h2>\n<p>Nh\u00e0 t\u00e0i tr\u1ee3 ch\u00ednh: Texas Instruments Vi\u1ec7t Nam<\/p>\n<p><a href=\"http:\/\/www.ti.com\/\"><img loading=\"lazy\" decoding=\"async\" class=\"alignnone\" src=\"https:\/\/s-media-cache-ak0.pinimg.com\/originals\/ca\/ee\/d0\/caeed04f7a2f3524fe448d0f43d7b881.png\" width=\"341\" height=\"80\" \/><\/a><\/p>\n<p>Nh\u00e0 \u0111\u1ed3ng t\u00e0i tr\u1ee3:<\/p>\n<p><a href=\"http:\/\/piflab.io\/\"><img loading=\"lazy\" decoding=\"async\" class=\"alignnone \" src=\"https:\/\/s-media-cache-ak0.pinimg.com\/originals\/45\/ad\/a3\/45ada38332fa3cb91c8378631ce101a2.png\" alt=\"\" width=\"166\" height=\"60\" \/><\/a><a href=\"http:\/\/tienphongsemi.com\/trang-chu.html\"><img loading=\"lazy\" decoding=\"async\" class=\"alignnone \" src=\"https:\/\/s-media-cache-ak0.pinimg.com\/originals\/c0\/1e\/d7\/c01ed7eb6eb908d3ece68c7a15553ae7.png\" alt=\"\" width=\"75\" height=\"60\" \/><\/a>\u00a0 \u00a0<a href=\"http:\/\/batfun.vn\/\"><img loading=\"lazy\" decoding=\"async\" class=\"alignnone \" src=\"https:\/\/s-media-cache-ak0.pinimg.com\/564x\/e7\/cd\/19\/e7cd193b45656a8c268a856531876b72.jpg\" alt=\"\" width=\"105\" height=\"60\" \/><\/a><\/p>\n<h3>Th\u1eafc m\u1eafc c\u1ea7n support?<\/h3>\n<p>Email: pif.forum@gmail.com<\/p>\n<p>Forum: <a href=\"http:\/\/www.payitforward.edu.vn\/forum\/\" target=\"_blank\">payitforward.edu.vn\/forum<\/a><\/p>\n<p>Facebook: <a href=\"https:\/\/www.facebook.com\/payitforward.edu.vn\" target=\"_blank\">fb.com\/payitforward.edu.vn<\/a><\/p>\n","protected":false},"excerpt":{"rendered":"<p>Cu\u1ed9c thi robot tr\u00ecnh \u0111\u1ed9 m\u1eabu gi\u00e1o d\u00e0nh cho sinh vi\u00ean B\u00e1ch Khoa, ph\u00f9 h\u1ee3p v\u1edbi tu\u1ed5i tr\u1ebb n\u00f4ng n\u1ed5i v\u00e0 t\u0103ng \u0111\u1ed9ng, \u00e0 nh\u1ea7m, s\u00f4i n\u1ed5i v\u00e0 n\u0103ng \u0111\u1ed9ng. NaSBot Contest 2016 It is Not-a-Stupid Robot NaSbot \u0111\u01b0\u1ee3c t\u1ed5 ch\u1ee9c \u0111\u1ec3 ph\u1ed5 c\u1eadp ki\u1ebfn th\u1ee9c v\u1ec1 robot cho c\u00e1c b\u1ea1n tr\u1ebb. C\u00e1c b\u1ea1n tr\u1ebb tr\u00ecnh \u0111\u1ed9 g\u00e0 m\u1edd s\u1ebd b\u1eaft \u0111\u1ea7u t\u1eeb \u0111\u00e2u \u0111\u1ec3 t\u1ef1 t\u1ea1o n\u00ean m\u1ed9t con robot \u0111\u1ee7 kh\u00f4n \u0111\u1ec3 c\u00f3 th\u1ec3 ch\u1ea1y m\u1ed9t v\u00e0i t\u00e1c v\u1ee5 \u0111\u01a1n gi\u1ea3n? M\u1ed9t trong nh\u1eefng c\u00e1ch kh\u1ea3 thi l\u00e0 tham d\u1ef1 cu\u1ed9c thi do C\u00e2u l\u1ea1c b\u1ed9 Nghi\u00ean C\u1ee9u \u2026<\/p>\n<p class=\"continue-reading-button\"> <a class=\"continue-reading-link\" href=\"https:\/\/payitforward.edu.vn\/wordpress\/contests\/nasbot\/\">Continue reading<i class=\"crycon-right-dir\"><\/i><\/a><\/p>\n","protected":false},"author":1,"featured_media":0,"parent":897,"menu_order":4,"comment_status":"closed","ping_status":"closed","template":"","meta":{"footnotes":""},"class_list":["post-2454","page","type-page","status-publish","hentry"],"_links":{"self":[{"href":"https:\/\/payitforward.edu.vn\/wordpress\/wp-json\/wp\/v2\/pages\/2454","targetHints":{"allow":["GET"]}}],"collection":[{"href":"https:\/\/payitforward.edu.vn\/wordpress\/wp-json\/wp\/v2\/pages"}],"about":[{"href":"https:\/\/payitforward.edu.vn\/wordpress\/wp-json\/wp\/v2\/types\/page"}],"author":[{"embeddable":true,"href":"https:\/\/payitforward.edu.vn\/wordpress\/wp-json\/wp\/v2\/users\/1"}],"replies":[{"embeddable":true,"href":"https:\/\/payitforward.edu.vn\/wordpress\/wp-json\/wp\/v2\/comments?post=2454"}],"version-history":[{"count":15,"href":"https:\/\/payitforward.edu.vn\/wordpress\/wp-json\/wp\/v2\/pages\/2454\/revisions"}],"predecessor-version":[{"id":2483,"href":"https:\/\/payitforward.edu.vn\/wordpress\/wp-json\/wp\/v2\/pages\/2454\/revisions\/2483"}],"up":[{"embeddable":true,"href":"https:\/\/payitforward.edu.vn\/wordpress\/wp-json\/wp\/v2\/pages\/897"}],"wp:attachment":[{"href":"https:\/\/payitforward.edu.vn\/wordpress\/wp-json\/wp\/v2\/media?parent=2454"}],"curies":[{"name":"wp","href":"https:\/\/api.w.org\/{rel}","templated":true}]}}