{"id":246,"date":"2010-05-17T01:32:47","date_gmt":"2010-05-16T18:32:47","guid":{"rendered":"http:\/\/www.payitforward.edu.vn\/wordpress\/?page_id=246"},"modified":"2017-07-31T02:58:07","modified_gmt":"2017-07-30T19:58:07","slug":"bai-7","status":"publish","type":"page","link":"https:\/\/payitforward.edu.vn\/wordpress\/tutorials\/orcad\/bai-7\/","title":{"rendered":"B\u00e0i 7"},"content":{"rendered":"<p>T\u00e0i li\u1ec7u n\u00e0y \u0111\u01b0\u1ee3c bi\u00ean so\u1ea1n kh\u00f4ng nh\u1eb1m v\u00e0o b\u1ea5t k\u1ef3 m\u1ee5c \u0111\u00edch n\u00e0o mang   t\u00ednh th\u01b0\u01a1ng m\u1ea1i. B\u1ea1n c\u00f3 quy\u1ec1n sao ch\u00e9p, s\u1eeda ch\u1eefa v\u00e0 ph\u00e2n ph\u00e1t b\u1eb1ng b\u1ea5t   k\u1ef3 h\u00ecnh th\u1ee9c n\u00e0o. H\u00e3y s\u1eed d\u1ee5ng t\u00e0i li\u1ec7u n\u00e0y, s\u1eeda ch\u1eefa, b\u1ed5 sung v\u00e0 g\u1eedi cho   nh\u1eefng ai c\u1ea7n n\u00f3. Ch\u00fang t\u00f4i kh\u00f4ng \u0111\u1ec1 t\u00ean t\u00e1c gi\u1ea3 bi\u00ean so\u1ea1n. T\u00e0i li\u1ec7u  n\u00e0y  thu\u1ed9c quy\u1ec1n s\u1edf h\u1eefu nh\u1eefng ai \u0111ang d\u00f9ng n\u00f3.<\/p>\n<p>Pay it forward\u2026<\/p>\n<h2><span style=\"text-decoration: underline;\">B\u00e0i 7:<\/span><\/h2>\n<h1 style=\"text-align: center;\">Gi\u1edbi thi\u1ec7u th\u01b0 vi\u1ec7n v\u00e0 footprint<\/h1>\n<h1 style=\"text-align: center;\">trong Layout<\/h1>\n<p>&#8211; Click Library Manager \u0111\u1ec3 v\u00e0o th\u01b0 vi\u1ec7n layout<\/p>\n<p>&#8211; Add th\u00eam th\u01b0 vi\u1ec7n.<\/p>\n<p>&#8211; Gi\u1edbi thi\u1ec7u t\u1ed5ng qu\u00e1t v\u1ec1 th\u01b0 vi\u1ec7n \/ ki\u1ec3u ch\u00e2n (footprint)<\/p>\n<p>&#8211; Kho\u1ea3ng c\u00e1ch 2 \u00f4 m\u1eb7c \u0111\u1ecbnh = 0.1 inch (1\/10 inch) = kho\u1ea3ng c\u00e1ch ch\u00e2n IC<\/p>\n<p>&#8211; T\u1ea1o th\u01b0 vi\u1ec7n m\u1edbi.<\/p>\n<p>&#8211; C\u00e1ch \u0111\u1ecbnh k\u00edch th\u01b0\u1edbc \/ h\u00ecnh d\u1ea1ng cho pad linh ki\u1ec7n &#8211;&gt; Pin Tool &#8211;&gt; Shift+T<\/p>\n<p>&#8211; C\u00e1ch chuy\u1ec3n lo\u1ea1i \u0111\u01a1n v\u1ecb: mil &#8211; cm &#8211; mm. 34mil = 0.8mm, 39mil = 1mm<\/p>\n<p><iframe loading=\"lazy\" width=\"640\" height=\"480\" src=\"http:\/\/www.youtube-nocookie.com\/embed\/KB4EwEyGbAM\" frameborder=\"0\" allowfullscreen><\/iframe><\/p>\n","protected":false},"excerpt":{"rendered":"<p>T\u00e0i li\u1ec7u n\u00e0y \u0111\u01b0\u1ee3c bi\u00ean so\u1ea1n kh\u00f4ng nh\u1eb1m v\u00e0o b\u1ea5t k\u1ef3 m\u1ee5c \u0111\u00edch n\u00e0o mang t\u00ednh th\u01b0\u01a1ng m\u1ea1i. B\u1ea1n c\u00f3 quy\u1ec1n sao ch\u00e9p, s\u1eeda ch\u1eefa v\u00e0 ph\u00e2n ph\u00e1t b\u1eb1ng b\u1ea5t k\u1ef3 h\u00ecnh th\u1ee9c n\u00e0o. H\u00e3y s\u1eed d\u1ee5ng t\u00e0i li\u1ec7u n\u00e0y, s\u1eeda ch\u1eefa, b\u1ed5 sung v\u00e0 g\u1eedi cho nh\u1eefng ai c\u1ea7n n\u00f3. Ch\u00fang t\u00f4i kh\u00f4ng \u0111\u1ec1 t\u00ean t\u00e1c gi\u1ea3 bi\u00ean so\u1ea1n. T\u00e0i li\u1ec7u n\u00e0y thu\u1ed9c quy\u1ec1n s\u1edf h\u1eefu nh\u1eefng ai \u0111ang d\u00f9ng n\u00f3. Pay it forward\u2026 B\u00e0i 7: Gi\u1edbi thi\u1ec7u th\u01b0 vi\u1ec7n v\u00e0 footprint trong Layout &#8211; Click Library Manager \u0111\u1ec3 v\u00e0o th\u01b0 vi\u1ec7n layout &#8211; Add th\u00eam th\u01b0 vi\u1ec7n. &#8211; \u2026<\/p>\n<p class=\"continue-reading-button\"> <a class=\"continue-reading-link\" href=\"https:\/\/payitforward.edu.vn\/wordpress\/tutorials\/orcad\/bai-7\/\">Continue reading<i class=\"crycon-right-dir\"><\/i><\/a><\/p>\n","protected":false},"author":1,"featured_media":0,"parent":140,"menu_order":7,"comment_status":"closed","ping_status":"open","template":"","meta":{"footnotes":""},"class_list":["post-246","page","type-page","status-publish","hentry"],"_links":{"self":[{"href":"https:\/\/payitforward.edu.vn\/wordpress\/wp-json\/wp\/v2\/pages\/246","targetHints":{"allow":["GET"]}}],"collection":[{"href":"https:\/\/payitforward.edu.vn\/wordpress\/wp-json\/wp\/v2\/pages"}],"about":[{"href":"https:\/\/payitforward.edu.vn\/wordpress\/wp-json\/wp\/v2\/types\/page"}],"author":[{"embeddable":true,"href":"https:\/\/payitforward.edu.vn\/wordpress\/wp-json\/wp\/v2\/users\/1"}],"replies":[{"embeddable":true,"href":"https:\/\/payitforward.edu.vn\/wordpress\/wp-json\/wp\/v2\/comments?post=246"}],"version-history":[{"count":12,"href":"https:\/\/payitforward.edu.vn\/wordpress\/wp-json\/wp\/v2\/pages\/246\/revisions"}],"predecessor-version":[{"id":2560,"href":"https:\/\/payitforward.edu.vn\/wordpress\/wp-json\/wp\/v2\/pages\/246\/revisions\/2560"}],"up":[{"embeddable":true,"href":"https:\/\/payitforward.edu.vn\/wordpress\/wp-json\/wp\/v2\/pages\/140"}],"wp:attachment":[{"href":"https:\/\/payitforward.edu.vn\/wordpress\/wp-json\/wp\/v2\/media?parent=246"}],"curies":[{"name":"wp","href":"https:\/\/api.w.org\/{rel}","templated":true}]}}