{"id":2488,"date":"2016-10-25T21:16:25","date_gmt":"2016-10-25T14:16:25","guid":{"rendered":"http:\/\/www.payitforward.edu.vn\/wordpress\/?page_id=2488"},"modified":"2017-01-10T20:58:06","modified_gmt":"2017-01-10T13:58:06","slug":"bai-3","status":"publish","type":"page","link":"https:\/\/payitforward.edu.vn\/wordpress\/tutorials\/dien-tu-co-ban-cho-sv-nam-nhat\/bai-3\/","title":{"rendered":"B\u00e0i 3"},"content":{"rendered":"<h1 style=\"text-align: center;\"><span style=\"color: #008080;\">Gi\u1edbi thi\u1ec7u v\u1ec1 ph\u1ea7n m\u1ec1m Proteus v\u00e0 th\u1ef1c hi\u1ec7n ch\u1ee9c n\u0103ng m\u00f4 ph\u1ecfng<\/span><\/h1>\n<p style=\"text-align: justify;\">Proteus l\u00e0 m\u1ed9t ph\u1ea7n m\u1ec1m \u00a0c\u1ee7a Labcenter Electronics. Ph\u1ea7n m\u1ec1m bao g\u1ed3m c\u00e1c ch\u1ee9c n\u0103ng c\u01a1 b\u1ea3n trong ng\u00e0nh \u0111i\u1ec7n t\u1eed nh\u01b0 v\u1ebd nguy\u00ean l\u00fd, layout PCB v\u00e0 \u0111\u1eb7t bi\u1ec7t l\u00e0 ch\u1ee9c n\u0103ng m\u00f4 ph\u1ecfng m\u1ea1ch \u0111i\u1ec7n. N\u00f3 h\u1ed7 tr\u1ee3 m\u00f4 ph\u1ecfng h\u1ea7u h\u1ebft c\u00e1c linh ki\u1ec7n \u0111i\u1ec7n t\u1eed th\u00f4ng d\u1ee5ng v\u00e0 \u0111\u1eb7c bi\u1ec7t l\u00e0 c\u00e1c\u00a0MCU\u00a0vi \u0111i\u1ec1u khi\u1ec3n nh\u01b0 8051, AVR, PIC, STM, MSP430,..<\/p>\n<p style=\"text-align: justify;\">B\u00e0i n\u00e0y nh\u1eb1m m\u1ee5c \u0111\u00edch h\u01b0\u1edbng d\u1eabn c\u00e1c b\u1ea1n c\u00e1ch c\u00e0i \u0111\u1eb7t c\u0169ng nh\u01b0 s\u1eed d\u1ee5ng ch\u1ee9c n\u0103ng m\u00f4 ph\u1ecfng c\u1ee7a ph\u1ea7n m\u1ec1m Proteus.<\/p>\n<p style=\"text-align: justify;\">H\u01b0\u1edbng d\u1eabn c\u00e0i \u0111\u1eb7t c\u00e1c b\u1ea1n tham kh\u1ea3o trong link sau:<a href=\"https:\/\/drive.google.com\/file\/d\/0B6Rvij4hfuXRcnpsbDkxdmE0dUE\/view\" target=\"_blank\">[Link h\u01b0\u1edbng d\u1eabn c\u00e0i \u0111\u1eb7t]<\/a><\/p>\n<p style=\"text-align: justify;\">Gi\u1edbi thi\u1ec7u s\u01a1 l\u01b0\u1ee3c v\u1ec1 ch\u1ee9c n\u0103ng m\u00f4 ph\u1ecfng c\u00f3 trong link sau:\u00a0<a href=\"https:\/\/drive.google.com\/file\/d\/0B6Rvij4hfuXRdlUxTEZJQThBMDQ\/view\">[Link t\u00e0i li\u1ec7u h\u01b0\u1edbng d\u1eabn m\u00f4 ph\u1ecfng]<\/a><\/p>\n","protected":false},"excerpt":{"rendered":"<p>Gi\u1edbi thi\u1ec7u v\u1ec1 ph\u1ea7n m\u1ec1m Proteus v\u00e0 th\u1ef1c hi\u1ec7n ch\u1ee9c n\u0103ng m\u00f4 ph\u1ecfng Proteus l\u00e0 m\u1ed9t ph\u1ea7n m\u1ec1m \u00a0c\u1ee7a Labcenter Electronics. Ph\u1ea7n m\u1ec1m bao g\u1ed3m c\u00e1c ch\u1ee9c n\u0103ng c\u01a1 b\u1ea3n trong ng\u00e0nh \u0111i\u1ec7n t\u1eed nh\u01b0 v\u1ebd nguy\u00ean l\u00fd, layout PCB v\u00e0 \u0111\u1eb7t bi\u1ec7t l\u00e0 ch\u1ee9c n\u0103ng m\u00f4 ph\u1ecfng m\u1ea1ch \u0111i\u1ec7n. N\u00f3 h\u1ed7 tr\u1ee3 m\u00f4 ph\u1ecfng h\u1ea7u h\u1ebft c\u00e1c linh ki\u1ec7n \u0111i\u1ec7n t\u1eed th\u00f4ng d\u1ee5ng v\u00e0 \u0111\u1eb7c bi\u1ec7t l\u00e0 c\u00e1c\u00a0MCU\u00a0vi \u0111i\u1ec1u khi\u1ec3n nh\u01b0 8051, AVR, PIC, STM, MSP430,.. B\u00e0i n\u00e0y nh\u1eb1m m\u1ee5c \u0111\u00edch h\u01b0\u1edbng d\u1eabn c\u00e1c b\u1ea1n c\u00e1ch c\u00e0i \u0111\u1eb7t c\u0169ng nh\u01b0 s\u1eed d\u1ee5ng ch\u1ee9c n\u0103ng m\u00f4 ph\u1ecfng c\u1ee7a ph\u1ea7n m\u1ec1m \u2026<\/p>\n<p class=\"continue-reading-button\"> <a class=\"continue-reading-link\" href=\"https:\/\/payitforward.edu.vn\/wordpress\/tutorials\/dien-tu-co-ban-cho-sv-nam-nhat\/bai-3\/\">Continue reading<i class=\"crycon-right-dir\"><\/i><\/a><\/p>\n","protected":false},"author":6,"featured_media":0,"parent":2382,"menu_order":2,"comment_status":"closed","ping_status":"closed","template":"","meta":{"footnotes":""},"class_list":["post-2488","page","type-page","status-publish","hentry"],"_links":{"self":[{"href":"https:\/\/payitforward.edu.vn\/wordpress\/wp-json\/wp\/v2\/pages\/2488","targetHints":{"allow":["GET"]}}],"collection":[{"href":"https:\/\/payitforward.edu.vn\/wordpress\/wp-json\/wp\/v2\/pages"}],"about":[{"href":"https:\/\/payitforward.edu.vn\/wordpress\/wp-json\/wp\/v2\/types\/page"}],"author":[{"embeddable":true,"href":"https:\/\/payitforward.edu.vn\/wordpress\/wp-json\/wp\/v2\/users\/6"}],"replies":[{"embeddable":true,"href":"https:\/\/payitforward.edu.vn\/wordpress\/wp-json\/wp\/v2\/comments?post=2488"}],"version-history":[{"count":4,"href":"https:\/\/payitforward.edu.vn\/wordpress\/wp-json\/wp\/v2\/pages\/2488\/revisions"}],"predecessor-version":[{"id":2508,"href":"https:\/\/payitforward.edu.vn\/wordpress\/wp-json\/wp\/v2\/pages\/2488\/revisions\/2508"}],"up":[{"embeddable":true,"href":"https:\/\/payitforward.edu.vn\/wordpress\/wp-json\/wp\/v2\/pages\/2382"}],"wp:attachment":[{"href":"https:\/\/payitforward.edu.vn\/wordpress\/wp-json\/wp\/v2\/media?parent=2488"}],"curies":[{"name":"wp","href":"https:\/\/api.w.org\/{rel}","templated":true}]}}