{"id":2497,"date":"2016-12-20T10:56:03","date_gmt":"2016-12-20T03:56:03","guid":{"rendered":"http:\/\/www.payitforward.edu.vn\/wordpress\/?page_id=2497"},"modified":"2016-12-21T09:39:55","modified_gmt":"2016-12-21T02:39:55","slug":"happyled-lan-5","status":"publish","type":"page","link":"https:\/\/payitforward.edu.vn\/wordpress\/contests\/led-design-contest\/happyled-lan-5\/","title":{"rendered":"HappyLED L\u1ea7n 5"},"content":{"rendered":"<h2 style=\"text-align: center;\"><span style=\"color: #008080;\"><strong>CU<\/strong><strong>\u1ed8<\/strong><strong>C THI THI<\/strong><strong>\u1ebe<\/strong><strong>T K<\/strong><strong>\u1ebe<\/strong><strong>\u00a0<\/strong><strong>HAPPY LED<\/strong><\/span><\/h2>\n<h2 style=\"text-align: center;\"><span style=\"color: #008080;\"><strong>L\u1ea7n 5 &#8211; 01\/2017<\/strong><\/span><\/h2>\n<h3><strong>M\u1ee5c ti\u00eau<\/strong><strong><br \/>\n<\/strong><\/h3>\n<ul>\n<li>S\u00e2n ch\u01a1i h\u1ecdc thu\u1eadt \u0111\u1ea7u ti\u00ean d\u00e0nh cho sinh vi\u00ean n\u0103m nh\u1ea5t<strong>\u00a0(kho\u00e1 2016).<\/strong><\/li>\n<li>Ph\u00e1t huy kh\u1ea3 n\u0103ng s\u00e1ng t\u1ea1o v\u00e0 ngh\u1ec7 thu\u1eadt c\u1ee7a sinh vi\u00ean.<\/li>\n<li>Ho\u00e0n th\u00e0nh 1 m\u00f3n qu\u00e0 t\u1eb7ng gia \u0111\u00ecnh, b\u1ea1n b\u00e8, ho\u1eb7c\u00a0trang tr\u00ed trong nh\u00e0.<\/li>\n<\/ul>\n<h3><strong>Th\u1eddi gian<\/strong><\/h3>\n<ul>\n<li>Ph\u00e1t \u0111\u1ed9ng: 20-12-2016<\/li>\n<li>H\u1ea1n ch\u00f3t \u0111\u0103ng k\u00ed:\u00a0<strong>01-01-2017<\/strong><\/li>\n<li><strong>Ch\u1ea5m gi\u1ea3i: 15-01-2017.<\/strong><\/li>\n<\/ul>\n<h3><strong>\u0110\u1ed1i t\u01b0\u1ee3ng<\/strong><\/h3>\n<p>Sinh vi\u00ean n\u0103m nh\u1ea5t (K2016), trong nh\u00f3m d\u1ef1 thi c\u00f3 \u00edt nh\u1ea5t 01 sinh vi\u00ean B\u00e1ch Khoa Tp. H\u1ed3 Ch\u00ed Minh.<\/p>\n<h3><strong>Ch\u1ee7 \u0111\u1ec1<\/strong><\/h3>\n<p>S\u00e1ng t\u1ea1o m\u1ed9t s\u1ea3n ph\u1ea9m trang tr\u00ed s\u1eed d\u1ee5ng \u0111\u00e8n LEDs.<\/p>\n<p>C\u00f3 th\u1ec3 d\u00f9ng \u0111\u1ec3 trang tr\u00ed nh\u00e0 c\u1eeda, b\u00e0n l\u00e0m vi\u1ec7c,\u2026 trong d\u1ecbp T\u1ebft, 08\/03, 20\/11,\u2026 ho\u1eb7c l\u00e0m qu\u00e0 t\u1eb7ng (t\u00f9y \u00fd sinh vi\u00ean l\u1ef1a ch\u1ecdn).<\/p>\n<h3><strong>Y\u00eau c\u1ea7u \u0111\u1ed1i v\u1edbi s\u1ea3n ph\u1ea9m<\/strong><\/h3>\n<ul>\n<li>Kh\u00f4ng gi\u1edbi h\u1ea1n k\u00edch th\u01b0\u1edbc, \u00fd t\u01b0\u1edfng,\u2026<\/li>\n<li>Kh\u00f4ng gi\u1edbi h\u1ea1n IC, chip, linh ki\u1ec7n \u0111i\u1ec7n t\u1eed s\u1eed d\u1ee5ng.<\/li>\n<li>Ch\u00fa \u00fd \u0111\u1ebfn t\u00ednh trang tr\u00ed (c\u00f3 th\u1ec3 trang tr\u00ed t\u1ea1i nh\u00e0 trong d\u1ecbp T\u1ebft).<\/li>\n<\/ul>\n<h3><strong>H\u00ecnh th\u1ee9c thi<\/strong><\/h3>\n<p>N\u1ed9p H\u00ecnh \u1ea3nh ho\u1eb7c clip demo s\u1ea3n ph\u1ea9m tr\u01b0\u1edbc ng\u00e0y thi: H\u1ea1n ch\u00f3t\u00a0<strong>10\/01\/2017<\/strong>.<\/p>\n<p>Ng\u00e0y 15\/01\/2017: C\u00e1c nh\u00f3m l\u00ean thuy\u1ebft tr\u00ecnh v\u00e0 tr\u00ecnh di\u1ec5n s\u1ea3n ph\u1ea9m c\u1ee7a m\u00ecnh tr\u01b0\u1edbc Ban Gi\u00e1m Kh\u1ea3o.<\/p>\n<h3><strong>C\u01a1 c\u1ea5u gi\u1ea3i th\u01b0\u1edfng<\/strong><\/h3>\n<ul>\n<li>01 gi\u1ea3i Nh\u1ea5t<\/li>\n<li>01 gi\u1ea3i Nh\u00ec<\/li>\n<li>01 gi\u1ea3i Ba<\/li>\n<li>Ch\u1ee9ng nh\u1eadn tham d\u1ef1 cu\u1ed9c thi cho t\u1ea5t c\u1ea3 c\u00e1c nh\u00f3m.<\/li>\n<li>T\u1ea5t c\u1ea3 c\u00e1c \u0111\u1ed9i d\u1ef1 thi (ho\u00e0n th\u00e0nh s\u1ea3n ph\u1ea9m v\u00e0 \u0111\u1ebfn d\u1ef1 thi 15\/01) \u0111\u01b0\u1ee3c tuy\u1ec3n th\u1eb3ng l\u1edbp C16 (L\u1edbp h\u1ecdc l\u1eadp tr\u00ecnh vi \u0111i\u1ec1u khi\u1ec3n, d\u1ef1 ki\u1ebfn 03\/2017).<\/li>\n<\/ul>\n<h3><strong>\u0110\u0103ng k\u00ed<\/strong><\/h3>\n<ul>\n<li>\u0110\u1ed9i g\u1ed3m t\u1ed1i \u0111a 3 th\u00e0nh vi\u00ean, trong \u0111\u00f3 c\u00f3 \u00edt nh\u1ea5t m\u1ed9t sinh vi\u00ean \u0110H B\u00e1ch Khoa TP. H\u1ed3 Ch\u00ed Minh.<\/li>\n<li>\u0110\u0103ng k\u00ed theo form \u0111\u01b0\u1ee3c \u0111\u0103ng tr\u00ean website, forum v\u00e0 facebook CLB:\u00a0<a href=\"https:\/\/docs.google.com\/forms\/d\/e\/1FAIpQLSdGyLIMaJI5jRNaRMc4C8frqhISxKbfk_Uvd1HXJm-q4ov6HQ\/viewform\">[Form \u0111\u0103ng k\u00fd].<\/a><\/li>\n<li>H\u1ea1n ch\u00f3t \u0111\u0103ng k\u00fd l\u00e0 ng\u00e0y\u00a0<strong>01\/01\/2017<\/strong><\/li>\n<li>C\u00e1c nh\u00f3m\u00a0<strong>ph<\/strong><strong>\u1ea3<\/strong><strong>i ph<\/strong><strong>\u1ea3<\/strong><strong>n h<\/strong><strong>\u1ed3<\/strong><strong>i v<\/strong><strong>\u1ec1<\/strong><strong> h<\/strong><strong>\u00ec<\/strong><strong>nh <\/strong><strong>\u1ea3<\/strong><strong>nh v<\/strong><strong>\u00e0<\/strong><strong>\/ho<\/strong><strong>\u1eb7<\/strong><strong>c clip demo s<\/strong><strong>\u1ea3<\/strong><strong>n ph<\/strong><strong>\u1ea9<\/strong><strong>m<\/strong>\u00a0c\u1ee7a m\u00ecnh v\u1ec1 BTC tr\u01b0\u1edbc ng\u00e0y <strong>10\/01\/2017<\/strong>\u00a0(ch\u1ee5p h\u00ecnh, quay clip s\u1ea3n ph\u1ea9m c\u1ee7a m\u00ecnh v\u00e0 g\u1eedi v\u00e0o email pif.forum@gmail.com).<\/li>\n<li><em>L<\/em><em>\u01b0<\/em><em>u <\/em><em>\u00fd<\/em><em>: h<\/em><em>\u00ec<\/em><em>nh <\/em><em>\u1ea3<\/em><em>n n<\/em><em>\u00e0<\/em><em>y kh<\/em><em>\u00f4<\/em><em>ng c<\/em><em>\u1ea7<\/em><em>n ph<\/em><em>\u1ea3<\/em><em>i l<\/em><em>\u00e0<\/em><em> h<\/em><em>\u00ec<\/em><em>nh <\/em><em>\u1ea3<\/em><em>nh c<\/em><em>\u1ee7<\/em><em>a s<\/em><em>\u1ea3<\/em><em>n ph<\/em><em>\u1ea9<\/em><em>m ho<\/em><em>\u00e0<\/em><em>n ch<\/em><em>\u1ec9<\/em><em>nh, sau khi n<\/em><em>\u1ed9<\/em><em>p h<\/em><em>\u00ec<\/em><em>nh c<\/em><em>\u00e1<\/em><em>c b<\/em><em>\u1ea1<\/em><em>n v<\/em><em>\u1eab<\/em><em>n c<\/em><em>\u00f2<\/em><em>n th<\/em><em>\u1edd<\/em><em>i gian <\/em><em>\u0111<\/em><em>\u1ec3<\/em><em> ho<\/em><em>\u00e0<\/em><em>n thi<\/em><em>\u1ec7<\/em><em>n s<\/em><em>\u1ea3<\/em><em>n ph<\/em><em>\u1ea9<\/em><em>m c<\/em><em>\u1ee7<\/em><em>a m<\/em><em>\u00ec<\/em><em>nh.<\/em><\/li>\n<\/ul>\n<h3><strong>Ch\u1ea5m gi\u1ea3i<\/strong><\/h3>\n<ul>\n<li>T\u1ed5 ch\u1ee9c ng\u00e0y 15-01-2015 t\u1ea1i C\u01a1 s\u1edf 1, \u0110\u1ea1i h\u1ecdc B\u00e1ch Khoa Tp. H\u1ed3 Ch\u00ed Minh.<\/li>\n<li>C\u00e1c nh\u00f3m mang s\u1ea3n ph\u1ea9m c\u1ee7a m\u00ecnh \u0111\u1ebfn tr\u00ecnh di\u1ec5n v\u00e0 c\u00f3 t\u1ed1i \u0111a 07 ph\u00fat \u0111\u1ec3 tr\u00ecnh b\u00e0y.<\/li>\n<li>Ban Gi\u00e1m Kh\u1ea3o \u0111\u1eb7t c\u00e2u h\u1ecfi cho t\u1eebng nh\u00f3m v\u00e0 \u0111\u00e1nh gi\u00e1 theo thang \u0111i\u1ec3m.<\/li>\n<\/ul>\n<h3><strong>Ti\u00eau ch\u00ed<\/strong><\/h3>\n<table width=\"639\">\n<tbody>\n<tr>\n<td width=\"102\"><strong>Ti\u00eau ch\u00ed<\/strong><\/td>\n<td width=\"227\"><strong>M\u00f4 t\u1ea3<\/strong><\/td>\n<td width=\"142\"><strong>Thang \u0111i\u1ec3m<\/strong><\/td>\n<\/tr>\n<tr>\n<td width=\"102\">K\u0129 thu\u1eadt<\/td>\n<td width=\"227\">\u1ee8ng d\u1ee5ng m\u1ed9t c\u00e1ch hi\u1ec7u qu\u1ea3 c\u00e1c ki\u1ebfn th\u1ee9c v\u1ec1 linh ki\u1ec7n \u0111i\u1ec7n t\u1eed, chip, c\u1ea3m bi\u1ebfn\u2026 trong s\u1ea3n ph\u1ea9m.<\/td>\n<td width=\"142\">35<\/td>\n<\/tr>\n<tr>\n<td width=\"102\">S\u00e1ng t\u1ea1o<\/td>\n<td width=\"227\">T\u00ednh s\u00e1ng t\u1ea1o, \u0111\u1ed9c \u0111\u00e1o, kh\u00e1c bi\u1ec7t c\u1ee7a s\u1ea3n ph\u1ea9m<\/td>\n<td width=\"142\">30<\/td>\n<\/tr>\n<tr>\n<td width=\"102\">M\u1ef9 thu\u1eadt<\/td>\n<td width=\"227\">\u0110\u1eb9p, t\u00ednh trang tr\u00ed cao.<\/td>\n<td width=\"142\">35<\/td>\n<\/tr>\n<\/tbody>\n<\/table>\n<p><strong>T\u1ed5ng \u0111i\u1ec3m: 100<\/strong><\/p>\n<h3><strong>H\u1ed7 tr\u1ee3<\/strong><\/h3>\n<p>Forum h\u1ed7 tr\u1ee3 cu\u1ed9c thi:<\/p>\n<p><a href=\"http:\/\/www.payitforward.edu.vn\/forum\/forums\/94\/\">http:\/\/www.payitforward.edu.vn\/forum\/forums\/94\/<\/a><\/p>\n<p>Th\u00f4ng tin c\u00e1c cu\u1ed9c thi tr\u01b0\u1edbc:<\/p>\n<ul>\n<li><a href=\"http:\/\/www.payitforward.edu.vn\/wordpress\/contests\/happyled2012\/\" target=\"_blank\">HappyLED 12\/2012<\/a><\/li>\n<li><a href=\"http:\/\/www.payitforward.edu.vn\/forum\/forums\/104\/\" target=\"_blank\">HappyLED 01\/2014<\/a><\/li>\n<\/ul>\n<h3><strong>\u0110<\/strong><strong>\u01a1<\/strong><strong>n v<\/strong><strong>\u1ecb<\/strong><strong> t<\/strong><strong>\u1ed5<\/strong><strong> ch<\/strong><strong>\u1ee9<\/strong><strong>c<\/strong><\/h3>\n<p>C\u00e2u L\u1ea1c B\u1ed9 Nghi\u00ean C\u1ee9u Khoa H\u1ecdc Khoa \u0110i\u1ec7n \u2013 \u0110i\u1ec7n t\u1eed, \u0110H B\u00e1ch Khoa Tp. H\u1ed3 Ch\u00ed Minh.<\/p>\n<h3><strong>\u0110<\/strong><strong>\u01a1<\/strong><strong>n v<\/strong><strong>\u1ecb<\/strong><strong> t<\/strong><strong>\u00e0<\/strong><strong>i tr<\/strong><strong>\u1ee3<\/strong><\/h3>\n<p>C\u00f4ng ty Texas Instruments.<\/p>\n","protected":false},"excerpt":{"rendered":"<p>CU\u1ed8C THI THI\u1ebeT K\u1ebe\u00a0HAPPY LED L\u1ea7n 5 &#8211; 01\/2017 M\u1ee5c ti\u00eau S\u00e2n ch\u01a1i h\u1ecdc thu\u1eadt \u0111\u1ea7u ti\u00ean d\u00e0nh cho sinh vi\u00ean n\u0103m nh\u1ea5t\u00a0(kho\u00e1 2016). Ph\u00e1t huy kh\u1ea3 n\u0103ng s\u00e1ng t\u1ea1o v\u00e0 ngh\u1ec7 thu\u1eadt c\u1ee7a sinh vi\u00ean. Ho\u00e0n th\u00e0nh 1 m\u00f3n qu\u00e0 t\u1eb7ng gia \u0111\u00ecnh, b\u1ea1n b\u00e8, ho\u1eb7c\u00a0trang tr\u00ed trong nh\u00e0. Th\u1eddi gian Ph\u00e1t \u0111\u1ed9ng: 20-12-2016 H\u1ea1n ch\u00f3t \u0111\u0103ng k\u00ed:\u00a001-01-2017 Ch\u1ea5m gi\u1ea3i: 15-01-2017. \u0110\u1ed1i t\u01b0\u1ee3ng Sinh vi\u00ean n\u0103m nh\u1ea5t (K2016), trong nh\u00f3m d\u1ef1 thi c\u00f3 \u00edt nh\u1ea5t 01 sinh vi\u00ean B\u00e1ch Khoa Tp. H\u1ed3 Ch\u00ed Minh. Ch\u1ee7 \u0111\u1ec1 S\u00e1ng t\u1ea1o m\u1ed9t s\u1ea3n ph\u1ea9m trang tr\u00ed s\u1eed d\u1ee5ng \u0111\u00e8n LEDs. C\u00f3 th\u1ec3 \u2026<\/p>\n<p class=\"continue-reading-button\"> <a class=\"continue-reading-link\" href=\"https:\/\/payitforward.edu.vn\/wordpress\/contests\/led-design-contest\/happyled-lan-5\/\">Continue reading<i class=\"crycon-right-dir\"><\/i><\/a><\/p>\n","protected":false},"author":1,"featured_media":0,"parent":2459,"menu_order":7,"comment_status":"closed","ping_status":"closed","template":"","meta":{"footnotes":""},"class_list":["post-2497","page","type-page","status-publish","hentry"],"_links":{"self":[{"href":"https:\/\/payitforward.edu.vn\/wordpress\/wp-json\/wp\/v2\/pages\/2497","targetHints":{"allow":["GET"]}}],"collection":[{"href":"https:\/\/payitforward.edu.vn\/wordpress\/wp-json\/wp\/v2\/pages"}],"about":[{"href":"https:\/\/payitforward.edu.vn\/wordpress\/wp-json\/wp\/v2\/types\/page"}],"author":[{"embeddable":true,"href":"https:\/\/payitforward.edu.vn\/wordpress\/wp-json\/wp\/v2\/users\/1"}],"replies":[{"embeddable":true,"href":"https:\/\/payitforward.edu.vn\/wordpress\/wp-json\/wp\/v2\/comments?post=2497"}],"version-history":[{"count":3,"href":"https:\/\/payitforward.edu.vn\/wordpress\/wp-json\/wp\/v2\/pages\/2497\/revisions"}],"predecessor-version":[{"id":2501,"href":"https:\/\/payitforward.edu.vn\/wordpress\/wp-json\/wp\/v2\/pages\/2497\/revisions\/2501"}],"up":[{"embeddable":true,"href":"https:\/\/payitforward.edu.vn\/wordpress\/wp-json\/wp\/v2\/pages\/2459"}],"wp:attachment":[{"href":"https:\/\/payitforward.edu.vn\/wordpress\/wp-json\/wp\/v2\/media?parent=2497"}],"curies":[{"name":"wp","href":"https:\/\/api.w.org\/{rel}","templated":true}]}}