{"id":2604,"date":"2017-10-06T18:17:02","date_gmt":"2017-10-06T11:17:02","guid":{"rendered":"http:\/\/www.payitforward.edu.vn\/wordpress\/?page_id=2604"},"modified":"2017-10-08T03:01:43","modified_gmt":"2017-10-07T20:01:43","slug":"cc1101-simpliciti-tiva-phan-1","status":"publish","type":"page","link":"https:\/\/payitforward.edu.vn\/wordpress\/tutorials\/wireless\/cc1101-simpliciti-tiva-phan-1\/","title":{"rendered":"CC1101 &#8211; SimpliciTI &#8211; TIVA Ph\u1ea7n 1"},"content":{"rendered":"<h2><span style=\"color: #008080;\">H\u01b0\u1edbng d\u1eabn s\u1eed d\u1ee5ng th\u01b0 vi\u1ec7n simpliciTI cho module CC1101 v\u1edbi MCU TM4C123G<\/span><\/h2>\n<h2><span style=\"color: #008080;\">Ph\u1ea7n 1 &#8211; T\u1ea1o project \u0111\u01a1n gi\u1ea3n<\/span><\/h2>\n<p>Trong b\u00e0i vi\u1ebft n\u00e0y, m\u00ecnh s\u1ebd h\u01b0\u1edbng d\u1eabn c\u00e1c b\u1ea1n s\u1eed d\u1ee5ng th\u01b0 vi\u1ec7n SimpliciTI \u0111\u01a1n gi\u1ea3n ch\u1ec9 bao g\u1ed3m giao ti\u1ebfp truy\u1ec1n nh\u1eadn g\u00f3i tin gi\u1eefa MCU v\u00e0 CC1101 (ch\u1ec9 \u0111\u1ec3 test module RF xem c\u00f3 t\u00e8o kh\u00f4ng th\u00f4i :)) . Hi\u1ec7n t\u1ea1i n\u00f3 ch\u1ec9 d\u00f9ng \u0111\u01b0\u1ee3c v\u1edbi c\u00e1c lo\u1ea1i module RF c\u1ee7a TI s\u1eed d\u1ee5ng giao ti\u1ebfp SPI (kh\u00f4ng ph\u1ea3i lo\u1ea1i truy\u1ec1n UART =)) ) nh\u01b0 c\u00e1c module trong c\u00e1c link sau:<\/p>\n<ul>\n<li><a class=\"externalLink\" href=\"http:\/\/dientuachau.com\/page\/index.php?_m=mod_product&amp;_a=view&amp;p_id=775\" target=\"_blank\" rel=\"nofollow noopener\">http:\/\/dientuachau.com\/page\/index.php?_m=mod_product&amp;_a=view&amp;p_id=775<\/a><\/li>\n<li><a class=\"externalLink\" href=\"http:\/\/dientuachau.com\/page\/index.php?_m=mod_product&amp;_a=view&amp;p_id=773\" target=\"_blank\" rel=\"nofollow noopener\">http:\/\/dientuachau.com\/page\/index.php?_m=mod_product&amp;_a=view&amp;p_id=773<\/a><\/li>\n<li><a class=\"externalLink\" href=\"http:\/\/www.anaren.com\/air\/cc110l-air-module-boosterpack-embedded-antenna-module-anaren\" target=\"_blank\" rel=\"nofollow noopener\">http:\/\/www.anaren.com\/air\/cc110l-air-module-boosterpack-embedded-antenna-module-anaren<\/a><\/li>\n<\/ul>\n<p><b>\u0110\u1ea7u ti\u00ean l\u00e0 gi\u1edbi thi\u1ec7u s\u01a1 l\u01b0\u1ee3c v\u1ec1 th\u01b0 vi\u1ec7n simpliciTI:<\/b><br \/>\nSimpliciTI l\u00e0 m\u1ed9t b\u1ed9 th\u01b0 vi\u1ec7n d\u00f9ng \u0111\u1ec3 thi\u1ebft l\u1eadp m\u1ed9t m\u1ea1ng kh\u00f4ng d\u00e2y v\u1edbi qui m\u00f4 nh\u1ecf, s\u1eed d\u1ee5ng c\u00e1c d\u00f2ng chip RF c\u1ee7a TI nh\u01b0 CC1XXX\/CC25XX\/CC430. SimpliciTI cung c\u1ea5p cho c\u00e1c b\u1ea1n c\u00f4ng c\u1ee5 \u0111\u1ec3 hi\u1ec7n th\u1ef1c m\u1ed9t m\u1ea1ng kh\u00f4ng d\u00e2y \u0111\u01a1n gi\u1ea3n, v\u1eeba d\u1ec5 s\u1eed d\u1ee5ng. Th\u00f4ng tin v\u00e0 t\u00e0i li\u1ec7u v\u1ec1 simpliciTI c\u00e1c b\u1ea1n c\u00f3 th\u1ec3 d\u1ec5 d\u00e0ng t\u00ecm \u0111\u01b0\u1ee3c t\u1ea1i \u0111\u1ecba ch\u1ec9:<\/p>\n<p><a class=\"externalLink\" href=\"http:\/\/www.ti.com\/tool\/SimpliciTI?keyMatch=simpliciTI&amp;tisearch=Search-EN\" target=\"_blank\" rel=\"nofollow noopener\">http:\/\/www.ti.com\/tool\/SimpliciTI?keyMatch=simpliciTI&amp;tisearch=Search-EN<\/a>.<\/p>\n<p>Trong file t\u1ea3i v\u1ec1 t\u1eeb link tr\u00ean s\u1ebd c\u00f3 ph\u1ea7n t\u00e0i li\u1ec7u h\u01b0\u1edbng d\u1eabn \u0111\u1ea7y \u0111\u1ee7 b\u1eb1ng ti\u1ebfng anh nh\u01b0 c\u00e1c b\u1ea1n c\u00f3 th\u1ec3 th\u1ea5y \u1edf h\u00ecnh d\u01b0\u1edbi, c\u00e1c b\u1ea1n c\u00f3 th\u1ec3 \u0111\u1ecdc \u0111\u1ec3 t\u00ecm hi\u1ec3u s\u00e2u h\u01a1n v\u1ec1 ho\u1ea1t \u0111\u1ed9ng c\u1ee7a b\u1ed9 th\u01b0 vi\u1ec7n n\u00e0y\u00a0<img decoding=\"async\" class=\"mceSmilie\" title=\"5cool_big_smile :D\" src=\"http:\/\/forum.gamevn.com\/images\/smilies\/Smiles\/5cool_big_smile.gif\" alt=\":D\" \/><\/p>\n<div data-redactor=\"1\"><\/div>\n<div data-redactor=\"1\"><img decoding=\"async\" class=\"bbCodeImage wysiwygImage\" src=\"https:\/\/i.pinimg.com\/originals\/5f\/28\/ec\/5f28ec8a053937e7f3e85ecf94d82f16.png\" alt=\"\" \/><\/div>\n<div data-redactor=\"1\"><span style=\"font-size: large;\" data-redactor=\"1\"><span style=\"font-family: 'Times New Roman';\" data-redactor=\"1\">Tuy nhi\u00ean, b\u1ed9 th\u01b0 vi\u1ec7n n\u00e0y ch\u1ec9 h\u1ed5 tr\u1ee3 cho d\u00f2ng vi \u0111i\u1ec1u khi\u1ec3n msp430 v\u00e0 l\u00f5i 8051 trong c\u00e1c SoC RF c\u1ee7a TI. \u0110\u1ec3 s\u1eed d\u1ee5ng \u0111\u01b0\u1ee3c v\u1edbi KIT ek-tm4c123gxl th\u00ec c\u1ea7n ph\u1ea3i s\u1eed d\u1ee5ng b\u1ea3n ch\u1ec9nh s\u1eeda d\u00e0nh cho chip TM4C123.<\/span><\/span><\/div>\n<div data-redactor=\"1\"><\/div>\n<div data-redactor=\"1\"><span style=\"font-size: large;\" data-redactor=\"1\"><span style=\"font-family: 'Times New Roman';\" data-redactor=\"1\"><b>1\/ Vi\u1ec7c \u0111\u1ea7u ti\u00ean l\u00e0 c\u1ea7n ph\u1ea3i t\u1ea3i th\u01b0 vi\u1ec7n v\u1ec1<\/b>, b\u1ea3n SimpliciTI v1.1 cho kit TM4C123gxl c\u00f3 th\u1ec3 \u0111\u01b0\u1ee3c t\u1ea3i \u1edf link:<\/span><\/span><\/div>\n<div data-redactor=\"1\"><span style=\"font-size: large;\" data-redactor=\"1\"><span style=\"font-family: 'Times New Roman';\" data-redactor=\"1\"><a class=\"externalLink ProxyLink\" href=\"https:\/\/www.dropbox.com\/s\/mi3wtjkr1ieluuf\/simpiciti_ek-tm4c123gxl.rar?dl=0\" target=\"_blank\" rel=\"nofollow noopener\" data-proxy-href=\"https:\/\/www.dropbox.com\/s\/mi3wtjkr1ieluuf\/simpiciti_ek-tm4c123gxl.rar?dl=0\">https:\/\/www.dropbox.com\/s\/mi3wtjkr1ieluuf\/simpiciti_ek-tm4c123gxl.rar?dl=0<\/a><\/span><\/span><\/div>\n<div data-redactor=\"1\"><span style=\"font-size: large;\" data-redactor=\"1\"><span style=\"font-family: 'Times New Roman';\" data-redactor=\"1\">Sau khi gi\u1ea3i n\u00e9n, ta \u0111\u01b0\u1ee3c c\u00e1c folder nh\u01b0 h\u00ecnh:<\/span><\/span><\/div>\n<div data-redactor=\"1\"><img decoding=\"async\" class=\"bbCodeImage wysiwygImage\" src=\"https:\/\/i.pinimg.com\/originals\/ac\/5b\/3f\/ac5b3f61460b49e49ff0a9254b15d1c6.png\" alt=\"\" \/><\/div>\n<div data-redactor=\"1\"><span style=\"font-size: large;\" data-redactor=\"1\"><span style=\"font-family: 'Times New Roman';\" data-redactor=\"1\">+ Folder app s\u1ebd ch\u1ee9a code c\u1ee7a ch\u01b0\u01a1ng tr\u00ecnh s\u1ebd vi\u1ebft,<\/span><\/span><\/div>\n<div data-redactor=\"1\"><span style=\"font-size: large;\" data-redactor=\"1\"><span style=\"font-family: 'Times New Roman';\" data-redactor=\"1\">+ Folder bsp ch\u1ee9a c\u00e1c m\u00f4 t\u1ea3 v\u1ec1 MCU, board, n\u1ebfu mu\u1ed1n thay \u0111\u1ed5i c\u00e1c thi\u1ebft l\u1eadp ph\u1ea7n c\u1ee9ng, ho\u1eb7c mu\u1ed1n port qua cho m\u1ed9t MCU kh\u00e1c th\u00ec c\u00f3 th\u1ec3 ch\u1ec9nh s\u1eeda trong n\u00e0y<\/span><\/span><\/div>\n<div data-redactor=\"1\"><span style=\"font-size: large;\" data-redactor=\"1\"><span style=\"font-family: 'Times New Roman';\" data-redactor=\"1\">+ Folder driverlib ch\u1ee9a c\u00e1c driver c\u1ee7a Tivaware<\/span><\/span><\/div>\n<div data-redactor=\"1\"><span style=\"font-size: large;\" data-redactor=\"1\"><span style=\"font-family: 'Times New Roman';\" data-redactor=\"1\">+ Folder mrfi ch\u1ee9a c\u00e1c file v\u1ec1 giao ti\u1ebfp v\u1edbi ic RF<\/span><\/span><\/div>\n<div data-redactor=\"1\"><span style=\"font-size: large;\" data-redactor=\"1\"><span style=\"font-family: 'Times New Roman';\" data-redactor=\"1\">+ Folder simpliciTI ch\u1ee9a c\u00e1c file v\u1ec1 m\u1ea1ng c\u1ee7a simpliciTI<\/span><\/span><\/div>\n<div data-redactor=\"1\"><\/div>\n<div data-redactor=\"1\"><span style=\"font-size: large;\" data-redactor=\"1\"><span style=\"font-family: 'Times New Roman';\" data-redactor=\"1\"><b>2\/ Kh\u1edfi \u0111\u1ed9ng CCS, phi\u00ean b\u1ea3n s\u1eed d\u1ee5ng trong b\u00e0i n\u00e0y l\u00e0 CCS 6.0.1<\/b><\/span><\/span><\/div>\n<div data-redactor=\"1\"><\/div>\n<div data-redactor=\"1\"><span style=\"font-size: large;\" data-redactor=\"1\"><span style=\"font-family: 'Times New Roman';\" data-redactor=\"1\"><b>3\/ T\u1ea1o project v\u1edbi vi \u0111i\u1ec1u khi\u1ec3n TM4C123GH6PM (ch\u1ecdn empty project)<\/b><\/span><\/span><\/div>\n<div data-redactor=\"1\"><img decoding=\"async\" class=\"bbCodeImage wysiwygImage\" src=\"https:\/\/i.pinimg.com\/originals\/32\/18\/2a\/32182a6c93afc08780060c65a03dfe48.png\" alt=\"\" \/><\/div>\n<div data-redactor=\"1\"><span style=\"font-size: large;\" data-redactor=\"1\"><span style=\"font-family: 'Times New Roman';\" data-redactor=\"1\"><b>4\/ Add c\u00e1c file c\u1ea7n thi\u1ebft v\u00e0o project:<\/b><\/span><\/span><\/div>\n<div data-redactor=\"1\"><span style=\"font-size: large;\" data-redactor=\"1\"><span style=\"font-family: 'Times New Roman';\" data-redactor=\"1\">+ Chu\u1ed9t ph\u1ea3i v\u00e0o t\u00ean project, ch\u1ecdn import&gt;import<\/span><\/span><\/div>\n<div data-redactor=\"1\"><img decoding=\"async\" class=\"bbCodeImage wysiwygImage\" src=\"https:\/\/i.pinimg.com\/originals\/41\/d8\/15\/41d815fe74c3f619da97fc8e6fecc484.png\" alt=\"\" \/><\/div>\n<div data-redactor=\"1\"><span style=\"font-size: large;\" data-redactor=\"1\"><span style=\"font-family: 'Times New Roman';\" data-redactor=\"1\">+ Ch\u1ecdn file system&gt; next<\/span><\/span><\/div>\n<div data-redactor=\"1\"><img decoding=\"async\" class=\"bbCodeImage wysiwygImage\" src=\"https:\/\/i.pinimg.com\/originals\/08\/0a\/22\/080a22c6fa72ae834aaab32dc68abcdd.png\" alt=\"\" \/><\/div>\n<div data-redactor=\"1\"><span style=\"font-size: large;\" data-redactor=\"1\"><span style=\"font-family: 'Times New Roman';\" data-redactor=\"1\">+ T\u00ecm \u0111\u1ebfn n\u01a1i ch\u1ee9a code:<\/span><\/span><\/div>\n<div data-redactor=\"1\"><img decoding=\"async\" class=\"bbCodeImage wysiwygImage\" src=\"https:\/\/i.pinimg.com\/originals\/46\/27\/35\/46273563c93f2d5cc67946b3de4cd63a.png\" alt=\"\" \/><\/div>\n<div data-redactor=\"1\"><span style=\"font-size: large;\" data-redactor=\"1\"><span style=\"font-family: 'Times New Roman';\" data-redactor=\"1\">\u00a0<\/span><\/span><\/div>\n<div data-redactor=\"1\"><span style=\"font-size: large;\" data-redactor=\"1\"><span style=\"font-family: 'Times New Roman';\" data-redactor=\"1\">+ Trong folder app ch\u1ecdn t\u1ea5t c\u1ea3, main.c l\u00e0 m\u1ed9t v\u00ed d\u1ee5 \u0111\u01a1n gi\u1ea3n \u0111\u01b0\u1ee3c vi\u1ebft s\u1eb5n, simpliciTI_config.h l\u00e0 1 file thi\u1ebft l\u1eadp m\u1eabu (c\u00f3 th\u1ec3 add file t\u1ef1 t\u1ea1o n\u1ebfu th\u00edch\u00a0<img decoding=\"async\" class=\"mceSmilie\" src=\"https:\/\/i.imgur.com\/YfZMcN8.png\" alt=\":misdoubt:\" \/>)<\/span><\/span><\/div>\n<div data-redactor=\"1\"><img decoding=\"async\" class=\"bbCodeImage wysiwygImage\" src=\"https:\/\/i.pinimg.com\/originals\/ec\/f8\/61\/ecf861866d241bf8f3c756e0f1f7f067.png\" alt=\"\" \/><\/div>\n<div data-redactor=\"1\"><span style=\"font-size: large;\" data-redactor=\"1\"><span style=\"font-family: 'Times New Roman';\" data-redactor=\"1\">+ Trong folder bsp ch\u1ecdn bsp.c<\/span><\/span><\/div>\n<div data-redactor=\"1\"><img decoding=\"async\" class=\"bbCodeImage wysiwygImage\" src=\"https:\/\/i.pinimg.com\/originals\/7e\/5a\/75\/7e5a7565840e3d0b3b4cd7f3aec7642a.png\" alt=\"\" \/><\/div>\n<div data-redactor=\"1\"><span style=\"font-size: large;\" data-redactor=\"1\"><span style=\"font-family: 'Times New Roman';\" data-redactor=\"1\">+ Trong m\u1ee5c driverlib ch\u1ecdn ch\u1ecdn file driverlib.lib nh\u01b0 h\u00ecnh:<\/span><\/span><\/div>\n<div data-redactor=\"1\"><img decoding=\"async\" class=\"bbCodeImage wysiwygImage\" src=\"https:\/\/i.pinimg.com\/originals\/ae\/58\/98\/ae58989dbf2a13ea088c6e7558597eea.png\" alt=\"\" \/><\/div>\n<div data-redactor=\"1\"><span style=\"font-size: large;\" data-redactor=\"1\"><span style=\"font-family: 'Times New Roman';\" data-redactor=\"1\">+ Trong m\u1ee5c mrfi ch\u1ecdn mrfi.c<\/span><\/span><\/div>\n<div data-redactor=\"1\"><img decoding=\"async\" class=\"bbCodeImage wysiwygImage\" src=\"https:\/\/i.pinimg.com\/originals\/92\/fe\/1e\/92fe1e44b1023693b05f0854bf55c957.png\" alt=\"\" \/><\/div>\n<div data-redactor=\"1\"><\/div>\n<div data-redactor=\"1\"><span style=\"font-size: large;\" data-redactor=\"1\"><span style=\"font-family: 'Times New Roman';\" data-redactor=\"1\"><b>5\/ Th\u00eam c\u00e1c \u0111\u01b0\u1eddng d\u1eabn v\u00e0o project:<\/b><\/span><\/span><\/div>\n<div data-redactor=\"1\"><span style=\"font-size: large;\" data-redactor=\"1\"><span style=\"font-family: 'Times New Roman';\" data-redactor=\"1\">+ Chu\u1ed9t ph\u1ea3i v\u00e0o project, ch\u1ecdn Property, ch\u1ecdn include Option<\/span><\/span><\/div>\n<div data-redactor=\"1\"><img decoding=\"async\" class=\"bbCodeImage wysiwygImage\" src=\"https:\/\/i.pinimg.com\/originals\/40\/ce\/5a\/40ce5a3c9e40eec64c59efbda311caa2.png\" alt=\"\" \/><\/div>\n<div data-redactor=\"1\"><span style=\"font-size: large;\" data-redactor=\"1\"><span style=\"font-family: 'Times New Roman';\" data-redactor=\"1\">+ Th\u00eam v\u00e0o c\u00e1c \u0111\u01b0\u1eddng d\u1eabn t\u01b0\u01a1ng t\u1ef1 nh\u01b0 h\u00ecnh:<\/span><\/span><\/div>\n<div data-redactor=\"1\"><img decoding=\"async\" class=\"bbCodeImage wysiwygImage\" src=\"https:\/\/i.pinimg.com\/originals\/bc\/29\/38\/bc2938bf5a043c693898cf0c6b464dac.png\" alt=\"\" \/><\/div>\n<div data-redactor=\"1\"><span style=\"font-size: large;\" data-redactor=\"1\"><span style=\"font-family: 'Times New Roman';\" data-redactor=\"1\">+ Ch\u1ecdn Predefined Symbols nh\u01b0 h\u00ecnh<\/span><\/span><\/div>\n<div data-redactor=\"1\"><img decoding=\"async\" class=\"bbCodeImage wysiwygImage\" src=\"https:\/\/i.pinimg.com\/originals\/28\/38\/87\/2838870dd49ed6cf6eeee7815ba6d9ba.png\" alt=\"\" \/><\/div>\n<div data-redactor=\"1\"><span style=\"font-size: large;\" data-redactor=\"1\"><span style=\"font-family: 'Times New Roman';\" data-redactor=\"1\">\u00a0<\/span><\/span><\/div>\n<div data-redactor=\"1\"><span style=\"font-size: large;\" data-redactor=\"1\"><span style=\"font-family: 'Times New Roman';\" data-redactor=\"1\">\u00a0<\/span><\/span><\/div>\n<div data-redactor=\"1\"><img decoding=\"async\" class=\"bbCodeImage wysiwygImage\" src=\"https:\/\/i.pinimg.com\/originals\/d2\/75\/79\/d27579e943984d1dd63874b96bd4adc1.png\" alt=\"\" \/><\/div>\n<div data-redactor=\"1\"><\/div>\n<h2 data-redactor=\"1\"><span style=\"color: #008080;\">Sau khi t\u1ea1o xong project, vi\u1ec7c ti\u1ebfp theo l\u00e0 n\u00f3i v\u1ec1 code:<\/span><\/h2>\n<div data-redactor=\"1\">Mu\u1ed1n ch\u1ea1y \u0111\u01b0\u1ee3c code, c\u1ea7n s\u1eeda l\u1ea1i file <em>tm4c123gh6pm_startup_ccs.c<\/em> 1 t\u00ed\u00a0<img decoding=\"async\" class=\"mceSmilie\" src=\"http:\/\/forum.gamevn.com\/images\/smilies\/Smiles\/5cool_big_smile.gif\" alt=\":D\" \/><\/div>\n<div data-redactor=\"1\">+ Th\u00eam extern void MRFI_GpioIsr(void); v\u00e0o tr\u01b0\u1edbc \u0111o\u1ea1n khai b\u00e1o c\u00e1c vector ng\u1eaft<\/div>\n<div data-redactor=\"1\">+ S\u1eeda l\u1ea1i tr\u00ecnh ph\u1ee5c v\u1ee5 ng\u1eaft c\u1ee7a GPIOB th\u00e0nh MRFI_GpioIsr thay v\u00ec IntDefaultHandler<\/div>\n<div data-redactor=\"1\">Sau khi ch\u1ec9nh s\u1eeda xong c\u00e1c file \u0111\u00f3 th\u00ec b\u1eaft \u0111\u1ea7u build \u0111\u1ec3 ch\u1ea1y th\u00f4i n\u00e0o\u00a0<img decoding=\"async\" class=\"mceSmilie\" src=\"https:\/\/i.imgur.com\/4mCen5s.png\" alt=\":brick:\" \/><\/div>\n<div data-redactor=\"1\">N\u1ebfu mu\u1ed1n ch\u1ec9 nh\u1eadn th\u00ec gi\u1eef nguy\u00ean code file main, n\u1ebfu mu\u1ed1n g\u1eedi th\u00ec x\u00f3a m\u1ea5y d\u1ea5u &#8220;\/\/&#8221; tr\u01b0\u1edbc 2 c\u00e2u l\u1ec7nh trong while(1) c\u1ee7a file <em>main.c<\/em><\/div>\n<div data-redactor=\"1\">C\u00e1c module CC1101 kh\u00e1c nhau s\u1ebd c\u00f3 c\u00e1c anten lo\u1ea1i kh\u00e1c nhau v\u00e0 \u0111i k\u00e8m v\u1edbi n\u00f3 l\u00e0 t\u1ea7n s\u1ed1 ho\u1ea1t \u0111\u1ed9ng kh\u00e1c nhau, n\u1ebfu nh\u01b0 c\u00e1c b\u1ea1n c\u00e0i \u0111\u1eb7t sai t\u1ea7n s\u1ed1 th\u00ec kho\u1ea3ng c\u00e1ch truy\u1ec1n \u0111\u01b0\u1ee3c s\u1ebd r\u1ea5t ng\u1eafn, c\u00e1c b\u1ea1n c\u00f3 th\u1ec3 s\u1eeda file\u00a0<em>mrfi\\smartrf\\CC1101\\smartrf_CC1101.h<\/em> \u0111\u1ec3 c\u00e0i \u0111\u1eb7t l\u1ea1i t\u1ea7n s\u1ed1 nh\u01b0 mong mu\u1ed1n.<\/div>\n<div data-redactor=\"1\"><\/div>\n<div data-redactor=\"1\">Cu\u1ed1i c\u00f9ng l\u00e0 l\u1eddi k\u1ebft cho m\u1ed9t b\u00e0i vi\u1ebft d\u00e0i, \u0111\u00e2y l\u00e0 b\u01b0\u1edbc kh\u1edfi \u0111\u1ea7u cho vi\u1ec7c thi\u1ebft l\u1eadp th\u01b0 vi\u1ec7n simpliciTI, ph\u00eda sau c\u00f2n nhi\u1ec1u t\u00ecnh ti\u1ebft h\u1ea5p d\u1eabn, hy v\u1ecdng c\u00e1c b\u1ea1n \u0111\u1eebng v\u1ed9i hoang mang v\u00ec n\u00f3 c\u00f2n nhi\u1ec1u b\u01b0\u1edbc l\u00e0m t\u00e0o lao ph\u00eda sau n\u1ebfu nh\u01b0 mu\u1ed1n x\u00e2y d\u1ef1ng \u0111\u01b0\u1ee3c m\u1ed9t m\u1ea1ng ho\u00e0n ch\u1ec9nh<img decoding=\"async\" class=\"mceSmilie\" src=\"http:\/\/forum.gamevn.com\/images\/smilies\/Smiles\/6cool_boss.gif\" alt=\":6cool_boss:\" \/>, c\u00f2n nhi\u1ec1u \u0111i\u1ec1u m\u00ecnh \u0111\u1ecbnh nh\u1eafn nh\u1ee7 m\u00e0 qu\u00ean m\u1ea5t ti\u00eau r\u1ed3i, h\u1eb9n g\u1eb7p l\u1ea1i \u1edf c\u00e1c post sau\u00a0<img decoding=\"async\" class=\"mceSmilie\" src=\"http:\/\/matcuoi.com\/smilies\/8cool_tire.gif\" alt=\":met:\" \/><\/div>\n<p>&nbsp;<\/p>\n<div data-redactor=\"1\"><span style=\"color: #008080;\"><strong>Update:<\/strong><\/span><\/div>\n<div data-redactor=\"1\">+ \u0110\u00e2y l\u00e0 clip sau khi n\u1ea1p code cho 2 board, c\u00e1i ch\u1edbp xanh l\u00e0 board g\u1eedi, board ch\u1edbp \u0111\u1ecf l\u00e0 board nh\u1eadn:<\/div>\n<div data-redactor=\"1\"><\/div>\n<div data-redactor=\"1\">\n<p><iframe loading=\"lazy\" width=\"900\" height=\"506\" src=\"https:\/\/www.youtube.com\/embed\/ORbn65kXMnk?feature=oembed\" frameborder=\"0\" allowfullscreen><\/iframe><\/p>\n<\/div>\n<div data-redactor=\"1\">(Link Video:\u00a0<a href=\"https:\/\/www.youtube.com\/watch?v=ORbn65kXMnk\" target=\"_blank\" rel=\"noopener\">https:\/\/www.youtube.com\/watch?v=ORbn65kXMnk<\/a>)<\/div>\n<div data-redactor=\"1\"><\/div>\n<div data-redactor=\"1\">+ Code c\u00f3 c\u00e1c ph\u1ea7n BSP led, th\u1ef1c ra ph\u1ea7n n\u00e0y ko c\u1ea7n thi\u1ebft v\u00ec c\u00f3 th\u1ec3 \u0111i\u1ec1u khi\u1ec3n led b\u1eb1ng code t\u1ef1 vi\u1ebft, nh\u01b0ng m\u00ecnh \u0111\u01b0a v\u00e0o cho bi\u1ebft t\u1edbi s\u1ef1 t\u1ed3n t\u1ea1i c\u1ee7a n\u00f3\u00a0<img decoding=\"async\" class=\"mceSmilie\" src=\"http:\/\/forum.gamevn.com\/images\/smilies\/Smiles\/6cool_boss.gif\" alt=\":6cool_boss:\" \/><\/div>\n<p><strong><span style=\"color: #008080;\"><em>Th\u1ea3o lu\u1eadn:<\/em><\/span><\/strong><\/p>\n<ul>\n<li><a href=\"http:\/\/www.payitforward.edu.vn\/forum\/threads\/2044\/\" target=\"_blank\" rel=\"noopener\">http:\/\/www.payitforward.edu.vn\/forum\/threads\/2044\/<\/a><\/li>\n<\/ul>\n<p><strong><em>Xem ti\u1ebfp:<\/em><\/strong><\/p>\n<ul>\n<li><a href=\"http:\/\/www.payitforward.edu.vn\/wordpress\/tutorials\/wireless\/cc1101-simpliciti-tiva-phan-2\/\" target=\"_blank\" rel=\"noopener\">Ph\u1ea7n 2<\/a><\/li>\n<li><a href=\"http:\/\/www.payitforward.edu.vn\/wordpress\/tutorials\/wireless\/cc1101-simpliciti-tiva-phan-3\/\" target=\"_blank\" rel=\"noopener\">Ph\u1ea7n 3<\/a><\/li>\n<\/ul>\n","protected":false},"excerpt":{"rendered":"<p>H\u01b0\u1edbng d\u1eabn s\u1eed d\u1ee5ng th\u01b0 vi\u1ec7n simpliciTI cho module CC1101 v\u1edbi MCU TM4C123G Ph\u1ea7n 1 &#8211; T\u1ea1o project \u0111\u01a1n gi\u1ea3n Trong b\u00e0i vi\u1ebft n\u00e0y, m\u00ecnh s\u1ebd h\u01b0\u1edbng d\u1eabn c\u00e1c b\u1ea1n s\u1eed d\u1ee5ng th\u01b0 vi\u1ec7n SimpliciTI \u0111\u01a1n gi\u1ea3n ch\u1ec9 bao g\u1ed3m giao ti\u1ebfp truy\u1ec1n nh\u1eadn g\u00f3i tin gi\u1eefa MCU v\u00e0 CC1101 (ch\u1ec9 \u0111\u1ec3 test module RF xem c\u00f3 t\u00e8o kh\u00f4ng th\u00f4i :)) . Hi\u1ec7n t\u1ea1i n\u00f3 ch\u1ec9 d\u00f9ng \u0111\u01b0\u1ee3c v\u1edbi c\u00e1c lo\u1ea1i module RF c\u1ee7a TI s\u1eed d\u1ee5ng giao ti\u1ebfp SPI (kh\u00f4ng ph\u1ea3i lo\u1ea1i truy\u1ec1n UART =)) ) nh\u01b0 c\u00e1c module trong c\u00e1c link sau: http:\/\/dientuachau.com\/page\/index.php?_m=mod_product&amp;_a=view&amp;p_id=775 http:\/\/dientuachau.com\/page\/index.php?_m=mod_product&amp;_a=view&amp;p_id=773 http:\/\/www.anaren.com\/air\/cc110l-air-module-boosterpack-embedded-antenna-module-anaren \u0110\u1ea7u ti\u00ean l\u00e0 \u2026<\/p>\n<p class=\"continue-reading-button\"> <a class=\"continue-reading-link\" href=\"https:\/\/payitforward.edu.vn\/wordpress\/tutorials\/wireless\/cc1101-simpliciti-tiva-phan-1\/\">Continue reading<i class=\"crycon-right-dir\"><\/i><\/a><\/p>\n","protected":false},"author":1,"featured_media":0,"parent":2605,"menu_order":1,"comment_status":"closed","ping_status":"closed","template":"","meta":{"footnotes":""},"class_list":["post-2604","page","type-page","status-publish","hentry"],"_links":{"self":[{"href":"https:\/\/payitforward.edu.vn\/wordpress\/wp-json\/wp\/v2\/pages\/2604","targetHints":{"allow":["GET"]}}],"collection":[{"href":"https:\/\/payitforward.edu.vn\/wordpress\/wp-json\/wp\/v2\/pages"}],"about":[{"href":"https:\/\/payitforward.edu.vn\/wordpress\/wp-json\/wp\/v2\/types\/page"}],"author":[{"embeddable":true,"href":"https:\/\/payitforward.edu.vn\/wordpress\/wp-json\/wp\/v2\/users\/1"}],"replies":[{"embeddable":true,"href":"https:\/\/payitforward.edu.vn\/wordpress\/wp-json\/wp\/v2\/comments?post=2604"}],"version-history":[{"count":11,"href":"https:\/\/payitforward.edu.vn\/wordpress\/wp-json\/wp\/v2\/pages\/2604\/revisions"}],"predecessor-version":[{"id":2628,"href":"https:\/\/payitforward.edu.vn\/wordpress\/wp-json\/wp\/v2\/pages\/2604\/revisions\/2628"}],"up":[{"embeddable":true,"href":"https:\/\/payitforward.edu.vn\/wordpress\/wp-json\/wp\/v2\/pages\/2605"}],"wp:attachment":[{"href":"https:\/\/payitforward.edu.vn\/wordpress\/wp-json\/wp\/v2\/media?parent=2604"}],"curies":[{"name":"wp","href":"https:\/\/api.w.org\/{rel}","templated":true}]}}