{"id":2605,"date":"2017-10-06T18:08:47","date_gmt":"2017-10-06T11:08:47","guid":{"rendered":"http:\/\/www.payitforward.edu.vn\/wordpress\/?page_id=2605"},"modified":"2017-10-08T03:09:08","modified_gmt":"2017-10-07T20:09:08","slug":"wireless","status":"publish","type":"page","link":"https:\/\/payitforward.edu.vn\/wordpress\/tutorials\/wireless\/","title":{"rendered":"Wireless"},"content":{"rendered":"<blockquote><p>Ch\u00fang t\u00f4i th\u1ef1c hi\u1ec7n nh\u1eefng tutorials n\u00e0y kh\u00f4ng nh\u1eb1m v\u00e0o m\u1ee5c \u0111\u00edch n\u00e0o mang t\u00ednh th\u01b0\u01a1ng m\u1ea1i, m\u00e0 ch\u1ec9 mong n\u00f3 c\u00f3 th\u1ec3 gi\u00fap \u0111\u1ee1 b\u1ea1n, nh\u1eefng ng\u01b0\u1eddi m\u1edbi b\u1eaft \u0111\u1ea7u. Ch\u00fang t\u00f4i kh\u00f4ng ph\u1ea3i l\u00e0 nh\u1eefng ng\u01b0\u1eddi c\u00f3 nhi\u1ec1u ki\u1ebfn th\u1ee9c v\u00e0 kinh nghi\u1ec7m. Nh\u01b0ng ch\u00fang t\u00f4i \u0111\u00e3 t\u1eebng l\u00e0 ng\u01b0\u1eddi m\u1edbi h\u1ecdc v\u00e0 hi\u1ec3u \u0111\u01b0\u1ee3c b\u1ea1n g\u1eb7p ph\u1ea3i nh\u1eefng kh\u00f3 kh\u0103n g\u00ec. H\u00e3y ki\u00ean nh\u1eabn t\u1eeb nh\u1eefng b\u01b0\u1edbc \u0111i \u0111\u1ea7u ti\u00ean.<\/p>\n<p>Ch\u00fang t\u00f4i kh\u00f4ng \u0111\u1ec1 t\u00ean t\u00e1c gi\u1ea3. Ai l\u00e0m ra n\u00f3 kh\u00f4ng quan tr\u1ecdng. Quan tr\u1ecdng ch\u00ednh l\u00e0 ng\u01b0\u1eddi \u0111ang s\u1eed d\u1ee5ng n\u00f3 v\u00e0 c\u00e1ch m\u00e0 n\u00f3 \u0111\u01b0\u1ee3c d\u00f9ng. B\u1ea1n c\u00f3 th\u1ec3 ch\u1ec9nh s\u1eeda, th\u00eam b\u1edbt, l\u00e0m cho n\u00f3 ho\u00e0n thi\u1ec7n h\u01a1n, r\u1ed3i g\u1eedi n\u00f3 \u0111\u1ebfn nh\u1eefng ng\u01b0\u1eddi \u0111ang c\u1ea7n.<\/p>\n<p>Pay it forward \u2026<\/p><\/blockquote>\n<p>B\u1ed9 t\u00e0i li\u1ec7u n\u00e0y \u0111\u01b0\u1ee3c c\u00e1c t\u00e1c gi\u1ea3 kh\u00e1c nhau chia s\u1ebb trong c\u1ed9ng \u0111\u1ed3ng Pay It Forward, v\u1edbi m\u1ee5c \u0111\u00edch chung l\u00e0 c\u00f3 th\u1ec3 h\u1ed7 tr\u1ee3 nh\u1eefng ng\u01b0\u1eddi m\u1edbi b\u1eaft \u0111\u1ea7u l\u00e0m quen v\u1edbi c\u00e1c v\u1ea5n \u0111\u1ec1 v\u1ec1 Wireless, ch\u1eb3ng h\u1ea1n nh\u01b0 Wi-Fi, RF, Zigbee, Bluetooth&#8230;<\/p>\n<p>Nh\u1eefng b\u00e0i vi\u1ebft n\u00e0y d\u1ef1a theo kinh nghi\u1ec7m v\u00e0 g\u00f3c nh\u00ecn c\u00e1 nh\u00e2n, c\u00f3 th\u1ec3 ch\u01b0a \u0111\u01b0\u1ee3c ho\u00e0n thi\u1ec7n v\u00e0 c\u1ea7n ph\u1ea3i b\u1ed5 sung, ch\u1ec9nh s\u1eeda th\u00eam. M\u1ecdi \u00fd ki\u1ebfn \u0111\u00f3ng g\u00f3p \u0111\u1ec3 hi\u1ec7u ch\u1ec9nh hay chia s\u1ebb, c\u00e1c b\u1ea1n c\u00f3 th\u1ec3 g\u1eedi v\u1ec1 <em>admin@payitforward.edu.vn<\/em><\/p>\n<h4>1.\u00a0H\u01b0\u1edbng d\u1eabn s\u1eed d\u1ee5ng th\u01b0 vi\u1ec7n simpliciTI cho module CC1101 v\u1edbi MCU TM4C123G<\/h4>\n<ul>\n<li><a href=\"http:\/\/www.payitforward.edu.vn\/wordpress\/tutorials\/wireless\/cc1101-simpliciti-tiva-phan-1\/\" target=\"_blank\" rel=\"noopener\">Ph\u1ea7n 1 &#8211; T\u1ea1o project \u0111\u01a1n gi\u1ea3n<\/a><\/li>\n<li><a href=\"http:\/\/www.payitforward.edu.vn\/wordpress\/tutorials\/wireless\/cc1101-simpliciti-tiva-phan-2\/\" target=\"_blank\" rel=\"noopener\">Ph\u1ea7n 2 &#8211; T\u1ea1o m\u1ea1ng \u0111\u01a1n gi\u1ea3n<\/a><\/li>\n<li><a href=\"http:\/\/www.payitforward.edu.vn\/wordpress\/tutorials\/wireless\/cc1101-simpliciti-tiva-phan-3\/\" target=\"_blank\" rel=\"noopener\">Ph\u1ea7n 3 &#8211; \u0110o c\u01b0\u1eddng \u0111\u1ed9 s\u00f3ng<\/a><\/li>\n<\/ul>\n<h4>2. H\u01b0\u1edbng d\u1eabn giao ti\u1ebfp CC1101 v\u1edbi MCU TM4C123G<\/h4>\n<ul>\n<li>Ph\u1ea7n 1 &#8211; AT Command (UART)<\/li>\n<li>Ph\u1ea7n 2 &#8211; SPI<\/li>\n<\/ul>\n<p>&nbsp;<\/p>\n","protected":false},"excerpt":{"rendered":"<p>Ch\u00fang t\u00f4i th\u1ef1c hi\u1ec7n nh\u1eefng tutorials n\u00e0y kh\u00f4ng nh\u1eb1m v\u00e0o m\u1ee5c \u0111\u00edch n\u00e0o mang t\u00ednh th\u01b0\u01a1ng m\u1ea1i, m\u00e0 ch\u1ec9 mong n\u00f3 c\u00f3 th\u1ec3 gi\u00fap \u0111\u1ee1 b\u1ea1n, nh\u1eefng ng\u01b0\u1eddi m\u1edbi b\u1eaft \u0111\u1ea7u. Ch\u00fang t\u00f4i kh\u00f4ng ph\u1ea3i l\u00e0 nh\u1eefng ng\u01b0\u1eddi c\u00f3 nhi\u1ec1u ki\u1ebfn th\u1ee9c v\u00e0 kinh nghi\u1ec7m. Nh\u01b0ng ch\u00fang t\u00f4i \u0111\u00e3 t\u1eebng l\u00e0 ng\u01b0\u1eddi m\u1edbi h\u1ecdc v\u00e0 hi\u1ec3u \u0111\u01b0\u1ee3c b\u1ea1n g\u1eb7p ph\u1ea3i nh\u1eefng kh\u00f3 kh\u0103n g\u00ec. H\u00e3y ki\u00ean nh\u1eabn t\u1eeb nh\u1eefng b\u01b0\u1edbc \u0111i \u0111\u1ea7u ti\u00ean. Ch\u00fang t\u00f4i kh\u00f4ng \u0111\u1ec1 t\u00ean t\u00e1c gi\u1ea3. Ai l\u00e0m ra n\u00f3 kh\u00f4ng quan tr\u1ecdng. Quan tr\u1ecdng ch\u00ednh l\u00e0 ng\u01b0\u1eddi \u0111ang s\u1eed d\u1ee5ng n\u00f3 v\u00e0 c\u00e1ch m\u00e0 n\u00f3 \u2026<\/p>\n<p class=\"continue-reading-button\"> <a class=\"continue-reading-link\" href=\"https:\/\/payitforward.edu.vn\/wordpress\/tutorials\/wireless\/\">Continue reading<i class=\"crycon-right-dir\"><\/i><\/a><\/p>\n","protected":false},"author":1,"featured_media":0,"parent":72,"menu_order":12,"comment_status":"closed","ping_status":"closed","template":"","meta":{"footnotes":""},"class_list":["post-2605","page","type-page","status-publish","hentry"],"_links":{"self":[{"href":"https:\/\/payitforward.edu.vn\/wordpress\/wp-json\/wp\/v2\/pages\/2605","targetHints":{"allow":["GET"]}}],"collection":[{"href":"https:\/\/payitforward.edu.vn\/wordpress\/wp-json\/wp\/v2\/pages"}],"about":[{"href":"https:\/\/payitforward.edu.vn\/wordpress\/wp-json\/wp\/v2\/types\/page"}],"author":[{"embeddable":true,"href":"https:\/\/payitforward.edu.vn\/wordpress\/wp-json\/wp\/v2\/users\/1"}],"replies":[{"embeddable":true,"href":"https:\/\/payitforward.edu.vn\/wordpress\/wp-json\/wp\/v2\/comments?post=2605"}],"version-history":[{"count":5,"href":"https:\/\/payitforward.edu.vn\/wordpress\/wp-json\/wp\/v2\/pages\/2605\/revisions"}],"predecessor-version":[{"id":2632,"href":"https:\/\/payitforward.edu.vn\/wordpress\/wp-json\/wp\/v2\/pages\/2605\/revisions\/2632"}],"up":[{"embeddable":true,"href":"https:\/\/payitforward.edu.vn\/wordpress\/wp-json\/wp\/v2\/pages\/72"}],"wp:attachment":[{"href":"https:\/\/payitforward.edu.vn\/wordpress\/wp-json\/wp\/v2\/media?parent=2605"}],"curies":[{"name":"wp","href":"https:\/\/api.w.org\/{rel}","templated":true}]}}