{"id":265,"date":"2010-05-17T11:12:10","date_gmt":"2010-05-17T04:12:10","guid":{"rendered":"http:\/\/www.payitforward.edu.vn\/wordpress\/?page_id=265"},"modified":"2018-10-19T02:49:40","modified_gmt":"2018-10-18T19:49:40","slug":"1-in-mach","status":"publish","type":"page","link":"https:\/\/payitforward.edu.vn\/wordpress\/tutorials\/lam-mach-in\/1-in-mach\/","title":{"rendered":"1. In m\u1ea1ch"},"content":{"rendered":"<p>Sau khi ho\u00e0n th\u00e0nh file layout, ta \u0111em \u0111i in, nh\u1edb n\u00f3i l\u00e0 in <strong>gi\u1ea5y thu\u1ed1c<\/strong>:<\/p>\n<p><span style=\"text-decoration: underline;\">Th\u01b0\u1eddng ch\u1ecdn ch\u1ed7 sau:<\/span><\/p>\n<p>&#8211; Ti\u1ec7m in Lam S\u01a1n tr\u00ean \u0111\u01b0\u1eddng \u0110\u1ed3ng Nai <em>(t\u1eeb T\u00f4 Hi\u1ebfn Th\u00e0nh b\u00ean h\u00f4ng tr\u01b0\u1eddng BK \u0111i theo h\u01b0\u1edbng Th\u00e0nh Th\u00e1i, ch\u1ea1y qua ng\u00e3 t\u01b0 v\u1edbi Th\u00e0nh Th\u00e1i t\u1ea7m 100m, qu\u1eb9o tr\u00e1i r\u1ed3i \u0111i t\u1edbi 200m n\u1eefa, Lam S\u01a1n n\u1eb1m b\u00ean tay ph\u1ea3i).<\/em><\/p>\n<p><span style=\"text-decoration: underline;\">T\u1ea1i sao l\u1ea1i ch\u1ecdn ch\u1ed7 n\u00e0y:<\/span><\/p>\n<p>&#8211;\u00a0\u00a0\u00a0\u00a0\u00a0\u00a0\u00a0\u00a0 In gi\u1ea5y thu\u1ed1c r\u1ebb (5 n\u0103m r\u1ed3i v\u1eabn 2k\/t\u1edd), gi\u1ea5y glossy (hay c\u00f2n g\u1ecdi l\u00e0 gi\u1ea5y \u1ea3nh) th\u00ec 4k.<\/p>\n<p>&#8211;\u00a0\u00a0\u00a0\u00a0\u00a0\u00a0\u00a0\u00a0 Ch\u1ea5t l\u01b0\u1ee3ng Lam S\u01a1n t\u1ed1t.<\/p>\n<p>&#8211;\u00a0\u00a0\u00a0\u00a0\u00a0\u00a0\u00a0\u00a0 Computer Lam S\u01a1n nhanh, printer x\u1ecbn n\u00ean in nhanh h\u01a1n.<\/p>\n<p>&#8211;\u00a0\u00a0\u00a0\u00a0\u00a0\u00a0\u00a0 L\u00e0m vi\u1ec7c chuy\u00ean nghi\u1ec7p.<\/p>\n<p>Ngo\u00e0i ra c\u00f2n c\u00f3 Tuhu (mualinhkien) \u1edf g\u1ea7n Hshop, \u0111\u1ed1i di\u1ec7n c\u1ed5ng ch\u00ednh BK CS1. D\u01b0\u1edbi Th\u1ee7 \u0110\u1ee9c th\u00ec c\u00f3 B\u1ea3o T\u00edn (ph\u00eda sau SPKT) v\u00e0 ti\u1ec7m photo d\u01b0\u1edbi s\u1ea3nh to\u00e0 nh\u00e0 AH trong KTX khu A.<\/p>\n<p>Trong TUT n\u00e0y s\u1eed d\u1ee5ng m\u1ea1ch c\u00f3 file .MAX (Orcad) sau \u0111\u1ec3 l\u00e0m v\u00ed d\u1ee5:<\/p>\n<p><a href=\"https:\/\/s-media-cache-ak0.pinimg.com\/originals\/fb\/6a\/f1\/fb6af10cb395320b35328d7c80534ee8.jpg\" target=\"_blank\" rel=\"noopener\"><img decoding=\"async\" src=\"https:\/\/s-media-cache-ak0.pinimg.com\/originals\/fb\/6a\/f1\/fb6af10cb395320b35328d7c80534ee8.jpg\" alt=\"Photobucket\" border=\"0\" \/><\/a><\/p>\n<p>Khi in m\u1ea1ch c\u00e1c b\u1ea1n c\u1ea7n in ra file pdf \u0111\u1ec3 ng\u01b0\u1eddi ta in cho b\u1ea1n (nh\u1edb ch\u1ecdn gi\u1ea5y thu\u1ed1c ho\u1eb7c glossy).<\/p>\n<ul>\n<li>Khi xu\u1ea5t file nh\u1edb ch\u1ecdn \u0111\u00fang kh\u1ed5 gi\u1ea5y A4, t\u1ec9 l\u1ec7 1:1, m\u00e0u mono.<\/li>\n<li>M\u1eb7t top khi xu\u1ea5t c\u1ea7n mirror.<\/li>\n<li>Nh\u00e2n th\u00e0nh nhi\u1ec1u b\u1ea3n tr\u00ean c\u00f9ng 1 t\u1edd gi\u1ea5y b\u1eb1ng\u00a0c\u00e1c ph\u1ea7n m\u1ec1m edit file pdf ph\u00f2ng tr\u01b0\u1eddng h\u1ee3p g\u00e0 m\u1edd l\u00e0m fail b\u01b0\u1edbc sau.<\/li>\n<li>Nh\u1edb r\u00fat usb sau khi \u0111i in xong &gt;&lt;<\/li>\n<\/ul>\n","protected":false},"excerpt":{"rendered":"<p>Sau khi ho\u00e0n th\u00e0nh file layout, ta \u0111em \u0111i in, nh\u1edb n\u00f3i l\u00e0 in gi\u1ea5y thu\u1ed1c: Th\u01b0\u1eddng ch\u1ecdn ch\u1ed7 sau: &#8211; Ti\u1ec7m in Lam S\u01a1n tr\u00ean \u0111\u01b0\u1eddng \u0110\u1ed3ng Nai (t\u1eeb T\u00f4 Hi\u1ebfn Th\u00e0nh b\u00ean h\u00f4ng tr\u01b0\u1eddng BK \u0111i theo h\u01b0\u1edbng Th\u00e0nh Th\u00e1i, ch\u1ea1y qua ng\u00e3 t\u01b0 v\u1edbi Th\u00e0nh Th\u00e1i t\u1ea7m 100m, qu\u1eb9o tr\u00e1i r\u1ed3i \u0111i t\u1edbi 200m n\u1eefa, Lam S\u01a1n n\u1eb1m b\u00ean tay ph\u1ea3i). T\u1ea1i sao l\u1ea1i ch\u1ecdn ch\u1ed7 n\u00e0y: &#8211;\u00a0\u00a0\u00a0\u00a0\u00a0\u00a0\u00a0\u00a0 In gi\u1ea5y thu\u1ed1c r\u1ebb (5 n\u0103m r\u1ed3i v\u1eabn 2k\/t\u1edd), gi\u1ea5y glossy (hay c\u00f2n g\u1ecdi l\u00e0 gi\u1ea5y \u1ea3nh) th\u00ec 4k. &#8211;\u00a0\u00a0\u00a0\u00a0\u00a0\u00a0\u00a0\u00a0 Ch\u1ea5t l\u01b0\u1ee3ng Lam S\u01a1n t\u1ed1t. &#8211;\u00a0\u00a0\u00a0\u00a0\u00a0\u00a0\u00a0\u00a0 Computer Lam S\u01a1n \u2026<\/p>\n<p class=\"continue-reading-button\"> <a class=\"continue-reading-link\" href=\"https:\/\/payitforward.edu.vn\/wordpress\/tutorials\/lam-mach-in\/1-in-mach\/\">Continue reading<i class=\"crycon-right-dir\"><\/i><\/a><\/p>\n","protected":false},"author":1,"featured_media":0,"parent":259,"menu_order":0,"comment_status":"closed","ping_status":"closed","template":"","meta":{"footnotes":""},"class_list":["post-265","page","type-page","status-publish","hentry"],"_links":{"self":[{"href":"https:\/\/payitforward.edu.vn\/wordpress\/wp-json\/wp\/v2\/pages\/265","targetHints":{"allow":["GET"]}}],"collection":[{"href":"https:\/\/payitforward.edu.vn\/wordpress\/wp-json\/wp\/v2\/pages"}],"about":[{"href":"https:\/\/payitforward.edu.vn\/wordpress\/wp-json\/wp\/v2\/types\/page"}],"author":[{"embeddable":true,"href":"https:\/\/payitforward.edu.vn\/wordpress\/wp-json\/wp\/v2\/users\/1"}],"replies":[{"embeddable":true,"href":"https:\/\/payitforward.edu.vn\/wordpress\/wp-json\/wp\/v2\/comments?post=265"}],"version-history":[{"count":11,"href":"https:\/\/payitforward.edu.vn\/wordpress\/wp-json\/wp\/v2\/pages\/265\/revisions"}],"predecessor-version":[{"id":2657,"href":"https:\/\/payitforward.edu.vn\/wordpress\/wp-json\/wp\/v2\/pages\/265\/revisions\/2657"}],"up":[{"embeddable":true,"href":"https:\/\/payitforward.edu.vn\/wordpress\/wp-json\/wp\/v2\/pages\/259"}],"wp:attachment":[{"href":"https:\/\/payitforward.edu.vn\/wordpress\/wp-json\/wp\/v2\/media?parent=265"}],"curies":[{"name":"wp","href":"https:\/\/api.w.org\/{rel}","templated":true}]}}