{"id":2665,"date":"2018-10-19T03:26:32","date_gmt":"2018-10-18T20:26:32","guid":{"rendered":"http:\/\/www.payitforward.edu.vn\/wordpress\/?page_id=2665"},"modified":"2018-10-19T03:35:19","modified_gmt":"2018-10-18T20:35:19","slug":"6-phu-nhua-thong-bao-ve-board","status":"publish","type":"page","link":"https:\/\/payitforward.edu.vn\/wordpress\/tutorials\/lam-mach-in\/6-phu-nhua-thong-bao-ve-board\/","title":{"rendered":"6.Ph\u1ee7 nh\u1ef1a th\u00f4ng b\u1ea3o v\u1ec7 board"},"content":{"rendered":"<ul>\n<li>Pha h\u1ed7n h\u1ee3p nh\u1ef1a th\u00f4ng (c\u1ee5c) + x\u0103ng th\u01a1m t\u1ec9 l\u1ec7 1\/1 ho\u1eb7c \u0111\u1ebfn khi th\u1ea5y h\u1ed7n h\u1ee3p h\u01a1i \u0111\u1eb7c<\/li>\n<li>\u0110\u1ea3m b\u1ea3o board \u0111\u1ed3ng s\u1ea1ch m\u1ef1c, kh\u00f4ng b\u1ee5i v\u00e0 c\u00f2n s\u00e1ng b\u00f3ng, n\u1ebfu \u0111\u00e3 b\u1ecb t\u1ed1i m\u00e0u th\u00ec l\u1ea5y gi\u1ea5y nh\u00e1m ch\u00e0 s\u1ea1ch.<\/li>\n<li>Ph\u1ee7 \u0111\u1ec1u h\u1ed7n h\u1ee3p v\u1eeba pha l\u00ean board, l\u1edbp m\u1ecfng, ph\u01a1i kh\u00f4 kho\u1ea3ng n\u1eeda ng\u00e0y (c\u00f3 th\u1ec3 h\u01a1 n\u00f3ng cho nhanh b\u1eb1ng m\u00e1y kh\u00f2, l\u1eeda gas, b\u1eadt l\u1eeda,&#8230;)<\/li>\n<li>Tr\u00e1nh ti\u1ebfp x\u00fac tr\u1ef1c ti\u1ebfp l\u00ean m\u1eb7t \u0111\u1ed3ng t\u1eeb b\u01b0\u1edbc n\u00e0y v\u1ec1 sau<\/li>\n<li><a href=\"http:\/\/s653.photobucket.com\/albums\/uu259\/rockc4\/DD07KSTN\/Ui%20Khoan%20Han\/?action=view&amp;current=IMG_2659_2.jpg\" target=\"_blank\" rel=\"noopener\"><img decoding=\"async\" src=\"http:\/\/i653.photobucket.com\/albums\/uu259\/rockc4\/DD07KSTN\/Ui%20Khoan%20Han\/IMG_2659_2.jpg\" alt=\"Photobucket\" border=\"0\" \/><\/a><\/li>\n<\/ul>\n","protected":false},"excerpt":{"rendered":"<p>Pha h\u1ed7n h\u1ee3p nh\u1ef1a th\u00f4ng (c\u1ee5c) + x\u0103ng th\u01a1m t\u1ec9 l\u1ec7 1\/1 ho\u1eb7c \u0111\u1ebfn khi th\u1ea5y h\u1ed7n h\u1ee3p h\u01a1i \u0111\u1eb7c \u0110\u1ea3m b\u1ea3o board \u0111\u1ed3ng s\u1ea1ch m\u1ef1c, kh\u00f4ng b\u1ee5i v\u00e0 c\u00f2n s\u00e1ng b\u00f3ng, n\u1ebfu \u0111\u00e3 b\u1ecb t\u1ed1i m\u00e0u th\u00ec l\u1ea5y gi\u1ea5y nh\u00e1m ch\u00e0 s\u1ea1ch. Ph\u1ee7 \u0111\u1ec1u h\u1ed7n h\u1ee3p v\u1eeba pha l\u00ean board, l\u1edbp m\u1ecfng, ph\u01a1i kh\u00f4 kho\u1ea3ng n\u1eeda ng\u00e0y (c\u00f3 th\u1ec3 h\u01a1 n\u00f3ng cho nhanh b\u1eb1ng m\u00e1y kh\u00f2, l\u1eeda gas, b\u1eadt l\u1eeda,&#8230;) Tr\u00e1nh ti\u1ebfp x\u00fac tr\u1ef1c ti\u1ebfp l\u00ean m\u1eb7t \u0111\u1ed3ng t\u1eeb b\u01b0\u1edbc n\u00e0y v\u1ec1 sau<\/p>\n<p class=\"continue-reading-button\"> <a class=\"continue-reading-link\" href=\"https:\/\/payitforward.edu.vn\/wordpress\/tutorials\/lam-mach-in\/6-phu-nhua-thong-bao-ve-board\/\">Continue reading<i class=\"crycon-right-dir\"><\/i><\/a><\/p>\n","protected":false},"author":6,"featured_media":0,"parent":259,"menu_order":0,"comment_status":"closed","ping_status":"closed","template":"","meta":{"footnotes":""},"class_list":["post-2665","page","type-page","status-publish","hentry"],"_links":{"self":[{"href":"https:\/\/payitforward.edu.vn\/wordpress\/wp-json\/wp\/v2\/pages\/2665","targetHints":{"allow":["GET"]}}],"collection":[{"href":"https:\/\/payitforward.edu.vn\/wordpress\/wp-json\/wp\/v2\/pages"}],"about":[{"href":"https:\/\/payitforward.edu.vn\/wordpress\/wp-json\/wp\/v2\/types\/page"}],"author":[{"embeddable":true,"href":"https:\/\/payitforward.edu.vn\/wordpress\/wp-json\/wp\/v2\/users\/6"}],"replies":[{"embeddable":true,"href":"https:\/\/payitforward.edu.vn\/wordpress\/wp-json\/wp\/v2\/comments?post=2665"}],"version-history":[{"count":4,"href":"https:\/\/payitforward.edu.vn\/wordpress\/wp-json\/wp\/v2\/pages\/2665\/revisions"}],"predecessor-version":[{"id":2670,"href":"https:\/\/payitforward.edu.vn\/wordpress\/wp-json\/wp\/v2\/pages\/2665\/revisions\/2670"}],"up":[{"embeddable":true,"href":"https:\/\/payitforward.edu.vn\/wordpress\/wp-json\/wp\/v2\/pages\/259"}],"wp:attachment":[{"href":"https:\/\/payitforward.edu.vn\/wordpress\/wp-json\/wp\/v2\/media?parent=2665"}],"curies":[{"name":"wp","href":"https:\/\/api.w.org\/{rel}","templated":true}]}}