{"id":268,"date":"2010-05-17T11:22:48","date_gmt":"2010-05-17T04:22:48","guid":{"rendered":"http:\/\/www.payitforward.edu.vn\/wordpress\/?page_id=268"},"modified":"2017-04-16T10:26:32","modified_gmt":"2017-04-16T03:26:32","slug":"2-cat-board","status":"publish","type":"page","link":"https:\/\/payitforward.edu.vn\/wordpress\/tutorials\/lam-mach-in\/2-cat-board\/","title":{"rendered":"2. C\u1eaft board"},"content":{"rendered":"<p>1. C\u1eaft ph\u1ea7n layout t\u1eeb gi\u1ea5y in:<br \/>\n<em>(v\u00ec layout kh\u00e1 nh\u1ecf n\u00ean ta in \u0111\u01b0\u1ee3c 6 b\u1ea3n tr\u00ean 1 m\u1eb7t gi\u1ea5y \u0111\u1ec3 ti\u1ebft ki\u1ec7m \u0111\u1ed3ng th\u1eddi c\u0169ng c\u00f3 c\u00e1i thay th\u1ebf ngay khi \u1ee7i m\u1ea1ch kh\u00f4ng d\u00ednh h\u1ebft) <\/em><\/p>\n<p><a href=\"http:\/\/s653.photobucket.com\/albums\/uu259\/rockc4\/DD07KSTN\/Ui%20Khoan%20Han\/?action=view&amp;current=IMG_2583_4.jpg\" target=\"_blank\"><img decoding=\"async\" src=\"http:\/\/i653.photobucket.com\/albums\/uu259\/rockc4\/DD07KSTN\/Ui%20Khoan%20Han\/IMG_2583_4.jpg\" alt=\"Photobucket\" border=\"0\" \/><\/a><\/p>\n<p>2. \u0110o tr\u01b0\u1edbc ph\u1ea7n m\u1ea1ch c\u1ea7n \u1ee7i kho\u1ea3ng bao nhi\u00eau r\u1ed3i d\u00f9ng th\u01b0\u1edbc k\u1ebb khung b\u1ea3n m\u1ea1ch c\u1ea7n \u1ee7i. Sau \u0111\u00f3 c\u1eaft nh\u01b0 trong h\u00ecnh:<\/p>\n<p><a href=\"http:\/\/s653.photobucket.com\/albums\/uu259\/rockc4\/DD07KSTN\/Ui%20Khoan%20Han\/?action=view&amp;current=IMG_2585_2.jpg\" target=\"_blank\"><img decoding=\"async\" src=\"http:\/\/i653.photobucket.com\/albums\/uu259\/rockc4\/DD07KSTN\/Ui%20Khoan%20Han\/IMG_2585_2.jpg\" alt=\"Photobucket\" border=\"0\" \/><\/a><\/p>\n<p><em>Ch\u00fa \u00fd: <\/em><br \/>\n<em>&#8211; Board \u0111\u1ed3ng n\u00ean mua lo\u1ea1i L, c\u1ee1 size 20&#215;30 \u1edf k\u1ebf ti\u1ec7m Ng\u1ecdc \u2013 Nh\u1eadt T\u1ea3o l\u00e0 17k.<br \/>\n&#8211; Dao c\u1eaft m\u1ea1ch c\u00f9ng ch\u1ed7 gi\u00e1 10k , c\u00f3 th\u1ec3 d\u00f9ng c\u01b0a nh\u1ecf thay th\u1ebf.<br \/>\n&#8211; Th\u01b0\u1edbc n\u00ean d\u00f9ng lo\u1ea1i th\u01b0\u1edbc c\u1ee9ng, th\u01b0\u1edbc s\u1eaft \u2013 g\u1ed7 c\u00e0ng t\u1ed1t, tr\u00e1nh d\u00f9ng nh\u1ef1a m\u1ec1m s\u1ebd h\u01b0 th\u01b0\u1edbc v\u00e0 d\u1ec5 tr\u01b0\u1ee3t v\u00e0o tay.<\/em><\/p>\n<p>Ta n\u00ean c\u1eaft theo th\u01b0\u1edbc m\u1ed9t v\u00e0i l\u1ea7n \u0111\u1ec3 l\u1ea5y \u0111\u01b0\u1eddng canh, sau \u0111\u00f3 th\u00ec kh\u00f4ng c\u1ea7n th\u01b0\u1edbc n\u1eefa.<\/p>\n<p><a href=\"http:\/\/s653.photobucket.com\/albums\/uu259\/rockc4\/DD07KSTN\/Ui%20Khoan%20Han\/?action=view&amp;current=IMG_2586_2.jpg\" target=\"_blank\"><img decoding=\"async\" src=\"http:\/\/i653.photobucket.com\/albums\/uu259\/rockc4\/DD07KSTN\/Ui%20Khoan%20Han\/IMG_2586_2.jpg\" alt=\"Photobucket\" border=\"0\" \/><\/a><\/p>\n<p><a href=\"http:\/\/s653.photobucket.com\/albums\/uu259\/rockc4\/DD07KSTN\/Ui%20Khoan%20Han\/?action=view&amp;current=IMG_2588_2.jpg\" target=\"_blank\"><img decoding=\"async\" src=\"http:\/\/i653.photobucket.com\/albums\/uu259\/rockc4\/DD07KSTN\/Ui%20Khoan%20Han\/IMG_2588_2.jpg\" alt=\"Photobucket\" border=\"0\" \/><\/a><\/p>\n<p>Thao t\u00e1c theo h\u00ecnh, d\u00f9ng g\u00f3c d\u01b0\u1edbi c\u1ee7a dao m\u00e0 c\u1eaft.<\/p>\n<p>Sau khi c\u1eaft m\u1ea1ch tr\u00ean s\u00e2u \u0111\u1ebfn \u00bd \u0111\u1ebfn 1\/3 \u0111\u1ed9 d\u1ea7y board, ta l\u1eadt m\u1eb7t sau c\u1eaft theo \u0111\u01b0\u1eddng \u0111\u00f3, tr\u00e1nh tr\u01b0\u1eddng h\u1ee3p ch\u1ec9 c\u1eaft 1 m\u1eb7t khi b\u1ebb m\u1eb7t sau s\u1ebd kh\u00f4ng \u0111\u1eb9p.<\/p>\n<p><a href=\"http:\/\/s653.photobucket.com\/albums\/uu259\/rockc4\/DD07KSTN\/Ui%20Khoan%20Han\/?action=view&amp;current=IMG_2589_2.jpg\" target=\"_blank\"><img decoding=\"async\" src=\"http:\/\/i653.photobucket.com\/albums\/uu259\/rockc4\/DD07KSTN\/Ui%20Khoan%20Han\/IMG_2589_2.jpg\" alt=\"Photobucket\" border=\"0\" \/><\/a><\/p>\n<p><a href=\"http:\/\/s653.photobucket.com\/albums\/uu259\/rockc4\/DD07KSTN\/Ui%20Khoan%20Han\/?action=view&amp;current=IMG_2590_2.jpg\" target=\"_blank\"><img decoding=\"async\" src=\"http:\/\/i653.photobucket.com\/albums\/uu259\/rockc4\/DD07KSTN\/Ui%20Khoan%20Han\/IMG_2590_2.jpg\" alt=\"Photobucket\" border=\"0\" \/><\/a><\/p>\n<p>Sau c\u00f9ng d\u00f9ng tay b\u1ebb nh\u1eb9, ta \u0111\u01b0\u1ee3c m\u1ea3nh board c\u1ea7n \u1ee7i:<\/p>\n<p><a href=\"http:\/\/s653.photobucket.com\/albums\/uu259\/rockc4\/DD07KSTN\/Ui%20Khoan%20Han\/?action=view&amp;current=IMG_2592_2.jpg\" target=\"_blank\"><img decoding=\"async\" src=\"http:\/\/i653.photobucket.com\/albums\/uu259\/rockc4\/DD07KSTN\/Ui%20Khoan%20Han\/IMG_2592_2.jpg\" alt=\"Photobucket\" border=\"0\" \/><\/a><\/p>\n","protected":false},"excerpt":{"rendered":"<p>1. C\u1eaft ph\u1ea7n layout t\u1eeb gi\u1ea5y in: (v\u00ec layout kh\u00e1 nh\u1ecf n\u00ean ta in \u0111\u01b0\u1ee3c 6 b\u1ea3n tr\u00ean 1 m\u1eb7t gi\u1ea5y \u0111\u1ec3 ti\u1ebft ki\u1ec7m \u0111\u1ed3ng th\u1eddi c\u0169ng c\u00f3 c\u00e1i thay th\u1ebf ngay khi \u1ee7i m\u1ea1ch kh\u00f4ng d\u00ednh h\u1ebft) 2. \u0110o tr\u01b0\u1edbc ph\u1ea7n m\u1ea1ch c\u1ea7n \u1ee7i kho\u1ea3ng bao nhi\u00eau r\u1ed3i d\u00f9ng th\u01b0\u1edbc k\u1ebb khung b\u1ea3n m\u1ea1ch c\u1ea7n \u1ee7i. Sau \u0111\u00f3 c\u1eaft nh\u01b0 trong h\u00ecnh: Ch\u00fa \u00fd: &#8211; Board \u0111\u1ed3ng n\u00ean mua lo\u1ea1i L, c\u1ee1 size 20&#215;30 \u1edf k\u1ebf ti\u1ec7m Ng\u1ecdc \u2013 Nh\u1eadt T\u1ea3o l\u00e0 17k. &#8211; Dao c\u1eaft m\u1ea1ch c\u00f9ng ch\u1ed7 gi\u00e1 10k , c\u00f3 th\u1ec3 d\u00f9ng c\u01b0a nh\u1ecf thay th\u1ebf. \u2026<\/p>\n<p class=\"continue-reading-button\"> <a class=\"continue-reading-link\" href=\"https:\/\/payitforward.edu.vn\/wordpress\/tutorials\/lam-mach-in\/2-cat-board\/\">Continue reading<i class=\"crycon-right-dir\"><\/i><\/a><\/p>\n","protected":false},"author":1,"featured_media":0,"parent":259,"menu_order":0,"comment_status":"closed","ping_status":"closed","template":"","meta":{"footnotes":""},"class_list":["post-268","page","type-page","status-publish","hentry"],"_links":{"self":[{"href":"https:\/\/payitforward.edu.vn\/wordpress\/wp-json\/wp\/v2\/pages\/268","targetHints":{"allow":["GET"]}}],"collection":[{"href":"https:\/\/payitforward.edu.vn\/wordpress\/wp-json\/wp\/v2\/pages"}],"about":[{"href":"https:\/\/payitforward.edu.vn\/wordpress\/wp-json\/wp\/v2\/types\/page"}],"author":[{"embeddable":true,"href":"https:\/\/payitforward.edu.vn\/wordpress\/wp-json\/wp\/v2\/users\/1"}],"replies":[{"embeddable":true,"href":"https:\/\/payitforward.edu.vn\/wordpress\/wp-json\/wp\/v2\/comments?post=268"}],"version-history":[{"count":7,"href":"https:\/\/payitforward.edu.vn\/wordpress\/wp-json\/wp\/v2\/pages\/268\/revisions"}],"predecessor-version":[{"id":2658,"href":"https:\/\/payitforward.edu.vn\/wordpress\/wp-json\/wp\/v2\/pages\/268\/revisions\/2658"}],"up":[{"embeddable":true,"href":"https:\/\/payitforward.edu.vn\/wordpress\/wp-json\/wp\/v2\/pages\/259"}],"wp:attachment":[{"href":"https:\/\/payitforward.edu.vn\/wordpress\/wp-json\/wp\/v2\/media?parent=268"}],"curies":[{"name":"wp","href":"https:\/\/api.w.org\/{rel}","templated":true}]}}