{"id":272,"date":"2010-05-17T11:33:18","date_gmt":"2010-05-17T04:33:18","guid":{"rendered":"http:\/\/www.payitforward.edu.vn\/wordpress\/?page_id=272"},"modified":"2010-09-27T13:57:36","modified_gmt":"2010-09-27T06:57:36","slug":"3-ui","status":"publish","type":"page","link":"https:\/\/payitforward.edu.vn\/wordpress\/tutorials\/lam-mach-in\/3-ui\/","title":{"rendered":"3.\u1ee6i"},"content":{"rendered":"<p>1. D\u00f9ng gi\u1ea5y nh\u00e1m ho\u1eb7c mi\u1ebfng r\u1eeda ch\u00e9n ch\u00e0 board nh\u01b0 h\u00ecnh, nh\u1eb1m \u0111\u00e1nh h\u1ebft ph\u1ea7n \u0111\u1ed3ng oxi h\u00f3a \u0111\u1ec3 m\u1ef1c d\u1ec5 d\u00ednh l\u00ean. Y\u00eau c\u1ea7u: board sau khi \u0111\u00e1nh ph\u1ea3i s\u1ea1ch v\u00e0 s\u00e1ng.<\/p>\n<p><a href=\"http:\/\/s653.photobucket.com\/albums\/uu259\/rockc4\/DD07KSTN\/Ui%20Khoan%20Han\/?action=view&#038;current=IMG_2593_2.jpg\" target=\"_blank\"><img decoding=\"async\" src=\"http:\/\/i653.photobucket.com\/albums\/uu259\/rockc4\/DD07KSTN\/Ui%20Khoan%20Han\/IMG_2593_2.jpg\" border=\"0\" alt=\"Photobucket\"><\/a><\/p>\n<p>2. Thoa nh\u1ef1a th\u00f4ng l\u1ecfng (nh\u1ef1a h\u00e0n ch\u00ec), h\u1ed9p n\u00e0y mua \u1edf k\u1ebf ti\u1ec7m Ng\u1ecdc t\u1ea7m 6k-8k.<\/p>\n<p><a href=\"http:\/\/s653.photobucket.com\/albums\/uu259\/rockc4\/DD07KSTN\/Ui%20Khoan%20Han\/?action=view&#038;current=IMG_2596_2.jpg\" target=\"_blank\"><img decoding=\"async\" src=\"http:\/\/i653.photobucket.com\/albums\/uu259\/rockc4\/DD07KSTN\/Ui%20Khoan%20Han\/IMG_2596_2.jpg\" border=\"0\" alt=\"Photobucket\"><\/a><\/p>\n<p>3. D\u00f9ng tay thoa \u0111\u1ec1u nh\u01b0 h\u00ecnh, kh\u00f4ng c\u1ea7n nhi\u1ec1u, ch\u1ec9 c\u1ea7n l\u1edbp m\u1ecfng l\u00e0 \u0111\u1ee7, nh\u1ef1a n\u00e0y s\u1ebd gi\u00fap vi\u1ec7c truy\u1ec1n nhi\u1ec7t t\u1ed1t h\u01a1n<\/p>\n<p><a href=\"http:\/\/s653.photobucket.com\/albums\/uu259\/rockc4\/DD07KSTN\/Ui%20Khoan%20Han\/?action=view&#038;current=IMG_2598_2.jpg\" target=\"_blank\"><img decoding=\"async\" src=\"http:\/\/i653.photobucket.com\/albums\/uu259\/rockc4\/DD07KSTN\/Ui%20Khoan%20Han\/IMG_2598_2.jpg\" border=\"0\" alt=\"Photobucket\"><\/a><\/p>\n<p>4. D\u00f9ng gi\u1ea5y lau th\u1eadt s\u1ea1ch<\/p>\n<p><a href=\"http:\/\/s653.photobucket.com\/albums\/uu259\/rockc4\/DD07KSTN\/Ui%20Khoan%20Han\/?action=view&#038;current=IMG_2599_2.jpg\" target=\"_blank\"><img decoding=\"async\" src=\"http:\/\/i653.photobucket.com\/albums\/uu259\/rockc4\/DD07KSTN\/Ui%20Khoan%20Han\/IMG_2599_2.jpg\" border=\"0\" alt=\"Photobucket\"><\/a><\/p>\n<p><a href=\"http:\/\/s653.photobucket.com\/albums\/uu259\/rockc4\/DD07KSTN\/Ui%20Khoan%20Han\/?action=view&#038;current=IMG_2600_2.jpg\" target=\"_blank\"><img decoding=\"async\" src=\"http:\/\/i653.photobucket.com\/albums\/uu259\/rockc4\/DD07KSTN\/Ui%20Khoan%20Han\/IMG_2600_2.jpg\" border=\"0\" alt=\"Photobucket\"><\/a><\/p>\n<p>5.\u00a0 Ta g\u1ea5p c\u00e1c n\u1ebfp gi\u1eefa gi\u1ea5y v\u00e0 board \u0111\u1ec3 \u0111\u00e1nh d\u1ea5u sao cho m\u1ea1ch sau khi \u1ee7i n\u1eb1m \u0111\u00fang v\u1ecb tr\u00ed.<\/p>\n<p><a href=\"http:\/\/s653.photobucket.com\/albums\/uu259\/rockc4\/DD07KSTN\/Ui%20Khoan%20Han\/?action=view&#038;current=IMG_2602_2.jpg\" target=\"_blank\"><img decoding=\"async\" src=\"http:\/\/i653.photobucket.com\/albums\/uu259\/rockc4\/DD07KSTN\/Ui%20Khoan%20Han\/IMG_2602_2.jpg\" border=\"0\" alt=\"Photobucket\"><\/a><\/p>\n<p>6. D\u00f9ng m\u1ed9t \u00edt b\u0103ng d\u00e1n c\u1ed1 \u0111\u1ecbnh nh\u01b0 h\u00ecnh:<\/p>\n<p><a href=\"http:\/\/s653.photobucket.com\/albums\/uu259\/rockc4\/DD07KSTN\/Ui%20Khoan%20Han\/?action=view&#038;current=IMG_2603_2.jpg\" target=\"_blank\"><img decoding=\"async\" src=\"http:\/\/i653.photobucket.com\/albums\/uu259\/rockc4\/DD07KSTN\/Ui%20Khoan%20Han\/IMG_2603_2.jpg\" border=\"0\" alt=\"Photobucket\"><\/a><\/p>\n<p>7. D\u00f9ng b\u00e0n \u1ee7i, l\u00fac n\u00e0y \u0111\u00e3 n\u00f3ng s\u1eb5n ( \u0111\u1eb7t \u0111\u1ed9 n\u00f3ng \u1edf m\u1ee9c max ) \u0111\u00e8 h\u1eb3n l\u00ean board v\u00e0 k\u00e9o t\u1eeb t\u1eeb, t\u1eeb m\u00e9p b\u00ean n\u00e0y sang m\u00e9p b\u00ean kia, m\u1ee9c \u0111\u1ed9 \u0111\u00e8 v\u1eeba ph\u1ea3i.<\/p>\n<p><a href=\"http:\/\/s653.photobucket.com\/albums\/uu259\/rockc4\/DD07KSTN\/Ui%20Khoan%20Han\/?action=view&#038;current=IMG_2605_2.jpg\" target=\"_blank\"><img decoding=\"async\" src=\"http:\/\/i653.photobucket.com\/albums\/uu259\/rockc4\/DD07KSTN\/Ui%20Khoan%20Han\/IMG_2605_2.jpg\" border=\"0\" alt=\"Photobucket\"><\/a><\/p>\n<p>8.\u00a0 Sau \u0111\u00f3 \u1ee7i \u0111i, r\u1ed3i l\u1ea1i \u1ee7i l\u1ea1i; \u1ee7i t\u1edbi r\u1ed3i l\u1ea1i \u1ee7i lui cho \u0111\u1ebfn khi c\u00e1c \u0111\u01b0\u1eddng n\u00e9t m\u1ea1ch l\u1eb1n l\u00ean nh\u01b0 h\u00ecnh th\u00ec d\u1eebng l\u1ea1i, v\u1edbi board c\u1ee1 6&#215;8 n\u00e0y th\u00ec t\u1ea7m kho\u1ea3ng 4p-5p l\u00e0 \u0111\u01b0\u1ee3c.<\/p>\n<p>&#8211;\u00a0\u00a0\u00a0\u00a0\u00a0\u00a0\u00a0\u00a0 \u0110\u1ed1i v\u1edbi c\u00e1c b\u1ea1n m\u1edbi l\u00e0m th\u00ec ph\u1ea7n trung t\u00e2m m\u1ea1ch v\u00e0 c\u00e1c m\u00e9p ngo\u00e0i d\u1ec5 b\u1ecb b\u1ecf s\u00f3t v\u00e0 do \u0111\u00f3 m\u1ef1c kh\u00f4ng d\u00ednh h\u1ebft. Ta c\u1ea7n ch\u00fa \u00fd d\u00f9ng m\u0169i b\u00e0n \u1ee7i v\u00e0 c\u00e1c ph\u1ea7n g\u1ea7n c\u1ea1nh b\u00e0n \u1ee7i m\u00e0 ch\u00e0 k\u0129 c\u00e1c ph\u1ea7n \u0111\u00f3.<\/p>\n<p><a href=\"http:\/\/s653.photobucket.com\/albums\/uu259\/rockc4\/DD07KSTN\/Ui%20Khoan%20Han\/?action=view&#038;current=IMG_2608_2.jpg\" target=\"_blank\"><img decoding=\"async\" src=\"http:\/\/i653.photobucket.com\/albums\/uu259\/rockc4\/DD07KSTN\/Ui%20Khoan%20Han\/IMG_2608_2.jpg\" border=\"0\" alt=\"Photobucket\"><\/a><\/p>\n<p><a href=\"http:\/\/s653.photobucket.com\/albums\/uu259\/rockc4\/DD07KSTN\/Ui%20Khoan%20Han\/?action=view&#038;current=IMG_2613_2.jpg\" target=\"_blank\"><img decoding=\"async\" src=\"http:\/\/i653.photobucket.com\/albums\/uu259\/rockc4\/DD07KSTN\/Ui%20Khoan%20Han\/IMG_2613_2.jpg\" border=\"0\" alt=\"Photobucket\"><\/a><\/p>\n<p>9.<em> C\u00e1c ch\u00fa \u00fd: <\/em><\/p>\n<p>&#8211;\u00a0\u00a0\u00a0\u00a0\u00a0\u00a0\u00a0\u00a0\u00a0 <em>Ph\u1ea7n qu\u00e9t nh\u1ef1a th\u00f4ng l\u1ecfng l\u00e0 option, nh\u1ef1a th\u00f4ng l\u1ecfng gi\u00fap ti\u1ebft ki\u1ec7m th\u1eddi gian \u1ee7i v\u00e0 \u1ee7i d\u1ec5 d\u00e0ng h\u01a1n. B\u1ea1n n\u00e0o c\u1ea3m th\u1ea5y t\u1ef1 tin r\u1ed3i th\u00ec c\u00f3 th\u1ec3 b\u1ecf qua ph\u1ea7n n\u00e0y.<\/em><\/p>\n<p>&#8211;\u00a0\u00a0\u00a0\u00a0\u00a0\u00a0\u00a0\u00a0\u00a0 <em>Vi\u1ec7c \u0111\u00e8 m\u1ea1nh qu\u00e1 m\u1ee9c c\u00f3 th\u1ec3 l\u00e0m gi\u1ea5y tr\u01b0\u1ee3t tr\u00ean board -&gt; h\u1ecfng, ho\u1eb7c d\u00f9ng m\u0169i b\u00e0n \u1ee7i ch\u00e0 m\u1ea1ch s\u1ebd g\u00e2y r\u00e1ch gi\u1ea5y.<\/em><\/p>\n","protected":false},"excerpt":{"rendered":"<p>1. D\u00f9ng gi\u1ea5y nh\u00e1m ho\u1eb7c mi\u1ebfng r\u1eeda ch\u00e9n ch\u00e0 board nh\u01b0 h\u00ecnh, nh\u1eb1m \u0111\u00e1nh h\u1ebft ph\u1ea7n \u0111\u1ed3ng oxi h\u00f3a \u0111\u1ec3 m\u1ef1c d\u1ec5 d\u00ednh l\u00ean. Y\u00eau c\u1ea7u: board sau khi \u0111\u00e1nh ph\u1ea3i s\u1ea1ch v\u00e0 s\u00e1ng. 2. Thoa nh\u1ef1a th\u00f4ng l\u1ecfng (nh\u1ef1a h\u00e0n ch\u00ec), h\u1ed9p n\u00e0y mua \u1edf k\u1ebf ti\u1ec7m Ng\u1ecdc t\u1ea7m 6k-8k. 3. D\u00f9ng tay thoa \u0111\u1ec1u nh\u01b0 h\u00ecnh, kh\u00f4ng c\u1ea7n nhi\u1ec1u, ch\u1ec9 c\u1ea7n l\u1edbp m\u1ecfng l\u00e0 \u0111\u1ee7, nh\u1ef1a n\u00e0y s\u1ebd gi\u00fap vi\u1ec7c truy\u1ec1n nhi\u1ec7t t\u1ed1t h\u01a1n 4. D\u00f9ng gi\u1ea5y lau th\u1eadt s\u1ea1ch 5.\u00a0 Ta g\u1ea5p c\u00e1c n\u1ebfp gi\u1eefa gi\u1ea5y v\u00e0 board \u0111\u1ec3 \u0111\u00e1nh d\u1ea5u sao cho m\u1ea1ch sau khi \u1ee7i \u2026<\/p>\n<p class=\"continue-reading-button\"> <a class=\"continue-reading-link\" href=\"https:\/\/payitforward.edu.vn\/wordpress\/tutorials\/lam-mach-in\/3-ui\/\">Continue reading<i class=\"crycon-right-dir\"><\/i><\/a><\/p>\n","protected":false},"author":1,"featured_media":0,"parent":259,"menu_order":0,"comment_status":"open","ping_status":"open","template":"","meta":{"footnotes":""},"class_list":["post-272","page","type-page","status-publish","hentry"],"_links":{"self":[{"href":"https:\/\/payitforward.edu.vn\/wordpress\/wp-json\/wp\/v2\/pages\/272","targetHints":{"allow":["GET"]}}],"collection":[{"href":"https:\/\/payitforward.edu.vn\/wordpress\/wp-json\/wp\/v2\/pages"}],"about":[{"href":"https:\/\/payitforward.edu.vn\/wordpress\/wp-json\/wp\/v2\/types\/page"}],"author":[{"embeddable":true,"href":"https:\/\/payitforward.edu.vn\/wordpress\/wp-json\/wp\/v2\/users\/1"}],"replies":[{"embeddable":true,"href":"https:\/\/payitforward.edu.vn\/wordpress\/wp-json\/wp\/v2\/comments?post=272"}],"version-history":[{"count":7,"href":"https:\/\/payitforward.edu.vn\/wordpress\/wp-json\/wp\/v2\/pages\/272\/revisions"}],"predecessor-version":[{"id":2659,"href":"https:\/\/payitforward.edu.vn\/wordpress\/wp-json\/wp\/v2\/pages\/272\/revisions\/2659"}],"up":[{"embeddable":true,"href":"https:\/\/payitforward.edu.vn\/wordpress\/wp-json\/wp\/v2\/pages\/259"}],"wp:attachment":[{"href":"https:\/\/payitforward.edu.vn\/wordpress\/wp-json\/wp\/v2\/media?parent=272"}],"curies":[{"name":"wp","href":"https:\/\/api.w.org\/{rel}","templated":true}]}}