{"id":277,"date":"2010-05-17T11:43:50","date_gmt":"2010-05-17T04:43:50","guid":{"rendered":"http:\/\/www.payitforward.edu.vn\/wordpress\/?page_id=277"},"modified":"2018-10-19T03:41:19","modified_gmt":"2018-10-18T20:41:19","slug":"4-ngam","status":"publish","type":"page","link":"https:\/\/payitforward.edu.vn\/wordpress\/tutorials\/lam-mach-in\/4-ngam\/","title":{"rendered":"4.Ng\u00e2m"},"content":{"rendered":"<p>&#8211; Board sau khi \u1ee7i xong \u0111em ng\u00e2m v\u00e0o n\u01b0\u1edbc s\u1ea1ch, ch\u1edd kho\u1ea3ng 2 ph\u00fat cho gi\u1ea5y m\u1ec1m v\u00e0 r\u00e3 ra:<\/p>\n<p><a href=\"http:\/\/s653.photobucket.com\/albums\/uu259\/rockc4\/DD07KSTN\/Ui%20Khoan%20Han\/?action=view&amp;current=IMG_2617_2.jpg\" target=\"_blank\" rel=\"noopener\"><img decoding=\"async\" src=\"http:\/\/i653.photobucket.com\/albums\/uu259\/rockc4\/DD07KSTN\/Ui%20Khoan%20Han\/IMG_2617_2.jpg\" alt=\"Photobucket\" border=\"0\" \/><\/a><\/p>\n<p>&#8211; L\u1ed9t gi\u1ea5y ra, t\u1eeb t\u1eeb, ch\u1eadm v\u00e0 nh\u1eb9 th\u00f4i.<\/p>\n<p><a href=\"http:\/\/s653.photobucket.com\/albums\/uu259\/rockc4\/DD07KSTN\/Ui%20Khoan%20Han\/?action=view&amp;current=IMG_2619_2.jpg\" target=\"_blank\" rel=\"noopener\"><img decoding=\"async\" src=\"http:\/\/i653.photobucket.com\/albums\/uu259\/rockc4\/DD07KSTN\/Ui%20Khoan%20Han\/IMG_2619_2.jpg\" alt=\"Photobucket\" border=\"0\" \/><\/a><\/p>\n<p>&#8211; D\u00f9ng ph\u1ea7n th\u1ecbt c\u1ee7a ng\u00f3n tay ch\u00e0 nh\u1eb9 tr\u00ean board \u0111\u1ec3 ch\u00e0 \u0111i ph\u1ea7n gi\u1ea5y c\u00f2n b\u00e1m l\u1ea1i (ch\u1ec9 c\u1ea7n t\u01b0\u01a1ng \u0111\u1ed1i th\u00f4i)<\/p>\n<p><a href=\"http:\/\/s653.photobucket.com\/albums\/uu259\/rockc4\/DD07KSTN\/Ui%20Khoan%20Han\/?action=view&amp;current=IMG_2620_2.jpg\" target=\"_blank\" rel=\"noopener\"><img decoding=\"async\" src=\"http:\/\/i653.photobucket.com\/albums\/uu259\/rockc4\/DD07KSTN\/Ui%20Khoan%20Han\/IMG_2620_2.jpg\" alt=\"Photobucket\" border=\"0\" \/><\/a><\/p>\n<p>&#8211; T\u00e0m t\u1ea1m th\u1ebf n\u00e0y:<br \/>\n<a href=\"http:\/\/s653.photobucket.com\/albums\/uu259\/rockc4\/DD07KSTN\/Ui%20Khoan%20Han\/?action=view&amp;current=IMG_2621_2.jpg\" target=\"_blank\" rel=\"noopener\"><img decoding=\"async\" src=\"http:\/\/i653.photobucket.com\/albums\/uu259\/rockc4\/DD07KSTN\/Ui%20Khoan%20Han\/IMG_2621_2.jpg\" alt=\"Photobucket\" border=\"0\" \/><\/a><\/p>\n<p>&#8211; D\u00f9ng b\u00fat l\u00f4ng kh\u00f4ng xo\u00e1 k\u1ebb l\u1ea1i v\u1ebft m\u1ef1c \u0111\u00e3 m\u1ea5t (4k\/c\u00e2y). Nh\u1edb d\u00f9ng gi\u1ea5y th\u1ea5m cho m\u1ea1ch kh\u00f4 r\u1ed3i k\u1ebb. Tuy nhi\u00ean n\u1ebfu fail nhi\u1ec1u th\u00ec n\u00ean r\u1eeda m\u1ef1c b\u1eb1ng x\u0103ng th\u01a1m r\u1ed3i \u1ee7i l\u1ea1i.<\/p>\n<p><a href=\"http:\/\/s653.photobucket.com\/albums\/uu259\/rockc4\/DD07KSTN\/Ui%20Khoan%20Han\/?action=view&amp;current=IMG_2622_2.jpg\" target=\"_blank\" rel=\"noopener\"><img decoding=\"async\" src=\"http:\/\/i653.photobucket.com\/albums\/uu259\/rockc4\/DD07KSTN\/Ui%20Khoan%20Han\/IMG_2622_2.jpg\" alt=\"Photobucket\" border=\"0\" \/><\/a><\/p>\n<p>&#8211; Ng\u00e2m m\u1ea1ch v\u00e0o n\u01b0\u1edbc \u0111\u00e3 pha b\u1ed9t s\u1eaft, v\u1edbi l\u01b0\u1ee3ng n\u01b0\u1edbc th\u1ebf n\u00e0y + b\u1ecbch b\u1ed9t s\u1eaft 3k\/g\u00f3i c\u00f3 th\u1ec3 ng\u00e2m 5-6 board 6cmx8cm.<\/p>\n<p>B\u1ed9t s\u1eaft pha kh\u00f4ng l\u1ecfng c\u0169ng kh\u00f4ng \u0111\u1eb7c qu\u00e1, c\u00f3 m\u00e0u s\u1eabm nh\u01b0 h\u00ecnh d\u01b0\u1edbi, pha \u00edt n\u01b0\u1edbc \u0111\u1ec3 t\u0103ng n\u1ed3ng \u0111\u1ed9 v\u00e0 ti\u1ebft ki\u1ec7m b\u1ed9t s\u1eaft, m\u1ed9t dung d\u1ecbch c\u00f3 th\u1ec3 t\u00e1i s\u1eed d\u1ee5ng v\u00e0i l\u1ea7n.<\/p>\n<p>Dung d\u1ecbch b\u1ed9t s\u1eaft kh\u00e1 b\u1ea9n v\u00e0 b\u00e1m d\u00ednh n\u00ean c\u1ea9n th\u1eadn trong vi\u1ec7c s\u1eed d\u1ee5ng v\u00e0 v\u1ec7 sinh.\u00a0N\u1ebfu d\u00ednh v\u00e0o tay ch\u00e2n, nhanh ch\u00f3ng r\u1eeda s\u1ea1ch, ch\u1ed7 kh\u00e1c &#8230;kh\u00f4ng ch\u1ecbu tr\u00e1ch nhi\u1ec7m.<br \/>\n<img loading=\"lazy\" decoding=\"async\" class=\"alignnone wp-image-2661\" src=\"http:\/\/www.payitforward.edu.vn\/wordpress\/wp-content\/uploads\/2010\/05\/Picture1-300x192.jpg\" alt=\"\" width=\"613\" height=\"392\" \/><\/p>\n<p>&#8211; Nh\u1edb \u00fap m\u1eb7t board \u0111\u1ed3ng xu\u1ed1ng d\u01b0\u1edbi r\u1ed3i l\u1eafc nh\u1eb9, n\u1ebfu l\u1eafc li\u00ean t\u1ee5c th\u00ec t\u1ea7m 10p l\u00e0 ta \u0111\u01b0\u1ee3c m\u1ea1ch. C\u00f2n 3p l\u1eafc m\u1ed9t l\u1ea7n th\u00ec th\u1eddi gian l\u00e2u h\u01a1n, tr\u00e1nh \u0111\u1ec3 qu\u00e1 l\u00e2u s\u1eaft \u0103n h\u1ebft \u0111\u01b0\u1eddng m\u1ea1ch.\u00a0Khi nh\u00ecn th\u1ea5y \u0111\u1ed3ng \u0111\u00e3 b\u1ecb \u0103n h\u1ebft c\u00f3 th\u1ec3\u00a0 r\u1eeda board s\u1ea1ch \u0111\u1ec3 ki\u1ec3m tra.<\/p>\n<p><a href=\"http:\/\/s653.photobucket.com\/albums\/uu259\/rockc4\/DD07KSTN\/Ui%20Khoan%20Han\/?action=view&amp;current=IMG_2628_2.jpg\" target=\"_blank\" rel=\"noopener\"><img decoding=\"async\" src=\"http:\/\/i653.photobucket.com\/albums\/uu259\/rockc4\/DD07KSTN\/Ui%20Khoan%20Han\/IMG_2628_2.jpg\" alt=\"Photobucket\" border=\"0\" \/><\/a><\/p>\n<p><em>L\u01b0u \u00fd: Dung d\u1ecbch ng\u00e2m m\u1ea1ch kh\u00e1 \u0111\u1ed9c, kh\u00f4ng n\u00ean \u0111\u1ec3 d\u00e2y v\u00e0o tay\/m\u1eaft, c\u00e1c b\u1ea1n c\u00f3 th\u1ec3 khoan 1 l\u1ed7 nh\u1ecf tr\u00ean board r\u1ed3i xuy\u00ean 1 s\u1ee3i d\u00e2y qua \u0111\u1ec3 c\u1ea7m, tr\u00e1nh ti\u1ebfp x\u00fac v\u1edbi n\u01b0\u1edbc ng\u00e2m m\u1ea1ch.<\/em><\/p>\n<p>&#8211; D\u00f9ng gi\u1ea5y nh\u00e1m\/mi\u1ebfng r\u1eeda ch\u00e9n ch\u00e0 m\u1ef1c ra,\u00a0sau \u0111\u00f3 d\u00f9ng x\u0103ng th\u01a1m r\u1eeda l\u1ea1i s\u1ebd s\u1ea1ch h\u01a1n (16k\/chai).<\/p>\n<p>D\u00f9ng dao nh\u1ecf r\u1ea1ch \u0111\u01b0\u1eddng ch\u1eadp n\u1ebfu ph\u00e1t hi\u1ec7n ph\u1ea7n \u0111\u1ed3ng kh\u00f4ng mong mu\u1ed1n ch\u01b0a b\u1ecb \u0103n m\u00f2n h\u1ebft.<br \/>\n<a href=\"http:\/\/s653.photobucket.com\/albums\/uu259\/rockc4\/DD07KSTN\/Ui%20Khoan%20Han\/?action=view&amp;current=IMG_2630_2.jpg\" target=\"_blank\" rel=\"noopener\"><img decoding=\"async\" src=\"http:\/\/i653.photobucket.com\/albums\/uu259\/rockc4\/DD07KSTN\/Ui%20Khoan%20Han\/IMG_2630_2.jpg\" alt=\"Photobucket\" border=\"0\" \/><\/a><\/p>\n<p>&#8211; V\u00e0 th\u00e0nh ph\u1ea9m l\u00e0 \u0111\u00e2y:<br \/>\n<a href=\"http:\/\/s653.photobucket.com\/albums\/uu259\/rockc4\/DD07KSTN\/Ui%20Khoan%20Han\/?action=view&amp;current=IMG_2631_2.jpg\" target=\"_blank\" rel=\"noopener\"><img decoding=\"async\" src=\"http:\/\/i653.photobucket.com\/albums\/uu259\/rockc4\/DD07KSTN\/Ui%20Khoan%20Han\/IMG_2631_2.jpg\" alt=\"Photobucket\" border=\"0\" \/><\/a><\/p>\n<p><em><br \/>\nCh\u00fa \u00fd trong ph\u1ea7n n\u00e0y:<br \/>\n&#8211; C\u00e1c d\u1ee5ng c\u1ee5 v\u00e0 h\u00f3a ch\u1ea5t c\u00f3 th\u1ec3 mua \u1edf k\u1ebf ti\u1ec7m Ng\u1ecdc \/ c\u00e1c khu Nh\u1eadt T\u1ea3o ho\u1eb7c ti\u1ec7m B\u1ea3o T\u00edn (Th\u1ee7 \u0110\u1ee9c).<br \/>\n&#8211; C\u00e1c l\u1ed7 nh\u1ecf \u1edf ch\u00ednh gi\u1eefa ch\u00e2n linh ki\u1ec7n d\u00f9ng \u0111\u1ec3 khoan kh\u00f4ng b\u1ecb tr\u01b0\u1ee3t, c\u1ea7n ch\u00fa \u00fd r\u1eeda s\u1ea1ch gi\u1ea5y v\u00e0 ng\u00e2m cho h\u1ebft m\u1ea5y l\u1ed7 n\u00e0y.<br \/>\n&#8211; Dung d\u1ecbch s\u1eaft n\u1ebfu c\u00f2n d\u00f9ng \u0111\u01b0\u1ee3c th\u00ec \u0111\u1eady l\u1ea1i th\u00ec l\u1ea7n sau m\u1edbi d\u00f9ng ti\u1ebfp \u0111\u01b0\u1ee3c.<br \/>\n&#8211; V\u1edbi c\u00e1c m\u1ea1ch \u0111\u01b0\u1eddng n\u00e9t l\u1edbn th\u00ec kh\u00f4ng c\u1ea7n d\u00f9ng axeton ( kh\u00e1 \u0111\u1ed9c n\u1ebfu ti\u1ebfp x\u00fac nhi\u1ec1u ), ng\u01b0\u1ee3c l\u1ea1i v\u1edbi c\u00e1c n\u00e9t nh\u1ecf 12-15mils th\u00ec ch\u1ec9 d\u00f9ng gi\u1ea5y nh\u00e1m s\u1ebd d\u1ec5 bay lu\u00f4n \u0111\u01b0\u1eddng \u0111\u1ed3ng.<br \/>\n<\/em><\/p>\n","protected":false},"excerpt":{"rendered":"<p>&#8211; Board sau khi \u1ee7i xong \u0111em ng\u00e2m v\u00e0o n\u01b0\u1edbc s\u1ea1ch, ch\u1edd kho\u1ea3ng 2 ph\u00fat cho gi\u1ea5y m\u1ec1m v\u00e0 r\u00e3 ra: &#8211; L\u1ed9t gi\u1ea5y ra, t\u1eeb t\u1eeb, ch\u1eadm v\u00e0 nh\u1eb9 th\u00f4i. &#8211; D\u00f9ng ph\u1ea7n th\u1ecbt c\u1ee7a ng\u00f3n tay ch\u00e0 nh\u1eb9 tr\u00ean board \u0111\u1ec3 ch\u00e0 \u0111i ph\u1ea7n gi\u1ea5y c\u00f2n b\u00e1m l\u1ea1i (ch\u1ec9 c\u1ea7n t\u01b0\u01a1ng \u0111\u1ed1i th\u00f4i) &#8211; T\u00e0m t\u1ea1m th\u1ebf n\u00e0y: &#8211; D\u00f9ng b\u00fat l\u00f4ng kh\u00f4ng xo\u00e1 k\u1ebb l\u1ea1i v\u1ebft m\u1ef1c \u0111\u00e3 m\u1ea5t (4k\/c\u00e2y). Nh\u1edb d\u00f9ng gi\u1ea5y th\u1ea5m cho m\u1ea1ch kh\u00f4 r\u1ed3i k\u1ebb. Tuy nhi\u00ean n\u1ebfu fail nhi\u1ec1u th\u00ec n\u00ean r\u1eeda m\u1ef1c b\u1eb1ng x\u0103ng th\u01a1m r\u1ed3i \u1ee7i l\u1ea1i. &#8211; Ng\u00e2m m\u1ea1ch \u2026<\/p>\n<p class=\"continue-reading-button\"> <a class=\"continue-reading-link\" href=\"https:\/\/payitforward.edu.vn\/wordpress\/tutorials\/lam-mach-in\/4-ngam\/\">Continue reading<i class=\"crycon-right-dir\"><\/i><\/a><\/p>\n","protected":false},"author":1,"featured_media":0,"parent":259,"menu_order":0,"comment_status":"open","ping_status":"open","template":"","meta":{"footnotes":""},"class_list":["post-277","page","type-page","status-publish","hentry"],"_links":{"self":[{"href":"https:\/\/payitforward.edu.vn\/wordpress\/wp-json\/wp\/v2\/pages\/277","targetHints":{"allow":["GET"]}}],"collection":[{"href":"https:\/\/payitforward.edu.vn\/wordpress\/wp-json\/wp\/v2\/pages"}],"about":[{"href":"https:\/\/payitforward.edu.vn\/wordpress\/wp-json\/wp\/v2\/types\/page"}],"author":[{"embeddable":true,"href":"https:\/\/payitforward.edu.vn\/wordpress\/wp-json\/wp\/v2\/users\/1"}],"replies":[{"embeddable":true,"href":"https:\/\/payitforward.edu.vn\/wordpress\/wp-json\/wp\/v2\/comments?post=277"}],"version-history":[{"count":7,"href":"https:\/\/payitforward.edu.vn\/wordpress\/wp-json\/wp\/v2\/pages\/277\/revisions"}],"predecessor-version":[{"id":2672,"href":"https:\/\/payitforward.edu.vn\/wordpress\/wp-json\/wp\/v2\/pages\/277\/revisions\/2672"}],"up":[{"embeddable":true,"href":"https:\/\/payitforward.edu.vn\/wordpress\/wp-json\/wp\/v2\/pages\/259"}],"wp:attachment":[{"href":"https:\/\/payitforward.edu.vn\/wordpress\/wp-json\/wp\/v2\/media?parent=277"}],"curies":[{"name":"wp","href":"https:\/\/api.w.org\/{rel}","templated":true}]}}