{"id":296,"date":"2010-05-17T14:09:44","date_gmt":"2010-05-17T07:09:44","guid":{"rendered":"http:\/\/www.payitforward.edu.vn\/wordpress\/?page_id=296"},"modified":"2010-06-07T00:14:24","modified_gmt":"2010-06-06T17:14:24","slug":"ho-tro","status":"publish","type":"page","link":"https:\/\/payitforward.edu.vn\/wordpress\/contests\/led-design-contest\/fan-led-2010\/ho-tro\/","title":{"rendered":"H\u1ed7 tr\u1ee3"},"content":{"rendered":"<p>1. Forum h\u1ed7 tr\u1ee3: <a href=\"http:\/\/lopdd07kstn.forumotion.net\/category-c4\/\">(nh\u1ea5n v\u00e0o \u0111\u00e2y)<\/a><\/p>\n<p style=\"padding-left: 30px;\">Trao \u0111\u1ed5i c\u00e1c v\u1ea5n \u0111\u1ec1 v\u1ec1 k\u0129 thu\u1eadt, \u00fd t\u01b0\u1edfng, gi\u1ea3i \u0111\u00e1p nh\u1eefng th\u1eafc m\u1eafc &#8230; c\u1ee7a cu\u1ed9c thi.<\/p>\n<p style=\"padding-left: 30px;\"><span style=\"color: #ff6600;\">Gi\u1ea3i th\u00edch \u0111\u1ec1 v\u00f2ng 1:<\/span> <a href=\"http:\/\/lopdd07kstn.forumotion.net\/forum-f6\/topic-t176.htm\">Nh\u1ea5n v\u00e0o \u0111\u00e2y<\/a><\/p>\n<p>2. Email h\u1ed7 tr\u1ee3:<span style=\"color: #0000ff;\"><em> fanled.mail@gmail.com<\/em><\/span><\/p>\n<p style=\"padding-left: 30px;\">Email \u0111\u0103ng k\u00ed tham gia cu\u1ed9c thi. C\u00e1c b\u1ea1n c\u00f3 th\u1ec3 g\u1eedi th\u1eafc m\u1eafc qua mail n\u00e0y, nh\u01b0ng ch\u00fang t\u00f4i khuy\u1ebfn\u00a0 kh\u00edch c\u00e1c b\u1ea1n s\u1eed d\u1ee5ng di\u1ec5n \u0111\u00e0n.<\/p>\n<p>3. Gi\u1edbi thi\u1ec7u m\u1ed9t s\u1ed1 lo\u1ea1i linh ki\u1ec7n d\u00f9ng trong b\u00e0i thi:<\/p>\n<p style=\"padding-left: 30px;\"><a href=\"http:\/\/www.payitforward.edu.vn\/wordpress\/fan-led-contest\/ho-tro\/gioi-thieu-linh-kien\/\">http:\/\/www.payitforward.edu.vn\/wordpress\/fan-led-contest\/ho-tro\/gioi-thieu-linh-kien\/<\/a><\/p>\n<p>4. C\u00e1c b\u00e0i h\u01b0\u1edbng d\u1eabn OrCAD v\u00e0 layout:<\/p>\n<p style=\"padding-left: 30px;\"><a href=\"http:\/\/www.payitforward.edu.vn\/wordpress\/tutorials\/orcad\/\">http:\/\/www.payitforward.edu.vn\/wordpress\/tutorials\/orcad\/<\/a><\/p>\n<p>5. H\u01b0\u1edbng d\u1eabn l\u00e0m m\u1ea1ch in th\u1ee7 c\u00f4ng:<\/p>\n<p style=\"padding-left: 30px;\"><a href=\"http:\/\/www.payitforward.edu.vn\/wordpress\/tutorials\/lam-mach-in\/\">http:\/\/www.payitforward.edu.vn\/wordpress\/tutorials\/lam-mach-in\/<\/a><\/p>\n<p>6. Download th\u01b0 vi\u1ec7n layout \/ Capture:<\/p>\n<p style=\"padding-left: 30px;\"><a href=\"http:\/\/www.payitforward.edu.vn\/wordpress\/download\/\">http:\/\/www.payitforward.edu.vn\/wordpress\/download\/<\/a><\/p>\n<p style=\"padding-left: 30px;\"><span style=\"color: #ff6600;\">&#8211;&gt; V\u1edbi \u0111\u1ec1 b\u00e0i v\u00f2ng 1, c\u00e1c footprint c\u1ea7n thi\u1ebft \u0111\u1ec1u ch\u1ee9a trong th\u01b0 vi\u1ec7n PHUONG.LLB<\/span><\/p>\n<p style=\"padding-left: 30px;\"><span style=\"color: #ff0000;\"><span style=\"color: #ff6600;\">&#8211;&gt; Th\u01b0 vi\u1ec7n capture kh\u00f4ng c\u00f3 chip PIC16F887, c\u00e1c b\u1ea1n s\u1ebd ph\u1ea3i t\u1ef1 t\u1ea1o linh ki\u1ec7n n\u00e0y \u0111\u1ec3 v\u1ebd schematic.<\/span><br \/>\n<\/span><\/p>\n<p><span style=\"color: #ff0000;\"><span style=\"color: #000000;\">7. Download schematic (file PDF) \u0111\u1ec1 thi v\u00f2ng 1:<\/span><\/span><\/p>\n<p style=\"padding-left: 30px;\"><a href=\"http:\/\/www.payitforward.edu.vn\/wordpress\/wp-content\/uploads\/2010\/05\/De-thi-vong-1.pdf\">http:\/\/www.payitforward.edu.vn\/wordpress\/wp-content\/uploads\/2010\/05\/De-thi-vong-1.pdf<\/a><\/p>\n<p>8. Download software tr\u00ecnh bi\u00ean d\u1ecbch cho PIC<\/p>\n<p style=\"padding-left: 30px;\"><a href=\"http:\/\/www.payitforward.edu.vn\/wordpress\/download\/\">http:\/\/www.payitforward.edu.vn\/wordpress\/download\/<\/a><\/p>\n<p><span style=\"color: #ff6600;\"><strong>9. T\u00e0i li\u1ec7u LED POV do anh L\u1ea1i Quang Tuy\u1ebfn cung c\u1ea5p<\/strong><\/span><\/p>\n<p style=\"padding-left: 30px;\"><a href=\"http:\/\/www.mediafire.com\/?zgnzni5zhzy\">http:\/\/www.mediafire.com\/?zgnzni5zhzy<\/a><\/p>\n<p><span style=\"color: #333399;\"><em>&lt;Trang s\u1ebd li\u00ean t\u1ee5c \u0111\u01b0\u1ee3c c\u1eadp nh\u1eadt cho \u0111\u1ebfn k\u1ebft th\u00fac cu\u1ed9c thi&gt;<\/em><\/span><\/p>\n<p style=\"padding-left: 30px;\">\n","protected":false},"excerpt":{"rendered":"<p>1. Forum h\u1ed7 tr\u1ee3: (nh\u1ea5n v\u00e0o \u0111\u00e2y) Trao \u0111\u1ed5i c\u00e1c v\u1ea5n \u0111\u1ec1 v\u1ec1 k\u0129 thu\u1eadt, \u00fd t\u01b0\u1edfng, gi\u1ea3i \u0111\u00e1p nh\u1eefng th\u1eafc m\u1eafc &#8230; c\u1ee7a cu\u1ed9c thi. Gi\u1ea3i th\u00edch \u0111\u1ec1 v\u00f2ng 1: Nh\u1ea5n v\u00e0o \u0111\u00e2y 2. Email h\u1ed7 tr\u1ee3: fanled.mail@gmail.com Email \u0111\u0103ng k\u00ed tham gia cu\u1ed9c thi. C\u00e1c b\u1ea1n c\u00f3 th\u1ec3 g\u1eedi th\u1eafc m\u1eafc qua mail n\u00e0y, nh\u01b0ng ch\u00fang t\u00f4i khuy\u1ebfn\u00a0 kh\u00edch c\u00e1c b\u1ea1n s\u1eed d\u1ee5ng di\u1ec5n \u0111\u00e0n. 3. Gi\u1edbi thi\u1ec7u m\u1ed9t s\u1ed1 lo\u1ea1i linh ki\u1ec7n d\u00f9ng trong b\u00e0i thi: http:\/\/www.payitforward.edu.vn\/wordpress\/fan-led-contest\/ho-tro\/gioi-thieu-linh-kien\/ 4. C\u00e1c b\u00e0i h\u01b0\u1edbng d\u1eabn OrCAD v\u00e0 layout: http:\/\/www.payitforward.edu.vn\/wordpress\/tutorials\/orcad\/ 5. H\u01b0\u1edbng d\u1eabn l\u00e0m m\u1ea1ch in th\u1ee7 c\u00f4ng: http:\/\/www.payitforward.edu.vn\/wordpress\/tutorials\/lam-mach-in\/ 6. Download \u2026<\/p>\n<p class=\"continue-reading-button\"> <a class=\"continue-reading-link\" href=\"https:\/\/payitforward.edu.vn\/wordpress\/contests\/led-design-contest\/fan-led-2010\/ho-tro\/\">Continue reading<i class=\"crycon-right-dir\"><\/i><\/a><\/p>\n","protected":false},"author":1,"featured_media":0,"parent":103,"menu_order":4,"comment_status":"open","ping_status":"open","template":"","meta":{"footnotes":""},"class_list":["post-296","page","type-page","status-publish","hentry"],"_links":{"self":[{"href":"https:\/\/payitforward.edu.vn\/wordpress\/wp-json\/wp\/v2\/pages\/296","targetHints":{"allow":["GET"]}}],"collection":[{"href":"https:\/\/payitforward.edu.vn\/wordpress\/wp-json\/wp\/v2\/pages"}],"about":[{"href":"https:\/\/payitforward.edu.vn\/wordpress\/wp-json\/wp\/v2\/types\/page"}],"author":[{"embeddable":true,"href":"https:\/\/payitforward.edu.vn\/wordpress\/wp-json\/wp\/v2\/users\/1"}],"replies":[{"embeddable":true,"href":"https:\/\/payitforward.edu.vn\/wordpress\/wp-json\/wp\/v2\/comments?post=296"}],"version-history":[{"count":15,"href":"https:\/\/payitforward.edu.vn\/wordpress\/wp-json\/wp\/v2\/pages\/296\/revisions"}],"predecessor-version":[{"id":367,"href":"https:\/\/payitforward.edu.vn\/wordpress\/wp-json\/wp\/v2\/pages\/296\/revisions\/367"}],"up":[{"embeddable":true,"href":"https:\/\/payitforward.edu.vn\/wordpress\/wp-json\/wp\/v2\/pages\/103"}],"wp:attachment":[{"href":"https:\/\/payitforward.edu.vn\/wordpress\/wp-json\/wp\/v2\/media?parent=296"}],"curies":[{"name":"wp","href":"https:\/\/api.w.org\/{rel}","templated":true}]}}