{"id":321,"date":"2010-05-17T14:55:06","date_gmt":"2010-05-17T07:55:06","guid":{"rendered":"http:\/\/www.payitforward.edu.vn\/wordpress\/?page_id=321"},"modified":"2014-02-16T09:20:40","modified_gmt":"2014-02-16T02:20:40","slug":"bai-11","status":"publish","type":"page","link":"https:\/\/payitforward.edu.vn\/wordpress\/tutorials\/orcad\/bai-11\/","title":{"rendered":"B\u00e0i 11"},"content":{"rendered":"<p>T\u00e0i li\u1ec7u n\u00e0y \u0111\u01b0\u1ee3c bi\u00ean so\u1ea1n kh\u00f4ng nh\u1eb1m v\u00e0o b\u1ea5t k\u1ef3 m\u1ee5c \u0111\u00edch n\u00e0o mang t\u00ednh th\u01b0\u01a1ng m\u1ea1i. B\u1ea1n c\u00f3 quy\u1ec1n sao ch\u00e9p, s\u1eeda ch\u1eefa v\u00e0 ph\u00e2n ph\u00e1t b\u1eb1ng b\u1ea5t k\u1ef3 h\u00ecnh th\u1ee9c n\u00e0o. H\u00e3y s\u1eed d\u1ee5ng t\u00e0i li\u1ec7u n\u00e0y, s\u1eeda ch\u1eefa, b\u1ed5 sung v\u00e0 g\u1eedi cho nh\u1eefng ai c\u1ea7n n\u00f3. Ch\u00fang t\u00f4i kh\u00f4ng \u0111\u1ec1 t\u00ean t\u00e1c gi\u1ea3 bi\u00ean so\u1ea1n. T\u00e0i li\u1ec7u n\u00e0y thu\u1ed9c quy\u1ec1n s\u1edf h\u1eefu nh\u1eefng ai \u0111ang d\u00f9ng n\u00f3.<\/p>\n<p>Pay it forward\u2026<\/p>\n<h2><span style=\"text-decoration: underline;\">B\u00e0i 11:<\/span><\/h2>\n<h1 style=\"text-align: center;\">C\u00e1ch s\u1eafp x\u1ebfp linh ki\u1ec7n h\u1ee3p l\u00fd<\/h1>\n<p>&#8211; K\u1ebft n\u1ed1i gi\u1eefa Capture &#8211; Layout<br \/>\n&#8211; T\u1eaft DRC<br \/>\n&#8211; Ch\u1ec9nh l\u1ea1i \u00f4 l\u01b0\u1edbi<br \/>\n-Nh\u1ea5n ph\u00edm M \u0111\u1ec3 t\u1ed1i \u01b0u \u0111\u01b0\u1eddng ti\u1ec1n n\u1ed1i<\/p>\n<p>&#8211; Khi s\u1eafp x\u1ebfp linh ki\u1ec7n c\u1ea7n l\u01b0u \u00fd:<\/p>\n<p>+ Linh ki\u1ec7n d\u00f9ng \u0111\u1ec3 l\u1ea5y ngu\u1ed3n (nh\u01b0 domino, header, jack c\u1eafm&#8230;) th\u00ec n\u00ean \u0111\u1ec3 ngo\u00e0i r\u00eca<\/p>\n<p>+ Linh ki\u1ec7n to\u1ea3 nhi\u1ec7t: xoay m\u1eb7t to\u1ea3 nhi\u1ec7t ra ngo\u00e0i tr\u00e1nh l\u00e0m n\u00f3ng c\u00e1c linh ki\u1ec7n kh\u00e1c.<\/p>\n<p>+ N\u1ebfu d\u00f9ng \u0111\u1ebf IC \u0111\u1ec3 h\u00e0n v\u00e0o board r\u1ed3i m\u1edbi g\u1eafn IC l\u00ean th\u00ec c\u00f3 th\u1ec3 \u0111\u1eb7t c\u00e1c lk nh\u1ecf nh\u01b0 t\u1ee5, tr\u1edf, th\u1ea1ch anh&#8230; d\u01b0\u1edbi b\u1ee5ng IC<\/p>\n<p>+ C\u00e1c lk g\u1ea7n gi\u1ed1ng nhau c\u00f3 th\u1ec3 x\u1ebfp th\u00e0nh 1 d\u00e3y (nh\u01b0 \u0111i\u1ec7n tr\u1edf) cho \u0111\u1eb9p<\/p>\n<p>+ M\u1ea1ch c\u1ea7n c\u00f3 t\u00ednh c\u00e2n \u0111\u1ed1i, h\u00e0i ho\u00e0<\/p>\n<p><object width=\"640\" height=\"385\" classid=\"clsid:d27cdb6e-ae6d-11cf-96b8-444553540000\" codebase=\"http:\/\/download.macromedia.com\/pub\/shockwave\/cabs\/flash\/swflash.cab#version=6,0,40,0\"><param name=\"allowFullScreen\" value=\"true\" \/><param name=\"allowscriptaccess\" value=\"always\" \/><param name=\"src\" value=\"http:\/\/www.youtube.com\/v\/88t-Z1E7rRA&amp;hl=en_US&amp;fs=1&amp;\" \/><param name=\"allowfullscreen\" value=\"true\" \/><embed width=\"640\" height=\"385\" type=\"application\/x-shockwave-flash\" src=\"http:\/\/www.youtube.com\/v\/88t-Z1E7rRA&amp;hl=en_US&amp;fs=1&amp;\" allowFullScreen=\"true\" allowscriptaccess=\"always\" allowfullscreen=\"true\" \/><\/object><\/p>\n","protected":false},"excerpt":{"rendered":"<p>T\u00e0i li\u1ec7u n\u00e0y \u0111\u01b0\u1ee3c bi\u00ean so\u1ea1n kh\u00f4ng nh\u1eb1m v\u00e0o b\u1ea5t k\u1ef3 m\u1ee5c \u0111\u00edch n\u00e0o mang t\u00ednh th\u01b0\u01a1ng m\u1ea1i. B\u1ea1n c\u00f3 quy\u1ec1n sao ch\u00e9p, s\u1eeda ch\u1eefa v\u00e0 ph\u00e2n ph\u00e1t b\u1eb1ng b\u1ea5t k\u1ef3 h\u00ecnh th\u1ee9c n\u00e0o. H\u00e3y s\u1eed d\u1ee5ng t\u00e0i li\u1ec7u n\u00e0y, s\u1eeda ch\u1eefa, b\u1ed5 sung v\u00e0 g\u1eedi cho nh\u1eefng ai c\u1ea7n n\u00f3. Ch\u00fang t\u00f4i kh\u00f4ng \u0111\u1ec1 t\u00ean t\u00e1c gi\u1ea3 bi\u00ean so\u1ea1n. T\u00e0i li\u1ec7u n\u00e0y thu\u1ed9c quy\u1ec1n s\u1edf h\u1eefu nh\u1eefng ai \u0111ang d\u00f9ng n\u00f3. Pay it forward\u2026 B\u00e0i 11: C\u00e1ch s\u1eafp x\u1ebfp linh ki\u1ec7n h\u1ee3p l\u00fd &#8211; K\u1ebft n\u1ed1i gi\u1eefa Capture &#8211; Layout &#8211; T\u1eaft DRC &#8211; Ch\u1ec9nh l\u1ea1i \u00f4 l\u01b0\u1edbi -Nh\u1ea5n \u2026<\/p>\n<p class=\"continue-reading-button\"> <a class=\"continue-reading-link\" href=\"https:\/\/payitforward.edu.vn\/wordpress\/tutorials\/orcad\/bai-11\/\">Continue reading<i class=\"crycon-right-dir\"><\/i><\/a><\/p>\n","protected":false},"author":1,"featured_media":0,"parent":140,"menu_order":11,"comment_status":"closed","ping_status":"closed","template":"","meta":{"footnotes":""},"class_list":["post-321","page","type-page","status-publish","hentry"],"_links":{"self":[{"href":"https:\/\/payitforward.edu.vn\/wordpress\/wp-json\/wp\/v2\/pages\/321","targetHints":{"allow":["GET"]}}],"collection":[{"href":"https:\/\/payitforward.edu.vn\/wordpress\/wp-json\/wp\/v2\/pages"}],"about":[{"href":"https:\/\/payitforward.edu.vn\/wordpress\/wp-json\/wp\/v2\/types\/page"}],"author":[{"embeddable":true,"href":"https:\/\/payitforward.edu.vn\/wordpress\/wp-json\/wp\/v2\/users\/1"}],"replies":[{"embeddable":true,"href":"https:\/\/payitforward.edu.vn\/wordpress\/wp-json\/wp\/v2\/comments?post=321"}],"version-history":[{"count":6,"href":"https:\/\/payitforward.edu.vn\/wordpress\/wp-json\/wp\/v2\/pages\/321\/revisions"}],"predecessor-version":[{"id":1783,"href":"https:\/\/payitforward.edu.vn\/wordpress\/wp-json\/wp\/v2\/pages\/321\/revisions\/1783"}],"up":[{"embeddable":true,"href":"https:\/\/payitforward.edu.vn\/wordpress\/wp-json\/wp\/v2\/pages\/140"}],"wp:attachment":[{"href":"https:\/\/payitforward.edu.vn\/wordpress\/wp-json\/wp\/v2\/media?parent=321"}],"curies":[{"name":"wp","href":"https:\/\/api.w.org\/{rel}","templated":true}]}}