{"id":504,"date":"2010-06-06T16:05:56","date_gmt":"2010-06-06T09:05:56","guid":{"rendered":"http:\/\/www.payitforward.edu.vn\/wordpress\/?page_id=504"},"modified":"2010-06-07T00:48:17","modified_gmt":"2010-06-06T17:48:17","slug":"bai-1","status":"publish","type":"page","link":"https:\/\/payitforward.edu.vn\/wordpress\/tutorials\/hitech-pic\/bai-1\/","title":{"rendered":"B\u00e0i 1"},"content":{"rendered":"<p>T\u00e0i li\u1ec7u n\u00e0y \u0111\u01b0\u1ee3c bi\u00ean so\u1ea1n kh\u00f4ng nh\u1eb1m v\u00e0o b\u1ea5t k\u1ef3 m\u1ee5c \u0111\u00edch n\u00e0o mang   t\u00ednh th\u01b0\u01a1ng m\u1ea1i. B\u1ea1n c\u00f3 quy\u1ec1n sao ch\u00e9p, s\u1eeda ch\u1eefa v\u00e0 ph\u00e2n ph\u00e1t b\u1eb1ng b\u1ea5t   k\u1ef3 h\u00ecnh th\u1ee9c n\u00e0o. H\u00e3y s\u1eed d\u1ee5ng t\u00e0i li\u1ec7u n\u00e0y, s\u1eeda ch\u1eefa, b\u1ed5 sung v\u00e0 g\u1eedi cho   nh\u1eefng ai c\u1ea7n n\u00f3. Ch\u00fang t\u00f4i kh\u00f4ng \u0111\u1ec1 t\u00ean t\u00e1c gi\u1ea3 bi\u00ean so\u1ea1n. T\u00e0i li\u1ec7u  n\u00e0y  thu\u1ed9c quy\u1ec1n s\u1edf h\u1eefu nh\u1eefng ai \u0111ang d\u00f9ng n\u00f3.<\/p>\n<p>Pay it forward\u2026<\/p>\n<h2 style=\"text-align: center;\"><span style=\"text-decoration: underline;\">B\u00e0i 1:<\/span><\/h2>\n<h1 style=\"text-align: center;\">T\u1ea1o m\u1ed9t project m\u1edbi trong MPLAB IDE<\/h1>\n<p><span style=\"color: #ffffff;\">B\u00e0i 1<\/span><\/p>\n<p><strong>L\u01b0u \u00fd:<\/strong><\/p>\n<p>&#8211; C\u1ea7n ch\u1ecdn \u0111\u00fang t\u00ean tr\u00ecnh d\u1ecbch (Toolsuite) d\u00f9ng \u0111\u1ec3 bi\u00ean d\u1ecbch code (v\u00ed d\u1ee5 HITECH)<\/p>\n<p>&#8211; Ch\u1ecdn \u0111\u00fang t\u00ean chip s\u1eed d\u1ee5ng (PIC16F887)<\/p>\n<p>&#8211; Ph\u1ea3i t\u1ea1o folder \u0111\u1ec3 ch\u1ee9a t\u1ea5t c\u1ea3 c\u00e1c file trong project.<\/p>\n<p>&#8211; File source code c\u00f3 t\u00ean m\u1edf r\u1ed9ng l\u00e0 <em>*.c<\/em>, th\u01b0\u1eddng \u0111\u1eb7t t\u00ean file n\u00e0y l\u00e0 <em>main.c<\/em><\/p>\n<p><object width=\"640\" height=\"385\"><param name=\"movie\" value=\"http:\/\/www.youtube.com\/v\/XiWo-CNH7U4&#038;hl=en_US&#038;fs=1&#038;\"><\/param><param name=\"allowFullScreen\" value=\"true\"><\/param><param name=\"allowscriptaccess\" value=\"always\"><\/param><embed src=\"http:\/\/www.youtube.com\/v\/XiWo-CNH7U4&#038;hl=en_US&#038;fs=1&#038;\" type=\"application\/x-shockwave-flash\" allowscriptaccess=\"always\" allowfullscreen=\"true\" width=\"640\" height=\"385\"><\/embed><\/object><\/p>\n","protected":false},"excerpt":{"rendered":"<p>T\u00e0i li\u1ec7u n\u00e0y \u0111\u01b0\u1ee3c bi\u00ean so\u1ea1n kh\u00f4ng nh\u1eb1m v\u00e0o b\u1ea5t k\u1ef3 m\u1ee5c \u0111\u00edch n\u00e0o mang t\u00ednh th\u01b0\u01a1ng m\u1ea1i. B\u1ea1n c\u00f3 quy\u1ec1n sao ch\u00e9p, s\u1eeda ch\u1eefa v\u00e0 ph\u00e2n ph\u00e1t b\u1eb1ng b\u1ea5t k\u1ef3 h\u00ecnh th\u1ee9c n\u00e0o. H\u00e3y s\u1eed d\u1ee5ng t\u00e0i li\u1ec7u n\u00e0y, s\u1eeda ch\u1eefa, b\u1ed5 sung v\u00e0 g\u1eedi cho nh\u1eefng ai c\u1ea7n n\u00f3. Ch\u00fang t\u00f4i kh\u00f4ng \u0111\u1ec1 t\u00ean t\u00e1c gi\u1ea3 bi\u00ean so\u1ea1n. T\u00e0i li\u1ec7u n\u00e0y thu\u1ed9c quy\u1ec1n s\u1edf h\u1eefu nh\u1eefng ai \u0111ang d\u00f9ng n\u00f3. Pay it forward\u2026 B\u00e0i 1: T\u1ea1o m\u1ed9t project m\u1edbi trong MPLAB IDE B\u00e0i 1 L\u01b0u \u00fd: &#8211; C\u1ea7n ch\u1ecdn \u0111\u00fang t\u00ean tr\u00ecnh d\u1ecbch (Toolsuite) d\u00f9ng \u0111\u1ec3 bi\u00ean d\u1ecbch \u2026<\/p>\n<p class=\"continue-reading-button\"> <a class=\"continue-reading-link\" href=\"https:\/\/payitforward.edu.vn\/wordpress\/tutorials\/hitech-pic\/bai-1\/\">Continue reading<i class=\"crycon-right-dir\"><\/i><\/a><\/p>\n","protected":false},"author":1,"featured_media":0,"parent":485,"menu_order":1,"comment_status":"open","ping_status":"open","template":"","meta":{"footnotes":""},"class_list":["post-504","page","type-page","status-publish","hentry"],"_links":{"self":[{"href":"https:\/\/payitforward.edu.vn\/wordpress\/wp-json\/wp\/v2\/pages\/504","targetHints":{"allow":["GET"]}}],"collection":[{"href":"https:\/\/payitforward.edu.vn\/wordpress\/wp-json\/wp\/v2\/pages"}],"about":[{"href":"https:\/\/payitforward.edu.vn\/wordpress\/wp-json\/wp\/v2\/types\/page"}],"author":[{"embeddable":true,"href":"https:\/\/payitforward.edu.vn\/wordpress\/wp-json\/wp\/v2\/users\/1"}],"replies":[{"embeddable":true,"href":"https:\/\/payitforward.edu.vn\/wordpress\/wp-json\/wp\/v2\/comments?post=504"}],"version-history":[{"count":8,"href":"https:\/\/payitforward.edu.vn\/wordpress\/wp-json\/wp\/v2\/pages\/504\/revisions"}],"predecessor-version":[{"id":511,"href":"https:\/\/payitforward.edu.vn\/wordpress\/wp-json\/wp\/v2\/pages\/504\/revisions\/511"}],"up":[{"embeddable":true,"href":"https:\/\/payitforward.edu.vn\/wordpress\/wp-json\/wp\/v2\/pages\/485"}],"wp:attachment":[{"href":"https:\/\/payitforward.edu.vn\/wordpress\/wp-json\/wp\/v2\/media?parent=504"}],"curies":[{"name":"wp","href":"https:\/\/api.w.org\/{rel}","templated":true}]}}