{"id":635,"date":"2010-10-06T22:57:55","date_gmt":"2010-10-06T15:57:55","guid":{"rendered":"http:\/\/www.payitforward.edu.vn\/wordpress\/?page_id=635"},"modified":"2016-10-04T22:22:48","modified_gmt":"2016-10-04T15:22:48","slug":"for-beginner","status":"publish","type":"page","link":"https:\/\/payitforward.edu.vn\/wordpress\/tutorials\/for-beginner\/","title":{"rendered":"D\u1ee5ng c\u1ee5 &#8211; Linh ki\u1ec7n"},"content":{"rendered":"<p><img loading=\"lazy\" decoding=\"async\" class=\"alignleft\" src=\"http:\/\/i653.photobucket.com\/albums\/uu259\/rockc4\/TUT%204%20beginners\/Bai%201\/Photo-0099.jpg\" alt=\"\" width=\"258\" height=\"194\" \/>\u0110\u0103ng t\u1ea3i l\u1ea7n l\u01b0\u1ee3t lo\u1ea1t b\u00e0i gi\u1edbi thi\u1ec7u &#8211; h\u01b0\u1edbng d\u1eabn thao t\u00e1c &#8211; nh\u1eadn bi\u1ebft m\u1ed9t s\u1ed1 d\u1ee5ng c\u1ee5 v\u00e0 linh ki\u1ec7n c\u01a1 b\u1ea3n, d\u00e0nh cho c\u00e1c b\u1ea1n m\u1edbi b\u1eaft \u0111\u1ea7u h\u1ecdc l\u00e0m m\u1ea1ch.<\/p>\n<p><em>Ch\u00fang t\u00f4i th\u1ef1c hi\u1ec7n nh\u1eefng tutorials n\u00e0y kh\u00f4ng nh\u1eb1m v\u00e0o m\u1ee5c \u0111\u00edch n\u00e0o mang t\u00ednh th\u01b0\u01a1ng m\u1ea1i, m\u00e0 ch\u1ec9 mong n\u00f3 c\u00f3 th\u1ec3 gi\u00fap \u0111\u1ee1 b\u1ea1n, nh\u1eefng ng\u01b0\u1eddi m\u1edbi b\u1eaft \u0111\u1ea7u. Ch\u00fang t\u00f4i kh\u00f4ng ph\u1ea3i l\u00e0 nh\u1eefng ng\u01b0\u1eddi c\u00f3 nhi\u1ec1u ki\u1ebfn th\u1ee9c v\u00e0 kinh nghi\u1ec7m. Nh\u01b0ng ch\u00fang t\u00f4i \u0111\u00e3 t\u1eebng l\u00e0 ng\u01b0\u1eddi m\u1edbi h\u1ecdc v\u00e0 hi\u1ec3u \u0111\u01b0\u1ee3c b\u1ea1n g\u1eb7p ph\u1ea3i nh\u1eefng kh\u00f3 kh\u0103n g\u00ec. H\u00e3y ki\u00ean nh\u1eabn t\u1eeb nh\u1eefng b\u01b0\u1edbc \u0111i \u0111\u1ea7u ti\u00ean.<\/em><\/p>\n<p><em>Ch\u00fang t\u00f4i kh\u00f4ng \u0111\u1ec1 t\u00ean t\u00e1c gi\u1ea3. Ai l\u00e0m ra n\u00f3 kh\u00f4ng quan tr\u1ecdng. Quan tr\u1ecdng ch\u00ednh l\u00e0 ng\u01b0\u1eddi \u0111ang s\u1eed d\u1ee5ng n\u00f3 v\u00e0 c\u00e1ch m\u00e0 n\u00f3 \u0111\u01b0\u1ee3c d\u00f9ng. B\u1ea1n c\u00f3 th\u1ec3 ch\u1ec9nh s\u1eeda, th\u00eam b\u1edbt, l\u00e0m cho n\u00f3 ho\u00e0n thi\u1ec7n h\u01a1n, r\u1ed3i g\u1eedi n\u00f3 \u0111\u1ebfn nh\u1eefng ng\u01b0\u1eddi \u0111ang c\u1ea7n.<\/em><\/p>\n<p><em>Pay it forward &#8230;<\/em><\/p>\n<p style=\"padding-left: 30px;\"><a href=\"http:\/\/www.payitforward.edu.vn\/wordpress\/tutorials\/for-beginner\/0-cho-nhat-tao\/\">Ph\u1ea7n 0:<\/a> \u0110\u00f4i \u0111i\u1ec1u v\u1ec1 ch\u1ee3 Nh\u1eadt T\u1ea3o<\/p>\n<p style=\"padding-left: 30px;\"><span style=\"color: #000000;\"><a href=\"http:\/\/www.payitforward.edu.vn\/wordpress\/tutorials\/for-beginner\/1-bien-ap\/\">Ph\u1ea7n 1:<\/a> <\/span><span style=\"color: #008000;\">Bi\u1ebfn \u00e1p<\/span>: c\u00e1ch l\u1ef1a ch\u1ecdn, n\u1ed1i d\u00e2y s\u01a1 c\u1ea5p v\u00e0 th\u1ee9 c\u1ea5p, c\u00e1ch \u0111i\u1ec7n, b\u1ea3o v\u1ec7. Gi\u1edbi thi\u1ec7u 2 lo\u1ea1i connector th\u00f4ng d\u1ee5ng l\u00e0<span style=\"color: #008000;\"> Jack DC<\/span> v\u00e0 <span style=\"color: #008000;\">Domino<\/span>.<\/p>\n<p style=\"padding-left: 30px;\"><a href=\"http:\/\/www.payitforward.edu.vn\/wordpress\/tutorials\/for-beginner\/2-dien-tro\/\">Ph\u1ea7n 2:<\/a> <span style=\"color: #008000;\">\u0110i\u1ec7n tr\u1edf<\/span> &#8211; Nh\u1eadn d\u1ea1ng, c\u00e1ch \u0111\u1ecdc tr\u1ecb s\u1ed1, gi\u00e1 c\u1ea3, &#8230;<\/p>\n<p style=\"padding-left: 30px;\"><a href=\"http:\/\/www.payitforward.edu.vn\/wordpress\/tutorials\/for-beginner\/3-bien-tro\/\">Ph\u1ea7n 3: <\/a><span style=\"color: #008000;\">Bi\u1ebfn tr\u1edf<\/span> &#8211; C\u00e1c lo\u1ea1i bi\u1ebfn tr\u1edf th\u00f4ng d\u1ee5ng<\/p>\n<p><span style=\"color: #000080;\"><em>&lt;c\u00f2n n\u1eefa &#8230;<\/em>&gt;<\/span><\/p>\n","protected":false},"excerpt":{"rendered":"<p>\u0110\u0103ng t\u1ea3i l\u1ea7n l\u01b0\u1ee3t lo\u1ea1t b\u00e0i gi\u1edbi thi\u1ec7u &#8211; h\u01b0\u1edbng d\u1eabn thao t\u00e1c &#8211; nh\u1eadn bi\u1ebft m\u1ed9t s\u1ed1 d\u1ee5ng c\u1ee5 v\u00e0 linh ki\u1ec7n c\u01a1 b\u1ea3n, d\u00e0nh cho c\u00e1c b\u1ea1n m\u1edbi b\u1eaft \u0111\u1ea7u h\u1ecdc l\u00e0m m\u1ea1ch. Ch\u00fang t\u00f4i th\u1ef1c hi\u1ec7n nh\u1eefng tutorials n\u00e0y kh\u00f4ng nh\u1eb1m v\u00e0o m\u1ee5c \u0111\u00edch n\u00e0o mang t\u00ednh th\u01b0\u01a1ng m\u1ea1i, m\u00e0 ch\u1ec9 mong n\u00f3 c\u00f3 th\u1ec3 gi\u00fap \u0111\u1ee1 b\u1ea1n, nh\u1eefng ng\u01b0\u1eddi m\u1edbi b\u1eaft \u0111\u1ea7u. Ch\u00fang t\u00f4i kh\u00f4ng ph\u1ea3i l\u00e0 nh\u1eefng ng\u01b0\u1eddi c\u00f3 nhi\u1ec1u ki\u1ebfn th\u1ee9c v\u00e0 kinh nghi\u1ec7m. Nh\u01b0ng ch\u00fang t\u00f4i \u0111\u00e3 t\u1eebng l\u00e0 ng\u01b0\u1eddi m\u1edbi h\u1ecdc v\u00e0 hi\u1ec3u \u0111\u01b0\u1ee3c b\u1ea1n g\u1eb7p ph\u1ea3i nh\u1eefng kh\u00f3 kh\u0103n g\u00ec. H\u00e3y \u2026<\/p>\n<p class=\"continue-reading-button\"> <a class=\"continue-reading-link\" href=\"https:\/\/payitforward.edu.vn\/wordpress\/tutorials\/for-beginner\/\">Continue reading<i class=\"crycon-right-dir\"><\/i><\/a><\/p>\n","protected":false},"author":1,"featured_media":0,"parent":72,"menu_order":4,"comment_status":"closed","ping_status":"closed","template":"","meta":{"footnotes":""},"class_list":["post-635","page","type-page","status-publish","hentry"],"_links":{"self":[{"href":"https:\/\/payitforward.edu.vn\/wordpress\/wp-json\/wp\/v2\/pages\/635","targetHints":{"allow":["GET"]}}],"collection":[{"href":"https:\/\/payitforward.edu.vn\/wordpress\/wp-json\/wp\/v2\/pages"}],"about":[{"href":"https:\/\/payitforward.edu.vn\/wordpress\/wp-json\/wp\/v2\/types\/page"}],"author":[{"embeddable":true,"href":"https:\/\/payitforward.edu.vn\/wordpress\/wp-json\/wp\/v2\/users\/1"}],"replies":[{"embeddable":true,"href":"https:\/\/payitforward.edu.vn\/wordpress\/wp-json\/wp\/v2\/comments?post=635"}],"version-history":[{"count":12,"href":"https:\/\/payitforward.edu.vn\/wordpress\/wp-json\/wp\/v2\/pages\/635\/revisions"}],"predecessor-version":[{"id":2443,"href":"https:\/\/payitforward.edu.vn\/wordpress\/wp-json\/wp\/v2\/pages\/635\/revisions\/2443"}],"up":[{"embeddable":true,"href":"https:\/\/payitforward.edu.vn\/wordpress\/wp-json\/wp\/v2\/pages\/72"}],"wp:attachment":[{"href":"https:\/\/payitforward.edu.vn\/wordpress\/wp-json\/wp\/v2\/media?parent=635"}],"curies":[{"name":"wp","href":"https:\/\/api.w.org\/{rel}","templated":true}]}}