{"id":649,"date":"2010-10-20T13:32:08","date_gmt":"2010-10-20T06:32:08","guid":{"rendered":"http:\/\/www.payitforward.edu.vn\/wordpress\/?page_id=649"},"modified":"2011-10-29T10:27:03","modified_gmt":"2011-10-29T03:27:03","slug":"0-cho-nhat-tao","status":"publish","type":"page","link":"https:\/\/payitforward.edu.vn\/wordpress\/tutorials\/for-beginner\/0-cho-nhat-tao\/","title":{"rendered":"0. Ch\u1ee3 Nh\u1eadt T\u1ea3o"},"content":{"rendered":"<p><span style=\"color: #008000;\"><em><span style=\"text-decoration: underline;\">*** \u0110\u00f4i \u0111i\u1ec1u v\u1ec1 n\u01a1i ch\u00fang ta s\u1ebd mua linh ki\u1ec7n:<\/span><\/em><\/span><\/p>\n<p>&#8211;\u00a0\u00a0\u00a0\u00a0\u00a0\u00a0\u00a0\u00a0\u00a0 Ch\u00fang ta s\u1ebd th\u01b0\u1eddng mua d\u1ee5ng c\u1ee5, linh ki\u1ec7n \u1edf Ch\u1ee3 \u0110i\u1ec7n t\u1eed Nh\u1eadt T\u1ea3o. Ch\u1ee3 Nh\u1eadt T\u1ea3o ng\u00e0y x\u01b0a ng\u1ef1 tr\u00ean \u0111\u01b0\u1eddng Nh\u1eadt T\u1ea3o, sau n\u00e0y do ch\u1ee3 \u0111\u00f3 qu\u00e1 l\u1ee5p x\u1ee5p, xu\u1ed1ng c\u1ea5p n\u00ean \u0111\u00e3 \u0111\u01b0\u1ee3c \u201cdi d\u1eddi\u201d v\u00e0o cao \u1ed1c Nguy\u1ec5n Kim, b\u1ed1 tr\u00ed \u1edf t\u1ea7ng tr\u1ec7t v\u00e0 l\u1ea7u 1, chia th\u00e0nh c\u00e1c khu A, B, C, D, \u2026 Tr\u00ean \u0111\u01b0\u1eddng Nh\u1eadt T\u1ea3o v\u1eabn c\u00f2n m\u1ed9t s\u1ed1 ti\u1ec7m t\u01b0 nh\u00e2n s\u00f3t l\u1ea1i.<\/p>\n<p>&#8211;\u00a0\u00a0\u00a0\u00a0\u00a0\u00a0\u00a0\u00a0\u00a0 Ngo\u00e0i ra c\u00f3 c\u00e1c c\u00f4ng ty nh\u01b0 Chip L\u00ea Tr\u1ea7n (88 Nguy\u1ec5n Kim), Thi\u00ean Minh (\u0111\u01b0\u1eddng T\u00e2n Ph\u01b0\u1edbc), \u2026 N\u00f3i chung th\u00ec h\u00e0ng c\u00f4ng ty \u0111\u01b0\u01a1ng nhi\u00ean ph\u1ea3i \u0111\u1ea3m b\u1ea3o h\u01a1n h\u00e0ng ch\u1ee3, gi\u00e1 c\u1ea3 \u1ed5n \u0111\u1ecbnh h\u01a1n, nh\u00ecn chung l\u00e0 r\u1ebb h\u01a1n ch\u1ee3, tuy nhi\u00ean m\u1ea5y c\u00f4ng ty n\u00e0y ch\u1ee7 y\u1ebfu b\u00e1n v\u1ec1 IC v\u00e0 <em>linh ki\u1ec7n d\u00e1n<\/em> + nh\u1eefng linh ki\u1ec7n cao c\u1ea5p kh\u00f3 ki\u1ebfm trong ch\u1ee3. C\u00f2n nh\u1eefng th\u1ee9 linh tinh v\u1eabn ph\u1ea3i mua trong ch\u1ee3.<\/p>\n<p>C\u00e1c b\u1ea1n c\u00f3 th\u1ec3 xem c\u00e1c linh ki\u1ec7n m\u00e0 2 c\u00f4ng ty n\u00e0y b\u00e1n tr\u00ean web c\u1ee7a h\u1ecd:<\/p>\n<p><a href=\"http:\/\/www.tme.com.vn\/\">http:\/\/www.tme.com.vn\/<\/a><\/p>\n<p><a href=\"http:\/\/www.chipletran.com\/\">http:\/\/www.chipletran.com\/<\/a><\/p>\n<p>Ngo\u00e0i ra tr\u00ean \u0111\u01b0\u1eddng Nh\u1eadt T\u1ea3o c\u00f3 m\u1ed9t ti\u1ec7m l\u00e0 T\u00e2n T\u1ea5n Ph\u00e1t, hay t\u00ean g\u00ec gi\u1ed1ng gi\u1ed1ng v\u1eady, gi\u00e1 c\u1ea3 c\u0169ng \u1ed5n \u0111\u1ecbnh v\u00e0 r\u1ebb h\u01a1n nhi\u1ec1u n\u01a1i trong ch\u1ee3, tuy nhi\u00ean m\u1eb7t h\u00e0ng c\u0169ng kh\u00f4ng nhi\u1ec1u l\u1eafm.<\/p>\n<p>&#8211;\u00a0\u00a0\u00a0\u00a0\u00a0\u00a0\u00a0\u00a0\u00a0 Phong c\u00e1ch b\u00e1n h\u00e0ng \u1edf ch\u1ee3 Nh\u1eadt T\u1ea3o l\u00e0:<\/p>\n<p><em><span style=\"text-decoration: underline;\">\u0110i\u1ec1u 1:<\/span> \u201c<span style=\"color: #008000;\">Ch\u00e9m \u0111\u01b0\u1ee3c th\u00ec kh\u00f4ng tha<\/span>\u201d<\/em>: 1 lo\u1ea1i linh ki\u1ec7n n\u00e0o \u0111\u00f3 (\u0111i\u1ec7n tr\u1edf, t\u1ee5, led, diode,\u2026) ng\u01b0\u1eddi ta b\u00e1n theo \u0111\u01a1n v\u1ecb 100 con m\u00e0 b\u1ea1n h\u1ecfi mua 1, 2 hay 10 con th\u00ec b\u1ea1n c\u0169ng s\u1ebd mua \u0111\u01b0\u1ee3c nh\u01b0ng v\u1edbi gi\u00e1 tr\u00ean tr\u1eddi. V\u00ed d\u1ee5: LED 3 ly lo\u1ea1i th\u01b0\u1eddng: mua l\u1ebb 500\u0111\/con, mua 30 con l\u00e0 15k, mua nguy\u00ean b\u1ecdc 100 con = 15k !!!<\/p>\n<p><em><span style=\"text-decoration: underline;\">\u0110i\u1ec1u 2:<\/span> \u201c<span style=\"color: #008000;\">M\u00e0y c\u1ea7n tao ch\u1ee9 tao kh\u00f4ng c\u1ea7n m\u00e0y<\/span>\u201d<\/em>: N\u1ebfu b\u1ea1n mu\u1ed1n mua 1 th\u1ee9 g\u00ec \u0111\u00f3 m\u00e0 b\u1ea1n kh\u00f4ng n\u00f3i \u0111\u00fang <em>t\u00ean ch\u1ee3 g\u1ecdi, <\/em>v\u00e0 b\u1ea1n mi\u00eau t\u1ea3 m\u00e0 ng\u01b0\u1eddi ta kh\u00f4ng hi\u1ec3u b\u1ea1n \u0111ang t\u1ea3 c\u00e1i g\u00ec th\u00ec ng\u01b0\u1eddi ta s\u1ebd k\u00eau l\u00e0 kh\u00f4ng c\u00f3 b\u00e1n c\u00e1i \u0111\u00f3 \u0111\u1ec3 b\u1ea1n bi\u1ebfn \u0111i cho l\u1eb9, \u0111\u1ee9ng ch\u1eadt ch\u1ed7 ti\u1ec7m ng\u01b0\u1eddi ta (d\u00f9 th\u1ef1c t\u1ebf l\u00e0 ti\u1ec7m \u0111\u00f3 c\u00f3 b\u00e1n c\u00e1i \u0111\u00f3).<\/p>\n<p>T\u00fam l\u1ea1i l\u00e0 \u0111i mua nhi\u1ec1u, b\u1ecb ch\u00e9m nhi\u1ec1u t\u1ee9c kh\u1eafc s\u1ebd t\u00edch lu\u1ef9 \u0111\u01b0\u1ee3c nhi\u1ec1u \u0111i\u1ec3m kinh nghi\u1ec7m.<\/p>\n","protected":false},"excerpt":{"rendered":"<p>*** \u0110\u00f4i \u0111i\u1ec1u v\u1ec1 n\u01a1i ch\u00fang ta s\u1ebd mua linh ki\u1ec7n: &#8211;\u00a0\u00a0\u00a0\u00a0\u00a0\u00a0\u00a0\u00a0\u00a0 Ch\u00fang ta s\u1ebd th\u01b0\u1eddng mua d\u1ee5ng c\u1ee5, linh ki\u1ec7n \u1edf Ch\u1ee3 \u0110i\u1ec7n t\u1eed Nh\u1eadt T\u1ea3o. Ch\u1ee3 Nh\u1eadt T\u1ea3o ng\u00e0y x\u01b0a ng\u1ef1 tr\u00ean \u0111\u01b0\u1eddng Nh\u1eadt T\u1ea3o, sau n\u00e0y do ch\u1ee3 \u0111\u00f3 qu\u00e1 l\u1ee5p x\u1ee5p, xu\u1ed1ng c\u1ea5p n\u00ean \u0111\u00e3 \u0111\u01b0\u1ee3c \u201cdi d\u1eddi\u201d v\u00e0o cao \u1ed1c Nguy\u1ec5n Kim, b\u1ed1 tr\u00ed \u1edf t\u1ea7ng tr\u1ec7t v\u00e0 l\u1ea7u 1, chia th\u00e0nh c\u00e1c khu A, B, C, D, \u2026 Tr\u00ean \u0111\u01b0\u1eddng Nh\u1eadt T\u1ea3o v\u1eabn c\u00f2n m\u1ed9t s\u1ed1 ti\u1ec7m t\u01b0 nh\u00e2n s\u00f3t l\u1ea1i. &#8211;\u00a0\u00a0\u00a0\u00a0\u00a0\u00a0\u00a0\u00a0\u00a0 Ngo\u00e0i ra c\u00f3 c\u00e1c c\u00f4ng ty nh\u01b0 Chip L\u00ea Tr\u1ea7n (88 Nguy\u1ec5n \u2026<\/p>\n<p class=\"continue-reading-button\"> <a class=\"continue-reading-link\" href=\"https:\/\/payitforward.edu.vn\/wordpress\/tutorials\/for-beginner\/0-cho-nhat-tao\/\">Continue reading<i class=\"crycon-right-dir\"><\/i><\/a><\/p>\n","protected":false},"author":1,"featured_media":0,"parent":635,"menu_order":0,"comment_status":"closed","ping_status":"closed","template":"","meta":{"footnotes":""},"class_list":["post-649","page","type-page","status-publish","hentry"],"_links":{"self":[{"href":"https:\/\/payitforward.edu.vn\/wordpress\/wp-json\/wp\/v2\/pages\/649","targetHints":{"allow":["GET"]}}],"collection":[{"href":"https:\/\/payitforward.edu.vn\/wordpress\/wp-json\/wp\/v2\/pages"}],"about":[{"href":"https:\/\/payitforward.edu.vn\/wordpress\/wp-json\/wp\/v2\/types\/page"}],"author":[{"embeddable":true,"href":"https:\/\/payitforward.edu.vn\/wordpress\/wp-json\/wp\/v2\/users\/1"}],"replies":[{"embeddable":true,"href":"https:\/\/payitforward.edu.vn\/wordpress\/wp-json\/wp\/v2\/comments?post=649"}],"version-history":[{"count":3,"href":"https:\/\/payitforward.edu.vn\/wordpress\/wp-json\/wp\/v2\/pages\/649\/revisions"}],"predecessor-version":[{"id":1134,"href":"https:\/\/payitforward.edu.vn\/wordpress\/wp-json\/wp\/v2\/pages\/649\/revisions\/1134"}],"up":[{"embeddable":true,"href":"https:\/\/payitforward.edu.vn\/wordpress\/wp-json\/wp\/v2\/pages\/635"}],"wp:attachment":[{"href":"https:\/\/payitforward.edu.vn\/wordpress\/wp-json\/wp\/v2\/media?parent=649"}],"curies":[{"name":"wp","href":"https:\/\/api.w.org\/{rel}","templated":true}]}}