{"id":689,"date":"2010-11-16T22:25:39","date_gmt":"2010-11-16T15:25:39","guid":{"rendered":"http:\/\/www.payitforward.edu.vn\/wordpress\/sensors-leds-contest\/"},"modified":"2016-10-17T18:28:22","modified_gmt":"2016-10-17T11:28:22","slug":"sensors-leds-2010","status":"publish","type":"page","link":"https:\/\/payitforward.edu.vn\/wordpress\/contests\/led-design-contest\/sensors-leds-2010\/","title":{"rendered":"SENSORS &#038; LEDs 2010"},"content":{"rendered":"<p><strong>K\u1ebft qu\u1ea3 cu\u1ed9c thi SENSORS &amp; LEDs 2010<\/strong><\/p>\n<p style=\"padding-left: 90px;\">Gi\u1ea3i nh\u1ea5t:\u00a0 KLV-3UP<\/p>\n<p style=\"padding-left: 90px;\">Gi\u1ea3i nh\u00ec:\u00a0\u00a0\u00a0 BK-PAW, QHH1<\/p>\n<p style=\"padding-left: 90px;\">Gi\u1ea3i 3:\u00a0\u00a0\u00a0\u00a0\u00a0\u00a0 LVL-TD08, EVEREST<\/p>\n<p style=\"padding-left: 90px;\">Gi\u1ea3i KK:\u00a0\u00a0\u00a0 NEGUP, NMN-BK, LVL, HiNaMi, BK-CGT<\/p>\n<p style=\"padding-left: 90px;\">(Chi ti\u1ebft&#8230;)<\/p>\n<p><span style=\"color: #008000;\"><span style=\"color: #000000;\"><strong>Clip m\u1ed9t s\u1ed1 s\u1ea3n ph\u1ea9m Sensors &amp; LEDs tham d\u1ef1 cu\u1ed9c thi:<\/strong><\/span><\/span><\/p>\n<p>KLV-3UP<br \/>\n<iframe loading=\"lazy\" title=\"YouTube video player\" src=\"http:\/\/www.youtube.com\/embed\/WP19xsZoOvY\" width=\"480\" height=\"390\" frameborder=\"0\" allowfullscreen=\"allowfullscreen\"><\/iframe><\/p>\n<p>BK-PAW<br \/>\n<iframe loading=\"lazy\" title=\"YouTube video player\" src=\"http:\/\/www.youtube.com\/embed\/oIflhi5u2Jw\" width=\"480\" height=\"390\" frameborder=\"0\" allowfullscreen=\"allowfullscreen\"><\/iframe><\/p>\n<p>LVL<br \/>\n<iframe loading=\"lazy\" title=\"YouTube video player\" src=\"http:\/\/www.youtube.com\/embed\/g4S3UVMusI8\" width=\"640\" height=\"390\" frameborder=\"0\" allowfullscreen=\"allowfullscreen\"><\/iframe><\/p>\n<p>LVL-TD08<br \/>\n<iframe loading=\"lazy\" title=\"YouTube video player\" src=\"http:\/\/www.youtube.com\/embed\/bLzs2y9bRro\" width=\"480\" height=\"390\" frameborder=\"0\" allowfullscreen=\"allowfullscreen\"><\/iframe><\/p>\n<p>NMNBK<br \/>\n<iframe loading=\"lazy\" title=\"YouTube video player\" src=\"http:\/\/www.youtube.com\/embed\/CJG_3HVOjWA\" width=\"480\" height=\"390\" frameborder=\"0\" allowfullscreen=\"allowfullscreen\"><\/iframe><\/p>\n<p>HINAMI clip1<br \/>\n<iframe loading=\"lazy\" title=\"YouTube video player\" src=\"http:\/\/www.youtube.com\/embed\/uDbksxZuLk8\" width=\"480\" height=\"390\" frameborder=\"0\" allowfullscreen=\"allowfullscreen\"><\/iframe><\/p>\n<p>MPN<br \/>\n<iframe loading=\"lazy\" title=\"YouTube video player\" src=\"http:\/\/www.youtube.com\/embed\/ilKkAenRsPg\" width=\"480\" height=\"390\" frameborder=\"0\" allowfullscreen=\"allowfullscreen\"><\/iframe><\/p>\n<p>PQT-PRO<br \/>\n<iframe loading=\"lazy\" title=\"YouTube video player\" src=\"http:\/\/www.youtube.com\/embed\/XM6SVgNLfy8\" width=\"480\" height=\"390\" frameborder=\"0\" allowfullscreen=\"allowfullscreen\"><\/iframe><\/p>\n<p><a href=\"http:\/\/www.payitforward.edu.vn\/wordpress\/sensors-leds-contest\/thele\/\">1. Th\u1ec3 l\u1ec7 cu\u1ed9c thi<\/a> (nh\u1ea5n v\u00e0o \u0111\u00e2y \u0111\u1ec3 bi\u1ebft c\u00e1c th\u00f4ng tin chi ti\u1ebft v\u1ec1 cu\u1ed9c thi)<\/p>\n<p>2. Email \u0111\u0103ng k\u00ed: <a href=\"doankhoadiendientu@gmail.com\"><em>doankhoadiendientu@gmail.com<\/em><\/a><\/p>\n<p style=\"padding-left: 30px;\">Email n\u1ed9p b\u00e0i d\u1ef1 thi: <a href=\"fanled.mail@gmail.com\"><em>fanled.mail@gmail.com<\/em><\/a><\/p>\n<p><a href=\"http:\/\/lopdd07kstn.forumotion.net\/forum-f6\/\">3. Tham kh\u1ea3o lu\u1ed3ng h\u1ed7 tr\u1ee3 cu\u1ed9c thi FanLED 05\/2010 tr\u00ean di\u1ec5n \u0111\u00e0n KSTN07<\/a><\/p>\n<p><a href=\"http:\/\/www.payitforward.edu.vn\/wordpress\/fan-led-contest\/ho-tro\/\">4. Tham kh\u1ea3o link h\u1ed7 tr\u1ee3 cu\u1ed9c thi FanLED 05\/2010 tr\u00ean payitforward<\/a><\/p>\n<p><a href=\"http:\/\/www.deeforum.net\/forum\/index.php?topic=7229.new#new\">5. Forum H\u1ed7 tr\u1ee3 k\u0129 thu\u1eadt cu\u1ed9c thi &#8211; V\u00f2ng 1<\/a><span style=\"color: #ff0000;\"><br \/>\n<\/span><\/p>\n<p><a href=\"http:\/\/www.payitforward.edu.vn\/wordpress\/tutorials\/\">6. C\u00e1c t\u00e0i li\u1ec7u, clip h\u01b0\u1edbng d\u1eabn<\/a><\/p>\n<p><span style=\"color: #000000;\">7. Gi\u1edbi thi\u1ec7u 1 s\u1ed1 linh ki\u1ec7n d\u00f9ng trong b\u00e0i thi<\/span><span style=\"color: #ff0000;\"><br \/>\n<\/span><\/p>\n<p style=\"padding-left: 30px;\"><span style=\"color: #993366;\"><a href=\"http:\/\/www.payitforward.edu.vn\/wordpress\/fan-led-contest\/ho-tro\/gioi-thieu-linh-kien\/\">http:\/\/www.payitforward.edu.vn\/wordpress\/fan-led-contest\/ho-tro\/gioi-thieu-linh-kien\/<\/a><\/span><\/p>\n<p style=\"padding-left: 30px;\"><span style=\"color: #993366;\"><a href=\"http:\/\/www.payitforward.edu.vn\/wordpress\/tutorials\/for-beginner\/1-bien-ap\/\">http:\/\/www.payitforward.edu.vn\/wordpress\/tutorials\/for-beginner\/1-bien-ap\/<\/a><\/span><\/p>\n<p><a href=\"http:\/\/www.payitforward.edu.vn\/wordpress\/sensors-leds-contest\/goi-y-chon-footprint\/\">8. G\u1ee3i \u00fd ch\u1ecdn footprint<\/a><\/p>\n","protected":false},"excerpt":{"rendered":"<p>K\u1ebft qu\u1ea3 cu\u1ed9c thi SENSORS &amp; LEDs 2010 Gi\u1ea3i nh\u1ea5t:\u00a0 KLV-3UP Gi\u1ea3i nh\u00ec:\u00a0\u00a0\u00a0 BK-PAW, QHH1 Gi\u1ea3i 3:\u00a0\u00a0\u00a0\u00a0\u00a0\u00a0 LVL-TD08, EVEREST Gi\u1ea3i KK:\u00a0\u00a0\u00a0 NEGUP, NMN-BK, LVL, HiNaMi, BK-CGT (Chi ti\u1ebft&#8230;) Clip m\u1ed9t s\u1ed1 s\u1ea3n ph\u1ea9m Sensors &amp; LEDs tham d\u1ef1 cu\u1ed9c thi: KLV-3UP BK-PAW LVL LVL-TD08 NMNBK HINAMI clip1 MPN PQT-PRO 1. Th\u1ec3 l\u1ec7 cu\u1ed9c thi (nh\u1ea5n v\u00e0o \u0111\u00e2y \u0111\u1ec3 bi\u1ebft c\u00e1c th\u00f4ng tin chi ti\u1ebft v\u1ec1 cu\u1ed9c thi) 2. Email \u0111\u0103ng k\u00ed: doankhoadiendientu@gmail.com Email n\u1ed9p b\u00e0i d\u1ef1 thi: fanled.mail@gmail.com 3. Tham kh\u1ea3o lu\u1ed3ng h\u1ed7 tr\u1ee3 cu\u1ed9c thi FanLED 05\/2010 tr\u00ean di\u1ec5n \u0111\u00e0n KSTN07 4. Tham kh\u1ea3o link h\u1ed7 tr\u1ee3 cu\u1ed9c thi \u2026<\/p>\n<p class=\"continue-reading-button\"> <a class=\"continue-reading-link\" href=\"https:\/\/payitforward.edu.vn\/wordpress\/contests\/led-design-contest\/sensors-leds-2010\/\">Continue reading<i class=\"crycon-right-dir\"><\/i><\/a><\/p>\n","protected":false},"author":1,"featured_media":0,"parent":2459,"menu_order":2,"comment_status":"closed","ping_status":"closed","template":"","meta":{"footnotes":""},"class_list":["post-689","page","type-page","status-publish","hentry"],"_links":{"self":[{"href":"https:\/\/payitforward.edu.vn\/wordpress\/wp-json\/wp\/v2\/pages\/689","targetHints":{"allow":["GET"]}}],"collection":[{"href":"https:\/\/payitforward.edu.vn\/wordpress\/wp-json\/wp\/v2\/pages"}],"about":[{"href":"https:\/\/payitforward.edu.vn\/wordpress\/wp-json\/wp\/v2\/types\/page"}],"author":[{"embeddable":true,"href":"https:\/\/payitforward.edu.vn\/wordpress\/wp-json\/wp\/v2\/users\/1"}],"replies":[{"embeddable":true,"href":"https:\/\/payitforward.edu.vn\/wordpress\/wp-json\/wp\/v2\/comments?post=689"}],"version-history":[{"count":26,"href":"https:\/\/payitforward.edu.vn\/wordpress\/wp-json\/wp\/v2\/pages\/689\/revisions"}],"predecessor-version":[{"id":2464,"href":"https:\/\/payitforward.edu.vn\/wordpress\/wp-json\/wp\/v2\/pages\/689\/revisions\/2464"}],"up":[{"embeddable":true,"href":"https:\/\/payitforward.edu.vn\/wordpress\/wp-json\/wp\/v2\/pages\/2459"}],"wp:attachment":[{"href":"https:\/\/payitforward.edu.vn\/wordpress\/wp-json\/wp\/v2\/media?parent=689"}],"curies":[{"name":"wp","href":"https:\/\/api.w.org\/{rel}","templated":true}]}}