{"id":72,"date":"2010-05-16T01:56:17","date_gmt":"2010-05-15T18:56:17","guid":{"rendered":"http:\/\/www.payitforward.edu.vn\/wordpress\/?page_id=72"},"modified":"2017-10-09T14:33:42","modified_gmt":"2017-10-09T07:33:42","slug":"tutorials","status":"publish","type":"page","link":"https:\/\/payitforward.edu.vn\/wordpress\/tutorials\/","title":{"rendered":"Tutorials"},"content":{"rendered":"<blockquote><p>Ch\u00fang t\u00f4i th\u1ef1c hi\u1ec7n nh\u1eefng tutorials n\u00e0y kh\u00f4ng nh\u1eb1m v\u00e0o m\u1ee5c \u0111\u00edch n\u00e0o mang t\u00ednh th\u01b0\u01a1ng m\u1ea1i, m\u00e0 ch\u1ec9 mong n\u00f3 c\u00f3 th\u1ec3 gi\u00fap \u0111\u1ee1 b\u1ea1n, nh\u1eefng ng\u01b0\u1eddi m\u1edbi b\u1eaft \u0111\u1ea7u. Ch\u00fang t\u00f4i kh\u00f4ng ph\u1ea3i l\u00e0 nh\u1eefng ng\u01b0\u1eddi c\u00f3 nhi\u1ec1u ki\u1ebfn th\u1ee9c v\u00e0 kinh nghi\u1ec7m. Nh\u01b0ng ch\u00fang t\u00f4i \u0111\u00e3 t\u1eebng l\u00e0 ng\u01b0\u1eddi m\u1edbi h\u1ecdc v\u00e0 hi\u1ec3u \u0111\u01b0\u1ee3c b\u1ea1n g\u1eb7p ph\u1ea3i nh\u1eefng kh\u00f3 kh\u0103n g\u00ec. H\u00e3y ki\u00ean nh\u1eabn t\u1eeb nh\u1eefng b\u01b0\u1edbc \u0111i \u0111\u1ea7u ti\u00ean.<\/p>\n<p>Ch\u00fang t\u00f4i kh\u00f4ng \u0111\u1ec1 t\u00ean t\u00e1c gi\u1ea3. Ai l\u00e0m ra n\u00f3 kh\u00f4ng quan tr\u1ecdng. Quan tr\u1ecdng ch\u00ednh l\u00e0 ng\u01b0\u1eddi \u0111ang s\u1eed d\u1ee5ng n\u00f3 v\u00e0 c\u00e1ch m\u00e0 n\u00f3 \u0111\u01b0\u1ee3c d\u00f9ng. B\u1ea1n c\u00f3 th\u1ec3 ch\u1ec9nh s\u1eeda, th\u00eam b\u1edbt, l\u00e0m cho n\u00f3 ho\u00e0n thi\u1ec7n h\u01a1n, r\u1ed3i g\u1eedi n\u00f3 \u0111\u1ebfn nh\u1eefng ng\u01b0\u1eddi \u0111ang c\u1ea7n.<\/p>\n<p>Pay it forward &#8230;<\/p><\/blockquote>\n<p><strong>I. C\u01a1 b\u1ea3n:<\/strong> thi\u1ebft k\u1ebf &#8211; l\u00e0m m\u1ea1ch<\/p>\n<p>1. <a href=\"..\/tutorials\/orcad\/\">TUT OrCAD<\/a>: H\u01b0\u1edbng d\u1eabn s\u1eed d\u1ee5ng ph\u1ea7n m\u1ec1m OrCAD (Capture v\u00e0 Layout) thi\u1ebft k\u1ebf m\u1ea1ch nguy\u00ean l\u00fd (schematic) v\u00e0 m\u1ea1ch in (PCB).<\/p>\n<p>2. <a href=\"http:\/\/www.payitforward.edu.vn\/wordpress\/tutorials\/altium-designer-tutorial\/\" target=\"_blank\" rel=\"noopener\">TUT Altium Designer<\/a>:\u00a0H\u01b0\u1edbng d\u1eabn s\u1eed d\u1ee5ng ph\u1ea7n m\u1ec1m Altium Designer thi\u1ebft k\u1ebf m\u1ea1ch nguy\u00ean l\u00fd (schematic) v\u00e0 m\u1ea1ch in (PCB).<\/p>\n<p>3. TUT <a href=\"..\/tutorials\/lam-mach-in\/\">H\u01b0\u1edbng d\u1eabn th\u1ef1c hi\u1ec7n m\u1ea1ch in b\u1eb1ng ph\u01b0\u01a1ng ph\u00e1p th\u1ee7 c\u00f4ng<\/a><\/p>\n<p><strong>II. \u0110i\u1ec7n t\u1eed c\u01a1 b\u1ea3n<\/strong><\/p>\n<p>4. <a href=\"http:\/\/www.payitforward.edu.vn\/wordpress\/tutorials\/for-beginner\/\">Lo\u1ea1t b\u00e0i gi\u1edbi thi\u1ec7u d\u1ee5ng c\u1ee5 &#8211; linh ki\u1ec7n cho ng\u01b0\u1eddi m\u1edbi b\u1eaft \u0111\u1ea7u<\/a> (\u0111ang th\u1ef1c hi\u1ec7n)<\/p>\n<p>5. <a href=\"http:\/\/www.payitforward.edu.vn\/wordpress\/tutorials\/dien-tu-co-ban-cho-sv-nam-nhat\/\" target=\"_blank\" rel=\"noopener\">\u0110i\u1ec7n t\u1eed c\u01a1 b\u1ea3n d\u00e0nh cho sinh vi\u00ean n\u0103m Nh\u1ea5t<\/a>.<\/p>\n<p><strong>III. Vi \u0111i\u1ec1u khi\u1ec3n<\/strong><\/p>\n<p>6. TUT <a href=\"http:\/\/www.payitforward.edu.vn\/wordpress\/tutorials\/msp430g2553\/\" target=\"_blank\" rel=\"noopener\">L\u1eadp tr\u00ecnh c\u0103n b\u1ea3n v\u1edbi MSP430G2553<\/a> d\u00f9ng CCS.<\/p>\n<p>7. TUT\u00a0<a href=\"..\/tutorials\/hitech-pic\/\">L\u1eadp tr\u00ecnh c\u0103n b\u1ea3n v\u1edbi PIC16F887<\/a> d\u00f9ng HiTech PIC C.<\/p>\n<p>8. TUT <a href=\"http:\/\/www.payitforward.edu.vn\/wordpress\/tutorials\/arm-cortex-m4\/\" target=\"_blank\" rel=\"noopener\">L\u1eadp tr\u00ecnh v\u1edbi ARM Cortex M4 TM4C123G (TI)<\/a>.<\/p>\n<p>9. TUT h\u01b0\u1edbng d\u1eabn <a href=\"http:\/\/www.payitforward.edu.vn\/wordpress\/tutorials\/arm-cortex-m3\/\">L\u1eadp tr\u00ecnh v\u1edbi ARM Cortex-M3 LPC1768 (NXP<strong>)<\/strong><\/a> (\u0111ang th\u1ef1c hi\u1ec7n)<\/p>\n<p>10. TUT h\u01b0\u1edbng d\u1eabn\u00a0 <a href=\"http:\/\/www.payitforward.edu.vn\/wordpress\/tutorials\/arm-cortex-m0\/\">L\u1eadp tr\u00ecnh ARM Cortex-M0 LPC1114 (NXP)<\/a> (\u0111ang th\u1ef1c hi\u1ec7n)<\/p>\n<p><strong>IV. L\u1eadp tr\u00ecnh h\u01b0\u1edbng \u0111\u1ed1i t\u01b0\u1ee3ng<\/strong><\/p>\n<p>11. TUT <a href=\"http:\/\/www.payitforward.edu.vn\/wordpress\/tutorials\/lap-trinh-csharp-va-ung-dung-voi-vi-dieu-khien\/\">T\u1ea1o Giao di\u1ec7n \u0111\u1ed3 ho\u1ea1 ng\u01b0\u1eddi d\u00f9ng &#8211; GUI v\u1edbi C#<\/a>: Giao ti\u1ebfp c\u1ed5ng COM v\u1edbi ngo\u1ea1i vi, Thu th\u1eadp d\u1eef li\u1ec7u, v\u1ebd \u0111\u1ed3 th\u1ecb, &#8230;<\/p>\n<p>12. TUT <a href=\"http:\/\/www.payitforward.edu.vn\/wordpress\/tutorials\/lap-trinh-csharp-va-ung-dung-voi-vi-dieu-khien\/\">C\u00e1c \u1ee9ng d\u1ee5ng n\u00e2ng cao v\u1edbi C#: <\/a>TCP Sever, TCP Client, Web Service Local, Web Service Remote, AutoCad.<\/p>\n<p><strong>V. Theo ch\u1ee7 \u0111\u1ec1<\/strong><\/p>\n<p><em>A. Wireless<\/em><\/p>\n<h4>1.\u00a0H\u01b0\u1edbng d\u1eabn s\u1eed d\u1ee5ng th\u01b0 vi\u1ec7n simpliciTI cho module CC1101 v\u1edbi MCU TM4C123G<\/h4>\n<ul>\n<li><a href=\"http:\/\/www.payitforward.edu.vn\/wordpress\/tutorials\/wireless\/cc1101-simpliciti-tiva-phan-1\/\" target=\"_blank\" rel=\"noopener\">Ph\u1ea7n 1 &#8211; T\u1ea1o project \u0111\u01a1n gi\u1ea3n<\/a><\/li>\n<li><a href=\"http:\/\/www.payitforward.edu.vn\/wordpress\/tutorials\/wireless\/cc1101-simpliciti-tiva-phan-2\/\" target=\"_blank\" rel=\"noopener\">Ph\u1ea7n 2 &#8211; T\u1ea1o m\u1ea1ng \u0111\u01a1n gi\u1ea3n<\/a><\/li>\n<li><a href=\"http:\/\/www.payitforward.edu.vn\/wordpress\/tutorials\/wireless\/cc1101-simpliciti-tiva-phan-3\/\" target=\"_blank\" rel=\"noopener\">Ph\u1ea7n 3 &#8211; \u0110o c\u01b0\u1eddng \u0111\u1ed9 s\u00f3ng<\/a><\/li>\n<\/ul>\n<h4>2. H\u01b0\u1edbng d\u1eabn giao ti\u1ebfp CC1101 v\u1edbi MCU TM4C123G<\/h4>\n<ul>\n<li>Ph\u1ea7n 1 &#8211; AT Command (UART)<\/li>\n<li>Ph\u1ea7n 2 &#8211; SPI<\/li>\n<\/ul>\n<p><em>B. \u0110i\u1ec7n t\u1eed c\u00f4ng su\u1ea5t<\/em><\/p>\n<p>1. M\u1ea1ch c\u1ea7u H \u0111i\u1ec1u khi\u1ec3n \u0111\u1ed9ng c\u01a1 DC \/ IR2184 \/ Tiva C TM4C123<\/p>\n<p>C\u00e1c t\u00e0i li\u1ec7u kh\u00e1c, c\u00e1c th\u00f4ng tin v\u1ec1 c\u00e1c l\u1edbp h\u1ecdc v\u00e0 trao \u0111\u1ed5i ki\u1ebfn th\u1ee9c, m\u1eddi c\u00e1c b\u1ea1n gh\u00e9 th\u0103m <a href=\"http:\/\/www.payitforward.edu.vn\/forum\/forum\/\">PIF forum.<\/a><\/p>\n","protected":false},"excerpt":{"rendered":"<p>Ch\u00fang t\u00f4i th\u1ef1c hi\u1ec7n nh\u1eefng tutorials n\u00e0y kh\u00f4ng nh\u1eb1m v\u00e0o m\u1ee5c \u0111\u00edch n\u00e0o mang t\u00ednh th\u01b0\u01a1ng m\u1ea1i, m\u00e0 ch\u1ec9 mong n\u00f3 c\u00f3 th\u1ec3 gi\u00fap \u0111\u1ee1 b\u1ea1n, nh\u1eefng ng\u01b0\u1eddi m\u1edbi b\u1eaft \u0111\u1ea7u. Ch\u00fang t\u00f4i kh\u00f4ng ph\u1ea3i l\u00e0 nh\u1eefng ng\u01b0\u1eddi c\u00f3 nhi\u1ec1u ki\u1ebfn th\u1ee9c v\u00e0 kinh nghi\u1ec7m. Nh\u01b0ng ch\u00fang t\u00f4i \u0111\u00e3 t\u1eebng l\u00e0 ng\u01b0\u1eddi m\u1edbi h\u1ecdc v\u00e0 hi\u1ec3u \u0111\u01b0\u1ee3c b\u1ea1n g\u1eb7p ph\u1ea3i nh\u1eefng kh\u00f3 kh\u0103n g\u00ec. H\u00e3y ki\u00ean nh\u1eabn t\u1eeb nh\u1eefng b\u01b0\u1edbc \u0111i \u0111\u1ea7u ti\u00ean. Ch\u00fang t\u00f4i kh\u00f4ng \u0111\u1ec1 t\u00ean t\u00e1c gi\u1ea3. Ai l\u00e0m ra n\u00f3 kh\u00f4ng quan tr\u1ecdng. Quan tr\u1ecdng ch\u00ednh l\u00e0 ng\u01b0\u1eddi \u0111ang s\u1eed d\u1ee5ng n\u00f3 v\u00e0 c\u00e1ch m\u00e0 n\u00f3 \u2026<\/p>\n<p class=\"continue-reading-button\"> <a class=\"continue-reading-link\" href=\"https:\/\/payitforward.edu.vn\/wordpress\/tutorials\/\">Continue reading<i class=\"crycon-right-dir\"><\/i><\/a><\/p>\n","protected":false},"author":1,"featured_media":0,"parent":0,"menu_order":5,"comment_status":"closed","ping_status":"closed","template":"","meta":{"footnotes":""},"class_list":["post-72","page","type-page","status-publish","hentry"],"_links":{"self":[{"href":"https:\/\/payitforward.edu.vn\/wordpress\/wp-json\/wp\/v2\/pages\/72","targetHints":{"allow":["GET"]}}],"collection":[{"href":"https:\/\/payitforward.edu.vn\/wordpress\/wp-json\/wp\/v2\/pages"}],"about":[{"href":"https:\/\/payitforward.edu.vn\/wordpress\/wp-json\/wp\/v2\/types\/page"}],"author":[{"embeddable":true,"href":"https:\/\/payitforward.edu.vn\/wordpress\/wp-json\/wp\/v2\/users\/1"}],"replies":[{"embeddable":true,"href":"https:\/\/payitforward.edu.vn\/wordpress\/wp-json\/wp\/v2\/comments?post=72"}],"version-history":[{"count":49,"href":"https:\/\/payitforward.edu.vn\/wordpress\/wp-json\/wp\/v2\/pages\/72\/revisions"}],"predecessor-version":[{"id":2771,"href":"https:\/\/payitforward.edu.vn\/wordpress\/wp-json\/wp\/v2\/pages\/72\/revisions\/2771"}],"wp:attachment":[{"href":"https:\/\/payitforward.edu.vn\/wordpress\/wp-json\/wp\/v2\/media?parent=72"}],"curies":[{"name":"wp","href":"https:\/\/api.w.org\/{rel}","templated":true}]}}