{"id":890,"date":"2011-02-26T16:08:46","date_gmt":"2011-02-26T09:08:46","guid":{"rendered":"http:\/\/www.payitforward.edu.vn\/4rum"},"modified":"2021-03-01T22:06:40","modified_gmt":"2021-03-01T15:06:40","slug":"forum","status":"publish","type":"page","link":"https:\/\/payitforward.edu.vn\/wordpress\/forum\/","title":{"rendered":"Forum"},"content":{"rendered":"<p><meta http-equiv=\"refresh\" content=\"0; URL='https:\/\/www.forum.payitforward.edu.vn'\"><\/p>\n<div align=\"center\">\n<p align=\"center\"><span style=\"color: #008000;\">N\u1ebfu tr\u00ecnh duy\u1ec7t kh\u00f4ng t\u1ef1 chuy\u1ec3n<\/span><br \/>\n<a href=\"https:\/\/www.forum.payitforward.edu.vn\/\/\">nh\u1ea5n v\u00e0o \u0111\u00e2y<\/a><\/p>\n<\/div>\n","protected":false},"excerpt":{"rendered":"<p>N\u1ebfu tr\u00ecnh duy\u1ec7t kh\u00f4ng t\u1ef1 chuy\u1ec3n nh\u1ea5n v\u00e0o \u0111\u00e2y<\/p>\n<p class=\"continue-reading-button\"> <a class=\"continue-reading-link\" href=\"https:\/\/payitforward.edu.vn\/wordpress\/forum\/\">Continue reading<i class=\"crycon-right-dir\"><\/i><\/a><\/p>\n","protected":false},"author":1,"featured_media":0,"parent":0,"menu_order":7,"comment_status":"closed","ping_status":"closed","template":"","meta":{"footnotes":""},"class_list":["post-890","page","type-page","status-publish","hentry"],"_links":{"self":[{"href":"https:\/\/payitforward.edu.vn\/wordpress\/wp-json\/wp\/v2\/pages\/890","targetHints":{"allow":["GET"]}}],"collection":[{"href":"https:\/\/payitforward.edu.vn\/wordpress\/wp-json\/wp\/v2\/pages"}],"about":[{"href":"https:\/\/payitforward.edu.vn\/wordpress\/wp-json\/wp\/v2\/types\/page"}],"author":[{"embeddable":true,"href":"https:\/\/payitforward.edu.vn\/wordpress\/wp-json\/wp\/v2\/users\/1"}],"replies":[{"embeddable":true,"href":"https:\/\/payitforward.edu.vn\/wordpress\/wp-json\/wp\/v2\/comments?post=890"}],"version-history":[{"count":30,"href":"https:\/\/payitforward.edu.vn\/wordpress\/wp-json\/wp\/v2\/pages\/890\/revisions"}],"predecessor-version":[{"id":2711,"href":"https:\/\/payitforward.edu.vn\/wordpress\/wp-json\/wp\/v2\/pages\/890\/revisions\/2711"}],"wp:attachment":[{"href":"https:\/\/payitforward.edu.vn\/wordpress\/wp-json\/wp\/v2\/media?parent=890"}],"curies":[{"name":"wp","href":"https:\/\/api.w.org\/{rel}","templated":true}]}}