{"id":924,"date":"2011-03-21T22:25:25","date_gmt":"2011-03-21T15:25:25","guid":{"rendered":"http:\/\/www.payitforward.edu.vn\/wordpress\/?page_id=924"},"modified":"2011-03-24T11:07:50","modified_gmt":"2011-03-24T04:07:50","slug":"bai-4","status":"publish","type":"page","link":"https:\/\/payitforward.edu.vn\/wordpress\/tutorials\/hitech-pic\/bai-4\/","title":{"rendered":"B\u00e0i 4 LCD"},"content":{"rendered":"<p>T\u00e0i li\u1ec7u n\u00e0y \u0111\u01b0\u1ee3c bi\u00ean so\u1ea1n kh\u00f4ng nh\u1eb1m v\u00e0o b\u1ea5t k\u1ef3 m\u1ee5c \u0111\u00edch n\u00e0o mang    t\u00ednh th\u01b0\u01a1ng m\u1ea1i. B\u1ea1n c\u00f3 quy\u1ec1n sao ch\u00e9p, s\u1eeda ch\u1eefa v\u00e0 ph\u00e2n ph\u00e1t b\u1eb1ng b\u1ea5t    k\u1ef3 h\u00ecnh th\u1ee9c n\u00e0o. H\u00e3y s\u1eed d\u1ee5ng t\u00e0i li\u1ec7u n\u00e0y, s\u1eeda ch\u1eefa, b\u1ed5 sung v\u00e0 g\u1eedi  cho   nh\u1eefng ai c\u1ea7n n\u00f3. Ch\u00fang t\u00f4i kh\u00f4ng \u0111\u1ec1 t\u00ean t\u00e1c gi\u1ea3 bi\u00ean so\u1ea1n. T\u00e0i  li\u1ec7u  n\u00e0y  thu\u1ed9c quy\u1ec1n s\u1edf h\u1eefu nh\u1eefng ai \u0111ang d\u00f9ng n\u00f3.<\/p>\n<p>Pay it forward\u2026<\/p>\n<h2 style=\"text-align: center;\"><span style=\"text-decoration: underline;\">B\u00e0i 4:<\/span><\/h2>\n<h1 style=\"text-align: center;\">Hi\u1ec3n th\u1ecb l\u00ean LCD 16&#215;2<\/h1>\n<p><strong>I. Hardware:<\/strong><\/p>\n<p>&#8211; Th\u1ef1c hi\u1ec7n board LCD theo <a href=\"http:\/\/www.mediafire.com\/?iw313vaydr6aw1b\">s\u01a1 \u0111\u1ed3 nguy\u00ean l\u00fd (Capture) v\u00e0 Layout n\u00e0y.<\/a> (\u0110\u00e2y ch\u1ec9 l\u00e0 schematic v\u00e0 Layout g\u1ee3i \u00fd, c\u00e1c b\u1ea1n c\u00f3 th\u1ec3 thay \u0111\u1ed5i n\u1ebfu c\u1ea7n).<\/p>\n<p>&#8211; M\u1ed9t s\u1ed1 l\u01b0u \u00fd khi thi c\u00f4ng board LCD: <a href=\"http:\/\/www.mediafire.com\/?bhniinrz37xxk42\">H\u01b0\u1edbng d\u1eabn h\u00e0n board LCD (file pdf)<\/a>.<\/p>\n<p>&#8211; C\u00e1ch k\u1ebft n\u1ed1i gi\u1eefa board LCD v\u1edbi PIC16F887 \u0111\u01b0\u1ee3c h\u01b0\u1edbng d\u1eabn trong clip.<\/p>\n<p><strong>II. Header file v\u00e0 source files:<\/strong><\/p>\n<p>&#8211; <a href=\"http:\/\/www.mediafire.com\/?yvdcvbdsf2517cy\">lcd.h<\/a><\/p>\n<p>&#8211; <a href=\"http:\/\/www.mediafire.com\/?engf6did2qpucqh\">lcd.c<\/a><\/p>\n<p>&#8211; <a href=\"http:\/\/www.mediafire.com\/?lart5hychet57se\">lcd_1_main.c<\/a><\/p>\n<p><strong>III. B\u00e0i gi\u1ea3ng:<\/strong><\/p>\n<p>N\u1ebfu c\u1ea7n trao \u0111\u1ed5i th\u00eam, m\u1eddi c\u00e1c b\u1ea1n gh\u00e9 th\u0103m <a href=\"http:\/\/www.payitforward.edu.vn\/4rum\/forum.php\">forum.<\/a><\/p>\n<p>Ph\u1ea7n 1:<br \/>\n<object width=\"425\" height=\"344\"><param name=\"movie\" value=\"http:\/\/www.youtube.com\/v\/2v7sffJnsOA?hl=en&#038;fs=1\"><\/param><param name=\"allowFullScreen\" value=\"true\"><\/param><param name=\"allowscriptaccess\" value=\"always\"><\/param><embed src=\"http:\/\/www.youtube.com\/v\/2v7sffJnsOA?hl=en&#038;fs=1\" type=\"application\/x-shockwave-flash\" allowscriptaccess=\"always\" allowfullscreen=\"true\" width=\"425\" height=\"344\"><\/embed><\/object><\/p>\n<p>Ph\u1ea7n 2:<br \/>\n<object width=\"425\" height=\"344\"><param name=\"movie\" value=\"http:\/\/www.youtube.com\/v\/g0gmRM2t5WM?hl=en&#038;fs=1\"><\/param><param name=\"allowFullScreen\" value=\"true\"><\/param><param name=\"allowscriptaccess\" value=\"always\"><\/param><embed src=\"http:\/\/www.youtube.com\/v\/g0gmRM2t5WM?hl=en&#038;fs=1\" type=\"application\/x-shockwave-flash\" allowscriptaccess=\"always\" allowfullscreen=\"true\" width=\"425\" height=\"344\"><\/embed><\/object><\/p>\n","protected":false},"excerpt":{"rendered":"<p>T\u00e0i li\u1ec7u n\u00e0y \u0111\u01b0\u1ee3c bi\u00ean so\u1ea1n kh\u00f4ng nh\u1eb1m v\u00e0o b\u1ea5t k\u1ef3 m\u1ee5c \u0111\u00edch n\u00e0o mang t\u00ednh th\u01b0\u01a1ng m\u1ea1i. B\u1ea1n c\u00f3 quy\u1ec1n sao ch\u00e9p, s\u1eeda ch\u1eefa v\u00e0 ph\u00e2n ph\u00e1t b\u1eb1ng b\u1ea5t k\u1ef3 h\u00ecnh th\u1ee9c n\u00e0o. H\u00e3y s\u1eed d\u1ee5ng t\u00e0i li\u1ec7u n\u00e0y, s\u1eeda ch\u1eefa, b\u1ed5 sung v\u00e0 g\u1eedi cho nh\u1eefng ai c\u1ea7n n\u00f3. Ch\u00fang t\u00f4i kh\u00f4ng \u0111\u1ec1 t\u00ean t\u00e1c gi\u1ea3 bi\u00ean so\u1ea1n. T\u00e0i li\u1ec7u n\u00e0y thu\u1ed9c quy\u1ec1n s\u1edf h\u1eefu nh\u1eefng ai \u0111ang d\u00f9ng n\u00f3. Pay it forward\u2026 B\u00e0i 4: Hi\u1ec3n th\u1ecb l\u00ean LCD 16&#215;2 I. Hardware: &#8211; Th\u1ef1c hi\u1ec7n board LCD theo s\u01a1 \u0111\u1ed3 nguy\u00ean l\u00fd (Capture) v\u00e0 Layout n\u00e0y. (\u0110\u00e2y ch\u1ec9 \u2026<\/p>\n<p class=\"continue-reading-button\"> <a class=\"continue-reading-link\" href=\"https:\/\/payitforward.edu.vn\/wordpress\/tutorials\/hitech-pic\/bai-4\/\">Continue reading<i class=\"crycon-right-dir\"><\/i><\/a><\/p>\n","protected":false},"author":1,"featured_media":0,"parent":485,"menu_order":4,"comment_status":"closed","ping_status":"closed","template":"","meta":{"footnotes":""},"class_list":["post-924","page","type-page","status-publish","hentry"],"_links":{"self":[{"href":"https:\/\/payitforward.edu.vn\/wordpress\/wp-json\/wp\/v2\/pages\/924","targetHints":{"allow":["GET"]}}],"collection":[{"href":"https:\/\/payitforward.edu.vn\/wordpress\/wp-json\/wp\/v2\/pages"}],"about":[{"href":"https:\/\/payitforward.edu.vn\/wordpress\/wp-json\/wp\/v2\/types\/page"}],"author":[{"embeddable":true,"href":"https:\/\/payitforward.edu.vn\/wordpress\/wp-json\/wp\/v2\/users\/1"}],"replies":[{"embeddable":true,"href":"https:\/\/payitforward.edu.vn\/wordpress\/wp-json\/wp\/v2\/comments?post=924"}],"version-history":[{"count":6,"href":"https:\/\/payitforward.edu.vn\/wordpress\/wp-json\/wp\/v2\/pages\/924\/revisions"}],"predecessor-version":[{"id":926,"href":"https:\/\/payitforward.edu.vn\/wordpress\/wp-json\/wp\/v2\/pages\/924\/revisions\/926"}],"up":[{"embeddable":true,"href":"https:\/\/payitforward.edu.vn\/wordpress\/wp-json\/wp\/v2\/pages\/485"}],"wp:attachment":[{"href":"https:\/\/payitforward.edu.vn\/wordpress\/wp-json\/wp\/v2\/media?parent=924"}],"curies":[{"name":"wp","href":"https:\/\/api.w.org\/{rel}","templated":true}]}}