{"id":992,"date":"2011-07-15T14:28:39","date_gmt":"2011-07-15T07:28:39","guid":{"rendered":"http:\/\/www.payitforward.edu.vn\/wordpress\/?page_id=992"},"modified":"2016-10-17T18:34:09","modified_gmt":"2016-10-17T11:34:09","slug":"raise-your-arm-robot-contest","status":"publish","type":"page","link":"https:\/\/payitforward.edu.vn\/wordpress\/contests\/raise-your-arm-robot-contest\/","title":{"rendered":"Raise Your ARM &#8211; Robot contest"},"content":{"rendered":"<p style=\"text-align: center;\"><img loading=\"lazy\" decoding=\"async\" class=\"aligncenter\" src=\"http:\/\/i1228.photobucket.com\/albums\/ee445\/payitforward_club\/2015\/RYA2015\/DSC00254_zpsn35ued0e.jpg\" alt=\"\" width=\"466\" height=\"350\" \/><\/p>\n<p>RAISE YOUR ARM l\u00e0 cu\u1ed9c thi robot \u0111\u01b0\u1ee3c t\u1ed5 ch\u1ee9c m\u1ed7i 2 n\u0103m m\u1ed9t l\u1ea7n, b\u1eaft \u0111\u1ea7u t\u1eeb 2011. Tr\u1ea3i qua 3 m\u00f9a thi, Raise Your ARM \u0111\u00e3 g\u00f3p ph\u1ea7n t\u1ea1o ra nh\u1eefng th\u1ebf h\u1ec7 sinh vi\u00ean t\u00e0i n\u0103ng, nhi\u1ec7t huy\u1ebft, \u00a0ki\u00ean tr\u00ec, v\u00e0 d\u00e1m \u0111\u01b0\u01a1ng \u0111\u1ea7u v\u1edbi m\u1ecdi th\u1eed th\u00e1ch.<\/p>\n<p>Kh\u00f4ng ch\u1ec9 l\u00e0 m\u1ed9t s\u00e2n ch\u01a1i s\u00e1ng t\u1ea1o k\u1ef9 thu\u1eadt, v\u1edbi s\u1ee9 m\u1ec7nh c\u1ee7a m\u00ecnh l\u00e0 t\u1ea1o n\u00ean m\u1ed9t m\u00f4i tr\u01b0\u1eddng r\u00e8n luy\u1ec7n b\u1ea3n l\u0129nh cho sinh vi\u00ean, \u0111\u1ed3ng th\u1eddi cung c\u1ea5p cho sinh vi\u00ean c\u01a1 h\u1ed9i n\u1eafm b\u1eaft nh\u1eefng c\u00f4ng ngh\u1ec7 m\u1edbi nh\u1ea5t hi\u1ec7n th\u1eddi, RAISE YOUR ARM\u00a0qua 6 n\u0103m, v\u1eabn ch\u01b0a t\u1eebng h\u1ebft s\u1ee9c n\u00f3ng.<\/p>\n<blockquote><p>X\u00e2y d\u1ef1ng ngu\u1ed3n nh\u00e2n l\u1ef1c ch\u1ea5t l\u01b0\u1ee3ng cao, b\u1ea3n l\u0129nh, \u00fd ch\u00ed v\u00e0 \u0111\u1ea1o \u0111\u1ee9c ngh\u1ec1 nghi\u1ec7p l\u00e0 m\u1ee5c ti\u00eau c\u1ee7a\u00a0RAISE YOUR ARM.<\/p><\/blockquote>\n<p>Xem th\u00eam th\u00f4ng tin\u00a0chi ti\u1ebft t\u1ea1i website ch\u00ednh th\u1ee9c c\u1ee7a cu\u1ed9c thi: <a href=\"http:\/\/www.raiseyourarm.com\/\">http:\/\/www.raiseyourarm.com\/<\/a><\/p>\n<p style=\"text-align: left;\">Facebook Fanpage: <a href=\"http:\/\/www.facebook.com\/RaiseYourARM\">http:\/\/www.facebook.com\/RaiseYourARM<\/a><\/p>\n<p><span style=\"text-align: left;\">&#8212;&#8212;&#8212;&#8212;&#8212;&#8212;&#8212;&#8212;-<\/span><\/p>\n<p>Cu\u1ed9c thi Raise Your ARM 2011 kh\u1edfi \u0111\u1ed9ng t\u1eeb 15\/07\/2011 v\u1edbi 45 \u0111\u1ed9i, 115 sinh vi\u00ean tham d\u1ef1 v\u00e0 thu h\u00fat \u0111\u01b0\u1ee3c s\u1ef1 quan t\u00e2m c\u1ee7a \u0111\u00f4ng \u0111\u1ea3o sinh vi\u00ean c\u0169ng nh\u01b0 c\u00e1c t\u1ed5 ch\u1ee9c \u0111o\u00e0n th\u1ec3.<\/p>\n<p>\u0110\u00e2y l\u00e0 cu\u1ed9c thi do CLB Nghi\u00ean c\u1ee9u Khoa h\u1ecdc khoa \u0110i\u1ec7n \u2013 \u0110i\u1ec7n t\u1eed (Pay It Forward Club) t\u1ed5 ch\u1ee9c nh\u1eb1m t\u1ea1o m\u1ed9t s\u00e2n ch\u01a1i c\u00f4ng ngh\u1ec7 cho sinh vi\u00ean kh\u1ed1i ng\u00e0nh k\u0129 thu\u1eadt. M\u1ed9t trong nh\u1eefng m\u1ee5c \u0111\u00edch ch\u00ednh m\u00e0 cu\u1ed9c thi h\u01b0\u1edbng t\u1edbi \u0111\u00f3 gi\u00fap c\u00e1c b\u1ea1n sinh vi\u00ean l\u00e0m quen v\u1edbi Vi \u0111i\u1ec1u khi\u1ec3n ARM Cortex, ch\u1ebf t\u1ea1o v\u00e0 \u0111i\u1ec1u khi\u1ec3n robot.<\/p>\n<p>Sau 2 th\u00e1ng r\u01b0\u1ee1i tranh t\u00e0i qua 3 v\u00f2ng \u0111\u1ea5u h\u1ea5p d\u1eabn v\u00e0 quy\u1ebft li\u1ec7t, 8 \u0111\u1ea1i di\u1ec7n xu\u1ea5t s\u1eafc nh\u1ea5t \u0111\u00e3 c\u00f9ng nhau b\u01b0\u1edbc v\u00e0o v\u00f2ng Chung K\u1ebft di\u1ec5n ra v\u00e0o ng\u00e0y 02\/10\/2011.<\/p>\n<p>T\u1ea1i v\u00f2ng Chung k\u1ebft, c\u00e1c \u0111\u1ed9i thi \u0111\u1ea5u \u0111\u1ed1i kh\u00e1ng, lo\u1ea1i tr\u1ef1c ti\u1ebfp v\u00e0 \u0111\u1ed9i chi\u1ebfn th\u1eafng trong tr\u1eadn cu\u1ed1i c\u00f9ng s\u1ebd tr\u1edf th\u00e0nh nh\u00e0 v\u00f4 \u0111\u1ecbch Raise Your ARM 2011.<\/p>\n<p>V\u00f2ng Chung k\u1ebft \u0111\u00e3 di\u1ec5n ra s\u00f4i n\u1ed5i v\u00e0 h\u00e0o h\u1ee9ng v\u1edbi nh\u1eefng pha tr\u00ecnh di\u1ec5n c\u00f4ng ngh\u1ec7 \u0111\u1eb9p h\u1ebft m\u00ecnh c\u1ee7a c\u00e1c \u0111\u1ed9i. Nh\u1eefng tr\u1eadn \u0111\u1ea5u gay c\u1ea5n, h\u1ea5p d\u1eabn, \u0111\u1ea7y b\u1ea5t ng\u1edd v\u00e0 \u0111\u1eb7c bi\u1ec7t l\u00e0 tinh th\u1ea7n Fair Play c\u1ee7a 8 \u0111\u1ed9i \u0111\u00e3 kh\u00e9p l\u1ea1i m\u1ed9t m\u00f9a Raise Your ARM th\u1eadt tr\u1ecdn v\u1eb9n.<\/p>\n<p>Ch\u00fac m\u1eebng t\u1ea5t c\u1ea3 c\u00e1c \u0111\u1ed9i \u0111\u00e3 ho\u00e0n th\u00e0nh cu\u1ed9c thi, ch\u00fac m\u1eebng CGT \u0111\u00e3 \u0111\u0103ng quang, ch\u00fac m\u1eebng Raise Your ARM 2011 th\u00e0nh c\u00f4ng t\u1ed1t \u0111\u1eb9p.<\/p>\n<p><em>Ch\u00fang ta h\u00e3y c\u00f9ng nh\u00ecn l\u1ea1i m\u1ed9t s\u1ed1 h\u00ecnh \u1ea3nh c\u1ee7a V\u00f2ng Chung K\u1ebft:<\/em><\/p>\n<p style=\"text-align: center;\"><img decoding=\"async\" class=\"aligncenter\" src=\"http:\/\/i653.photobucket.com\/albums\/uu259\/rockc4\/Raise%20Your%20ARM%202011\/Chung%20ket%20RYA\/8doixuatsac-1.jpg\" alt=\"\" width=\"400\" \/><\/p>\n<p style=\"text-align: center;\">8 \u0111\u1ea1i di\u1ec7n xu\u1ea5t s\u1eafc nh\u1ea5t Raise Your ARM 2011 b\u01b0\u1edbc v\u00e0o v\u00f2ng Chung k\u1ebft<\/p>\n<p style=\"text-align: center;\"><img decoding=\"async\" src=\"http:\/\/i653.photobucket.com\/albums\/uu259\/rockc4\/Raise%20Your%20ARM%202011\/Chung%20ket%20RYA\/Chungket22.jpg\" alt=\"\" width=\"400\" \/><\/p>\n<p style=\"text-align: center;\">\u0110\u1ea1i bi\u1ec3u d\u1ef1 V\u00f2ng Chung k\u1ebft<\/p>\n<p style=\"text-align: center;\"><img loading=\"lazy\" decoding=\"async\" src=\"http:\/\/i653.photobucket.com\/albums\/uu259\/rockc4\/Raise%20Your%20ARM%202011\/Chung%20ket%20RYA\/Chungket19-1.jpg\" alt=\"\" width=\"400\" height=\"243\" \/><\/p>\n<p style=\"text-align: center;\">R\u1ea5t \u0111\u00f4ng kh\u00e1n gi\u1ea3 h\u00e0o h\u1ee9ng theo d\u00f5i cu\u1ed9c thi<\/p>\n<p style=\"text-align: center;\"><img decoding=\"async\" src=\"http:\/\/i653.photobucket.com\/albums\/uu259\/rockc4\/Raise%20Your%20ARM%202011\/Chung%20ket%20RYA\/ThayDuongHoaiNghia.jpg\" alt=\"\" width=\"400\" \/><\/p>\n<p style=\"text-align: center;\">Ph\u00e1t bi\u1ec3u ch\u00e0o m\u1eebng c\u1ee7a th\u1ea7y PGS. TS. D\u01b0\u01a1ng Ho\u00e0i Ngh\u0129a<\/p>\n<p style=\"text-align: center;\"><img decoding=\"async\" src=\"http:\/\/i653.photobucket.com\/albums\/uu259\/rockc4\/Raise%20Your%20ARM%202011\/Chung%20ket%20RYA\/tanghoa.jpg\" alt=\"\" width=\"400\" \/><\/p>\n<p style=\"text-align: center;\">Th\u1ea7y PGS. TS. D\u01b0\u01a1ng Ho\u00e0i Ngh\u0129a thay m\u1eb7t BCN Khoa \u0110i\u1ec7n \u2013 \u0110i\u1ec7n t\u1eed t\u1eb7ng hoa cho c\u00e1c nh\u00e0 t\u00e0i tr\u1ee3 v\u00e0 \u0111\u1ea1i di\u1ec7n c\u1ef1u sinh vi\u00ean khoa \u0110i\u1ec7n.<\/p>\n<p style=\"text-align: center;\"><img decoding=\"async\" src=\"http:\/\/i653.photobucket.com\/albums\/uu259\/rockc4\/Raise%20Your%20ARM%202011\/Chung%20ket%20RYA\/Bkonthemap-1.jpg\" alt=\"\" width=\"400\" \/><\/p>\n<p style=\"text-align: center;\">\u00d4ng Nguy\u1ec5n T\u00f9ng L\u00e2m \u2013 tr\u01b0\u1edfng \u0111\u1ea1i di\u1ec7n NXP Vi\u1ec7t Nam \u2013 c\u00f4ng ty t\u00e0i tr\u1ee3 ch\u00ednh c\u1ee7a cu\u1ed9c thi v\u1edbi ph\u00e1t bi\u1ec3u r\u1ea5t \u1ea5n t\u01b0\u1ee3ng tr\u01b0\u1edbc sinh vi\u00ean B\u00e1ch Khoa<\/p>\n<p style=\"text-align: center;\"><img loading=\"lazy\" decoding=\"async\" src=\"http:\/\/i653.photobucket.com\/albums\/uu259\/rockc4\/Raise%20Your%20ARM%202011\/Chung%20ket%20RYA\/Chungket18-1.jpg\" alt=\"\" width=\"400\" height=\"303\" \/><\/p>\n<p style=\"text-align: center;\">Anh Nguy\u1ec5n Minh Huy \u2013 Ch\u1ee7 nhi\u1ec7m CLB Pay It Forward tuy\u00ean b\u1ed1 khai m\u1ea1c V\u00f2ng Chung K\u1ebft Raise Your ARM 2011<\/p>\n<p style=\"text-align: center;\"><img loading=\"lazy\" decoding=\"async\" src=\"http:\/\/i653.photobucket.com\/albums\/uu259\/rockc4\/Raise%20Your%20ARM%202011\/Chung%20ket%20RYA\/Chungket45.jpg\" alt=\"\" width=\"401\" height=\"234\" \/><\/p>\n<p style=\"text-align: center;\">Kh\u00e1n gi\u00e1 h\u00e1o h\u1ee9c theo d\u00f5i c\u00e1c tr\u1eadn \u0111\u1ea5u<\/p>\n<p style=\"text-align: center;\"><img decoding=\"async\" src=\"http:\/\/i653.photobucket.com\/albums\/uu259\/rockc4\/Raise%20Your%20ARM%202011\/Chung%20ket%20RYA\/DSC_2756.jpg\" alt=\"\" width=\"400\" \/><\/p>\n<p style=\"text-align: center;\">Chu\u1ea9n b\u1ecb<\/p>\n<p style=\"text-align: center;\"><img decoding=\"async\" src=\"http:\/\/i653.photobucket.com\/albums\/uu259\/rockc4\/Raise%20Your%20ARM%202011\/Chung%20ket%20RYA\/DSC_2813.jpg\" alt=\"\" width=\"400\" \/><\/p>\n<p style=\"text-align: center;\">Xu\u1ea5t ph\u00e1t!<\/p>\n<p style=\"text-align: center;\"><img decoding=\"async\" src=\"http:\/\/i653.photobucket.com\/albums\/uu259\/rockc4\/Raise%20Your%20ARM%202011\/Chung%20ket%20RYA\/DSC_2775.jpg\" alt=\"\" width=\"400\" \/><\/p>\n<p style=\"text-align: center;\">Nhanh ch\u00f3ng ghi \u0111i\u1ec3m \u0111\u1ea7u ti\u00ean<\/p>\n<p style=\"text-align: center;\"><img decoding=\"async\" src=\"http:\/\/i653.photobucket.com\/albums\/uu259\/rockc4\/Raise%20Your%20ARM%202011\/Chung%20ket%20RYA\/Phiasausankhau.jpg\" alt=\"\" width=\"400\" \/><\/p>\n<p style=\"text-align: center;\">Ph\u00eda sau s\u00e2n kh\u1ea5u: Kh\u00f4ng kh\u00ed chu\u1ea9n b\u1ecb r\u1ea5t kh\u1ea9n tr\u01b0\u01a1ng, nh\u01b0ng h\u1eadu tr\u01b0\u1eddng lu\u00f4n lu\u00f4n vui v\u1ebb v\u00e0 th\u00e2n thi\u1ec7n<\/p>\n<p style=\"text-align: center;\"><img loading=\"lazy\" decoding=\"async\" src=\"http:\/\/i653.photobucket.com\/albums\/uu259\/rockc4\/Raise%20Your%20ARM%202011\/Chung%20ket%20RYA\/Chungket54.jpg\" alt=\"\" width=\"401\" height=\"344\" \/><\/p>\n<p style=\"text-align: center;\">M\u00e0n tr\u00ecnh di\u1ec5n Ro-bot nh\u1ec7n t\u1ea1o \u0111\u01b0\u1ee3c \u1ea5n t\u01b0\u1ee3ng th\u00fa v\u1ecb v\u1edbi kh\u00e1n gi\u1ea3<\/p>\n<p style=\"text-align: center;\"><img loading=\"lazy\" decoding=\"async\" src=\"http:\/\/i653.photobucket.com\/albums\/uu259\/rockc4\/Raise%20Your%20ARM%202011\/Chung%20ket%20RYA\/HTVphongvanongLam.jpg\" alt=\"\" width=\"400\" height=\"253\" \/><\/p>\n<p style=\"text-align: center;\">Ph\u00f3ng vi\u00ean HTV ph\u1ecfng v\u1ea5n \u00f4ng Nguy\u1ec5n T\u00f9ng L\u00e2m \u2013 tr\u01b0\u1edfng \u0111\u1ea1i di\u1ec7n NXP Vi\u1ec7t Nam<\/p>\n<p style=\"text-align: center;\"><img decoding=\"async\" src=\"http:\/\/i653.photobucket.com\/albums\/uu259\/rockc4\/Chungket78.jpg\" alt=\"\" width=\"400\" \/><\/p>\n<p style=\"text-align: center;\">Tr\u1eadn chung k\u1ebft gi\u1eefa CGT v\u00e0 BK M&amp;A<\/p>\n<p style=\"text-align: center;\"><img decoding=\"async\" src=\"http:\/\/i653.photobucket.com\/albums\/uu259\/rockc4\/Raise%20Your%20ARM%202011\/Chung%20ket%20RYA\/Chungket82.jpg\" alt=\"\" width=\"400\" \/><\/p>\n<p style=\"text-align: center;\">H\u1ebft gi\u1edd! (ch\u01b0\u01a1ng tr\u00ecnh \u0111\u1ebfm gi\u1edd vi\u1ebft b\u1eb1ng Matlab \u2013 GUI c\u1ee7a PIF)<\/p>\n<p style=\"text-align: center;\"><img decoding=\"async\" src=\"http:\/\/i653.photobucket.com\/albums\/uu259\/rockc4\/Raise%20Your%20ARM%202011\/Chung%20ket%20RYA\/Chungket87.jpg\" alt=\"\" width=\"400\" \/><\/p>\n<p style=\"text-align: center;\">Font s\u00e2n kh\u1ea5u<\/p>\n<p style=\"text-align: center;\"><img decoding=\"async\" src=\"http:\/\/i653.photobucket.com\/albums\/uu259\/rockc4\/Raise%20Your%20ARM%202011\/Chung%20ket%20RYA\/Chungket90.jpg\" alt=\"\" width=\"400\" \/><\/p>\n<p style=\"text-align: center;\">HTV ph\u1ecfng v\u1ea5n \u0111\u1ed9i CGT ngay sau khi bi\u1ebft k\u1ebft qu\u1ea3 tr\u1eadn chung k\u1ebft<\/p>\n<p style=\"text-align: center;\"><img decoding=\"async\" src=\"http:\/\/i653.photobucket.com\/albums\/uu259\/rockc4\/Raise%20Your%20ARM%202011\/Chung%20ket%20RYA\/KiemphieududoanketquadoiVodich.jpg\" alt=\"\" width=\"400\" \/><\/p>\n<p style=\"text-align: center;\">Ki\u1ec3m phi\u1ebfu: Kh\u00e1n gi\u1ea3 n\u00e0o d\u1ef1 \u0111o\u00e1n \u0111\u1ed9i v\u00f4 \u0111\u1ecbch \u0111\u00fang nh\u1ea5t?<\/p>\n<p style=\"text-align: center;\"><img decoding=\"async\" src=\"http:\/\/i653.photobucket.com\/albums\/uu259\/rockc4\/Raise%20Your%20ARM%202011\/Chung%20ket%20RYA\/Chungket97.jpg\" alt=\"\" width=\"400\" \/><\/p>\n<p style=\"text-align: center;\">Ch\u1ee7 nhi\u1ec7m CLB PIF trao gi\u1ea5y ch\u1ee9ng nh\u1eadn cho c\u00e1c \u0111\u1ed9i v\u00e0o v\u00f2ng 2<\/p>\n<p style=\"text-align: center;\"><img decoding=\"async\" src=\"http:\/\/i653.photobucket.com\/albums\/uu259\/rockc4\/Raise%20Your%20ARM%202011\/Chung%20ket%20RYA\/Chungket102.jpg\" alt=\"\" width=\"400\" \/><\/p>\n<p style=\"text-align: center;\">Trao gi\u1ea3i Khuy\u1ebfn kh\u00edch cho 4 \u0111\u1ed9i: BKZOZO, LOUPY, EVEREST, NEUTRON<\/p>\n<p style=\"text-align: center;\"><img decoding=\"async\" src=\"http:\/\/i653.photobucket.com\/albums\/uu259\/rockc4\/Raise%20Your%20ARM%202011\/Chung%20ket%20RYA\/Chungket107.jpg\" alt=\"\" width=\"400\" \/><\/p>\n<p style=\"text-align: center;\">\u00d4ng V\u0169 \u0110\u00ecnh Kh\u00f4i \u2013 C\u00f4ng ty TNHH MTV T\u1ed1c \u0110\u1ed9 S\u1ed1 v\u00e0 Ch\u1ecb Ph\u1ea1m Thanh Huy\u1ec1n \u2013 chuy\u00ean vi\u00ean ph\u00f2ng Qu\u1ea3n l\u00fd n\u0103ng l\u01b0\u1ee3ng, S\u1edf C\u00f4ng Th\u01b0\u01a1ng TP.HCM trao Huy Ch\u01b0\u01a1ng B\u1ea1c cho 2 \u0111\u1ed9i NONSTOP v\u00e0 BK-PAW<\/p>\n<p style=\"text-align: center;\"><img decoding=\"async\" src=\"http:\/\/i653.photobucket.com\/albums\/uu259\/rockc4\/Raise%20Your%20ARM%202011\/Chung%20ket%20RYA\/Chungket112.jpg\" alt=\"\" width=\"400\" \/><\/p>\n<p style=\"text-align: center;\">\u0110\u1ed9i V\u00f4 \u0110\u1ecbch CGT b\u01b0\u1edbc l\u00ean s\u00e2n kh\u1ea5u<\/p>\n<p style=\"text-align: center;\"><img decoding=\"async\" src=\"http:\/\/i653.photobucket.com\/albums\/uu259\/rockc4\/Raise%20Your%20ARM%202011\/Chung%20ket%20RYA\/Chungket116.jpg\" alt=\"\" width=\"400\" \/><\/p>\n<p style=\"text-align: center;\">Kh\u00e1n gi\u1ea3 c\u1ed5 v\u0169 n\u1ed3ng nhi\u1ec7t<\/p>\n<p style=\"text-align: center;\"><img decoding=\"async\" src=\"http:\/\/i653.photobucket.com\/albums\/uu259\/rockc4\/Raise%20Your%20ARM%202011\/Chung%20ket%20RYA\/Chungket138.jpg\" alt=\"\" width=\"400\" \/><\/p>\n<p style=\"text-align: center;\">\u00d4ng Nguy\u1ec5n T\u00f9ng L\u00e2m \u2013 tr\u01b0\u1edfng \u0111\u1ea1i di\u1ec7n NXP Vi\u1ec7t Nam trao Huy ch\u01b0\u01a1ng V\u00e0ng cho \u0111\u1ed9i V\u00f4 \u0111\u1ecbch (h\u00ecnh t\u1eeb Tu\u1ed5i Tr\u1ebb Online)<\/p>\n","protected":false},"excerpt":{"rendered":"<p>RAISE YOUR ARM l\u00e0 cu\u1ed9c thi robot \u0111\u01b0\u1ee3c t\u1ed5 ch\u1ee9c m\u1ed7i 2 n\u0103m m\u1ed9t l\u1ea7n, b\u1eaft \u0111\u1ea7u t\u1eeb 2011. Tr\u1ea3i qua 3 m\u00f9a thi, Raise Your ARM \u0111\u00e3 g\u00f3p ph\u1ea7n t\u1ea1o ra nh\u1eefng th\u1ebf h\u1ec7 sinh vi\u00ean t\u00e0i n\u0103ng, nhi\u1ec7t huy\u1ebft, \u00a0ki\u00ean tr\u00ec, v\u00e0 d\u00e1m \u0111\u01b0\u01a1ng \u0111\u1ea7u v\u1edbi m\u1ecdi th\u1eed th\u00e1ch. Kh\u00f4ng ch\u1ec9 l\u00e0 m\u1ed9t s\u00e2n ch\u01a1i s\u00e1ng t\u1ea1o k\u1ef9 thu\u1eadt, v\u1edbi s\u1ee9 m\u1ec7nh c\u1ee7a m\u00ecnh l\u00e0 t\u1ea1o n\u00ean m\u1ed9t m\u00f4i tr\u01b0\u1eddng r\u00e8n luy\u1ec7n b\u1ea3n l\u0129nh cho sinh vi\u00ean, \u0111\u1ed3ng th\u1eddi cung c\u1ea5p cho sinh vi\u00ean c\u01a1 h\u1ed9i n\u1eafm b\u1eaft nh\u1eefng c\u00f4ng ngh\u1ec7 m\u1edbi nh\u1ea5t hi\u1ec7n th\u1eddi, RAISE YOUR ARM\u00a0qua \u2026<\/p>\n<p class=\"continue-reading-button\"> <a class=\"continue-reading-link\" href=\"https:\/\/payitforward.edu.vn\/wordpress\/contests\/raise-your-arm-robot-contest\/\">Continue reading<i class=\"crycon-right-dir\"><\/i><\/a><\/p>\n","protected":false},"author":1,"featured_media":0,"parent":897,"menu_order":0,"comment_status":"closed","ping_status":"closed","template":"","meta":{"footnotes":""},"class_list":["post-992","page","type-page","status-publish","hentry"],"_links":{"self":[{"href":"https:\/\/payitforward.edu.vn\/wordpress\/wp-json\/wp\/v2\/pages\/992","targetHints":{"allow":["GET"]}}],"collection":[{"href":"https:\/\/payitforward.edu.vn\/wordpress\/wp-json\/wp\/v2\/pages"}],"about":[{"href":"https:\/\/payitforward.edu.vn\/wordpress\/wp-json\/wp\/v2\/types\/page"}],"author":[{"embeddable":true,"href":"https:\/\/payitforward.edu.vn\/wordpress\/wp-json\/wp\/v2\/users\/1"}],"replies":[{"embeddable":true,"href":"https:\/\/payitforward.edu.vn\/wordpress\/wp-json\/wp\/v2\/comments?post=992"}],"version-history":[{"count":9,"href":"https:\/\/payitforward.edu.vn\/wordpress\/wp-json\/wp\/v2\/pages\/992\/revisions"}],"predecessor-version":[{"id":2467,"href":"https:\/\/payitforward.edu.vn\/wordpress\/wp-json\/wp\/v2\/pages\/992\/revisions\/2467"}],"up":[{"embeddable":true,"href":"https:\/\/payitforward.edu.vn\/wordpress\/wp-json\/wp\/v2\/pages\/897"}],"wp:attachment":[{"href":"https:\/\/payitforward.edu.vn\/wordpress\/wp-json\/wp\/v2\/media?parent=992"}],"curies":[{"name":"wp","href":"https:\/\/api.w.org\/{rel}","templated":true}]}}